{"id":1764,"date":"2022-01-27T10:29:29","date_gmt":"2022-01-27T09:29:29","guid":{"rendered":"http:\/\/documentation-wp.hub.av.priv\/aurora-vision-apis\/"},"modified":"2022-03-03T08:43:29","modified_gmt":"2022-03-03T07:43:29","slug":"aurora-vision-apis","status":"publish","type":"page","link":"http:\/\/documentation-wp.hub.av.priv\/de\/aurora-vision-apis\/","title":{"rendered":"Aurora Vision APIs"},"content":{"rendered":"\n<div style=\"height:10px\" aria-hidden=\"true\" class=\"wp-block-spacer\"><\/div>\n\n\n\n<p>Aurora Vision&nbsp;APIs&nbsp;ist der&nbsp;RESTful Cloud-APIs-Dienst, der \u00fcber die Aurora Vision-Cloud verf\u00fcgbar gemacht wird und Zugriff auf mehrere Aufruffolgen bietet, um Daten und Informationen zu FIMER-Photovoltaiksystemen zu erhalten (<em>ordnungsgem\u00e4\u00df bei Aurora Vision registriert<\/em>).<\/p>\n\n\n\n<p>\u2022 <strong>Was sind die Hauptvorteile des Aurora Vision APIs-Service?<\/strong><\/p>\n\n\n\n<div style=\"height:20px\" aria-hidden=\"true\" class=\"wp-block-spacer\"><\/div>\n\n\n\n<div class=\"wp-block-columns\">\n<div class=\"wp-block-column\">\n<div class=\"wp-block-media-text alignwide is-stacked-on-mobile\" style=\"grid-template-columns:30% auto\"><figure class=\"wp-block-media-text__media\"><img loading=\"lazy\" width=\"940\" height=\"788\" src=\"http:\/\/documentation-wp.hub.av.priv\/wp-content\/uploads\/2022\/02\/1.png\" alt=\"\" class=\"wp-image-1155 size-thumbnail\" srcset=\"http:\/\/documentation-wp.hub.av.priv\/wp-content\/uploads\/2022\/02\/1.png 940w, http:\/\/documentation-wp.hub.av.priv\/wp-content\/uploads\/2022\/02\/1-300x251.png 300w, http:\/\/documentation-wp.hub.av.priv\/wp-content\/uploads\/2022\/02\/1-768x644.png 768w\" sizes=\"(max-width: 940px) 100vw, 940px\" \/><\/figure><div class=\"wp-block-media-text__content\">\n<h2 class=\"has-medium-font-size\" id=\"save-timesave-money\">Zeit sparen<br>Geld sparen<\/h2>\n<\/div><\/div>\n\n\n\n<div style=\"height:10px\" aria-hidden=\"true\" class=\"wp-block-spacer\"><\/div>\n\n\n\n<p id=\"save-timesave-money\">Aurora Vision-APIs sind cloudbasiert. Der Zugriff auf die Daten der FIMER-Photovoltaikanlagen wird vollst\u00e4ndig von Aurora Vision verwaltet und orchestriert. Es ist keine zus\u00e4tzliche lokale Hardware erforderlich, sodass Sie Zeit und Geld sparen.<\/p>\n<\/div>\n\n\n\n<div class=\"wp-block-column\">\n<div class=\"wp-block-media-text alignwide is-stacked-on-mobile\" style=\"grid-template-columns:30% auto\"><figure class=\"wp-block-media-text__media\"><img loading=\"lazy\" width=\"940\" height=\"788\" src=\"http:\/\/documentation-wp.hub.av.priv\/wp-content\/uploads\/2022\/02\/10.png\" alt=\"\" class=\"wp-image-1163 size-thumbnail\" srcset=\"http:\/\/documentation-wp.hub.av.priv\/wp-content\/uploads\/2022\/02\/10.png 940w, http:\/\/documentation-wp.hub.av.priv\/wp-content\/uploads\/2022\/02\/10-300x251.png 300w, http:\/\/documentation-wp.hub.av.priv\/wp-content\/uploads\/2022\/02\/10-768x644.png 768w\" sizes=\"(max-width: 940px) 100vw, 940px\" \/><\/figure><div class=\"wp-block-media-text__content\">\n<h2 class=\"has-medium-font-size\" id=\"simpleintegration\">Einfache<br>Integration<\/h2>\n<\/div><\/div>\n\n\n\n<div style=\"height:10px\" aria-hidden=\"true\" class=\"wp-block-spacer\"><\/div>\n\n\n\n<p id=\"simpleintegration\">Die RESTful-Architektur erm\u00f6glicht ein besseres Verst\u00e4ndnis und einen geringeren Integrationsaufwand, wobei die Cybersicherheit immer im Auge behalten wird.<\/p>\n<\/div>\n\n\n\n<div class=\"wp-block-column\">\n<div class=\"wp-block-media-text alignwide is-stacked-on-mobile\" style=\"grid-template-columns:30% auto\"><figure class=\"wp-block-media-text__media\"><img loading=\"lazy\" width=\"940\" height=\"788\" src=\"http:\/\/documentation-wp.hub.av.priv\/wp-content\/uploads\/2022\/02\/11.png\" alt=\"\" class=\"wp-image-1171 size-thumbnail\" srcset=\"http:\/\/documentation-wp.hub.av.priv\/wp-content\/uploads\/2022\/02\/11.png 940w, http:\/\/documentation-wp.hub.av.priv\/wp-content\/uploads\/2022\/02\/11-300x251.png 300w, http:\/\/documentation-wp.hub.av.priv\/wp-content\/uploads\/2022\/02\/11-768x644.png 768w\" sizes=\"(max-width: 940px) 100vw, 940px\" \/><\/figure><div class=\"wp-block-media-text__content\">\n<h2 class=\"has-medium-font-size\" id=\"customercentric\">Kunden<br>Orientierte<\/h2>\n<\/div><\/div>\n\n\n\n<div style=\"height:10px\" aria-hidden=\"true\" class=\"wp-block-spacer\"><\/div>\n\n\n\n<p id=\"customercentric\">Aurora Vision-APIs werden als gro\u00dfer Mehrwert f\u00fcr unsere Kunden behandelt und gepflegt; Aus diesem Grund h\u00f6ren wir immer aufmerksam auf Feedback, um den Service mit bestimmten Implementierungen und Releases zu verbessern.<\/p>\n<\/div>\n<\/div>\n\n\n\n<div style=\"height:10px\" aria-hidden=\"true\" class=\"wp-block-spacer\"><\/div>\n\n\n\n<p>\u2022 <strong>Was sind die Hauptanwendungen der Nutzung von Daten aus FIMER-Photovoltaikanlagen?<\/strong><\/p>\n\n\n\n<div style=\"height:20px\" aria-hidden=\"true\" class=\"wp-block-spacer\"><\/div>\n\n\n\n<div class=\"wp-block-columns\">\n<div class=\"wp-block-column\" style=\"flex-basis:100%\">\n<div class=\"wp-block-columns\">\n<div class=\"wp-block-column\">\n<div class=\"wp-block-media-text alignwide is-stacked-on-mobile is-vertically-aligned-center\" style=\"grid-template-columns:30% auto\"><figure class=\"wp-block-media-text__media\"><img loading=\"lazy\" width=\"940\" height=\"788\" src=\"http:\/\/documentation-wp.hub.av.priv\/wp-content\/uploads\/2022\/02\/3.png\" alt=\"\" class=\"wp-image-1179 size-thumbnail\" srcset=\"http:\/\/documentation-wp.hub.av.priv\/wp-content\/uploads\/2022\/02\/3.png 940w, http:\/\/documentation-wp.hub.av.priv\/wp-content\/uploads\/2022\/02\/3-300x251.png 300w, http:\/\/documentation-wp.hub.av.priv\/wp-content\/uploads\/2022\/02\/3-768x644.png 768w\" sizes=\"(max-width: 940px) 100vw, 940px\" \/><\/figure><div class=\"wp-block-media-text__content\">\n<h2 class=\"has-medium-font-size\" id=\"products-services\">Produkte &amp;<br>Dienstleistungen<\/h2>\n<\/div><\/div>\n\n\n\n<div style=\"height:20px\" aria-hidden=\"true\" class=\"wp-block-spacer\"><\/div>\n\n\n\n<p>Nutzen Sie Daten, um Produkte und ma\u00dfgeschneiderte L\u00f6sungen f\u00fcr Ihre Endkunden zu entwickeln, um deren Anforderungen zu erf\u00fcllen.<\/p>\n<\/div>\n\n\n\n<div class=\"wp-block-column\">\n<div class=\"wp-block-media-text alignwide is-stacked-on-mobile\" style=\"grid-template-columns:30% auto\"><figure class=\"wp-block-media-text__media\"><img loading=\"lazy\" width=\"940\" height=\"788\" src=\"http:\/\/documentation-wp.hub.av.priv\/wp-content\/uploads\/2022\/02\/6.png\" alt=\"\" class=\"wp-image-1187 size-thumbnail\" srcset=\"http:\/\/documentation-wp.hub.av.priv\/wp-content\/uploads\/2022\/02\/6.png 940w, http:\/\/documentation-wp.hub.av.priv\/wp-content\/uploads\/2022\/02\/6-300x251.png 300w, http:\/\/documentation-wp.hub.av.priv\/wp-content\/uploads\/2022\/02\/6-768x644.png 768w\" sizes=\"(max-width: 940px) 100vw, 940px\" \/><\/figure><div class=\"wp-block-media-text__content\">\n<h2 class=\"has-medium-font-size\" id=\"machinelearning\">Machine<br>Learning<\/h2>\n<\/div><\/div>\n\n\n\n<div style=\"height:20px\" aria-hidden=\"true\" class=\"wp-block-spacer\"><\/div>\n\n\n\n<p>Nutzen Sie Daten, um DNNs (<em>Deep Neural Networks<\/em>) zu trainieren, Blick in die VPPs (<em>Virtual Power Plants<\/em>) und intelligentes Management des Energieaustauschs.<\/p>\n<\/div>\n\n\n\n<div class=\"wp-block-column\">\n<div class=\"wp-block-media-text alignwide is-stacked-on-mobile\" style=\"grid-template-columns:30% auto\"><figure class=\"wp-block-media-text__media\"><img loading=\"lazy\" width=\"940\" height=\"788\" src=\"http:\/\/documentation-wp.hub.av.priv\/wp-content\/uploads\/2022\/02\/7.png\" alt=\"\" class=\"wp-image-1195 size-thumbnail\" srcset=\"http:\/\/documentation-wp.hub.av.priv\/wp-content\/uploads\/2022\/02\/7.png 940w, http:\/\/documentation-wp.hub.av.priv\/wp-content\/uploads\/2022\/02\/7-300x251.png 300w, http:\/\/documentation-wp.hub.av.priv\/wp-content\/uploads\/2022\/02\/7-768x644.png 768w\" sizes=\"(max-width: 940px) 100vw, 940px\" \/><\/figure><div class=\"wp-block-media-text__content\">\n<h2 class=\"has-medium-font-size\" id=\"dataanalytic\">Data<br>Analytic<\/h2>\n<\/div><\/div>\n\n\n\n<div style=\"height:20px\" aria-hidden=\"true\" class=\"wp-block-spacer\"><\/div>\n\n\n\n<p>Nutzen Sie Daten, um fortschrittliche Analysetools zu erstellen, mit denen Sie detaillierte Analysen der relevanten Parameter durchf\u00fchren k\u00f6nnen.<\/p>\n<\/div>\n<\/div>\n<\/div>\n<\/div>\n","protected":false},"excerpt":{"rendered":"<p>Aurora Vision&nbsp;APIs&nbsp;ist der&nbsp;RESTful Cloud-APIs-Dienst, der \u00fcber die Aurora Vision-Cloud verf\u00fcgbar gemacht wird und Zugriff auf mehrere Aufruffolgen bietet, um Daten und Informationen zu FIMER-Photovoltaiksystemen zu erhalten (ordnungsgem\u00e4\u00df bei Aurora Vision registriert). \u2022 Was sind die Hauptvorteile des Aurora Vision APIs-Service? Zeit sparenGeld sparen Aurora Vision-APIs sind cloudbasiert. Der Zugriff auf die Daten der FIMER-Photovoltaikanlagen wird [&hellip;]<\/p>\n","protected":false},"author":4,"featured_media":0,"parent":0,"menu_order":0,"comment_status":"closed","ping_status":"closed","template":"","meta":[],"_links":{"self":[{"href":"http:\/\/documentation-wp.hub.av.priv\/de\/wp-json\/wp\/v2\/pages\/1764"}],"collection":[{"href":"http:\/\/documentation-wp.hub.av.priv\/de\/wp-json\/wp\/v2\/pages"}],"about":[{"href":"http:\/\/documentation-wp.hub.av.priv\/de\/wp-json\/wp\/v2\/types\/page"}],"author":[{"embeddable":true,"href":"http:\/\/documentation-wp.hub.av.priv\/de\/wp-json\/wp\/v2\/users\/4"}],"replies":[{"embeddable":true,"href":"http:\/\/documentation-wp.hub.av.priv\/de\/wp-json\/wp\/v2\/comments?post=1764"}],"version-history":[{"count":13,"href":"http:\/\/documentation-wp.hub.av.priv\/de\/wp-json\/wp\/v2\/pages\/1764\/revisions"}],"predecessor-version":[{"id":5478,"href":"http:\/\/documentation-wp.hub.av.priv\/de\/wp-json\/wp\/v2\/pages\/1764\/revisions\/5478"}],"wp:attachment":[{"href":"http:\/\/documentation-wp.hub.av.priv\/de\/wp-json\/wp\/v2\/media?parent=1764"}],"curies":[{"name":"wp","href":"https:\/\/api.w.org\/{rel}","templated":true}]}}