{"id":1792,"date":"2022-02-21T08:05:35","date_gmt":"2022-02-21T07:05:35","guid":{"rendered":"http:\/\/documentation-wp.hub.av.priv\/aurora-vision-apis\/user-guide\/"},"modified":"2022-06-08T09:07:25","modified_gmt":"2022-06-08T08:07:25","slug":"user-guide","status":"publish","type":"page","link":"http:\/\/documentation-wp.hub.av.priv\/de\/aurora-vision-apis\/user-guide\/","title":{"rendered":"Benutzerhandbuch"},"content":{"rendered":"\n<div style=\"height:10px\" aria-hidden=\"true\" class=\"wp-block-spacer\"><\/div>\n\n\n\n<p>Um dem Endbenutzer ein allumfassendes Erlebnis zu garantieren, haben wir ein Benutzerhandbuch erstellt, das die Hauptthemen der Aurora Vision-APIs abdeckt, mit dem Ziel, die wichtigsten Richtlinien f\u00fcr die Nutzung des Dienstes und seiner Implementierungen bereitzustellen. Der Leitfaden wird im Laufe der Zeit aktualisiert: Wir werden neue Abschnitte hinzuf\u00fcgen und die Diskussion bestimmter Themen oder Themen verfeinern, und wir werden dies sowohl auf der Grundlage der von uns hervorgehobenen M\u00e4ngel als auch des Feedbacks der Endbenutzer tun.<\/p>\n\n\n\n<p>Der Zugang zu den verschiedenen Abschnitten des Leitfadens ist einfach: Klicken Sie auf einen der Punkte im Feld links, Sie werden auf die Seite Ihres Interesses weitergeleitet und k\u00f6nnen den Leitfaden dennoch interaktiv durchsuchen, wann und wie Sie m\u00f6chten.<\/p>\n\n\n\n<p>Um Ihnen den Einstieg in die Entwicklung mit unseren APIs zu erleichtern, haben wir eine Vorlage erstellt, die Sie herunterladen und direkt in Postman importieren k\u00f6nnen, um alle Suiten und API-Aufrufe auf dem neuesten Stand zu halten:<\/p>\n\n\n\n<div class=\"wp-block-columns has-black-color has-text-color has-background\" style=\"background-color:#e6e6e6\">\n<div class=\"wp-block-column\">\n<figure class=\"wp-block-image size-full\"><img loading=\"lazy\" width=\"752\" height=\"300\" src=\"http:\/\/documentation-wp.hub.av.priv\/wp-content\/uploads\/2022\/04\/pm-orange-logo-horiz.png\" alt=\"\" class=\"wp-image-6981\" srcset=\"http:\/\/documentation-wp.hub.av.priv\/wp-content\/uploads\/2022\/04\/pm-orange-logo-horiz.png 752w, http:\/\/documentation-wp.hub.av.priv\/wp-content\/uploads\/2022\/04\/pm-orange-logo-horiz-300x120.png 300w\" sizes=\"(max-width: 752px) 100vw, 752px\" \/><figcaption>Ben\u00f6tigen sie eine Postman-Kurzanleitung? Wechseln sie zu <strong>Seite 2<\/strong>!<\/figcaption><\/figure>\n<\/div>\n\n\n\n<div class=\"wp-block-column is-vertically-aligned-center\">\n<p class=\"has-text-align-center\"><strong>Aurora Vision Open APIs &#8211; Postman Template<\/strong><br>Letztes Update: 05\/05\/2022<\/p>\n<\/div>\n\n\n\n<div class=\"wp-block-column is-vertically-aligned-center\">\n<div class=\"wp-container-1 wp-block-buttons\">\n<div class=\"wp-block-button has-custom-width wp-block-button__width-100 is-style-fill\"><a class=\"wp-block-button__link\" href=\"http:\/\/documentation-wp.hub.av.priv\/av-api\/av-api-v3.yaml\" style=\"border-radius:0px\" target=\"_blank\" rel=\"noreferrer noopener\" download=\"Aurora_Vision_Open_APIs_REV20220511_Developers_Guide_POSTMAN.yaml\">\u2b73&nbsp;&nbsp;&nbsp;Download Postman Template<\/a><\/div>\n<\/div>\n<\/div>\n<\/div>\n\n\n\n<p>Worauf warten Sie noch?&nbsp;<strong>Tauchen sie ein in die welt der Aurora Vision APIs und zeigen sie uns, wozu sie f\u00e4hig sind<\/strong>!<\/p>\n\n\n\n<div style=\"height:10px\" aria-hidden=\"true\" class=\"wp-block-spacer\"><\/div>\n\n\n\n<!--nextpage-->\n\n\n\n<div style=\"height:10px\" aria-hidden=\"true\" class=\"wp-block-spacer\"><\/div>\n\n\n\n<h2>Postman-Kurzanleitung zur Einrichtung<\/h2>\n\n\n\n<div style=\"height:10px\" aria-hidden=\"true\" class=\"wp-block-spacer\"><\/div>\n\n\n\n<p>Diese seite soll die wichtigsten Informationen zum einrichten eines arbeitsbereichs auf Postman und zum importieren der Aurora Vision-APIs-Vorlage bereitstellen. Sobald die sammlung importiert wurde, erkl\u00e4ren wir den aufbau des APIs-Templates und wie man eine <code>Authentication <\/code>f\u00fcr die freigabe des <code>X-AuroraVision-Token<\/code>.<br>Ausf\u00fchrliche informationen zu Postman und dem offiziellen leitfaden finden sie unter <a rel=\"noreferrer noopener\" href=\"https:\/\/learning.postman.com\/docs\/getting-started\/introduction\/\" target=\"_blank\"><mark style=\"background-color:rgba(0, 0, 0, 0)\" class=\"has-inline-color has-vivid-cyan-blue-color\">Postman Learning Center<\/mark><\/a>.<\/p>\n\n\n\n<div style=\"height:10px\" aria-hidden=\"true\" class=\"wp-block-spacer\"><\/div>\n\n\n\n<p>Laden sie die Aurora Vision APIs-Vorlage herunter, starten sie Postman und richten sie ihren arbeitsbereich ein.<\/p>\n\n\n\n<figure class=\"wp-block-image size-large\"><img loading=\"lazy\" width=\"1024\" height=\"390\" src=\"http:\/\/documentation-wp.hub.av.priv\/wp-content\/uploads\/2022\/05\/postman_workspace-1024x390.png\" alt=\"\" class=\"wp-image-7675\" srcset=\"http:\/\/documentation-wp.hub.av.priv\/wp-content\/uploads\/2022\/05\/postman_workspace-1024x390.png 1024w, http:\/\/documentation-wp.hub.av.priv\/wp-content\/uploads\/2022\/05\/postman_workspace-300x114.png 300w, http:\/\/documentation-wp.hub.av.priv\/wp-content\/uploads\/2022\/05\/postman_workspace-768x293.png 768w, http:\/\/documentation-wp.hub.av.priv\/wp-content\/uploads\/2022\/05\/postman_workspace-1536x585.png 1536w, http:\/\/documentation-wp.hub.av.priv\/wp-content\/uploads\/2022\/05\/postman_workspace-2048x781.png 2048w\" sizes=\"(max-width: 1024px) 100vw, 1024px\" \/><\/figure>\n\n\n\n<p>Klicken sie auf <strong>Import<\/strong> um eine neue sammlung auf Postman zu importieren, ein spezielles fenster wird ge\u00f6ffnet.<\/p>\n\n\n\n<figure class=\"wp-block-image size-large\"><img loading=\"lazy\" width=\"1024\" height=\"391\" src=\"http:\/\/documentation-wp.hub.av.priv\/wp-content\/uploads\/2022\/05\/postman_import-1-1024x391.png\" alt=\"\" class=\"wp-image-7713\" srcset=\"http:\/\/documentation-wp.hub.av.priv\/wp-content\/uploads\/2022\/05\/postman_import-1-1024x391.png 1024w, http:\/\/documentation-wp.hub.av.priv\/wp-content\/uploads\/2022\/05\/postman_import-1-300x114.png 300w, http:\/\/documentation-wp.hub.av.priv\/wp-content\/uploads\/2022\/05\/postman_import-1-768x293.png 768w, http:\/\/documentation-wp.hub.av.priv\/wp-content\/uploads\/2022\/05\/postman_import-1-1536x586.png 1536w, http:\/\/documentation-wp.hub.av.priv\/wp-content\/uploads\/2022\/05\/postman_import-1-2048x781.png 2048w\" sizes=\"(max-width: 1024px) 100vw, 1024px\" \/><\/figure>\n\n\n\n<p>Laden sie die Aurora Vision-APIs-Vorlage hoch, die sie urspr\u00fcnglich als datei heruntergeladen haben (<em>machen sie sich keine sorgen, wenn es sich um eine <code>.txt<\/code> Datei handelt, die vorlagencodierung folgt dem Swagger-Modell gem\u00e4\u00df <code>YAML <\/code>sprache und Postman wird es trotzdem erkennen<\/em>)<\/p>\n\n\n\n<figure class=\"wp-block-image size-large\"><img loading=\"lazy\" width=\"1024\" height=\"391\" src=\"http:\/\/documentation-wp.hub.av.priv\/wp-content\/uploads\/2022\/05\/postman_import_settings-1-1024x391.png\" alt=\"\" class=\"wp-image-7721\" srcset=\"http:\/\/documentation-wp.hub.av.priv\/wp-content\/uploads\/2022\/05\/postman_import_settings-1-1024x391.png 1024w, http:\/\/documentation-wp.hub.av.priv\/wp-content\/uploads\/2022\/05\/postman_import_settings-1-300x114.png 300w, http:\/\/documentation-wp.hub.av.priv\/wp-content\/uploads\/2022\/05\/postman_import_settings-1-768x293.png 768w, http:\/\/documentation-wp.hub.av.priv\/wp-content\/uploads\/2022\/05\/postman_import_settings-1-1536x586.png 1536w, http:\/\/documentation-wp.hub.av.priv\/wp-content\/uploads\/2022\/05\/postman_import_settings-1-2048x781.png 2048w\" sizes=\"(max-width: 1024px) 100vw, 1024px\" \/><\/figure>\n\n\n\n<p>Legen sie in den vorlagenimporteinstellungen folgendes fest:<\/p>\n\n\n\n<div class=\"wp-block-columns\">\n<div class=\"wp-block-column\">\n<ul><li><strong>Naming requests <\/strong>als Fallback;<\/li><li><strong>Set indent character<\/strong> als Space;<\/li><li><strong>Collapse redundant folder<\/strong> als Active;<\/li><li><strong>Optimize conversion<\/strong> als Active;<\/li><li><strong>Request parameter generation<\/strong> als Example;<\/li><li><strong>Response parameter generation<\/strong> als Example;<\/li><li><strong>Folder organization<\/strong> als Tags;<\/li><li><strong>Include auth info in example request<\/strong> als Active;<\/li><li><strong>Disable optional parameters<\/strong> als Inactive;<\/li><\/ul>\n<\/div>\n<\/div>\n\n\n\n<p>Klicken sie auf Import und warten sie, bis Postman den import der vorlage abgeschlossen hat.<\/p>\n\n\n\n<figure class=\"wp-block-image size-large\"><img loading=\"lazy\" width=\"1024\" height=\"389\" src=\"http:\/\/documentation-wp.hub.av.priv\/wp-content\/uploads\/2022\/05\/postman_import_done-1024x389.png\" alt=\"\" class=\"wp-image-7756\" srcset=\"http:\/\/documentation-wp.hub.av.priv\/wp-content\/uploads\/2022\/05\/postman_import_done-1024x389.png 1024w, http:\/\/documentation-wp.hub.av.priv\/wp-content\/uploads\/2022\/05\/postman_import_done-300x114.png 300w, http:\/\/documentation-wp.hub.av.priv\/wp-content\/uploads\/2022\/05\/postman_import_done-768x292.png 768w, http:\/\/documentation-wp.hub.av.priv\/wp-content\/uploads\/2022\/05\/postman_import_done-1536x584.png 1536w, http:\/\/documentation-wp.hub.av.priv\/wp-content\/uploads\/2022\/05\/postman_import_done-2048x778.png 2048w\" sizes=\"(max-width: 1024px) 100vw, 1024px\" \/><\/figure>\n\n\n\n<p>Zu diesem Zeitpunkt wurde im arbeitsbereich auf der registerkarte sammlungen eine sammlung und auf der registerkarte APIs ein ordner erstellt, beide mit dem namen Aurora Vision APIs.<\/p>\n\n\n\n<figure class=\"wp-block-image size-large\"><img loading=\"lazy\" width=\"1024\" height=\"390\" src=\"http:\/\/documentation-wp.hub.av.priv\/wp-content\/uploads\/2022\/05\/postman_workspace-1-1024x390.png\" alt=\"\" class=\"wp-image-7767\" srcset=\"http:\/\/documentation-wp.hub.av.priv\/wp-content\/uploads\/2022\/05\/postman_workspace-1-1024x390.png 1024w, http:\/\/documentation-wp.hub.av.priv\/wp-content\/uploads\/2022\/05\/postman_workspace-1-300x114.png 300w, http:\/\/documentation-wp.hub.av.priv\/wp-content\/uploads\/2022\/05\/postman_workspace-1-768x293.png 768w, http:\/\/documentation-wp.hub.av.priv\/wp-content\/uploads\/2022\/05\/postman_workspace-1-1536x585.png 1536w, http:\/\/documentation-wp.hub.av.priv\/wp-content\/uploads\/2022\/05\/postman_workspace-1-2048x781.png 2048w\" sizes=\"(max-width: 1024px) 100vw, 1024px\" \/><\/figure>\n\n\n\n<p>Durch erweitern des ordners wird die gesamte hierarchie der angebotenen anrufe verf\u00fcgbar, unterteilt nach tags, die keine anderen als die suiten sind, die auch im Swagger-Modell gezeigt werden.<\/p>\n\n\n\n<p>W\u00e4hlen sie im ordner <strong>Authentication<\/strong>, die option <code>GET Authenticate<\/code> aus.<br>Die <code>Authentication API <\/code>wird ge\u00f6ffnet, wobei die registerkarte <strong>Params <\/strong>hervorgehoben ist.<br>Um eine korrekte antwort zu erhalten, ist es f\u00fcr die korrekte freigabe eines <code>X-AuroraVision-Token<\/code>, erforderlich, sich beim dienst mit Aurora Vision-Anmeldeinformationen und dem <code>X-AuroraVision-ApiKey<\/code>.<\/p>\n\n\n\n<figure class=\"wp-block-image size-large\"><img loading=\"lazy\" width=\"1024\" height=\"392\" src=\"http:\/\/documentation-wp.hub.av.priv\/wp-content\/uploads\/2022\/05\/postman_authenticate-1-1024x392.png\" alt=\"\" class=\"wp-image-7791\" srcset=\"http:\/\/documentation-wp.hub.av.priv\/wp-content\/uploads\/2022\/05\/postman_authenticate-1-1024x392.png 1024w, http:\/\/documentation-wp.hub.av.priv\/wp-content\/uploads\/2022\/05\/postman_authenticate-1-300x115.png 300w, http:\/\/documentation-wp.hub.av.priv\/wp-content\/uploads\/2022\/05\/postman_authenticate-1-768x294.png 768w, http:\/\/documentation-wp.hub.av.priv\/wp-content\/uploads\/2022\/05\/postman_authenticate-1-1536x589.png 1536w, http:\/\/documentation-wp.hub.av.priv\/wp-content\/uploads\/2022\/05\/postman_authenticate-1-2048x785.png 2048w\" sizes=\"(max-width: 1024px) 100vw, 1024px\" \/><\/figure>\n\n\n\n<p>Klicken sie auf die registerkarte <strong>Authorization <\/strong>und w\u00e4hlen sie dort im dropdown-men\u00fc <strong>Basic Auth<\/strong> aus.<\/p>\n\n\n\n<figure class=\"wp-block-image size-large\"><img loading=\"lazy\" width=\"1024\" height=\"390\" src=\"http:\/\/documentation-wp.hub.av.priv\/wp-content\/uploads\/2022\/05\/basic_auth-1024x390.png\" alt=\"\" class=\"wp-image-7801\" srcset=\"http:\/\/documentation-wp.hub.av.priv\/wp-content\/uploads\/2022\/05\/basic_auth-1024x390.png 1024w, http:\/\/documentation-wp.hub.av.priv\/wp-content\/uploads\/2022\/05\/basic_auth-300x114.png 300w, http:\/\/documentation-wp.hub.av.priv\/wp-content\/uploads\/2022\/05\/basic_auth-768x293.png 768w, http:\/\/documentation-wp.hub.av.priv\/wp-content\/uploads\/2022\/05\/basic_auth-1536x585.png 1536w, http:\/\/documentation-wp.hub.av.priv\/wp-content\/uploads\/2022\/05\/basic_auth-2048x781.png 2048w\" sizes=\"(max-width: 1024px) 100vw, 1024px\" \/><\/figure>\n\n\n\n<p>Geben sie die <strong>UserID <\/strong>und das <strong>Password <\/strong>ihres Aurora Vision-Kontos ein.<\/p>\n\n\n\n<figure class=\"wp-block-image size-large\"><img loading=\"lazy\" width=\"1024\" height=\"391\" src=\"http:\/\/documentation-wp.hub.av.priv\/wp-content\/uploads\/2022\/05\/credentials-1024x391.png\" alt=\"\" class=\"wp-image-7809\" srcset=\"http:\/\/documentation-wp.hub.av.priv\/wp-content\/uploads\/2022\/05\/credentials-1024x391.png 1024w, http:\/\/documentation-wp.hub.av.priv\/wp-content\/uploads\/2022\/05\/credentials-300x114.png 300w, http:\/\/documentation-wp.hub.av.priv\/wp-content\/uploads\/2022\/05\/credentials-768x293.png 768w, http:\/\/documentation-wp.hub.av.priv\/wp-content\/uploads\/2022\/05\/credentials-1536x586.png 1536w, http:\/\/documentation-wp.hub.av.priv\/wp-content\/uploads\/2022\/05\/credentials-2048x781.png 2048w\" sizes=\"(max-width: 1024px) 100vw, 1024px\" \/><\/figure>\n\n\n\n<p>Klicken sie auf die registerkarte <strong>Headers <\/strong>und geben sie den <code>X-AuroraVision-ApiKey<\/code>.<\/p>\n\n\n\n<figure class=\"wp-block-image size-large\"><img loading=\"lazy\" width=\"1024\" height=\"378\" src=\"http:\/\/documentation-wp.hub.av.priv\/wp-content\/uploads\/2022\/05\/api-key-1024x378.png\" alt=\"\" class=\"wp-image-7820\" srcset=\"http:\/\/documentation-wp.hub.av.priv\/wp-content\/uploads\/2022\/05\/api-key-1024x378.png 1024w, http:\/\/documentation-wp.hub.av.priv\/wp-content\/uploads\/2022\/05\/api-key-300x111.png 300w, http:\/\/documentation-wp.hub.av.priv\/wp-content\/uploads\/2022\/05\/api-key-768x283.png 768w, http:\/\/documentation-wp.hub.av.priv\/wp-content\/uploads\/2022\/05\/api-key-1536x567.png 1536w, http:\/\/documentation-wp.hub.av.priv\/wp-content\/uploads\/2022\/05\/api-key-2048x755.png 2048w\" sizes=\"(max-width: 1024px) 100vw, 1024px\" \/><\/figure>\n\n\n\n<p>Klicken sie auf <strong>Send<\/strong> und der anruf wird an Aurora Vision gesendet, die nach pr\u00fcfung der zugangsdaten und des <code>X-AuroraVision-ApiKey<\/code> eine antwort liefert (<em>JSON default format<\/em>) das den <code>X-AuroraVision-Token<\/code> enthalten wird.<\/p>\n\n\n\n<p>Das token ist der <code>header <\/code>aller angebotenen API-Aufrufe und l\u00e4uft nach 60 minuten vollst\u00e4ndiger inaktivit\u00e4t ab; das bedeutet, dass sie nicht jedes mal die <code>GET Authentication<\/code> API ausf\u00fchren m\u00fcssen, um ein neues <code>X-AuroraVision-Token<\/code> auszustellen, wenn das bereits vorhandene noch nicht abgelaufen ist<\/p>\n\n\n\n<p>Einen vollst\u00e4ndigen leitfaden zu verf\u00fcgbaren anrufen finden sie unter <a href=\"http:\/\/documentation-wp.hub.av.priv\/aurora-vision-apis\/openapi-preview\/\" data-type=\"page\" data-id=\"74\"><mark style=\"background-color:rgba(0, 0, 0, 0)\" class=\"has-inline-color has-vivid-cyan-blue-color\">OpenAPIs Swagger<\/mark><\/a> page.<\/p>\n\n\n\n<div style=\"height:10px\" aria-hidden=\"true\" class=\"wp-block-spacer\"><\/div>\n","protected":false},"excerpt":{"rendered":"<p>Um dem Endbenutzer ein allumfassendes Erlebnis zu garantieren, haben wir ein Benutzerhandbuch erstellt, das die Hauptthemen der Aurora Vision-APIs abdeckt, mit dem Ziel, die wichtigsten Richtlinien f\u00fcr die Nutzung des Dienstes und seiner Implementierungen bereitzustellen. Der Leitfaden wird im Laufe der Zeit aktualisiert: Wir werden neue Abschnitte hinzuf\u00fcgen und die Diskussion bestimmter Themen oder Themen [&hellip;]<\/p>\n","protected":false},"author":4,"featured_media":0,"parent":1764,"menu_order":3,"comment_status":"closed","ping_status":"closed","template":"","meta":[],"_links":{"self":[{"href":"http:\/\/documentation-wp.hub.av.priv\/de\/wp-json\/wp\/v2\/pages\/1792"}],"collection":[{"href":"http:\/\/documentation-wp.hub.av.priv\/de\/wp-json\/wp\/v2\/pages"}],"about":[{"href":"http:\/\/documentation-wp.hub.av.priv\/de\/wp-json\/wp\/v2\/types\/page"}],"author":[{"embeddable":true,"href":"http:\/\/documentation-wp.hub.av.priv\/de\/wp-json\/wp\/v2\/users\/4"}],"replies":[{"embeddable":true,"href":"http:\/\/documentation-wp.hub.av.priv\/de\/wp-json\/wp\/v2\/comments?post=1792"}],"version-history":[{"count":57,"href":"http:\/\/documentation-wp.hub.av.priv\/de\/wp-json\/wp\/v2\/pages\/1792\/revisions"}],"predecessor-version":[{"id":10563,"href":"http:\/\/documentation-wp.hub.av.priv\/de\/wp-json\/wp\/v2\/pages\/1792\/revisions\/10563"}],"up":[{"embeddable":true,"href":"http:\/\/documentation-wp.hub.av.priv\/de\/wp-json\/wp\/v2\/pages\/1764"}],"wp:attachment":[{"href":"http:\/\/documentation-wp.hub.av.priv\/de\/wp-json\/wp\/v2\/media?parent=1792"}],"curies":[{"name":"wp","href":"https:\/\/api.w.org\/{rel}","templated":true}]}}