{"id":1799,"date":"2022-02-21T10:36:37","date_gmt":"2022-02-21T09:36:37","guid":{"rendered":"http:\/\/documentation-wp.hub.av.priv\/aurora-vision-apis\/user-guide\/general-overview\/"},"modified":"2022-02-28T08:12:09","modified_gmt":"2022-02-28T07:12:09","slug":"general-overview","status":"publish","type":"page","link":"http:\/\/documentation-wp.hub.av.priv\/de\/aurora-vision-apis\/user-guide\/general-overview\/","title":{"rendered":"Gesamt\u00fcbersicht"},"content":{"rendered":"\n<div style=\"height:20px\" aria-hidden=\"true\" class=\"wp-block-spacer\"><\/div>\n\n\n\n<h2 id=\"what-is-aurora-vision-apis\">Was sind Aurora Vision-APIs? <\/h2>\n\n\n\n<p>Aurora Vision\u00a0APIs\u00a0ist die\u00a0<code>RESTful<\/code> Cloud-APIs-Dienst, \u00fcber die Aurora Vision-Cloud zur Verf\u00fcgung gestellt, die Zugriff auf mehrere Anruf-Suiten bietet, um Daten und Informationen in Bezug auf FIMER-Photovoltaik-Solaranlagen zu erhalten.<br><br>Um die bereitgestellten APIs nutzen zu k\u00f6nnen, ruft FIMER Photovoltaik-Solaranlagen auf (<em>mit allen unterst\u00fctzten Ger\u00e4ten<\/em> ) muss bei Aurora Vision korrekt registriert sein: Eine Anlageneinheit muss die nachtr\u00e4gliche Registrierung einer Wechselrichtereinheit zulassen, um ihre jeweiligen EntityIDs generieren zu k\u00f6nnen, bei denen es sich um numerische Sequenzen handelt, die einen bestimmten Verm\u00f6genswert innerhalb von Aurora Vision eindeutig identifizieren.<\/p>\n\n\n\n<div style=\"height:20px\" aria-hidden=\"true\" class=\"wp-block-spacer\"><\/div>\n\n\n\n<h2 id=\"how-to-access-aurora-vision-apis\">Wie greife ich auf Aurora Vision-APIs zu?<\/h2>\n\n\n\n<p id=\"how-to-access-aurora-vision-apis\">Der Zugriff auf den Service ist schnell und einfach, Sie brauchen nur:<\/p>\n\n\n\n<ul><li>Ein korrekt validiertes Aurora Vision-konto (<em>Der APIs-Dienst betrachtet nicht die Berechtigungsrolle Ihres Aurora Vision-konto<\/em>)und mit der neuesten Version der EULA akzeptiert;<\/li><li>Ein <code>X-AuroraVision-ApiKey<\/code> die es Ihnen zusammen mit Ihren Kontoanmeldeinformationen erm\u00f6glicht, sich beim Dienst zu authentifizieren und somit eine zu erhalten <code>X-AuroraVision-Token<\/code> (<em>cloud token<\/em>) to als Kopfzeile aller Aufrufe verwendet werden.<\/li><\/ul>\n\n\n\n<p>Das Aurora Vision-Konto kann unabh\u00e4ngig erstellt werden und beinhaltet w\u00e4hrend des Erstellungsprozesses die Validierung.<br>Die EULA kann w\u00e4hrend der ersten Anmeldung bei Aurora Vision, durch die Nutzung von Webprodukten oder Apps oder \u00fcber den APIs-Dienst akzeptiert werden.<br>Die <code>X-AuroraVision-ApiKey<\/code> erhalten Sie, indem Sie eine Anfrage an den FIMER-Kundendienst stellen (<em>bitte \u00fcberpr\u00fcfen Sie die <a href=\"http:\/\/documentation-wp.hub.av.priv\/aurora-vision-apis\/feedback\/\" data-type=\"page\" data-id=\"637\">Kontakte<\/a> seite<\/em>).<\/p>\n\n\n\n<p><strong>HINWEIS<\/strong>: Damit der FIMER-Kundendienst einen g\u00fcltigen X-AuroraVision-ApiKey ausstellen kann, m\u00fcssen Sie sich in Aurora Vision mit mindestens einem Anlagenobjekt registrieren oder mit ihm assoziiert sein.<\/p>\n","protected":false},"excerpt":{"rendered":"<p>Was sind Aurora Vision-APIs? Aurora Vision\u00a0APIs\u00a0ist die\u00a0RESTful Cloud-APIs-Dienst, \u00fcber die Aurora Vision-Cloud zur Verf\u00fcgung gestellt, die Zugriff auf mehrere Anruf-Suiten bietet, um Daten und Informationen in Bezug auf FIMER-Photovoltaik-Solaranlagen zu erhalten. Um die bereitgestellten APIs nutzen zu k\u00f6nnen, ruft FIMER Photovoltaik-Solaranlagen auf (mit allen unterst\u00fctzten Ger\u00e4ten ) muss bei Aurora Vision korrekt registriert sein: Eine [&hellip;]<\/p>\n","protected":false},"author":4,"featured_media":0,"parent":1792,"menu_order":1,"comment_status":"closed","ping_status":"closed","template":"","meta":[],"_links":{"self":[{"href":"http:\/\/documentation-wp.hub.av.priv\/de\/wp-json\/wp\/v2\/pages\/1799"}],"collection":[{"href":"http:\/\/documentation-wp.hub.av.priv\/de\/wp-json\/wp\/v2\/pages"}],"about":[{"href":"http:\/\/documentation-wp.hub.av.priv\/de\/wp-json\/wp\/v2\/types\/page"}],"author":[{"embeddable":true,"href":"http:\/\/documentation-wp.hub.av.priv\/de\/wp-json\/wp\/v2\/users\/4"}],"replies":[{"embeddable":true,"href":"http:\/\/documentation-wp.hub.av.priv\/de\/wp-json\/wp\/v2\/comments?post=1799"}],"version-history":[{"count":4,"href":"http:\/\/documentation-wp.hub.av.priv\/de\/wp-json\/wp\/v2\/pages\/1799\/revisions"}],"predecessor-version":[{"id":2203,"href":"http:\/\/documentation-wp.hub.av.priv\/de\/wp-json\/wp\/v2\/pages\/1799\/revisions\/2203"}],"up":[{"embeddable":true,"href":"http:\/\/documentation-wp.hub.av.priv\/de\/wp-json\/wp\/v2\/pages\/1792"}],"wp:attachment":[{"href":"http:\/\/documentation-wp.hub.av.priv\/de\/wp-json\/wp\/v2\/media?parent=1799"}],"curies":[{"name":"wp","href":"https:\/\/api.w.org\/{rel}","templated":true}]}}