{"id":1824,"date":"2022-02-21T08:07:23","date_gmt":"2022-02-21T07:07:23","guid":{"rendered":"http:\/\/documentation-wp.hub.av.priv\/aurora-vision-apis\/user-guide\/authentication\/"},"modified":"2022-04-25T07:39:53","modified_gmt":"2022-04-25T06:39:53","slug":"authentication","status":"publish","type":"page","link":"http:\/\/documentation-wp.hub.av.priv\/de\/aurora-vision-apis\/user-guide\/authentication\/","title":{"rendered":"Authentifizierung"},"content":{"rendered":"\n<div style=\"height:10px\" aria-hidden=\"true\" class=\"wp-block-spacer\"><\/div>\n\n\n\n<p>Mit einem Aurora Vision-Konto k\u00f6nnen Sie einen <code>X-AuroraVision-ApiKey<\/code> anfordern, indem Sie sich an den FIMER-Kundendienst wenden.<br>Der Schl\u00fcssel ist eindeutig mit dem Aurora Vision-Konto und den auf diesem Konto registrierten Verm\u00f6genswerten verkn\u00fcpft.<\/p>\n\n\n\n<p>Sobald der <code>X-AuroraVision-ApiKey<\/code> erhalten wurde, ist es m\u00f6glich, auf den Dienst zuzugreifen, indem er als <code>header <\/code>der <code>Authentifizierungs<\/code> API in Verbindung mit den Anmeldeinformationen des Aurora Vision-Kontos verwendet wird. Diese zweistufige Kontrolle erm\u00f6glicht es einem Benutzer, sich nur anzumelden, wenn der damit verbundene Schl\u00fcssel der richtige ist, wodurch die Vertraulichkeit der Daten auf der Cloud-Plattform gesch\u00fctzt wird.<br><br>Schauen wir uns ein Beispiel an.<br><br><\/p>\n\n\n\n<p>Nehmen wir an, wir haben ein Aurora Vision-Konto mit den folgenden Anmeldeinformationen:<br><code>UserID<\/code>: user.test<br><code>Password<\/code>: Test123!<br><code>X-AuroraVision-ApiKey<\/code>: 1a23b456-c789-1d23-12ef-ghil123456mn-1o23<\/p>\n\n\n\n<p>Da wir alle erforderlichen Parameter haben, k\u00f6nnen wir auf den Dienst zugreifen:<\/p>\n\n\n\n<div class=\"wp-block-columns\">\n<div class=\"wp-block-column\">\n<div class=\"wp-block-columns alignwide\">\n<div class=\"wp-elements-2 wp-block-column has-text-color has-background has-link-color\" style=\"background-color:#e6e6e6;color:#000000;padding-top:2em;padding-right:2em;padding-bottom:2em;padding-left:2em\">\n<p class=\"has-normal-font-size\" style=\"line-height:1.5\"><strong>Authentication Suite &#8211; Authenticate<\/strong><\/p>\n\n\n\n<p>Erlauben Sie die Ausgabe einer <code>X-AuroraVision-Token<\/code>, die nach 60 Minuten Inaktivit\u00e4t abl\u00e4uft und als Header f\u00fcr alle Dienst-APIs-Aufrufe verwendet werden soll.<\/p>\n\n\n\n<hr class=\"wp-block-separator is-style-wide\"\/>\n\n\n\n<p class=\"has-text-align-center\"><strong>Request<\/strong><\/p>\n\n\n\n<p class=\"has-text-align-center\"><code>GET https:\/\/api.auroravision.net\/api\/rest\/authenticate<\/code><\/p>\n\n\n\n<hr class=\"wp-block-separator has-text-color has-background has-black-background-color has-black-color is-style-wide\"\/>\n\n\n\n<div class=\"wp-block-columns\">\n<div class=\"wp-block-column\">\n<p class=\"has-text-align-center\"><strong>Header<\/strong><\/p>\n\n\n\n<p class=\"has-text-align-center\"><code>X-AuroraVision-ApiKey<\/code><\/p>\n<\/div>\n\n\n\n<div class=\"wp-block-column\">\n<p class=\"has-text-align-center\"><strong>HTTP Basic Authentication<\/strong><\/p>\n\n\n\n<p class=\"has-text-align-center\"><code>https:\/\/user.test:Test123!@<\/code><\/p>\n<\/div>\n<\/div>\n\n\n\n<hr class=\"wp-block-separator has-text-color has-background has-black-background-color has-black-color is-style-wide\"\/>\n\n\n\n<p class=\"has-text-align-center\"><strong>Curl<\/strong><\/p>\n\n\n\n<p class=\"has-text-align-center\"><code>curl --request GET https:\/\/user.test:Test123!@api.auroravision.net\/api\/rest\/authenticate --header \"X-AuroraVision-ApiKey: 1a23b456-c789-1d23-12ef-ghil123456mn-1o23\"<\/code><\/p>\n\n\n\n<hr class=\"wp-block-separator has-text-color has-background has-black-background-color has-black-color is-style-wide\"\/>\n\n\n\n<div class=\"wp-container-1 wp-block-buttons alignfull\">\n<div class=\"wp-block-button has-custom-width wp-block-button__width-100\"><a class=\"wp-block-button__link has-white-color has-text-color\" href=\"http:\/\/documentation-wp.hub.av.priv\/aurora-vision-apis\/openapi-preview\/\" style=\"border-radius:0px\">OpenAPIs Swagger&nbsp;&nbsp;&nbsp;\u279c<\/a><\/div>\n<\/div>\n<\/div>\n<\/div>\n<\/div>\n<\/div>\n","protected":false},"excerpt":{"rendered":"<p>Mit einem Aurora Vision-Konto k\u00f6nnen Sie einen X-AuroraVision-ApiKey anfordern, indem Sie sich an den FIMER-Kundendienst wenden.Der Schl\u00fcssel ist eindeutig mit dem Aurora Vision-Konto und den auf diesem Konto registrierten Verm\u00f6genswerten verkn\u00fcpft. Sobald der X-AuroraVision-ApiKey erhalten wurde, ist es m\u00f6glich, auf den Dienst zuzugreifen, indem er als header der Authentifizierungs API in Verbindung mit den Anmeldeinformationen [&hellip;]<\/p>\n","protected":false},"author":4,"featured_media":0,"parent":1792,"menu_order":5,"comment_status":"closed","ping_status":"closed","template":"","meta":[],"_links":{"self":[{"href":"http:\/\/documentation-wp.hub.av.priv\/de\/wp-json\/wp\/v2\/pages\/1824"}],"collection":[{"href":"http:\/\/documentation-wp.hub.av.priv\/de\/wp-json\/wp\/v2\/pages"}],"about":[{"href":"http:\/\/documentation-wp.hub.av.priv\/de\/wp-json\/wp\/v2\/types\/page"}],"author":[{"embeddable":true,"href":"http:\/\/documentation-wp.hub.av.priv\/de\/wp-json\/wp\/v2\/users\/4"}],"replies":[{"embeddable":true,"href":"http:\/\/documentation-wp.hub.av.priv\/de\/wp-json\/wp\/v2\/comments?post=1824"}],"version-history":[{"count":26,"href":"http:\/\/documentation-wp.hub.av.priv\/de\/wp-json\/wp\/v2\/pages\/1824\/revisions"}],"predecessor-version":[{"id":6954,"href":"http:\/\/documentation-wp.hub.av.priv\/de\/wp-json\/wp\/v2\/pages\/1824\/revisions\/6954"}],"up":[{"embeddable":true,"href":"http:\/\/documentation-wp.hub.av.priv\/de\/wp-json\/wp\/v2\/pages\/1792"}],"wp:attachment":[{"href":"http:\/\/documentation-wp.hub.av.priv\/de\/wp-json\/wp\/v2\/media?parent=1824"}],"curies":[{"name":"wp","href":"https:\/\/api.w.org\/{rel}","templated":true}]}}