{"id":1852,"date":"2022-02-17T10:17:59","date_gmt":"2022-02-17T09:17:59","guid":{"rendered":"http:\/\/documentation-wp.hub.av.priv\/energy-viewer\/contacts\/"},"modified":"2022-04-24T10:04:07","modified_gmt":"2022-04-24T09:04:07","slug":"contacts","status":"publish","type":"page","link":"http:\/\/documentation-wp.hub.av.priv\/de\/energy-viewer\/contacts\/","title":{"rendered":"Kontakte"},"content":{"rendered":"\n<div style=\"height:10px\" aria-hidden=\"true\" class=\"wp-block-spacer\"><\/div>\n\n\n\n<p>Wir sch\u00e4tzen das Feedback unserer Kunden immer, weil es uns erm\u00f6glicht, auf m\u00f6glichst direkte Weise mit ihnen in Kontakt zu treten und Dienstleistungen und Produkte zu verbessern.<\/p>\n\n\n\n<p>Wenn Sie bei der Verwendung von Energy Viewer auf Probleme sto\u00dfen oder Ihnen etwas nicht klar ist, k\u00f6nnen Sie an unsere spezielle Feedback-E-Mail schreiben, indem Sie auf die Schaltfl\u00e4che &#8222;Senden\u201c klicken, die Sie im Feld unten finden.<br>Wir werden versuchen, uns so schnell wie m\u00f6glich bei Ihnen zu melden.<\/p>\n\n\n\n<div style=\"height:10px\" aria-hidden=\"true\" class=\"wp-block-spacer\"><\/div>\n\n\n\n<div class=\"wp-block-columns alignwide\">\n<div class=\"wp-elements-2 wp-block-column has-text-color has-background has-link-color\" style=\"background-color:#e6e6e6;color:#000000;padding-top:2em;padding-right:2em;padding-bottom:2em;padding-left:2em\">\n<h2 id=\"energy-viewer-feedback-email\" style=\"font-size:40px\"><strong>Energy Viewer Feedback Email<\/strong><\/h2>\n\n\n\n<div style=\"height:10px\" aria-hidden=\"true\" class=\"wp-block-spacer\"><\/div>\n\n\n\n<p class=\"has-normal-font-size\" style=\"line-height:1.5\"><strong>Verwenden Sie die Schaltfl\u00e4che unten, um eine E-Mail an den Energy Viewer-Support zu schreiben<\/strong><\/p>\n\n\n\n<hr class=\"wp-block-separator has-text-color has-background is-style-wide\" style=\"background-color:#000000;color:#000000\"\/>\n\n\n\n<p>Pour F\u00fcr technischen Support geben Sie bitte in der E-Mail an:<\/p>\n\n\n\n<ul class=\"has-normal-font-size\"><li>der <strong>Name <\/strong>der \u00fcberwachten Anlage oder des Portfolios<\/li><li>die <strong>EntityID <\/strong>(<em>EID <\/em>) der \u00fcberwachten Anlage oder des Portfolios<\/li><li>die <strong>UserID <\/strong>des Aurora Vision-Kontos (<em>bitte kein Passwort angeben, wir sch\u00e4tzen Ihre Privatsph\u00e4re!<\/em> )<\/li><\/ul>\n\n\n\n<div style=\"height:20px\" aria-hidden=\"true\" class=\"wp-block-spacer\"><\/div>\n\n\n\n<div class=\"wp-container-1 wp-block-buttons alignfull\">\n<div class=\"wp-block-button has-custom-width wp-block-button__width-100\"><a class=\"wp-block-button__link has-white-color has-text-color\" href=\"mailto:glb-mobile.apps@fimer.com?subject=Energy%20Viewer\" style=\"border-radius:0px\" target=\"_blank\" rel=\"noreferrer noopener\">Email Anfrage Senden&nbsp;&nbsp; \u279c<\/a><\/div>\n<\/div>\n<\/div>\n<\/div>\n","protected":false},"excerpt":{"rendered":"<p>Wir sch\u00e4tzen das Feedback unserer Kunden immer, weil es uns erm\u00f6glicht, auf m\u00f6glichst direkte Weise mit ihnen in Kontakt zu treten und Dienstleistungen und Produkte zu verbessern. Wenn Sie bei der Verwendung von Energy Viewer auf Probleme sto\u00dfen oder Ihnen etwas nicht klar ist, k\u00f6nnen Sie an unsere spezielle Feedback-E-Mail schreiben, indem Sie auf die [&hellip;]<\/p>\n","protected":false},"author":4,"featured_media":0,"parent":1838,"menu_order":3,"comment_status":"closed","ping_status":"closed","template":"","meta":[],"_links":{"self":[{"href":"http:\/\/documentation-wp.hub.av.priv\/de\/wp-json\/wp\/v2\/pages\/1852"}],"collection":[{"href":"http:\/\/documentation-wp.hub.av.priv\/de\/wp-json\/wp\/v2\/pages"}],"about":[{"href":"http:\/\/documentation-wp.hub.av.priv\/de\/wp-json\/wp\/v2\/types\/page"}],"author":[{"embeddable":true,"href":"http:\/\/documentation-wp.hub.av.priv\/de\/wp-json\/wp\/v2\/users\/4"}],"replies":[{"embeddable":true,"href":"http:\/\/documentation-wp.hub.av.priv\/de\/wp-json\/wp\/v2\/comments?post=1852"}],"version-history":[{"count":21,"href":"http:\/\/documentation-wp.hub.av.priv\/de\/wp-json\/wp\/v2\/pages\/1852\/revisions"}],"predecessor-version":[{"id":6871,"href":"http:\/\/documentation-wp.hub.av.priv\/de\/wp-json\/wp\/v2\/pages\/1852\/revisions\/6871"}],"up":[{"embeddable":true,"href":"http:\/\/documentation-wp.hub.av.priv\/de\/wp-json\/wp\/v2\/pages\/1838"}],"wp:attachment":[{"href":"http:\/\/documentation-wp.hub.av.priv\/de\/wp-json\/wp\/v2\/media?parent=1852"}],"curies":[{"name":"wp","href":"https:\/\/api.w.org\/{rel}","templated":true}]}}