{"id":1859,"date":"2022-01-27T10:33:40","date_gmt":"2022-01-27T09:33:40","guid":{"rendered":"http:\/\/documentation-wp.hub.av.priv\/f-a-q\/"},"modified":"2022-04-24T09:44:06","modified_gmt":"2022-04-24T08:44:06","slug":"f-a-q","status":"publish","type":"page","link":"http:\/\/documentation-wp.hub.av.priv\/de\/f-a-q\/","title":{"rendered":"F.A.Q."},"content":{"rendered":"\n<div style=\"height:10px\" aria-hidden=\"true\" class=\"wp-block-spacer\"><\/div>\n\n\n\n<p>Willkommen bei den F.A.Q. seite, auf der Sie die h\u00e4ufigsten Fragen finden, die von unseren Benutzern gestellt werden, mit speziellen Antworten.<br><br>W\u00e4hlen Sie zun\u00e4chst die Kategorie Ihres Interesses aus, indem Sie auf eines der K\u00e4stchen unten klicken; Sie k\u00f6nnen die Kategorie auch direkt aus den in der Inhaltsspalte links platzierten Elementen ausw\u00e4hlen.<\/p>\n\n\n\n<div style=\"height:20px\" aria-hidden=\"true\" class=\"wp-block-spacer\"><\/div>\n\n\n\n<div class=\"wp-block-columns alignwide\">\n<div class=\"wp-elements-2 wp-block-column has-text-color has-background has-link-color\" style=\"background-color:#e6e6e6;color:#000000;padding-top:2em;padding-right:2em;padding-bottom:2em;padding-left:2em\">\n<h2 class=\"has-text-align-center\" id=\"common-questions\" style=\"font-size:40px\"><strong>H\u00e4ufige Fragen<\/strong><\/h2>\n\n\n\n<div style=\"height:10px\" aria-hidden=\"true\" class=\"wp-block-spacer\"><\/div>\n\n\n\n<p class=\"has-text-align-center\">Erkunden Sie die h\u00e4ufigsten Fragen unserer Benutzer, um Antworten und L\u00f6sungen f\u00fcr Ihre Probleme zu finden.<\/p>\n\n\n\n<div style=\"height:10px\" aria-hidden=\"true\" class=\"wp-block-spacer\"><\/div>\n\n\n\n<div class=\"wp-container-1 wp-block-buttons alignfull\">\n<div class=\"wp-block-button has-custom-width wp-block-button__width-100\"><a class=\"wp-block-button__link has-white-color has-text-color\" href=\"http:\/\/documentation-wp.hub.av.priv\/f-a-q\/common-questions\/\" style=\"border-radius:0px\">\ud83d\ude80&nbsp;&nbsp;&nbsp;Erkunden Starten<\/a><\/div>\n<\/div>\n<\/div>\n\n\n\n<div class=\"wp-elements-4 wp-block-column has-text-color has-background has-link-color\" style=\"background-color:#e6e6e6;color:#000000;padding-top:2em;padding-right:2em;padding-bottom:2em;padding-left:2em\">\n<h2 class=\"has-text-align-center\" id=\"aurora-vision\" style=\"font-size:40px\"><strong>Aurora Vision<\/strong><\/h2>\n\n\n\n<div style=\"height:10px\" aria-hidden=\"true\" class=\"wp-block-spacer\"><\/div>\n\n\n\n<p class=\"has-text-align-center has-normal-font-size\">Erkunden Sie Fragen zur Cloud-Plattform Aurora Vision, um Antworten und L\u00f6sungen f\u00fcr Ihre Probleme zu finden.<\/p>\n\n\n\n<div style=\"height:11px\" aria-hidden=\"true\" class=\"wp-block-spacer\"><\/div>\n\n\n\n<div class=\"wp-container-3 wp-block-buttons alignfull\">\n<div class=\"wp-block-button has-custom-width wp-block-button__width-100\"><a class=\"wp-block-button__link has-white-color has-text-color\" href=\"http:\/\/documentation-wp.hub.av.priv\/f-a-q\/aurora-vision-cloud-platform\/\" style=\"border-radius:0px\">\ud83d\ude80&nbsp;&nbsp;&nbsp;Erkunden Starten<\/a><\/div>\n<\/div>\n<\/div>\n<\/div>\n\n\n\n<p><\/p>\n","protected":false},"excerpt":{"rendered":"<p>Willkommen bei den F.A.Q. seite, auf der Sie die h\u00e4ufigsten Fragen finden, die von unseren Benutzern gestellt werden, mit speziellen Antworten. W\u00e4hlen Sie zun\u00e4chst die Kategorie Ihres Interesses aus, indem Sie auf eines der K\u00e4stchen unten klicken; Sie k\u00f6nnen die Kategorie auch direkt aus den in der Inhaltsspalte links platzierten Elementen ausw\u00e4hlen. H\u00e4ufige Fragen Erkunden [&hellip;]<\/p>\n","protected":false},"author":4,"featured_media":0,"parent":0,"menu_order":0,"comment_status":"closed","ping_status":"closed","template":"","meta":[],"_links":{"self":[{"href":"http:\/\/documentation-wp.hub.av.priv\/de\/wp-json\/wp\/v2\/pages\/1859"}],"collection":[{"href":"http:\/\/documentation-wp.hub.av.priv\/de\/wp-json\/wp\/v2\/pages"}],"about":[{"href":"http:\/\/documentation-wp.hub.av.priv\/de\/wp-json\/wp\/v2\/types\/page"}],"author":[{"embeddable":true,"href":"http:\/\/documentation-wp.hub.av.priv\/de\/wp-json\/wp\/v2\/users\/4"}],"replies":[{"embeddable":true,"href":"http:\/\/documentation-wp.hub.av.priv\/de\/wp-json\/wp\/v2\/comments?post=1859"}],"version-history":[{"count":5,"href":"http:\/\/documentation-wp.hub.av.priv\/de\/wp-json\/wp\/v2\/pages\/1859\/revisions"}],"predecessor-version":[{"id":6837,"href":"http:\/\/documentation-wp.hub.av.priv\/de\/wp-json\/wp\/v2\/pages\/1859\/revisions\/6837"}],"wp:attachment":[{"href":"http:\/\/documentation-wp.hub.av.priv\/de\/wp-json\/wp\/v2\/media?parent=1859"}],"curies":[{"name":"wp","href":"https:\/\/api.w.org\/{rel}","templated":true}]}}