{"id":1889,"date":"2022-01-27T10:28:55","date_gmt":"2022-01-27T09:28:55","guid":{"rendered":"http:\/\/documentation-wp.hub.av.priv\/plant-portfolio-manager\/"},"modified":"2022-03-01T13:58:39","modified_gmt":"2022-03-01T12:58:39","slug":"plant-portfolio-manager","status":"publish","type":"page","link":"http:\/\/documentation-wp.hub.av.priv\/de\/plant-portfolio-manager\/","title":{"rendered":"Plant Portfolio Manager"},"content":{"rendered":"\n<div style=\"height:9px\" aria-hidden=\"true\" class=\"wp-block-spacer\"><\/div>\n\n\n\n<p>Plant Portfolio Manager ist ein cloudbasiertes professionelles Webportal, das es Stakeholdern erm\u00f6glicht, wichtige Energie- und Leistungskennzahlen zu \u00fcberwachen und gleichzeitig ein gesamtes Portfolio von Solarkraftwerken zu verwalten. Durch die Nutzung der Leistungsf\u00e4higkeit von Aurora Vision wird den Interessengruppen von Solarkraftwerken der Fernzugriff auf erweiterte Funktionen auf einfache, sichere und schnelle Weise wie nie zuvor garantiert.<\/p>\n\n\n\n<div style=\"height:20px\" aria-hidden=\"true\" class=\"wp-block-spacer\"><\/div>\n\n\n\n<p>\u2022 <strong>Was sind die wichtigsten Highlights des Plant Portfolio Managers?<\/strong><\/p>\n\n\n\n<div style=\"height:20px\" aria-hidden=\"true\" class=\"wp-block-spacer\"><\/div>\n\n\n\n<div class=\"wp-block-columns\">\n<div class=\"wp-block-column\">\n<figure class=\"wp-block-image size-large\"><img loading=\"lazy\" width=\"1024\" height=\"576\" src=\"http:\/\/documentation-wp.hub.av.priv\/wp-content\/uploads\/2022\/02\/ppm-1024x576.png\" alt=\"\" class=\"wp-image-740\" srcset=\"http:\/\/documentation-wp.hub.av.priv\/wp-content\/uploads\/2022\/02\/ppm-1024x576.png 1024w, http:\/\/documentation-wp.hub.av.priv\/wp-content\/uploads\/2022\/02\/ppm-300x169.png 300w, http:\/\/documentation-wp.hub.av.priv\/wp-content\/uploads\/2022\/02\/ppm-768x432.png 768w, http:\/\/documentation-wp.hub.av.priv\/wp-content\/uploads\/2022\/02\/ppm.png 1280w\" sizes=\"(max-width: 1024px) 100vw, 1024px\" \/><\/figure>\n\n\n\n<h2 class=\"has-text-align-center has-medium-font-size\" id=\"information-at-a-glance\">Informationen &#8222;Auf Einen Blick\u201c<\/h2>\n\n\n\n<p class=\"has-text-align-center\">Bewerten Sie die Leistung Ihrer Flotte von Solaranlagen und erkennen Sie die Echtzeit unter Leistungsbedingungen dank eines umfassenden Dashboards.<\/p>\n<\/div>\n\n\n\n<div class=\"wp-block-column\">\n<figure class=\"wp-block-image size-large\"><img loading=\"lazy\" width=\"1024\" height=\"576\" src=\"http:\/\/documentation-wp.hub.av.priv\/wp-content\/uploads\/2022\/02\/explorer-1024x576.png\" alt=\"\" class=\"wp-image-807\" srcset=\"http:\/\/documentation-wp.hub.av.priv\/wp-content\/uploads\/2022\/02\/explorer-1024x576.png 1024w, http:\/\/documentation-wp.hub.av.priv\/wp-content\/uploads\/2022\/02\/explorer-300x169.png 300w, http:\/\/documentation-wp.hub.av.priv\/wp-content\/uploads\/2022\/02\/explorer-768x432.png 768w, http:\/\/documentation-wp.hub.av.priv\/wp-content\/uploads\/2022\/02\/explorer.png 1280w\" sizes=\"(max-width: 1024px) 100vw, 1024px\" \/><\/figure>\n\n\n\n<h2 class=\"has-text-align-center has-medium-font-size\" id=\"plant-management-lifecycle\">Lebenszyklus des Anlagenmanagements<\/h2>\n\n\n\n<p class=\"has-text-align-center\">Verwalten Sie Typ, Standort und Leistungskonfiguration von Anlagen und\/oder einzelnen Ger\u00e4ten f\u00fcr Compliance-, Kontroll- und Leistungsziele.<\/p>\n\n\n\n<p class=\"has-text-align-center\"> <\/p>\n<\/div>\n\n\n\n<div class=\"wp-block-column\">\n<figure class=\"wp-block-image size-large\"><img loading=\"lazy\" width=\"1024\" height=\"576\" src=\"http:\/\/documentation-wp.hub.av.priv\/wp-content\/uploads\/2022\/02\/dashboard-1024x576.png\" alt=\"\" class=\"wp-image-815\" srcset=\"http:\/\/documentation-wp.hub.av.priv\/wp-content\/uploads\/2022\/02\/dashboard-1024x576.png 1024w, http:\/\/documentation-wp.hub.av.priv\/wp-content\/uploads\/2022\/02\/dashboard-300x169.png 300w, http:\/\/documentation-wp.hub.av.priv\/wp-content\/uploads\/2022\/02\/dashboard-768x432.png 768w, http:\/\/documentation-wp.hub.av.priv\/wp-content\/uploads\/2022\/02\/dashboard.png 1280w\" sizes=\"(max-width: 1024px) 100vw, 1024px\" \/><\/figure>\n\n\n\n<h2 class=\"has-text-align-center has-medium-font-size\" id=\"plant-device-performances\">Anlagen und Ger\u00e4teleistungen<\/h2>\n\n\n\n<p class=\"has-text-align-center\">Behalten Sie den \u00dcberblick \u00fcber die wichtigsten Telemetrien der Solaranlage oder gehen Sie in die Details der einzelnen verbauten Ger\u00e4te.<\/p>\n<\/div>\n<\/div>\n\n\n\n<div style=\"height:10px\" aria-hidden=\"true\" class=\"wp-block-spacer\"><\/div>\n\n\n\n<div class=\"wp-block-columns\">\n<div class=\"wp-block-column\">\n<figure class=\"wp-block-image size-large\"><img loading=\"lazy\" width=\"1024\" height=\"576\" src=\"http:\/\/documentation-wp.hub.av.priv\/wp-content\/uploads\/2022\/02\/event-1024x576.png\" alt=\"\" class=\"wp-image-823\" srcset=\"http:\/\/documentation-wp.hub.av.priv\/wp-content\/uploads\/2022\/02\/event-1024x576.png 1024w, http:\/\/documentation-wp.hub.av.priv\/wp-content\/uploads\/2022\/02\/event-300x169.png 300w, http:\/\/documentation-wp.hub.av.priv\/wp-content\/uploads\/2022\/02\/event-768x432.png 768w, http:\/\/documentation-wp.hub.av.priv\/wp-content\/uploads\/2022\/02\/event.png 1280w\" sizes=\"(max-width: 1024px) 100vw, 1024px\" \/><\/figure>\n\n\n\n<h2 class=\"has-text-align-center has-medium-font-size\" id=\"plant-status-monitoring\">Anlagen Zustands\u00fcberwachung<\/h2>\n\n\n\n<p class=\"has-text-align-center\">Fehlerprofile definieren, anpassen und zuweisen, um den Anlagenstatus zu \u00fcberwachen und eine detaillierte Fehlerbehebung durchzuf\u00fchren. Weisen Sie E-Mail-Container zu, um Stakeholder miteinander zu verbinden.<\/p>\n<\/div>\n\n\n\n<div class=\"wp-block-column\">\n<figure class=\"wp-block-image size-large\"><img loading=\"lazy\" width=\"1024\" height=\"576\" src=\"http:\/\/documentation-wp.hub.av.priv\/wp-content\/uploads\/2022\/02\/reports-1024x576.png\" alt=\"\" class=\"wp-image-831\" srcset=\"http:\/\/documentation-wp.hub.av.priv\/wp-content\/uploads\/2022\/02\/reports-1024x576.png 1024w, http:\/\/documentation-wp.hub.av.priv\/wp-content\/uploads\/2022\/02\/reports-300x169.png 300w, http:\/\/documentation-wp.hub.av.priv\/wp-content\/uploads\/2022\/02\/reports-768x432.png 768w, http:\/\/documentation-wp.hub.av.priv\/wp-content\/uploads\/2022\/02\/reports.png 1280w\" sizes=\"(max-width: 1024px) 100vw, 1024px\" \/><\/figure>\n\n\n\n<h2 class=\"has-text-align-center has-medium-font-size\" id=\"customizable-reports-1\">Anpassbare Berichte<\/h2>\n\n\n\n<p class=\"has-text-align-center\">Verwenden Sie Standard- oder benutzerdefinierte Berichte mit verschiedenen Leistungskriterien f\u00fcr eine einzelne Anlage oder ein Ger\u00e4t, eine Reihe von Anlagen oder Ger\u00e4ten oder das gesamte Portfolio. Berichte k\u00f6nnen einmalig oder zeitgesteuert ausgef\u00fchrt und in Standardformate exportiert werden (CSV, XLSX).<\/p>\n<\/div>\n\n\n\n<div class=\"wp-block-column\">\n<figure class=\"wp-block-image size-large\"><img loading=\"lazy\" width=\"1024\" height=\"576\" src=\"http:\/\/documentation-wp.hub.av.priv\/wp-content\/uploads\/2022\/02\/admin-1024x576.png\" alt=\"\" class=\"wp-image-839\" srcset=\"http:\/\/documentation-wp.hub.av.priv\/wp-content\/uploads\/2022\/02\/admin-1024x576.png 1024w, http:\/\/documentation-wp.hub.av.priv\/wp-content\/uploads\/2022\/02\/admin-300x169.png 300w, http:\/\/documentation-wp.hub.av.priv\/wp-content\/uploads\/2022\/02\/admin-768x432.png 768w, http:\/\/documentation-wp.hub.av.priv\/wp-content\/uploads\/2022\/02\/admin.png 1280w\" sizes=\"(max-width: 1024px) 100vw, 1024px\" \/><\/figure>\n\n\n\n<h2 class=\"has-text-align-center has-medium-font-size\" id=\"administration-tools-1\">Verwaltungstools<\/h2>\n\n\n\n<p class=\"has-text-align-center\">Verwaltungstools erm\u00f6glichen es einem Portfolioadministrator, Gruppen von Anlagen und Benutzern zu verwalten und so die kollaborative \u00dcberwachung und den Zugriff auf bestimmte Produkte, Dienstleistungen und Funktionen zu erm\u00f6glichen und zu verwalten, die auf Aurora Vision angeboten werden.<\/p>\n<\/div>\n<\/div>\n\n\n\n<div style=\"height:20px\" aria-hidden=\"true\" class=\"wp-block-spacer\"><\/div>\n\n\n\n<p>\u2022 <strong>M\u00f6chten Sie Ihre Flotte von Solarkraftwerken mit dem Plant Portfolio Manager \u00fcberwachen?<\/strong><\/p>\n\n\n\n<p>Dazu ben\u00f6tigen Sie ein Aurora Vision-Konto mit Administratorberechtigungsrolle.<br>Ein Konto dieser Art kann nur erhalten werden, indem eine offizielle Anfrage an den FIMER-Kundendienst gestellt wird.<br>Sie k\u00f6nnen dies von dieser Seite aus tun: <a href=\"https:\/\/www.fimer.com\/contact\/contact-us\" target=\"_blank\" rel=\"noreferrer noopener\">https:\/\/www.fimer.com\/de\/ansprechpartner\/kontakt<\/a><\/p>\n","protected":false},"excerpt":{"rendered":"<p>Plant Portfolio Manager ist ein cloudbasiertes professionelles Webportal, das es Stakeholdern erm\u00f6glicht, wichtige Energie- und Leistungskennzahlen zu \u00fcberwachen und gleichzeitig ein gesamtes Portfolio von Solarkraftwerken zu verwalten. Durch die Nutzung der Leistungsf\u00e4higkeit von Aurora Vision wird den Interessengruppen von Solarkraftwerken der Fernzugriff auf erweiterte Funktionen auf einfache, sichere und schnelle Weise wie nie zuvor garantiert. [&hellip;]<\/p>\n","protected":false},"author":4,"featured_media":0,"parent":0,"menu_order":0,"comment_status":"closed","ping_status":"closed","template":"","meta":[],"_links":{"self":[{"href":"http:\/\/documentation-wp.hub.av.priv\/de\/wp-json\/wp\/v2\/pages\/1889"}],"collection":[{"href":"http:\/\/documentation-wp.hub.av.priv\/de\/wp-json\/wp\/v2\/pages"}],"about":[{"href":"http:\/\/documentation-wp.hub.av.priv\/de\/wp-json\/wp\/v2\/types\/page"}],"author":[{"embeddable":true,"href":"http:\/\/documentation-wp.hub.av.priv\/de\/wp-json\/wp\/v2\/users\/4"}],"replies":[{"embeddable":true,"href":"http:\/\/documentation-wp.hub.av.priv\/de\/wp-json\/wp\/v2\/comments?post=1889"}],"version-history":[{"count":56,"href":"http:\/\/documentation-wp.hub.av.priv\/de\/wp-json\/wp\/v2\/pages\/1889\/revisions"}],"predecessor-version":[{"id":4820,"href":"http:\/\/documentation-wp.hub.av.priv\/de\/wp-json\/wp\/v2\/pages\/1889\/revisions\/4820"}],"wp:attachment":[{"href":"http:\/\/documentation-wp.hub.av.priv\/de\/wp-json\/wp\/v2\/media?parent=1889"}],"curies":[{"name":"wp","href":"https:\/\/api.w.org\/{rel}","templated":true}]}}