{"id":1896,"date":"2022-02-07T16:47:10","date_gmt":"2022-02-07T15:47:10","guid":{"rendered":"http:\/\/documentation-wp.hub.av.priv\/plant-portfolio-manager\/release-notes\/"},"modified":"2022-03-01T14:00:28","modified_gmt":"2022-03-01T13:00:28","slug":"release-notes","status":"publish","type":"page","link":"http:\/\/documentation-wp.hub.av.priv\/de\/plant-portfolio-manager\/release-notes\/","title":{"rendered":"Release Notes"},"content":{"rendered":"\n<div style=\"height:10px\" aria-hidden=\"true\" class=\"wp-block-spacer\"><\/div>\n\n\n\n<p>Avec le cliMit Blick auf den Kunden und seine Bed\u00fcrfnisse aktualisieren wir den Plant Portfolio Manager st\u00e4ndig.<\/p>\n\n\n\n<p>Dans cette page, vous poAuf dieser Seite k\u00f6nnen Sie die Versionshinweise gem\u00e4\u00df einer Zeitachse in aufsteigender chronologischer Reihenfolge einsehen, von der neuesten bis zur \u00e4ltesten Version\/dem \u00e4ltesten Update.<\/p>\n\n\n\n<p><strong>HINWEIS<\/strong>: Versionshinweise sind nur auf Englisch verf\u00fcgbar.<\/p>\n\n\n\n<div style=\"height:20px\" aria-hidden=\"true\" class=\"wp-block-spacer\"><\/div>\n\n\n\n<hr class=\"wp-block-separator has-text-color has-background is-style-wide\" style=\"background-color:#231965;color:#231965\"\/>\n\n\n\n<div class=\"wp-block-columns\">\n<div class=\"wp-block-column\">\n<figure class=\"wp-block-image size-full is-resized\"><img loading=\"lazy\" src=\"http:\/\/documentation-wp.hub.av.priv\/wp-content\/uploads\/2022\/02\/puzzle_missing.png\" alt=\"\" class=\"wp-image-1132\" width=\"138\" height=\"139\" srcset=\"http:\/\/documentation-wp.hub.av.priv\/wp-content\/uploads\/2022\/02\/puzzle_missing.png 276w, http:\/\/documentation-wp.hub.av.priv\/wp-content\/uploads\/2022\/02\/puzzle_missing-150x150.png 150w\" sizes=\"(max-width: 138px) 100vw, 138px\" \/><\/figure>\n<\/div>\n\n\n\n<div class=\"wp-block-column\">\n<h2 id=\"ooops\">Ooops!<\/h2>\n\n\n\n<p class=\"has-text-align-left\">Es scheint keinen Inhalt in diesem Abschnitt zu geben. Kommen Sie zur\u00fcck, um uns zu besuchen!<\/p>\n<\/div>\n\n\n\n<div class=\"wp-block-column\"><\/div>\n<\/div>\n\n\n\n<hr class=\"wp-block-separator has-text-color has-background is-style-wide\" style=\"background-color:#231965;color:#231965\"\/>\n\n\n\n<p><\/p>\n","protected":false},"excerpt":{"rendered":"<p>Avec le cliMit Blick auf den Kunden und seine Bed\u00fcrfnisse aktualisieren wir den Plant Portfolio Manager st\u00e4ndig. Dans cette page, vous poAuf dieser Seite k\u00f6nnen Sie die Versionshinweise gem\u00e4\u00df einer Zeitachse in aufsteigender chronologischer Reihenfolge einsehen, von der neuesten bis zur \u00e4ltesten Version\/dem \u00e4ltesten Update. HINWEIS: Versionshinweise sind nur auf Englisch verf\u00fcgbar. Ooops! Es scheint [&hellip;]<\/p>\n","protected":false},"author":4,"featured_media":0,"parent":1889,"menu_order":0,"comment_status":"closed","ping_status":"closed","template":"","meta":[],"_links":{"self":[{"href":"http:\/\/documentation-wp.hub.av.priv\/de\/wp-json\/wp\/v2\/pages\/1896"}],"collection":[{"href":"http:\/\/documentation-wp.hub.av.priv\/de\/wp-json\/wp\/v2\/pages"}],"about":[{"href":"http:\/\/documentation-wp.hub.av.priv\/de\/wp-json\/wp\/v2\/types\/page"}],"author":[{"embeddable":true,"href":"http:\/\/documentation-wp.hub.av.priv\/de\/wp-json\/wp\/v2\/users\/4"}],"replies":[{"embeddable":true,"href":"http:\/\/documentation-wp.hub.av.priv\/de\/wp-json\/wp\/v2\/comments?post=1896"}],"version-history":[{"count":13,"href":"http:\/\/documentation-wp.hub.av.priv\/de\/wp-json\/wp\/v2\/pages\/1896\/revisions"}],"predecessor-version":[{"id":4823,"href":"http:\/\/documentation-wp.hub.av.priv\/de\/wp-json\/wp\/v2\/pages\/1896\/revisions\/4823"}],"up":[{"embeddable":true,"href":"http:\/\/documentation-wp.hub.av.priv\/de\/wp-json\/wp\/v2\/pages\/1889"}],"wp:attachment":[{"href":"http:\/\/documentation-wp.hub.av.priv\/de\/wp-json\/wp\/v2\/media?parent=1896"}],"curies":[{"name":"wp","href":"https:\/\/api.w.org\/{rel}","templated":true}]}}