{"id":6893,"date":"2022-03-22T17:28:24","date_gmt":"2022-03-22T16:28:24","guid":{"rendered":"http:\/\/documentation-wp.hub.av.priv\/aurora-vision-apis\/user-guide\/entities-state\/"},"modified":"2022-05-23T14:48:56","modified_gmt":"2022-05-23T13:48:56","slug":"entities-state","status":"publish","type":"page","link":"http:\/\/documentation-wp.hub.av.priv\/de\/aurora-vision-apis\/user-guide\/entities-state\/","title":{"rendered":"Entit\u00e4t Zustand Verwaltung"},"content":{"rendered":"\n<div style=\"height:10px\" aria-hidden=\"true\" class=\"wp-block-spacer\"><\/div>\n\n\n\n<p>Jede Entit\u00e4t auf Aurora Vision ist durch einen <code>State <\/code>gekennzeichnet, der die Verf\u00fcgbarkeit auf der \u00dcberwachungsebene beschreibt, und im Allgemeinen ist diese Verf\u00fcgbarkeit direkt mit dem physischen Installationsstatus des Ger\u00e4ts verkn\u00fcpft. Kurz gesagt k\u00f6nnen Sie sich den \u201eStatus\u201c daher als einen Parameter vorstellen, der es Ihnen erm\u00f6glicht, Ihre Hierarchie auszurichten, indem er den physischen Installationsstatus eines oder mehrerer Ger\u00e4te (oder Anlagen) widerspiegelt.<\/p>\n\n\n\n<p>Der <code>State <\/code>Entit\u00e4t wird im Allgemeinen in der Antwort aller APIs angegeben, die eine dynamische Skalierung der Hierarchie erm\u00f6glichen, und kann nur von einem Aurora Vision-Benutzer mit ausreichender Berechtigungsrolle von dedizierten Produkten ge\u00e4ndert werden. Es ist wichtig, sich daran zu erinnern, dass der Zweck des Parameters <code>State<\/code> nicht darin besteht, Fehlerereignisse zu melden, die auf Anlagen- und\/oder Ger\u00e4teebene vorhanden sind.<\/p>\n\n\n\n<p>Es sind vier zust\u00e4nde verf\u00fcgbar:<\/p>\n\n\n\n<div style=\"height:10px\" aria-hidden=\"true\" class=\"wp-block-spacer\"><\/div>\n\n\n\n<ul><li><code>ACTIVE<\/code>: die Entit\u00e4t ist aktiv und hat sich seit ihrer Installation im Feld nicht ver\u00e4ndert;<\/li><li><code>DELINQUENT<\/code>: die Entit\u00e4t seit mindestens 90 Tagen keine \u00dcberwachungsdaten an Aurora Vision gesendet hat;<\/li><li><code>DECOMMISSIONED<\/code>: die Entit\u00e4t wird nicht mehr aktiv \u00fcberwacht, sondern die historischen Daten bis zum Zeitpunkt der \u00c4nderung des Status stehen weiterhin zur Einsichtnahme zur Verf\u00fcgung;<\/li><li><code>DELETED<\/code>: das Unternehmen wird nicht mehr aktiv \u00fcberwacht und die historischen Daten sind nicht mehr verf\u00fcgbaronger.<\/li><\/ul>\n\n\n\n<hr class=\"wp-block-separator is-style-wide\"\/>\n\n\n\n<p><strong>HINWEIS 1:<\/strong>&nbsp;<em>der<\/em><code> DELINQUENT <\/code><em>zustand wird automatisch von Aurora Vision ausgel\u00f6st und hat normalerweise einen zugeh\u00f6rigen Fehlerstatus. Weitere Informationen zur Statusverwaltung von Entit\u00e4ten finden Sie <em><a href=\"http:\/\/documentation-wp.hub.av.priv\/aurora-vision-apis\/user-guide\/status-management\/\" data-type=\"page\" data-id=\"6529\">Fehler Status Verwaltung<\/a> kapitel<\/em><\/em>.<\/p>\n\n\n\n<p><strong>HINWEIS<\/strong> <strong>2:<\/strong>\u00a0<em>Entit\u00e4ten mit dem <\/em><code>DELETED <\/code><em>zustand sollten automatisch aus den Antworten aller APIs herausgefiltert werden; Sollten Sie Ungereimtheiten in Bezug auf diese Erkl\u00e4rung feststellen, bitten wir Sie, diese <em>\u00fcber unsere spezielle Seite<\/em> <a rel=\"noreferrer noopener\" href=\"http:\/\/documentation-wp.hub.av.priv\/de\/aurora-vision-apis\/feedback\/\" data-type=\"page\" data-id=\"637\" target=\"_blank\"><a href=\"http:\/\/documentation-wp.hub.av.priv\/wp-admin\/post.php?post=1831&amp;action=edit&amp;lang=de\">Kontakte<\/a><\/a>.<\/em><\/p>\n\n\n\n<hr class=\"wp-block-separator is-style-wide\"\/>\n","protected":false},"excerpt":{"rendered":"<p>Jede Entit\u00e4t auf Aurora Vision ist durch einen State gekennzeichnet, der die Verf\u00fcgbarkeit auf der \u00dcberwachungsebene beschreibt, und im Allgemeinen ist diese Verf\u00fcgbarkeit direkt mit dem physischen Installationsstatus des Ger\u00e4ts verkn\u00fcpft. Kurz gesagt k\u00f6nnen Sie sich den \u201eStatus\u201c daher als einen Parameter vorstellen, der es Ihnen erm\u00f6glicht, Ihre Hierarchie auszurichten, indem er den physischen Installationsstatus [&hellip;]<\/p>\n","protected":false},"author":4,"featured_media":0,"parent":1792,"menu_order":9,"comment_status":"closed","ping_status":"closed","template":"","meta":[],"_links":{"self":[{"href":"http:\/\/documentation-wp.hub.av.priv\/de\/wp-json\/wp\/v2\/pages\/6893"}],"collection":[{"href":"http:\/\/documentation-wp.hub.av.priv\/de\/wp-json\/wp\/v2\/pages"}],"about":[{"href":"http:\/\/documentation-wp.hub.av.priv\/de\/wp-json\/wp\/v2\/types\/page"}],"author":[{"embeddable":true,"href":"http:\/\/documentation-wp.hub.av.priv\/de\/wp-json\/wp\/v2\/users\/4"}],"replies":[{"embeddable":true,"href":"http:\/\/documentation-wp.hub.av.priv\/de\/wp-json\/wp\/v2\/comments?post=6893"}],"version-history":[{"count":18,"href":"http:\/\/documentation-wp.hub.av.priv\/de\/wp-json\/wp\/v2\/pages\/6893\/revisions"}],"predecessor-version":[{"id":8055,"href":"http:\/\/documentation-wp.hub.av.priv\/de\/wp-json\/wp\/v2\/pages\/6893\/revisions\/8055"}],"up":[{"embeddable":true,"href":"http:\/\/documentation-wp.hub.av.priv\/de\/wp-json\/wp\/v2\/pages\/1792"}],"wp:attachment":[{"href":"http:\/\/documentation-wp.hub.av.priv\/de\/wp-json\/wp\/v2\/media?parent=6893"}],"curies":[{"name":"wp","href":"https:\/\/api.w.org\/{rel}","templated":true}]}}