{"id":13280,"date":"2022-10-16T07:12:29","date_gmt":"2022-10-16T06:12:29","guid":{"rendered":"http:\/\/documentation-wp.hub.av.priv\/energy-viewer\/user-guide\/"},"modified":"2022-10-17T15:49:29","modified_gmt":"2022-10-17T14:49:29","slug":"user-guide","status":"publish","type":"page","link":"http:\/\/documentation-wp.hub.av.priv\/es\/energy-viewer\/user-guide\/","title":{"rendered":"Gu\u00eda del Usuario"},"content":{"rendered":"\n<div style=\"height:10px\" aria-hidden=\"true\" class=\"wp-block-spacer\"><\/div>\n\n\n\n<p>Mientras trabajamos para ofrecerle una versi\u00f3n interactiva de la gu\u00eda del usuario de Energy Viewer, que encontrar\u00e1 en esta p\u00e1gina, puede consultar y descargar la gu\u00eda del usuario actualizada a continuaci\u00f3n.<\/p>\n\n\n\n<div style=\"height:10px\" aria-hidden=\"true\" class=\"wp-block-spacer\"><\/div>\n\n\n\n<div class=\"wp-block-file\"><object class=\"wp-block-file__embed\" data=\"http:\/\/documentation-wp.hub.av.priv\/wp-content\/uploads\/2022\/10\/Aurora-Vision-Cloud-Energy-Viewer-User-Guide-ENG_REVA.pdf\" type=\"application\/pdf\" style=\"width:100%;height:600px\" aria-label=\"Embed of Aurora-Vision-Cloud-Energy-Viewer-User-Guide-ENG_REVA.\"><\/object><a id=\"wp-block-file--media-794ffc84-bf76-4f42-b446-6507312f2a02\" href=\"http:\/\/documentation-wp.hub.av.priv\/wp-content\/uploads\/2022\/10\/Aurora-Vision-Cloud-Energy-Viewer-User-Guide-ENG_REVA.pdf\">Aurora-Vision-Cloud-Energy-Viewer-User-Guide-ENG_REVA<\/a><a href=\"http:\/\/documentation-wp.hub.av.priv\/wp-content\/uploads\/2022\/10\/Aurora-Vision-Cloud-Energy-Viewer-User-Guide-ENG_REVA.pdf\" class=\"wp-block-file__button\" download aria-describedby=\"wp-block-file--media-794ffc84-bf76-4f42-b446-6507312f2a02\">Download<\/a><\/div>\n","protected":false},"excerpt":{"rendered":"<p>Mientras trabajamos para ofrecerle una versi\u00f3n interactiva de la gu\u00eda del usuario de Energy Viewer, que encontrar\u00e1 en esta p\u00e1gina, puede consultar y descargar la gu\u00eda del usuario actualizada a continuaci\u00f3n.<\/p>\n","protected":false},"author":4,"featured_media":0,"parent":1843,"menu_order":2,"comment_status":"closed","ping_status":"closed","template":"","meta":[],"_links":{"self":[{"href":"http:\/\/documentation-wp.hub.av.priv\/es\/wp-json\/wp\/v2\/pages\/13280"}],"collection":[{"href":"http:\/\/documentation-wp.hub.av.priv\/es\/wp-json\/wp\/v2\/pages"}],"about":[{"href":"http:\/\/documentation-wp.hub.av.priv\/es\/wp-json\/wp\/v2\/types\/page"}],"author":[{"embeddable":true,"href":"http:\/\/documentation-wp.hub.av.priv\/es\/wp-json\/wp\/v2\/users\/4"}],"replies":[{"embeddable":true,"href":"http:\/\/documentation-wp.hub.av.priv\/es\/wp-json\/wp\/v2\/comments?post=13280"}],"version-history":[{"count":2,"href":"http:\/\/documentation-wp.hub.av.priv\/es\/wp-json\/wp\/v2\/pages\/13280\/revisions"}],"predecessor-version":[{"id":13294,"href":"http:\/\/documentation-wp.hub.av.priv\/es\/wp-json\/wp\/v2\/pages\/13280\/revisions\/13294"}],"up":[{"embeddable":true,"href":"http:\/\/documentation-wp.hub.av.priv\/es\/wp-json\/wp\/v2\/pages\/1843"}],"wp:attachment":[{"href":"http:\/\/documentation-wp.hub.av.priv\/es\/wp-json\/wp\/v2\/media?parent=13280"}],"curies":[{"name":"wp","href":"https:\/\/api.w.org\/{rel}","templated":true}]}}