{"id":1762,"date":"2022-01-27T09:21:45","date_gmt":"2022-01-27T08:21:45","guid":{"rendered":"http:\/\/documentation-wp.hub.av.priv\/home\/"},"modified":"2022-07-04T11:11:07","modified_gmt":"2022-07-04T10:11:07","slug":"home","status":"publish","type":"page","link":"http:\/\/documentation-wp.hub.av.priv\/es\/","title":{"rendered":"Aurora Vision Documentaci\u00f3n"},"content":{"rendered":"\n<div style=\"height:10px\" aria-hidden=\"true\" class=\"wp-block-spacer\"><\/div>\n\n\n\n<p class=\"has-text-align-left\">Bienvenido a la p\u00e1gina de documentaci\u00f3n de Aurora Vision!<br>Elija el producto o servicio de su inter\u00e9s para acceder a la documentaci\u00f3n relacionada.<br>No est\u00e1s seguro por d\u00f3nde empezar? Eche un vistazo a la p\u00e1gina de FAQs (<em>Frequently Asked Questions<\/em>) ubicada en el pie de p\u00e1gina o descargar el oficial <a rel=\"noreferrer noopener\" download=\"Aurora-Vision-Cloud-Introduction_ENG_REVA.pdf\" href=\"http:\/\/documentation-wp.hub.av.priv\/wp-content\/uploads\/2022\/06\/Aurora-Vision-Cloud-Introduction_ENG_REVA.pdf\" target=\"_blank\"><mark style=\"background-color:rgba(0, 0, 0, 0)\" class=\"has-inline-color has-vivid-cyan-blue-color\">Aurora Vision Cloud &#8211; Product Presentation<\/mark><\/a>!<br><\/p>\n\n\n\n<p> <\/p>\n\n\n\n<div style=\"height:40px\" aria-hidden=\"true\" class=\"wp-block-spacer\"><\/div>\n\n\n\n<div class=\"wp-block-columns\">\n<div class=\"wp-block-column\">\n<div class=\"wp-block-image\"><figure class=\"aligncenter size-thumbnail\"><a href=\"http:\/\/documentation-wp.hub.av.priv\/plant-portfolio-manager\/\"><img loading=\"lazy\" width=\"150\" height=\"150\" src=\"http:\/\/documentation-wp.hub.av.priv\/wp-content\/uploads\/2022\/02\/FIMER-Plant-Portfolio-Manager-150x150.png\" alt=\"\" class=\"wp-image-228\" srcset=\"http:\/\/documentation-wp.hub.av.priv\/wp-content\/uploads\/2022\/02\/FIMER-Plant-Portfolio-Manager-150x150.png 150w, http:\/\/documentation-wp.hub.av.priv\/wp-content\/uploads\/2022\/02\/FIMER-Plant-Portfolio-Manager.png 201w\" sizes=\"(max-width: 150px) 100vw, 150px\" \/><\/a><\/figure><\/div>\n\n\n\n<h2 class=\"has-text-align-center\" id=\"plant-portfolio-manager\">Plant Portfolio Manager<\/h2>\n\n\n\n<p class=\"has-text-align-center\">\u00daltima Actualizaci\u00f3n: 06\/07\/2022<\/p>\n<\/div>\n\n\n\n<div class=\"wp-block-column\">\n<div class=\"wp-block-image\"><figure class=\"aligncenter size-thumbnail\"><a href=\"http:\/\/documentation-wp.hub.av.priv\/energy-viewer\/\"><img loading=\"lazy\" width=\"150\" height=\"150\" src=\"http:\/\/documentation-wp.hub.av.priv\/wp-content\/uploads\/2022\/02\/MicrosoftTeams-image-150x150.png\" alt=\"\" class=\"wp-image-124\" srcset=\"http:\/\/documentation-wp.hub.av.priv\/wp-content\/uploads\/2022\/02\/MicrosoftTeams-image-150x150.png 150w, http:\/\/documentation-wp.hub.av.priv\/wp-content\/uploads\/2022\/02\/MicrosoftTeams-image-300x300.png 300w, http:\/\/documentation-wp.hub.av.priv\/wp-content\/uploads\/2022\/02\/MicrosoftTeams-image.png 1024w, http:\/\/documentation-wp.hub.av.priv\/wp-content\/uploads\/2022\/02\/MicrosoftTeams-image-768x768.png 768w\" sizes=\"(max-width: 150px) 100vw, 150px\" \/><\/a><\/figure><\/div>\n\n\n\n<h2 class=\"has-text-align-center\" id=\"plant-portfolio-manager\">Energy Viewer<\/h2>\n\n\n\n<p class=\"has-text-align-center\">\u00daltima Actualizaci\u00f3n: 06\/07\/2022<\/p>\n<\/div>\n\n\n\n<div class=\"wp-block-column\">\n<div class=\"wp-block-image\"><figure class=\"aligncenter size-thumbnail\"><a href=\"http:\/\/documentation-wp.hub.av.priv\/aurora-vision-apis\/\"><img loading=\"lazy\" width=\"150\" height=\"150\" src=\"http:\/\/documentation-wp.hub.av.priv\/wp-content\/uploads\/2022\/02\/FIMER-APIs-150x150.png\" alt=\"\" class=\"wp-image-236\" srcset=\"http:\/\/documentation-wp.hub.av.priv\/wp-content\/uploads\/2022\/02\/FIMER-APIs-150x150.png 150w, http:\/\/documentation-wp.hub.av.priv\/wp-content\/uploads\/2022\/02\/FIMER-APIs.png 201w\" sizes=\"(max-width: 150px) 100vw, 150px\" \/><\/a><\/figure><\/div>\n\n\n\n<h2 class=\"has-text-align-center\" id=\"plant-portfolio-manager\">Aurora Vision APIs<\/h2>\n\n\n\n<p class=\"has-text-align-center\">\u00daltima Actualizaci\u00f3n: 06\/07\/2022<\/p>\n<\/div>\n<\/div>\n\n\n\n<p><\/p>\n","protected":false},"excerpt":{"rendered":"<p>Bienvenido a la p\u00e1gina de documentaci\u00f3n de Aurora Vision!Elija el producto o servicio de su inter\u00e9s para acceder a la documentaci\u00f3n relacionada.No est\u00e1s seguro por d\u00f3nde empezar? Eche un vistazo a la p\u00e1gina de FAQs (Frequently Asked Questions) ubicada en el pie de p\u00e1gina o descargar el oficial Aurora Vision Cloud &#8211; Product Presentation! Plant [&hellip;]<\/p>\n","protected":false},"author":2,"featured_media":0,"parent":0,"menu_order":0,"comment_status":"closed","ping_status":"closed","template":"page-full.php","meta":[],"_links":{"self":[{"href":"http:\/\/documentation-wp.hub.av.priv\/es\/wp-json\/wp\/v2\/pages\/1762"}],"collection":[{"href":"http:\/\/documentation-wp.hub.av.priv\/es\/wp-json\/wp\/v2\/pages"}],"about":[{"href":"http:\/\/documentation-wp.hub.av.priv\/es\/wp-json\/wp\/v2\/types\/page"}],"author":[{"embeddable":true,"href":"http:\/\/documentation-wp.hub.av.priv\/es\/wp-json\/wp\/v2\/users\/2"}],"replies":[{"embeddable":true,"href":"http:\/\/documentation-wp.hub.av.priv\/es\/wp-json\/wp\/v2\/comments?post=1762"}],"version-history":[{"count":10,"href":"http:\/\/documentation-wp.hub.av.priv\/es\/wp-json\/wp\/v2\/pages\/1762\/revisions"}],"predecessor-version":[{"id":11134,"href":"http:\/\/documentation-wp.hub.av.priv\/es\/wp-json\/wp\/v2\/pages\/1762\/revisions\/11134"}],"wp:attachment":[{"href":"http:\/\/documentation-wp.hub.av.priv\/es\/wp-json\/wp\/v2\/media?parent=1762"}],"curies":[{"name":"wp","href":"https:\/\/api.w.org\/{rel}","templated":true}]}}