{"id":1769,"date":"2022-01-27T10:29:29","date_gmt":"2022-01-27T09:29:29","guid":{"rendered":"http:\/\/documentation-wp.hub.av.priv\/aurora-vision-apis\/"},"modified":"2022-03-03T09:25:17","modified_gmt":"2022-03-03T08:25:17","slug":"aurora-vision-apis","status":"publish","type":"page","link":"http:\/\/documentation-wp.hub.av.priv\/es\/aurora-vision-apis\/","title":{"rendered":"Aurora Vision APIs"},"content":{"rendered":"\n<div style=\"height:10px\" aria-hidden=\"true\" class=\"wp-block-spacer\"><\/div>\n\n\n\n<p>Aurora Vision&nbsp;APIs&nbsp;es el servicio&nbsp;RESTful Cloud-APIs, disponible a trav\u00e9s de la nube de Aurora Vision, que brinda acceso a m\u00faltiples conjuntos de llamadas para obtener datos e informaci\u00f3n relacionada con los sistemas fotovoltaicos FIMER (debidamente registrados en Aurora Vision).<\/p>\n\n\n\n<p>\u2022 <strong>Cu\u00e1les son los principales beneficios del servicio de APIs de Aurora Vision?<\/strong><\/p>\n\n\n\n<div style=\"height:20px\" aria-hidden=\"true\" class=\"wp-block-spacer\"><\/div>\n\n\n\n<div class=\"wp-block-columns\">\n<div class=\"wp-block-column\">\n<div class=\"wp-block-media-text alignwide is-stacked-on-mobile\" style=\"grid-template-columns:30% auto\"><figure class=\"wp-block-media-text__media\"><img loading=\"lazy\" width=\"940\" height=\"788\" src=\"http:\/\/documentation-wp.hub.av.priv\/wp-content\/uploads\/2022\/02\/1.png\" alt=\"\" class=\"wp-image-1155 size-thumbnail\" srcset=\"http:\/\/documentation-wp.hub.av.priv\/wp-content\/uploads\/2022\/02\/1.png 940w, http:\/\/documentation-wp.hub.av.priv\/wp-content\/uploads\/2022\/02\/1-300x251.png 300w, http:\/\/documentation-wp.hub.av.priv\/wp-content\/uploads\/2022\/02\/1-768x644.png 768w\" sizes=\"(max-width: 940px) 100vw, 940px\" \/><\/figure><div class=\"wp-block-media-text__content\">\n<h2 class=\"has-medium-font-size\">Ahorrar tiempo<br>Ahorrar dinero<\/h2>\n<\/div><\/div>\n\n\n\n<div style=\"height:10px\" aria-hidden=\"true\" class=\"wp-block-spacer\"><\/div>\n\n\n\n<p id=\"save-timesave-money\">Las API de Aurora Vision est\u00e1n basadas en la nube. El acceso a los datos de los sistemas fotovoltaicos FIMER est\u00e1 completamente gestionado y orquestado por Aurora Vision. No se requiere hardware local adicional, lo que le permite ahorrar tiempo y dinero.<\/p>\n<\/div>\n\n\n\n<div class=\"wp-block-column\">\n<div class=\"wp-block-media-text alignwide is-stacked-on-mobile\" style=\"grid-template-columns:30% auto\"><figure class=\"wp-block-media-text__media\"><img loading=\"lazy\" width=\"940\" height=\"788\" src=\"http:\/\/documentation-wp.hub.av.priv\/wp-content\/uploads\/2022\/02\/10.png\" alt=\"\" class=\"wp-image-1163 size-thumbnail\" srcset=\"http:\/\/documentation-wp.hub.av.priv\/wp-content\/uploads\/2022\/02\/10.png 940w, http:\/\/documentation-wp.hub.av.priv\/wp-content\/uploads\/2022\/02\/10-300x251.png 300w, http:\/\/documentation-wp.hub.av.priv\/wp-content\/uploads\/2022\/02\/10-768x644.png 768w\" sizes=\"(max-width: 940px) 100vw, 940px\" \/><\/figure><div class=\"wp-block-media-text__content\">\n<h2 class=\"has-medium-font-size\">Sencillo<br>Integraci\u00f3n<\/h2>\n<\/div><\/div>\n\n\n\n<div style=\"height:10px\" aria-hidden=\"true\" class=\"wp-block-spacer\"><\/div>\n\n\n\n<p id=\"simpleintegration\">La arquitectura RESTful permite una mejor comprensi\u00f3n y reduce los esfuerzos de integraci\u00f3n, teniendo siempre en cuenta la ciberseguridad.<\/p>\n<\/div>\n\n\n\n<div class=\"wp-block-column\">\n<div class=\"wp-block-media-text alignwide is-stacked-on-mobile\" style=\"grid-template-columns:30% auto\"><figure class=\"wp-block-media-text__media\"><img loading=\"lazy\" width=\"940\" height=\"788\" src=\"http:\/\/documentation-wp.hub.av.priv\/wp-content\/uploads\/2022\/02\/11.png\" alt=\"\" class=\"wp-image-1171 size-thumbnail\" srcset=\"http:\/\/documentation-wp.hub.av.priv\/wp-content\/uploads\/2022\/02\/11.png 940w, http:\/\/documentation-wp.hub.av.priv\/wp-content\/uploads\/2022\/02\/11-300x251.png 300w, http:\/\/documentation-wp.hub.av.priv\/wp-content\/uploads\/2022\/02\/11-768x644.png 768w\" sizes=\"(max-width: 940px) 100vw, 940px\" \/><\/figure><div class=\"wp-block-media-text__content\">\n<h2 class=\"has-medium-font-size\">Cliente<br>C\u00e9ntrico<\/h2>\n<\/div><\/div>\n\n\n\n<div style=\"height:10px\" aria-hidden=\"true\" class=\"wp-block-spacer\"><\/div>\n\n\n\n<p id=\"customercentric\">Las API de Aurora Vision se tratan y mantienen como un gran valor adicional para nuestros clientes; por esta raz\u00f3n, siempre escuchamos atentamente los comentarios para mejorar el servicio con implementaciones y lanzamientos espec\u00edficos.<\/p>\n<\/div>\n<\/div>\n\n\n\n<div style=\"height:10px\" aria-hidden=\"true\" class=\"wp-block-spacer\"><\/div>\n\n\n\n<p>\u2022 <strong>Cu\u00e1les son las principales aplicaciones del uso de datos de los sistemas fotovoltaicos FIMER?<\/strong><\/p>\n\n\n\n<div style=\"height:20px\" aria-hidden=\"true\" class=\"wp-block-spacer\"><\/div>\n\n\n\n<div class=\"wp-block-columns\">\n<div class=\"wp-block-column\" style=\"flex-basis:100%\">\n<div class=\"wp-block-columns\">\n<div class=\"wp-block-column\">\n<div class=\"wp-block-media-text alignwide is-stacked-on-mobile is-vertically-aligned-center\" style=\"grid-template-columns:30% auto\"><figure class=\"wp-block-media-text__media\"><img loading=\"lazy\" width=\"940\" height=\"788\" src=\"http:\/\/documentation-wp.hub.av.priv\/wp-content\/uploads\/2022\/02\/3.png\" alt=\"\" class=\"wp-image-1179 size-thumbnail\" srcset=\"http:\/\/documentation-wp.hub.av.priv\/wp-content\/uploads\/2022\/02\/3.png 940w, http:\/\/documentation-wp.hub.av.priv\/wp-content\/uploads\/2022\/02\/3-300x251.png 300w, http:\/\/documentation-wp.hub.av.priv\/wp-content\/uploads\/2022\/02\/3-768x644.png 768w\" sizes=\"(max-width: 940px) 100vw, 940px\" \/><\/figure><div class=\"wp-block-media-text__content\">\n<h2 class=\"has-medium-font-size\">Productos y<br>Servicios<\/h2>\n<\/div><\/div>\n\n\n\n<div style=\"height:20px\" aria-hidden=\"true\" class=\"wp-block-spacer\"><\/div>\n\n\n\n<p>Aproveche los datos para dise\u00f1ar productos y soluciones personalizadas para sus clientes finales, con el fin de satisfacer sus necesidades.<\/p>\n<\/div>\n\n\n\n<div class=\"wp-block-column\">\n<div class=\"wp-block-media-text alignwide is-stacked-on-mobile\" style=\"grid-template-columns:30% auto\"><figure class=\"wp-block-media-text__media\"><img loading=\"lazy\" width=\"940\" height=\"788\" src=\"http:\/\/documentation-wp.hub.av.priv\/wp-content\/uploads\/2022\/02\/6.png\" alt=\"\" class=\"wp-image-1187 size-thumbnail\" srcset=\"http:\/\/documentation-wp.hub.av.priv\/wp-content\/uploads\/2022\/02\/6.png 940w, http:\/\/documentation-wp.hub.av.priv\/wp-content\/uploads\/2022\/02\/6-300x251.png 300w, http:\/\/documentation-wp.hub.av.priv\/wp-content\/uploads\/2022\/02\/6-768x644.png 768w\" sizes=\"(max-width: 940px) 100vw, 940px\" \/><\/figure><div class=\"wp-block-media-text__content\">\n<h2 class=\"has-medium-font-size\" id=\"machinelearning\">Machine<br>Learning<\/h2>\n<\/div><\/div>\n\n\n\n<div style=\"height:20px\" aria-hidden=\"true\" class=\"wp-block-spacer\"><\/div>\n\n\n\n<p>Aproveche los datos para entrenar DNNs (<em>Deep Neural Networks<\/em>), mirando hacia el futuro de las VPPs (<em>Virtual Power Plants<\/em>) y la gesti\u00f3n inteligente del intercambio de energ\u00eda.<\/p>\n<\/div>\n\n\n\n<div class=\"wp-block-column\">\n<div class=\"wp-block-media-text alignwide is-stacked-on-mobile\" style=\"grid-template-columns:30% auto\"><figure class=\"wp-block-media-text__media\"><img loading=\"lazy\" width=\"940\" height=\"788\" src=\"http:\/\/documentation-wp.hub.av.priv\/wp-content\/uploads\/2022\/02\/7.png\" alt=\"\" class=\"wp-image-1195 size-thumbnail\" srcset=\"http:\/\/documentation-wp.hub.av.priv\/wp-content\/uploads\/2022\/02\/7.png 940w, http:\/\/documentation-wp.hub.av.priv\/wp-content\/uploads\/2022\/02\/7-300x251.png 300w, http:\/\/documentation-wp.hub.av.priv\/wp-content\/uploads\/2022\/02\/7-768x644.png 768w\" sizes=\"(max-width: 940px) 100vw, 940px\" \/><\/figure><div class=\"wp-block-media-text__content\">\n<h2 class=\"has-medium-font-size\" id=\"dataanalytic\">Data<br>Analytic<\/h2>\n<\/div><\/div>\n\n\n\n<div style=\"height:20px\" aria-hidden=\"true\" class=\"wp-block-spacer\"><\/div>\n\n\n\n<p>Aproveche los datos para crear herramientas de an\u00e1lisis avanzadas, lo que le permite realizar un an\u00e1lisis detallado de los par\u00e1metros de inter\u00e9s.<\/p>\n<\/div>\n<\/div>\n<\/div>\n<\/div>\n","protected":false},"excerpt":{"rendered":"<p>Aurora Vision&nbsp;APIs&nbsp;es el servicio&nbsp;RESTful Cloud-APIs, disponible a trav\u00e9s de la nube de Aurora Vision, que brinda acceso a m\u00faltiples conjuntos de llamadas para obtener datos e informaci\u00f3n relacionada con los sistemas fotovoltaicos FIMER (debidamente registrados en Aurora Vision). \u2022 Cu\u00e1les son los principales beneficios del servicio de APIs de Aurora Vision? Ahorrar tiempoAhorrar dinero Las [&hellip;]<\/p>\n","protected":false},"author":4,"featured_media":0,"parent":0,"menu_order":0,"comment_status":"closed","ping_status":"closed","template":"","meta":[],"_links":{"self":[{"href":"http:\/\/documentation-wp.hub.av.priv\/es\/wp-json\/wp\/v2\/pages\/1769"}],"collection":[{"href":"http:\/\/documentation-wp.hub.av.priv\/es\/wp-json\/wp\/v2\/pages"}],"about":[{"href":"http:\/\/documentation-wp.hub.av.priv\/es\/wp-json\/wp\/v2\/types\/page"}],"author":[{"embeddable":true,"href":"http:\/\/documentation-wp.hub.av.priv\/es\/wp-json\/wp\/v2\/users\/4"}],"replies":[{"embeddable":true,"href":"http:\/\/documentation-wp.hub.av.priv\/es\/wp-json\/wp\/v2\/comments?post=1769"}],"version-history":[{"count":9,"href":"http:\/\/documentation-wp.hub.av.priv\/es\/wp-json\/wp\/v2\/pages\/1769\/revisions"}],"predecessor-version":[{"id":5500,"href":"http:\/\/documentation-wp.hub.av.priv\/es\/wp-json\/wp\/v2\/pages\/1769\/revisions\/5500"}],"wp:attachment":[{"href":"http:\/\/documentation-wp.hub.av.priv\/es\/wp-json\/wp\/v2\/media?parent=1769"}],"curies":[{"name":"wp","href":"https:\/\/api.w.org\/{rel}","templated":true}]}}