{"id":1797,"date":"2022-02-21T08:05:35","date_gmt":"2022-02-21T07:05:35","guid":{"rendered":"http:\/\/documentation-wp.hub.av.priv\/aurora-vision-apis\/user-guide\/"},"modified":"2022-06-08T09:10:42","modified_gmt":"2022-06-08T08:10:42","slug":"user-guide","status":"publish","type":"page","link":"http:\/\/documentation-wp.hub.av.priv\/es\/aurora-vision-apis\/user-guide\/","title":{"rendered":"Gu\u00eda del Usuario"},"content":{"rendered":"\n<div style=\"height:10px\" aria-hidden=\"true\" class=\"wp-block-spacer\"><\/div>\n\n\n\n<p>Para garantizar al usuario final una experiencia completa, hemos creado una gu\u00eda de usuario que cubre los temas principales de las API de Aurora Vision con el objetivo de proporcionar las principales pautas para el uso del servicio y sus implementaciones.<br>La gu\u00eda del usuario se actualizar\u00e1 con el tiempo: agregaremos nuevas secciones y refinaremos la discusi\u00f3n de temas o temas espec\u00edficos y lo haremos en funci\u00f3n tanto de las deficiencias que destacamos como de los comentarios obtenidos de los usuarios finales.<\/p>\n\n\n\n<p>El acceso a las diferentes secciones de la gu\u00eda es sencillo: haz clic en uno de los elementos del recuadro de la izquierda, ser\u00e1s redirigido a la p\u00e1gina que te interese y podr\u00e1s navegar por la gu\u00eda de forma interactiva cu\u00e1ndo y c\u00f3mo quieras.<\/p>\n\n\n\n<p>Para que le resulte m\u00e1s f\u00e1cil comenzar a desarrollar con nuestras API, hemos creado una plantilla que puede descargar e importar directamente en Postman para que tenga todas las suites y llamadas API actualizadas:<\/p>\n\n\n\n<div class=\"wp-block-columns has-black-color has-text-color has-background\" style=\"background-color:#e6e6e6\">\n<div class=\"wp-block-column\">\n<figure class=\"wp-block-image size-full\"><img loading=\"lazy\" width=\"752\" height=\"300\" src=\"http:\/\/documentation-wp.hub.av.priv\/wp-content\/uploads\/2022\/04\/pm-orange-logo-horiz.png\" alt=\"\" class=\"wp-image-6981\" srcset=\"http:\/\/documentation-wp.hub.av.priv\/wp-content\/uploads\/2022\/04\/pm-orange-logo-horiz.png 752w, http:\/\/documentation-wp.hub.av.priv\/wp-content\/uploads\/2022\/04\/pm-orange-logo-horiz-300x120.png 300w\" sizes=\"(max-width: 752px) 100vw, 752px\" \/><figcaption>Necesita una gu\u00eda r\u00e1pida para cartero? Ir a la <strong>P\u00e1gina 2<\/strong>!<\/figcaption><\/figure>\n<\/div>\n\n\n\n<div class=\"wp-block-column is-vertically-aligned-center\">\n<p class=\"has-text-align-center\"><strong>Aurora Vision Open APIs &#8211; Postman Template<\/strong><br>\u00daltima Actualizaci\u00f3n: 05\/05\/2022<\/p>\n<\/div>\n\n\n\n<div class=\"wp-block-column is-vertically-aligned-center\">\n<div class=\"wp-container-1 wp-block-buttons\">\n<div class=\"wp-block-button has-custom-width wp-block-button__width-100 is-style-fill\"><a class=\"wp-block-button__link\" href=\"http:\/\/documentation-wp.hub.av.priv\/av-api\/av-api-v3.yaml\" style=\"border-radius:0px\" target=\"_blank\" rel=\"noreferrer noopener\" download=\"Aurora_Vision_Open_APIs_REV20220511_Developers_Guide_POSTMAN.yaml\">\u2b73&nbsp;&nbsp;&nbsp;Download Postman Template<\/a><\/div>\n<\/div>\n<\/div>\n<\/div>\n\n\n\n<p>Qu\u00e9 est\u00e1s esperando?&nbsp;<strong>Sum\u00e9rgete en el mundo de las API de Aurora Vision y mu\u00e9stranos de lo que eres capaz<\/strong>!<\/p>\n\n\n\n<div style=\"height:10px\" aria-hidden=\"true\" class=\"wp-block-spacer\"><\/div>\n\n\n\n<!--nextpage-->\n\n\n\n<div style=\"height:10px\" aria-hidden=\"true\" class=\"wp-block-spacer\"><\/div>\n\n\n\n<h2>Gu\u00eda de configuraci\u00f3n r\u00e1pida de Postman<\/h2>\n\n\n\n<div style=\"height:10px\" aria-hidden=\"true\" class=\"wp-block-spacer\"><\/div>\n\n\n\n<p>Esta p\u00e1gina est\u00e1 destinada a proporcionar la informaci\u00f3n principal sobre c\u00f3mo configurar un espacio de trabajo en Postman e importar la plantilla de las API de Aurora Vision. Una vez que se haya importado la colecci\u00f3n, explicaremos la estructura de la plantilla de API y c\u00f3mo realizar una <code>Authentication <\/code>fpara el lanzamiento del <code>X-AuroraVision-Token<\/code>.<br>Para obtener informaci\u00f3n detallada sobre Postman y la gu\u00eda oficial, consulte <a rel=\"noreferrer noopener\" href=\"https:\/\/learning.postman.com\/docs\/getting-started\/introduction\/\" target=\"_blank\"><mark style=\"background-color:rgba(0, 0, 0, 0)\" class=\"has-inline-color has-vivid-cyan-blue-color\">Postman Learning Center<\/mark><\/a>.<\/p>\n\n\n\n<div style=\"height:10px\" aria-hidden=\"true\" class=\"wp-block-spacer\"><\/div>\n\n\n\n<p>Descargue la plantilla de las API de Aurora Vision, inicie Postman y configure su espacio de trabajo.<\/p>\n\n\n\n<figure class=\"wp-block-image size-large\"><img loading=\"lazy\" width=\"1024\" height=\"390\" src=\"http:\/\/documentation-wp.hub.av.priv\/wp-content\/uploads\/2022\/05\/postman_workspace-1024x390.png\" alt=\"\" class=\"wp-image-7675\" srcset=\"http:\/\/documentation-wp.hub.av.priv\/wp-content\/uploads\/2022\/05\/postman_workspace-1024x390.png 1024w, http:\/\/documentation-wp.hub.av.priv\/wp-content\/uploads\/2022\/05\/postman_workspace-300x114.png 300w, http:\/\/documentation-wp.hub.av.priv\/wp-content\/uploads\/2022\/05\/postman_workspace-768x293.png 768w, http:\/\/documentation-wp.hub.av.priv\/wp-content\/uploads\/2022\/05\/postman_workspace-1536x585.png 1536w, http:\/\/documentation-wp.hub.av.priv\/wp-content\/uploads\/2022\/05\/postman_workspace-2048x781.png 2048w\" sizes=\"(max-width: 1024px) 100vw, 1024px\" \/><\/figure>\n\n\n\n<p>Haga clic en <strong>Import<\/strong> para importar una nueva colecci\u00f3n en Postman, se abrir\u00e1 una ventana dedicada.<\/p>\n\n\n\n<figure class=\"wp-block-image size-large\"><img loading=\"lazy\" width=\"1024\" height=\"391\" src=\"http:\/\/documentation-wp.hub.av.priv\/wp-content\/uploads\/2022\/05\/postman_import-1-1024x391.png\" alt=\"\" class=\"wp-image-7713\" srcset=\"http:\/\/documentation-wp.hub.av.priv\/wp-content\/uploads\/2022\/05\/postman_import-1-1024x391.png 1024w, http:\/\/documentation-wp.hub.av.priv\/wp-content\/uploads\/2022\/05\/postman_import-1-300x114.png 300w, http:\/\/documentation-wp.hub.av.priv\/wp-content\/uploads\/2022\/05\/postman_import-1-768x293.png 768w, http:\/\/documentation-wp.hub.av.priv\/wp-content\/uploads\/2022\/05\/postman_import-1-1536x586.png 1536w, http:\/\/documentation-wp.hub.av.priv\/wp-content\/uploads\/2022\/05\/postman_import-1-2048x781.png 2048w\" sizes=\"(max-width: 1024px) 100vw, 1024px\" \/><\/figure>\n\n\n\n<p>Cargue la plantilla de API de Aurora Vision que descarg\u00f3 inicialmente como un archivo (<em>no se preocupe si es un archivo<\/em> <em><code>.txt<\/code>, la codificaci\u00f3n de la plantilla sigue el modelo Swagger seg\u00fan <code>YAML <\/code>idioma y Postman lo reconocer\u00e1 de todos modos<\/em>)<\/p>\n\n\n\n<figure class=\"wp-block-image size-large\"><img loading=\"lazy\" width=\"1024\" height=\"391\" src=\"http:\/\/documentation-wp.hub.av.priv\/wp-content\/uploads\/2022\/05\/postman_import_settings-1-1024x391.png\" alt=\"\" class=\"wp-image-7721\" srcset=\"http:\/\/documentation-wp.hub.av.priv\/wp-content\/uploads\/2022\/05\/postman_import_settings-1-1024x391.png 1024w, http:\/\/documentation-wp.hub.av.priv\/wp-content\/uploads\/2022\/05\/postman_import_settings-1-300x114.png 300w, http:\/\/documentation-wp.hub.av.priv\/wp-content\/uploads\/2022\/05\/postman_import_settings-1-768x293.png 768w, http:\/\/documentation-wp.hub.av.priv\/wp-content\/uploads\/2022\/05\/postman_import_settings-1-1536x586.png 1536w, http:\/\/documentation-wp.hub.av.priv\/wp-content\/uploads\/2022\/05\/postman_import_settings-1-2048x781.png 2048w\" sizes=\"(max-width: 1024px) 100vw, 1024px\" \/><\/figure>\n\n\n\n<p>En la configuraci\u00f3n de importaci\u00f3n de plantillas, establezca:<\/p>\n\n\n\n<div class=\"wp-block-columns\">\n<div class=\"wp-block-column\">\n<ul><li><strong>Naming requests <\/strong>como Fallback;<\/li><li><strong>Set indent character<\/strong> como Space;<\/li><li><strong>Collapse redundant folder<\/strong> como Active;<\/li><li><strong>Optimize conversion<\/strong> como Active;<\/li><li><strong>Request parameter generation<\/strong> como Example;<\/li><li><strong>Response parameter generation<\/strong> como Example;<\/li><li><strong>Folder organization<\/strong> como Tags;<\/li><li><strong>Include auth info in example request<\/strong> como Active;<\/li><li><strong>Disable optional parameters<\/strong> como Inactive;<\/li><\/ul>\n<\/div>\n<\/div>\n\n\n\n<p>Haga clic en Importar y espere a que Postman termine de importar la plantilla.<\/p>\n\n\n\n<figure class=\"wp-block-image size-large\"><img loading=\"lazy\" width=\"1024\" height=\"389\" src=\"http:\/\/documentation-wp.hub.av.priv\/wp-content\/uploads\/2022\/05\/postman_import_done-1024x389.png\" alt=\"\" class=\"wp-image-7756\" srcset=\"http:\/\/documentation-wp.hub.av.priv\/wp-content\/uploads\/2022\/05\/postman_import_done-1024x389.png 1024w, http:\/\/documentation-wp.hub.av.priv\/wp-content\/uploads\/2022\/05\/postman_import_done-300x114.png 300w, http:\/\/documentation-wp.hub.av.priv\/wp-content\/uploads\/2022\/05\/postman_import_done-768x292.png 768w, http:\/\/documentation-wp.hub.av.priv\/wp-content\/uploads\/2022\/05\/postman_import_done-1536x584.png 1536w, http:\/\/documentation-wp.hub.av.priv\/wp-content\/uploads\/2022\/05\/postman_import_done-2048x778.png 2048w\" sizes=\"(max-width: 1024px) 100vw, 1024px\" \/><\/figure>\n\n\n\n<p>En este punto, se ha creado una colecci\u00f3n en el espacio de trabajo, en la pesta\u00f1a Colecciones, y una carpeta, en la pesta\u00f1a API, ambas con el nombre API de Aurora Vision.<\/p>\n\n\n\n<figure class=\"wp-block-image size-large\"><img loading=\"lazy\" width=\"1024\" height=\"390\" src=\"http:\/\/documentation-wp.hub.av.priv\/wp-content\/uploads\/2022\/05\/postman_workspace-1-1024x390.png\" alt=\"\" class=\"wp-image-7767\" srcset=\"http:\/\/documentation-wp.hub.av.priv\/wp-content\/uploads\/2022\/05\/postman_workspace-1-1024x390.png 1024w, http:\/\/documentation-wp.hub.av.priv\/wp-content\/uploads\/2022\/05\/postman_workspace-1-300x114.png 300w, http:\/\/documentation-wp.hub.av.priv\/wp-content\/uploads\/2022\/05\/postman_workspace-1-768x293.png 768w, http:\/\/documentation-wp.hub.av.priv\/wp-content\/uploads\/2022\/05\/postman_workspace-1-1536x585.png 1536w, http:\/\/documentation-wp.hub.av.priv\/wp-content\/uploads\/2022\/05\/postman_workspace-1-2048x781.png 2048w\" sizes=\"(max-width: 1024px) 100vw, 1024px\" \/><\/figure>\n\n\n\n<p>Al expandir la carpeta, estar\u00e1 disponible toda la jerarqu\u00eda de llamadas ofrecidas, divididas por etiquetas, que no son otras que las suites que tambi\u00e9n se muestran en el modelo Swagger.<\/p>\n\n\n\n<p>Desde la carpeta <strong>Authentication<\/strong>, seleccione <code>GET Authenticate<\/code>.<br>Se abrir\u00e1 la API de autenticaci\u00f3n, con la pesta\u00f1a <strong>Params <\/strong>resaltada.<br>Para tener una respuesta correcta, para la liberaci\u00f3n correcta de un <code>X-AuroraVision-Token<\/code>, es necesario autenticarse en el servicio con las credenciales de Aurora Vision y la <code>X-AuroraVision-ApiKey<\/code>.<\/p>\n\n\n\n<figure class=\"wp-block-image size-large\"><img loading=\"lazy\" width=\"1024\" height=\"392\" src=\"http:\/\/documentation-wp.hub.av.priv\/wp-content\/uploads\/2022\/05\/postman_authenticate-1-1024x392.png\" alt=\"\" class=\"wp-image-7791\" srcset=\"http:\/\/documentation-wp.hub.av.priv\/wp-content\/uploads\/2022\/05\/postman_authenticate-1-1024x392.png 1024w, http:\/\/documentation-wp.hub.av.priv\/wp-content\/uploads\/2022\/05\/postman_authenticate-1-300x115.png 300w, http:\/\/documentation-wp.hub.av.priv\/wp-content\/uploads\/2022\/05\/postman_authenticate-1-768x294.png 768w, http:\/\/documentation-wp.hub.av.priv\/wp-content\/uploads\/2022\/05\/postman_authenticate-1-1536x589.png 1536w, http:\/\/documentation-wp.hub.av.priv\/wp-content\/uploads\/2022\/05\/postman_authenticate-1-2048x785.png 2048w\" sizes=\"(max-width: 1024px) 100vw, 1024px\" \/><\/figure>\n\n\n\n<p>Haga clic en la pesta\u00f1a <strong>Authorization <\/strong>y desde all\u00ed seleccione <strong>Basic Auth<\/strong> en el men\u00fa desplegable.<\/p>\n\n\n\n<figure class=\"wp-block-image size-large\"><img loading=\"lazy\" width=\"1024\" height=\"390\" src=\"http:\/\/documentation-wp.hub.av.priv\/wp-content\/uploads\/2022\/05\/basic_auth-1024x390.png\" alt=\"\" class=\"wp-image-7801\" srcset=\"http:\/\/documentation-wp.hub.av.priv\/wp-content\/uploads\/2022\/05\/basic_auth-1024x390.png 1024w, http:\/\/documentation-wp.hub.av.priv\/wp-content\/uploads\/2022\/05\/basic_auth-300x114.png 300w, http:\/\/documentation-wp.hub.av.priv\/wp-content\/uploads\/2022\/05\/basic_auth-768x293.png 768w, http:\/\/documentation-wp.hub.av.priv\/wp-content\/uploads\/2022\/05\/basic_auth-1536x585.png 1536w, http:\/\/documentation-wp.hub.av.priv\/wp-content\/uploads\/2022\/05\/basic_auth-2048x781.png 2048w\" sizes=\"(max-width: 1024px) 100vw, 1024px\" \/><\/figure>\n\n\n\n<p>Introduzca el <strong>UserID <\/strong>y la <strong>Password <\/strong>de su cuenta de Aurora Vision.<\/p>\n\n\n\n<figure class=\"wp-block-image size-large\"><img loading=\"lazy\" width=\"1024\" height=\"391\" src=\"http:\/\/documentation-wp.hub.av.priv\/wp-content\/uploads\/2022\/05\/credentials-1024x391.png\" alt=\"\" class=\"wp-image-7809\" srcset=\"http:\/\/documentation-wp.hub.av.priv\/wp-content\/uploads\/2022\/05\/credentials-1024x391.png 1024w, http:\/\/documentation-wp.hub.av.priv\/wp-content\/uploads\/2022\/05\/credentials-300x114.png 300w, http:\/\/documentation-wp.hub.av.priv\/wp-content\/uploads\/2022\/05\/credentials-768x293.png 768w, http:\/\/documentation-wp.hub.av.priv\/wp-content\/uploads\/2022\/05\/credentials-1536x586.png 1536w, http:\/\/documentation-wp.hub.av.priv\/wp-content\/uploads\/2022\/05\/credentials-2048x781.png 2048w\" sizes=\"(max-width: 1024px) 100vw, 1024px\" \/><\/figure>\n\n\n\n<p>Haga clic en la pesta\u00f1a <strong>Headers <\/strong>e ingrese la <code>X-AuroraVision-ApiKey<\/code>.<\/p>\n\n\n\n<figure class=\"wp-block-image size-large\"><img loading=\"lazy\" width=\"1024\" height=\"378\" src=\"http:\/\/documentation-wp.hub.av.priv\/wp-content\/uploads\/2022\/05\/api-key-1024x378.png\" alt=\"\" class=\"wp-image-7820\" srcset=\"http:\/\/documentation-wp.hub.av.priv\/wp-content\/uploads\/2022\/05\/api-key-1024x378.png 1024w, http:\/\/documentation-wp.hub.av.priv\/wp-content\/uploads\/2022\/05\/api-key-300x111.png 300w, http:\/\/documentation-wp.hub.av.priv\/wp-content\/uploads\/2022\/05\/api-key-768x283.png 768w, http:\/\/documentation-wp.hub.av.priv\/wp-content\/uploads\/2022\/05\/api-key-1536x567.png 1536w, http:\/\/documentation-wp.hub.av.priv\/wp-content\/uploads\/2022\/05\/api-key-2048x755.png 2048w\" sizes=\"(max-width: 1024px) 100vw, 1024px\" \/><\/figure>\n\n\n\n<p>Haga clic en <strong>Send<\/strong> y la llamada se enviar\u00e1 a Aurora Vision que, una vez comprobadas las credenciales y la <code>X-AuroraVision-ApiKey<\/code>, dar\u00e1 una respuesta (<em>JSON default format<\/em>) que contendr\u00e1 el <code>X-AuroraVision-Token<\/code>.<\/p>\n\n\n\n<p>El token es el <code>header <\/code>de todas las llamadas API ofrecidas y caduca despu\u00e9s de 60 minutos de inactividad total; esto significa que no es necesario ejecutar la API <code>GET Authentication<\/code> cada vez para emitir un nuevo <code>X-AuroraVision-Token<\/code> si el que ya tiene no ha caducado.<\/p>\n\n\n\n<p>Para obtener una gu\u00eda completa sobre las llamadas disponibles, consulte <a href=\"http:\/\/documentation-wp.hub.av.priv\/aurora-vision-apis\/openapi-preview\/\" data-type=\"page\" data-id=\"74\"><mark style=\"background-color:rgba(0, 0, 0, 0)\" class=\"has-inline-color has-vivid-cyan-blue-color\">OpenAPIs Swagger<\/mark><\/a> p\u00e1gina.<\/p>\n\n\n\n<div style=\"height:10px\" aria-hidden=\"true\" class=\"wp-block-spacer\"><\/div>\n","protected":false},"excerpt":{"rendered":"<p>Para garantizar al usuario final una experiencia completa, hemos creado una gu\u00eda de usuario que cubre los temas principales de las API de Aurora Vision con el objetivo de proporcionar las principales pautas para el uso del servicio y sus implementaciones.La gu\u00eda del usuario se actualizar\u00e1 con el tiempo: agregaremos nuevas secciones y refinaremos la [&hellip;]<\/p>\n","protected":false},"author":4,"featured_media":0,"parent":1769,"menu_order":3,"comment_status":"closed","ping_status":"closed","template":"","meta":[],"_links":{"self":[{"href":"http:\/\/documentation-wp.hub.av.priv\/es\/wp-json\/wp\/v2\/pages\/1797"}],"collection":[{"href":"http:\/\/documentation-wp.hub.av.priv\/es\/wp-json\/wp\/v2\/pages"}],"about":[{"href":"http:\/\/documentation-wp.hub.av.priv\/es\/wp-json\/wp\/v2\/types\/page"}],"author":[{"embeddable":true,"href":"http:\/\/documentation-wp.hub.av.priv\/es\/wp-json\/wp\/v2\/users\/4"}],"replies":[{"embeddable":true,"href":"http:\/\/documentation-wp.hub.av.priv\/es\/wp-json\/wp\/v2\/comments?post=1797"}],"version-history":[{"count":61,"href":"http:\/\/documentation-wp.hub.av.priv\/es\/wp-json\/wp\/v2\/pages\/1797\/revisions"}],"predecessor-version":[{"id":10568,"href":"http:\/\/documentation-wp.hub.av.priv\/es\/wp-json\/wp\/v2\/pages\/1797\/revisions\/10568"}],"up":[{"embeddable":true,"href":"http:\/\/documentation-wp.hub.av.priv\/es\/wp-json\/wp\/v2\/pages\/1769"}],"wp:attachment":[{"href":"http:\/\/documentation-wp.hub.av.priv\/es\/wp-json\/wp\/v2\/media?parent=1797"}],"curies":[{"name":"wp","href":"https:\/\/api.w.org\/{rel}","templated":true}]}}