{"id":1804,"date":"2022-02-21T10:36:37","date_gmt":"2022-02-21T09:36:37","guid":{"rendered":"http:\/\/documentation-wp.hub.av.priv\/aurora-vision-apis\/user-guide\/general-overview\/"},"modified":"2022-03-02T13:35:53","modified_gmt":"2022-03-02T12:35:53","slug":"general-overview","status":"publish","type":"page","link":"http:\/\/documentation-wp.hub.av.priv\/es\/aurora-vision-apis\/user-guide\/general-overview\/","title":{"rendered":"Visi\u00f3n General"},"content":{"rendered":"\n<div style=\"height:20px\" aria-hidden=\"true\" class=\"wp-block-spacer\"><\/div>\n\n\n\n<h2 id=\"what-is-aurora-vision-apis\">Qu\u00e9 son las API de Aurora Vision?<\/h2>\n\n\n\n<p>Aurora Vision APIs es el servicio <code>RESTful <\/code>Cloud-APIs, disponible a trav\u00e9s de la nube de Aurora Vision, que brinda acceso a m\u00faltiples suites de llamadas para obtener datos e informaci\u00f3n relacionada con las plantas solares fotovoltaicas FIMER.<br><br>Para poder aprovechar las llamadas API disponibles, las plantas solares fotovoltaicas FIMER (<em>con todos los dispositivos compatibles<\/em>) deben estar correctamente registradas en Aurora Vision: se requiere una entidad de planta para permitir el registro posterior de una entidad inversora para ser capaz de generar sus respectivos EntityID, que son secuencias num\u00e9ricas que identifican de forma \u00fanica un determinado activo dentro de Aurora Vision.<\/p>\n\n\n\n<div style=\"height:20px\" aria-hidden=\"true\" class=\"wp-block-spacer\"><\/div>\n\n\n\n<h2 id=\"how-to-access-aurora-vision-apis\">C\u00f3mo acceder a las API de Aurora Vision?<\/h2>\n\n\n\n<p id=\"how-to-access-aurora-vision-apis\">El acceso al servicio es r\u00e1pido y f\u00e1cil, solo necesitas:<\/p>\n\n\n\n<ul><li>Una cuenta de Aurora Vision validada correctamente (<em>el servicio de API no mira el rol de privilegio de su cuenta de Aurora Vision<\/em>) y con el EULA aceptado;<\/li><li>Una <code>X-AuroraVision-ApiKey<\/code> que, junto con las credenciales de su cuenta, le permite autenticarse en el servicio y as\u00ed obtener un <code>X-AuroraVision-Token<\/code> (<em>token en la nube<\/em>) para usar como header de todas las llamadas.<\/li><\/ul>\n\n\n\n<p>La cuenta de Aurora Vision se puede crear de forma independiente y durante el proceso de creaci\u00f3n incluye validaci\u00f3n.<br>La EULA se puede aceptar en el primer inicio de sesi\u00f3n en Aurora Vision, mediante el uso de productos o aplicaciones web, o mediante las API.<br>La <code>X-AuroraVision-ApiKey<\/code> se puede obtener abriendo una solicitud al Servicio de Atenci\u00f3n al Cliente de FIMER (<em>consulte la p\u00e1gina de<\/em> <a href=\"http:\/\/documentation-wp.hub.av.priv\/es\/aurora-vision-apis\/feedback\/\" data-type=\"page\" data-id=\"1836\">Contactos<\/a>).<\/p>\n\n\n\n<p><strong>NOTA<\/strong>: para que el servicio de atenci\u00f3n al cliente de FIMER emita una <code>X-AuroraVision-ApiKey<\/code> v\u00e1lida, deber\u00e1 registrarse o estar asociado con al menos un activo de planta en Aurora Vision.<\/p>\n","protected":false},"excerpt":{"rendered":"<p>Qu\u00e9 son las API de Aurora Vision? Aurora Vision APIs es el servicio RESTful Cloud-APIs, disponible a trav\u00e9s de la nube de Aurora Vision, que brinda acceso a m\u00faltiples suites de llamadas para obtener datos e informaci\u00f3n relacionada con las plantas solares fotovoltaicas FIMER. Para poder aprovechar las llamadas API disponibles, las plantas solares fotovoltaicas [&hellip;]<\/p>\n","protected":false},"author":4,"featured_media":0,"parent":1797,"menu_order":1,"comment_status":"closed","ping_status":"closed","template":"","meta":[],"_links":{"self":[{"href":"http:\/\/documentation-wp.hub.av.priv\/es\/wp-json\/wp\/v2\/pages\/1804"}],"collection":[{"href":"http:\/\/documentation-wp.hub.av.priv\/es\/wp-json\/wp\/v2\/pages"}],"about":[{"href":"http:\/\/documentation-wp.hub.av.priv\/es\/wp-json\/wp\/v2\/types\/page"}],"author":[{"embeddable":true,"href":"http:\/\/documentation-wp.hub.av.priv\/es\/wp-json\/wp\/v2\/users\/4"}],"replies":[{"embeddable":true,"href":"http:\/\/documentation-wp.hub.av.priv\/es\/wp-json\/wp\/v2\/comments?post=1804"}],"version-history":[{"count":35,"href":"http:\/\/documentation-wp.hub.av.priv\/es\/wp-json\/wp\/v2\/pages\/1804\/revisions"}],"predecessor-version":[{"id":5424,"href":"http:\/\/documentation-wp.hub.av.priv\/es\/wp-json\/wp\/v2\/pages\/1804\/revisions\/5424"}],"up":[{"embeddable":true,"href":"http:\/\/documentation-wp.hub.av.priv\/es\/wp-json\/wp\/v2\/pages\/1797"}],"wp:attachment":[{"href":"http:\/\/documentation-wp.hub.av.priv\/es\/wp-json\/wp\/v2\/media?parent=1804"}],"curies":[{"name":"wp","href":"https:\/\/api.w.org\/{rel}","templated":true}]}}