{"id":1811,"date":"2022-02-23T11:47:17","date_gmt":"2022-02-23T10:47:17","guid":{"rendered":"http:\/\/documentation-wp.hub.av.priv\/aurora-vision-apis\/user-guide\/server-urls\/"},"modified":"2022-03-03T09:26:00","modified_gmt":"2022-03-03T08:26:00","slug":"server-urls","status":"publish","type":"page","link":"http:\/\/documentation-wp.hub.av.priv\/es\/aurora-vision-apis\/user-guide\/server-urls\/","title":{"rendered":"Server y URLs"},"content":{"rendered":"\n<div style=\"height:10px\" aria-hidden=\"true\" class=\"wp-block-spacer\"><\/div>\n\n\n\n<p>Todos los puntos finales de las API son relativos a la URL base&nbsp;<code>https:\/\/api.auroravision.net\/api\/rest<\/code>.<br>Seg\u00fan la API a la que desee llamar, tendr\u00e1 una concatenaci\u00f3n entre la URL base y los par\u00e1metros de la ruta que llaman a los puntos finales dedicados a recursos y servicios espec\u00edficos.<br><br>Por ejemplo, suponiendo que desea autenticarse, la API constar\u00e1 de la URL base <code>https:\/\/api.auroravision.net\/api\/rest<\/code> concatenada al punto final expresado con el par\u00e1metro de ruta <code>\/authenticate<\/code>.<\/p>\n\n\n\n<p>Siempre es importante tener en cuenta que cualquier API siempre constar\u00e1 de diferentes par\u00e1metros:<\/p>\n\n\n\n<ul><li><code>Path<\/code>: partes variables de una ruta de URL que se utilizan para apuntar a un recurso espec\u00edfico dentro de una colecci\u00f3n, siempre son necesarias;<\/li><li><code>Header<\/code>: par\u00e1metro de conducci\u00f3n para la solicitud HTTP, se requieren para obtener una respuesta del lado del servidor;<\/li><li><code>Query<\/code>: pueden ser obligatorias y opcionales, se utilizan para filtrar y personalizar la llamada a la API encaden\u00e1ndolas con una sintaxis espec\u00edfica;<\/li><\/ul>\n\n\n\n<p>Cualquier llamada realizada a trav\u00e9s del servicio de APIs tiene como cabecera el <code>X-AuroraVision-Token<\/code>.<br>Para obtener el token, debe usar la API de <code>Autenticaci\u00f3n<\/code> ingresando las credenciales de la cuenta de Aurora Vision i junto con <code>X-<\/code>AuroraVision-ApiKey como <code>header<\/code> de la llamada.<\/p>\n\n\n\n<p>Es posible visualizar todas las APIs, con una descripci\u00f3n de los par\u00e1metros, a trav\u00e9s de la documentaci\u00f3n correspondiente (<a href=\"http:\/\/documentation-wp.hub.av.priv\/aurora-vision-apis\/openapi-preview\/\" data-type=\"page\" data-id=\"74\">OpenAPIs Swagger<\/a>).<\/p>\n","protected":false},"excerpt":{"rendered":"<p>Todos los puntos finales de las API son relativos a la URL base&nbsp;https:\/\/api.auroravision.net\/api\/rest.Seg\u00fan la API a la que desee llamar, tendr\u00e1 una concatenaci\u00f3n entre la URL base y los par\u00e1metros de la ruta que llaman a los puntos finales dedicados a recursos y servicios espec\u00edficos. Por ejemplo, suponiendo que desea autenticarse, la API constar\u00e1 de [&hellip;]<\/p>\n","protected":false},"author":4,"featured_media":0,"parent":1797,"menu_order":3,"comment_status":"closed","ping_status":"closed","template":"","meta":[],"_links":{"self":[{"href":"http:\/\/documentation-wp.hub.av.priv\/es\/wp-json\/wp\/v2\/pages\/1811"}],"collection":[{"href":"http:\/\/documentation-wp.hub.av.priv\/es\/wp-json\/wp\/v2\/pages"}],"about":[{"href":"http:\/\/documentation-wp.hub.av.priv\/es\/wp-json\/wp\/v2\/types\/page"}],"author":[{"embeddable":true,"href":"http:\/\/documentation-wp.hub.av.priv\/es\/wp-json\/wp\/v2\/users\/4"}],"replies":[{"embeddable":true,"href":"http:\/\/documentation-wp.hub.av.priv\/es\/wp-json\/wp\/v2\/comments?post=1811"}],"version-history":[{"count":36,"href":"http:\/\/documentation-wp.hub.av.priv\/es\/wp-json\/wp\/v2\/pages\/1811\/revisions"}],"predecessor-version":[{"id":5501,"href":"http:\/\/documentation-wp.hub.av.priv\/es\/wp-json\/wp\/v2\/pages\/1811\/revisions\/5501"}],"up":[{"embeddable":true,"href":"http:\/\/documentation-wp.hub.av.priv\/es\/wp-json\/wp\/v2\/pages\/1797"}],"wp:attachment":[{"href":"http:\/\/documentation-wp.hub.av.priv\/es\/wp-json\/wp\/v2\/media?parent=1811"}],"curies":[{"name":"wp","href":"https:\/\/api.w.org\/{rel}","templated":true}]}}