{"id":1829,"date":"2022-02-21T08:07:23","date_gmt":"2022-02-21T07:07:23","guid":{"rendered":"http:\/\/documentation-wp.hub.av.priv\/aurora-vision-apis\/user-guide\/authentication\/"},"modified":"2022-04-25T07:38:32","modified_gmt":"2022-04-25T06:38:32","slug":"authentication","status":"publish","type":"page","link":"http:\/\/documentation-wp.hub.av.priv\/es\/aurora-vision-apis\/user-guide\/authentication\/","title":{"rendered":"Autenticaci\u00f3n"},"content":{"rendered":"\n<div style=\"height:10px\" aria-hidden=\"true\" class=\"wp-block-spacer\"><\/div>\n\n\n\n<p>Con una cuenta de Aurora Vision, puede solicitar una <code>X-AuroraVision-ApiKey<\/code> comunic\u00e1ndose con el Servicio de atenci\u00f3n al cliente de FIMER.<br>La clave est\u00e1 vinculada de manera \u00fanica a la cuenta de Aurora Vision y a los activos registrados con esa cuenta.<\/p>\n\n\n\n<p>Una vez obtenida la <code>X-AuroraVision-ApiKey<\/code>, es posible acceder al servicio utiliz\u00e1ndola como <code>header <\/code>de la API de <code>Authentication <\/code>junto con las credenciales de la cuenta de Aurora Vision. Este control de dos pasos permite que un usuario inicie sesi\u00f3n solo si la clave asociada es la correcta, protegiendo as\u00ed la privacidad de los datos en la plataforma en la nube.<br><br>Echemos un vistazo a un ejemplo.<br><br>Supongamos que tenemos una cuenta de Aurora Vision con las siguientes credenciales:<br><code><strong>UserID<\/strong><\/code> : user.test<br><code><strong>Password<\/strong><\/code> : Test123!<br><code><strong>X-AuroraVision-ApiKey<\/strong><\/code> : 1a23b456-c789-1d23-12ef-ghil123456mn-1o23<\/p>\n\n\n\n<p>Ya que tenemos todos los par\u00e1metros requeridos, podemos acceder al servicio:<\/p>\n\n\n\n<div class=\"wp-block-columns\">\n<div class=\"wp-block-column\">\n<div class=\"wp-block-columns alignwide\">\n<div class=\"wp-elements-2 wp-block-column has-text-color has-background has-link-color\" style=\"background-color:#e6e6e6;color:#000000;padding-top:2em;padding-right:2em;padding-bottom:2em;padding-left:2em\">\n<p class=\"has-normal-font-size\" style=\"line-height:1.5\"><strong>Authentication Suite &#8211; Authenticate<\/strong><\/p>\n\n\n\n<p>Permita emitir un <code>X-AuroraVision-Token<\/code>, que vence despu\u00e9s de 60 minutos de inactividad, para usarse como encabezado para todas las llamadas de API de servicio.<\/p>\n\n\n\n<hr class=\"wp-block-separator is-style-wide\"\/>\n\n\n\n<p class=\"has-text-align-center\"><strong>Request<\/strong><\/p>\n\n\n\n<p class=\"has-text-align-center\"><code>GET https:\/\/api.auroravision.net\/api\/rest\/authenticate<\/code><\/p>\n\n\n\n<hr class=\"wp-block-separator has-text-color has-background has-black-background-color has-black-color is-style-wide\"\/>\n\n\n\n<div class=\"wp-block-columns\">\n<div class=\"wp-block-column\">\n<p class=\"has-text-align-center\"><strong>Header<\/strong><\/p>\n\n\n\n<p class=\"has-text-align-center\"><code>X-AuroraVision-ApiKey<\/code><\/p>\n<\/div>\n\n\n\n<div class=\"wp-block-column\">\n<p class=\"has-text-align-center\"><strong>HTTP Basic Authentication<\/strong><\/p>\n\n\n\n<p class=\"has-text-align-center\"><code>https:\/\/user.test:Test123!@<\/code><\/p>\n<\/div>\n<\/div>\n\n\n\n<hr class=\"wp-block-separator has-text-color has-background has-black-background-color has-black-color is-style-wide\"\/>\n\n\n\n<p class=\"has-text-align-center\"><strong>Curl<\/strong><\/p>\n\n\n\n<p class=\"has-text-align-center\"><code>curl --request GET https:\/\/user.test:Test123!@api.auroravision.net\/api\/rest\/authenticate --header \"X-AuroraVision-ApiKey: 1a23b456-c789-1d23-12ef-ghil123456mn-1o23\"<\/code><\/p>\n\n\n\n<hr class=\"wp-block-separator has-text-color has-background has-black-background-color has-black-color is-style-wide\"\/>\n\n\n\n<div class=\"wp-container-1 wp-block-buttons alignfull\">\n<div class=\"wp-block-button has-custom-width wp-block-button__width-100\"><a class=\"wp-block-button__link has-white-color has-text-color\" href=\"http:\/\/documentation-wp.hub.av.priv\/aurora-vision-apis\/openapi-preview\/\" style=\"border-radius:0px\">OpenAPIs Swagger&nbsp;&nbsp;&nbsp;\u279c<\/a><\/div>\n<\/div>\n<\/div>\n<\/div>\n<\/div>\n<\/div>\n","protected":false},"excerpt":{"rendered":"<p>Con una cuenta de Aurora Vision, puede solicitar una X-AuroraVision-ApiKey comunic\u00e1ndose con el Servicio de atenci\u00f3n al cliente de FIMER.La clave est\u00e1 vinculada de manera \u00fanica a la cuenta de Aurora Vision y a los activos registrados con esa cuenta. Una vez obtenida la X-AuroraVision-ApiKey, es posible acceder al servicio utiliz\u00e1ndola como header de la [&hellip;]<\/p>\n","protected":false},"author":4,"featured_media":0,"parent":1797,"menu_order":5,"comment_status":"closed","ping_status":"closed","template":"","meta":[],"_links":{"self":[{"href":"http:\/\/documentation-wp.hub.av.priv\/es\/wp-json\/wp\/v2\/pages\/1829"}],"collection":[{"href":"http:\/\/documentation-wp.hub.av.priv\/es\/wp-json\/wp\/v2\/pages"}],"about":[{"href":"http:\/\/documentation-wp.hub.av.priv\/es\/wp-json\/wp\/v2\/types\/page"}],"author":[{"embeddable":true,"href":"http:\/\/documentation-wp.hub.av.priv\/es\/wp-json\/wp\/v2\/users\/4"}],"replies":[{"embeddable":true,"href":"http:\/\/documentation-wp.hub.av.priv\/es\/wp-json\/wp\/v2\/comments?post=1829"}],"version-history":[{"count":42,"href":"http:\/\/documentation-wp.hub.av.priv\/es\/wp-json\/wp\/v2\/pages\/1829\/revisions"}],"predecessor-version":[{"id":6950,"href":"http:\/\/documentation-wp.hub.av.priv\/es\/wp-json\/wp\/v2\/pages\/1829\/revisions\/6950"}],"up":[{"embeddable":true,"href":"http:\/\/documentation-wp.hub.av.priv\/es\/wp-json\/wp\/v2\/pages\/1797"}],"wp:attachment":[{"href":"http:\/\/documentation-wp.hub.av.priv\/es\/wp-json\/wp\/v2\/media?parent=1829"}],"curies":[{"name":"wp","href":"https:\/\/api.w.org\/{rel}","templated":true}]}}