{"id":1843,"date":"2022-01-27T10:29:09","date_gmt":"2022-01-27T09:29:09","guid":{"rendered":"http:\/\/documentation-wp.hub.av.priv\/energy-viewer\/"},"modified":"2022-03-02T10:24:00","modified_gmt":"2022-03-02T09:24:00","slug":"energy-viewer","status":"publish","type":"page","link":"http:\/\/documentation-wp.hub.av.priv\/es\/energy-viewer\/","title":{"rendered":"Energy Viewer"},"content":{"rendered":"\n<div style=\"height:10px\" aria-hidden=\"true\" class=\"wp-block-spacer\"><\/div>\n\n\n\n<p>Energy Viewer es un producto inteligente que permite a los propietarios de plantas de energ\u00eda solar monitorear de manera f\u00e1cil y remota la producci\u00f3n de su sistema y el consumo de su hogar, manteniendo su uso y ahorro de energ\u00eda bajo control, con o sin un sistema de almacenamiento de energ\u00eda instalado.<\/p>\n\n\n\n<div style=\"height:20px\" aria-hidden=\"true\" class=\"wp-block-spacer\"><\/div>\n\n\n\n<p>\u2022 <strong><strong>Cu\u00e1les son los aspectos m\u00e1s destacados de Energy Viewer?<\/strong><\/strong><\/p>\n\n\n\n<div style=\"height:20px\" aria-hidden=\"true\" class=\"wp-block-spacer\"><\/div>\n\n\n\n<div class=\"wp-block-columns\">\n<div class=\"wp-block-column\">\n<figure class=\"wp-block-image size-large\"><img loading=\"lazy\" width=\"1024\" height=\"576\" src=\"http:\/\/documentation-wp.hub.av.priv\/wp-content\/uploads\/2022\/02\/EV_group_png-1024x576.png\" alt=\"\" class=\"wp-image-501\" srcset=\"http:\/\/documentation-wp.hub.av.priv\/wp-content\/uploads\/2022\/02\/EV_group_png-1024x576.png 1024w, http:\/\/documentation-wp.hub.av.priv\/wp-content\/uploads\/2022\/02\/EV_group_png-300x169.png 300w, http:\/\/documentation-wp.hub.av.priv\/wp-content\/uploads\/2022\/02\/EV_group_png-768x432.png 768w, http:\/\/documentation-wp.hub.av.priv\/wp-content\/uploads\/2022\/02\/EV_group_png.png 1280w\" sizes=\"(max-width: 1024px) 100vw, 1024px\" \/><\/figure>\n\n\n\n<h2 class=\"has-text-align-center has-medium-font-size\" id=\"dynamically-adaptable\">Adaptable Din\u00e1micamente<\/h2>\n\n\n\n<p class=\"has-text-align-center\">Energy Viewer se adapta din\u00e1micamente a la configuraci\u00f3n f\u00edsica de su planta: inversores, contadores, almacenamiento, estaciones de carga.<\/p>\n<\/div>\n\n\n\n<div class=\"wp-block-column\">\n<figure class=\"wp-block-image size-large\"><img loading=\"lazy\" width=\"1024\" height=\"576\" src=\"http:\/\/documentation-wp.hub.av.priv\/wp-content\/uploads\/2022\/02\/telemetries-1024x576.png\" alt=\"\" class=\"wp-image-530\" srcset=\"http:\/\/documentation-wp.hub.av.priv\/wp-content\/uploads\/2022\/02\/telemetries-1024x576.png 1024w, http:\/\/documentation-wp.hub.av.priv\/wp-content\/uploads\/2022\/02\/telemetries-300x169.png 300w, http:\/\/documentation-wp.hub.av.priv\/wp-content\/uploads\/2022\/02\/telemetries-768x432.png 768w, http:\/\/documentation-wp.hub.av.priv\/wp-content\/uploads\/2022\/02\/telemetries.png 1280w\" sizes=\"(max-width: 1024px) 100vw, 1024px\" \/><\/figure>\n\n\n\n<h2 class=\"has-text-align-center has-medium-font-size\" id=\"comprehensive-monitoring\">Monitoreo Integral<\/h2>\n\n\n\n<p class=\"has-text-align-center\">Controle siempre el consumo de su hogar, gracias a los paneles y KPI dedicados.<\/p>\n<\/div>\n\n\n\n<div class=\"wp-block-column\">\n<figure class=\"wp-block-image size-large is-resized\"><img loading=\"lazy\" src=\"http:\/\/documentation-wp.hub.av.priv\/wp-content\/uploads\/2022\/02\/flexa_group-1024x576.png\" alt=\"\" class=\"wp-image-517\" width=\"512\" height=\"288\" srcset=\"http:\/\/documentation-wp.hub.av.priv\/wp-content\/uploads\/2022\/02\/flexa_group-1024x576.png 1024w, http:\/\/documentation-wp.hub.av.priv\/wp-content\/uploads\/2022\/02\/flexa_group-300x169.png 300w, http:\/\/documentation-wp.hub.av.priv\/wp-content\/uploads\/2022\/02\/flexa_group-768x432.png 768w, http:\/\/documentation-wp.hub.av.priv\/wp-content\/uploads\/2022\/02\/flexa_group.png 1280w\" sizes=\"(max-width: 512px) 100vw, 512px\" \/><\/figure>\n\n\n\n<h2 class=\"has-text-align-center has-medium-font-size\" id=\"e-mobility-integration\">e-Mobility Integraci\u00f3n<\/h2>\n\n\n\n<p class=\"has-text-align-center\">Gracias a la compatibilidad con FIMER FLEXA AC Wallbox, puede configurar y administrar su e-Car, y as\u00ed monitorear de forma remota el proceso y las tendencias de carga.<\/p>\n<\/div>\n<\/div>\n\n\n\n<div style=\"height:20px\" aria-hidden=\"true\" class=\"wp-block-spacer\"><\/div>\n\n\n\n<p>\u2022 <strong><strong>Empieza a optimizar tu autoconsumo y autosuficiencia ya mismo descargando Energy Viewer!<\/strong><\/strong><\/p>\n\n\n\n<div style=\"height:20px\" aria-hidden=\"true\" class=\"wp-block-spacer\"><\/div>\n\n\n\n<div class=\"wp-block-columns\">\n<div class=\"wp-block-column\">\n<div class=\"wp-block-media-text alignwide is-stacked-on-mobile\" style=\"grid-template-columns:30% auto\"><figure class=\"wp-block-media-text__media\"><img loading=\"lazy\" width=\"1125\" height=\"1125\" src=\"http:\/\/documentation-wp.hub.av.priv\/wp-content\/uploads\/2022\/02\/iOS.png\" alt=\"\" class=\"wp-image-556 size-full\" srcset=\"http:\/\/documentation-wp.hub.av.priv\/wp-content\/uploads\/2022\/02\/iOS.png 1125w, http:\/\/documentation-wp.hub.av.priv\/wp-content\/uploads\/2022\/02\/iOS-300x300.png 300w, http:\/\/documentation-wp.hub.av.priv\/wp-content\/uploads\/2022\/02\/iOS-1024x1024.png 1024w, http:\/\/documentation-wp.hub.av.priv\/wp-content\/uploads\/2022\/02\/iOS-150x150.png 150w, http:\/\/documentation-wp.hub.av.priv\/wp-content\/uploads\/2022\/02\/iOS-768x768.png 768w\" sizes=\"(max-width: 1125px) 100vw, 1125px\" \/><\/figure><div class=\"wp-block-media-text__content\">\n<p class=\"has-medium-font-size\"><strong>App Store<\/strong><\/p>\n\n\n\n<p>iOS &amp; iPadOS<\/p>\n\n\n\n<p>Compatible desde v11.0<\/p>\n<\/div><\/div>\n<\/div>\n\n\n\n<div class=\"wp-block-column\">\n<div class=\"wp-block-media-text alignwide is-stacked-on-mobile\" style=\"grid-template-columns:30% auto\"><figure class=\"wp-block-media-text__media\"><img loading=\"lazy\" width=\"1024\" height=\"1024\" src=\"http:\/\/documentation-wp.hub.av.priv\/wp-content\/uploads\/2022\/02\/android-1024x1024.png\" alt=\"\" class=\"wp-image-564 size-full\" srcset=\"http:\/\/documentation-wp.hub.av.priv\/wp-content\/uploads\/2022\/02\/android-1024x1024.png 1024w, http:\/\/documentation-wp.hub.av.priv\/wp-content\/uploads\/2022\/02\/android-300x300.png 300w, http:\/\/documentation-wp.hub.av.priv\/wp-content\/uploads\/2022\/02\/android-150x150.png 150w, http:\/\/documentation-wp.hub.av.priv\/wp-content\/uploads\/2022\/02\/android-768x768.png 768w, http:\/\/documentation-wp.hub.av.priv\/wp-content\/uploads\/2022\/02\/android-1536x1536.png 1536w, http:\/\/documentation-wp.hub.av.priv\/wp-content\/uploads\/2022\/02\/android-2048x2048.png 2048w\" sizes=\"(max-width: 1024px) 100vw, 1024px\" \/><\/figure><div class=\"wp-block-media-text__content\">\n<p class=\"has-medium-font-size\"><strong>Google Play Store<\/strong><\/p>\n\n\n\n<p>Android<\/p>\n\n\n\n<p>Compatible desde v7.0 (<em>Nougat<\/em>)<\/p>\n<\/div><\/div>\n<\/div>\n<\/div>\n","protected":false},"excerpt":{"rendered":"<p>Energy Viewer es un producto inteligente que permite a los propietarios de plantas de energ\u00eda solar monitorear de manera f\u00e1cil y remota la producci\u00f3n de su sistema y el consumo de su hogar, manteniendo su uso y ahorro de energ\u00eda bajo control, con o sin un sistema de almacenamiento de energ\u00eda instalado. \u2022 Cu\u00e1les son [&hellip;]<\/p>\n","protected":false},"author":4,"featured_media":0,"parent":0,"menu_order":0,"comment_status":"closed","ping_status":"closed","template":"","meta":[],"_links":{"self":[{"href":"http:\/\/documentation-wp.hub.av.priv\/es\/wp-json\/wp\/v2\/pages\/1843"}],"collection":[{"href":"http:\/\/documentation-wp.hub.av.priv\/es\/wp-json\/wp\/v2\/pages"}],"about":[{"href":"http:\/\/documentation-wp.hub.av.priv\/es\/wp-json\/wp\/v2\/types\/page"}],"author":[{"embeddable":true,"href":"http:\/\/documentation-wp.hub.av.priv\/es\/wp-json\/wp\/v2\/users\/4"}],"replies":[{"embeddable":true,"href":"http:\/\/documentation-wp.hub.av.priv\/es\/wp-json\/wp\/v2\/comments?post=1843"}],"version-history":[{"count":30,"href":"http:\/\/documentation-wp.hub.av.priv\/es\/wp-json\/wp\/v2\/pages\/1843\/revisions"}],"predecessor-version":[{"id":5106,"href":"http:\/\/documentation-wp.hub.av.priv\/es\/wp-json\/wp\/v2\/pages\/1843\/revisions\/5106"}],"wp:attachment":[{"href":"http:\/\/documentation-wp.hub.av.priv\/es\/wp-json\/wp\/v2\/media?parent=1843"}],"curies":[{"name":"wp","href":"https:\/\/api.w.org\/{rel}","templated":true}]}}