{"id":1857,"date":"2022-02-17T10:17:59","date_gmt":"2022-02-17T09:17:59","guid":{"rendered":"http:\/\/documentation-wp.hub.av.priv\/energy-viewer\/contacts\/"},"modified":"2022-04-24T10:04:54","modified_gmt":"2022-04-24T09:04:54","slug":"contacts","status":"publish","type":"page","link":"http:\/\/documentation-wp.hub.av.priv\/es\/energy-viewer\/contacts\/","title":{"rendered":"Contactos"},"content":{"rendered":"\n<div style=\"height:10px\" aria-hidden=\"true\" class=\"wp-block-spacer\"><\/div>\n\n\n\n<p>Siempre valoramos los comentarios de nuestros clientes porque nos permiten interactuar con ellos de la manera m\u00e1s directa posible y mejorar los servicios y productos.<\/p>\n\n\n\n<p>Si encuentra problemas al usar Energy Viewer, o algo no le queda claro, puede escribir a nuestro correo electr\u00f3nico de comentarios espec\u00edfico haciendo clic en el bot\u00f3n Enviar que se encuentra en el cuadro a continuaci\u00f3n.<br>Intentaremos comunicarnos con usted lo m\u00e1s r\u00e1pido posible.<\/p>\n\n\n\n<div style=\"height:10px\" aria-hidden=\"true\" class=\"wp-block-spacer\"><\/div>\n\n\n\n<div class=\"wp-block-columns alignwide\">\n<div class=\"wp-elements-2 wp-block-column has-text-color has-background has-link-color\" style=\"background-color:#e6e6e6;color:#000000;padding-top:2em;padding-right:2em;padding-bottom:2em;padding-left:2em\">\n<h2 id=\"energy-viewer-feedback-email\" style=\"font-size:40px\"><strong>Energy Viewer Feedback Email<\/strong><\/h2>\n\n\n\n<div style=\"height:10px\" aria-hidden=\"true\" class=\"wp-block-spacer\"><\/div>\n\n\n\n<p class=\"has-normal-font-size\" style=\"line-height:1.5\"><strong><strong>Use el bot\u00f3n a continuaci\u00f3n para escribir un correo electr\u00f3nico dedicado al soporte de Energy Viewer<\/strong><\/strong><\/p>\n\n\n\n<hr class=\"wp-block-separator has-text-color has-background is-style-wide\" style=\"background-color:#000000;color:#000000\"\/>\n\n\n\n<p>Para soporte t\u00e9cnico por favor d\u00edganos exactamente:<\/p>\n\n\n\n<ul class=\"has-normal-font-size\"><li>el <strong>Nombre <\/strong>de la planta o cartera monitoreada<\/li><li>el <strong>EntityID <\/strong>(EID) de la planta o cartera monitoreada<\/li><li>el <strong>UserID <\/strong>de la cuenta de Aurora Vision (<em>no incluya la contrase\u00f1a, valoramos su privacidad!<\/em> )<\/li><\/ul>\n\n\n\n<div style=\"height:20px\" aria-hidden=\"true\" class=\"wp-block-spacer\"><\/div>\n\n\n\n<div class=\"wp-container-1 wp-block-buttons alignfull\">\n<div class=\"wp-block-button has-custom-width wp-block-button__width-100\"><a class=\"wp-block-button__link has-white-color has-text-color\" href=\"mailto:glb-mobile.apps@fimer.com?subject=Energy%20Viewer\" style=\"border-radius:0px\" target=\"_blank\" rel=\"noreferrer noopener\">Enviar Solicitud Email&nbsp; \u279c<\/a><\/div>\n<\/div>\n<\/div>\n<\/div>\n","protected":false},"excerpt":{"rendered":"<p>Siempre valoramos los comentarios de nuestros clientes porque nos permiten interactuar con ellos de la manera m\u00e1s directa posible y mejorar los servicios y productos. Si encuentra problemas al usar Energy Viewer, o algo no le queda claro, puede escribir a nuestro correo electr\u00f3nico de comentarios espec\u00edfico haciendo clic en el bot\u00f3n Enviar que se [&hellip;]<\/p>\n","protected":false},"author":4,"featured_media":0,"parent":1843,"menu_order":3,"comment_status":"closed","ping_status":"closed","template":"","meta":[],"_links":{"self":[{"href":"http:\/\/documentation-wp.hub.av.priv\/es\/wp-json\/wp\/v2\/pages\/1857"}],"collection":[{"href":"http:\/\/documentation-wp.hub.av.priv\/es\/wp-json\/wp\/v2\/pages"}],"about":[{"href":"http:\/\/documentation-wp.hub.av.priv\/es\/wp-json\/wp\/v2\/types\/page"}],"author":[{"embeddable":true,"href":"http:\/\/documentation-wp.hub.av.priv\/es\/wp-json\/wp\/v2\/users\/4"}],"replies":[{"embeddable":true,"href":"http:\/\/documentation-wp.hub.av.priv\/es\/wp-json\/wp\/v2\/comments?post=1857"}],"version-history":[{"count":33,"href":"http:\/\/documentation-wp.hub.av.priv\/es\/wp-json\/wp\/v2\/pages\/1857\/revisions"}],"predecessor-version":[{"id":6877,"href":"http:\/\/documentation-wp.hub.av.priv\/es\/wp-json\/wp\/v2\/pages\/1857\/revisions\/6877"}],"up":[{"embeddable":true,"href":"http:\/\/documentation-wp.hub.av.priv\/es\/wp-json\/wp\/v2\/pages\/1843"}],"wp:attachment":[{"href":"http:\/\/documentation-wp.hub.av.priv\/es\/wp-json\/wp\/v2\/media?parent=1857"}],"curies":[{"name":"wp","href":"https:\/\/api.w.org\/{rel}","templated":true}]}}