{"id":1864,"date":"2022-01-27T10:33:40","date_gmt":"2022-01-27T09:33:40","guid":{"rendered":"http:\/\/documentation-wp.hub.av.priv\/f-a-q\/"},"modified":"2022-04-24T09:58:15","modified_gmt":"2022-04-24T08:58:15","slug":"f-a-q","status":"publish","type":"page","link":"http:\/\/documentation-wp.hub.av.priv\/es\/f-a-q\/","title":{"rendered":"F.A.Q."},"content":{"rendered":"\n<div style=\"height:10px\" aria-hidden=\"true\" class=\"wp-block-spacer\"><\/div>\n\n\n\n<p>Bienvenido a las F.A.Q. p\u00e1gina donde puede encontrar las preguntas m\u00e1s frecuentes, realizadas por nuestros usuarios, con respuestas dedicadas.<br><br>Para comenzar, elija la categor\u00eda de su inter\u00e9s haciendo clic en uno de los cuadros a continuaci\u00f3n; tambi\u00e9n puede elegir la categor\u00eda directamente de los elementos colocados en la columna de contenido a la izquierda.<\/p>\n\n\n\n<div style=\"height:20px\" aria-hidden=\"true\" class=\"wp-block-spacer\"><\/div>\n\n\n\n<div class=\"wp-block-columns alignwide\">\n<div class=\"wp-elements-2 wp-block-column has-text-color has-background has-link-color\" style=\"background-color:#e6e6e6;color:#000000;padding-top:2em;padding-right:2em;padding-bottom:2em;padding-left:2em\">\n<h2 class=\"has-text-align-center\" id=\"common-questions\" style=\"font-size:40px\"><strong>Preguntas Comunes<\/strong><\/h2>\n\n\n\n<div style=\"height:10px\" aria-hidden=\"true\" class=\"wp-block-spacer\"><\/div>\n\n\n\n<p class=\"has-text-align-center\">Explore las preguntas m\u00e1s populares de nuestros usuarios para encontrar respuestas y soluciones a sus problemas.<\/p>\n\n\n\n<div style=\"height:10px\" aria-hidden=\"true\" class=\"wp-block-spacer\"><\/div>\n\n\n\n<div class=\"wp-container-1 wp-block-buttons alignfull\">\n<div class=\"wp-block-button has-custom-width wp-block-button__width-100\"><a class=\"wp-block-button__link has-white-color has-text-color\" href=\"http:\/\/documentation-wp.hub.av.priv\/f-a-q\/common-questions\/\" style=\"border-radius:0px\">\ud83d\ude80&nbsp;&nbsp;&nbsp;Empezar Explorar<\/a><\/div>\n<\/div>\n<\/div>\n\n\n\n<div class=\"wp-elements-4 wp-block-column has-text-color has-background has-link-color\" style=\"background-color:#e6e6e6;color:#000000;padding-top:2em;padding-right:2em;padding-bottom:2em;padding-left:2em\">\n<h2 class=\"has-text-align-center\" id=\"aurora-vision\" style=\"font-size:40px\"><strong>Aurora Vision<\/strong><\/h2>\n\n\n\n<div style=\"height:10px\" aria-hidden=\"true\" class=\"wp-block-spacer\"><\/div>\n\n\n\n<p class=\"has-text-align-center has-normal-font-size\">Explore preguntas sobre la plataforma en la nube de Aurora Vision para encontrar respuestas y soluciones a sus problemas.<\/p>\n\n\n\n<div style=\"height:11px\" aria-hidden=\"true\" class=\"wp-block-spacer\"><\/div>\n\n\n\n<div class=\"wp-container-3 wp-block-buttons alignfull\">\n<div class=\"wp-block-button has-custom-width wp-block-button__width-100\"><a class=\"wp-block-button__link has-white-color has-text-color\" href=\"http:\/\/documentation-wp.hub.av.priv\/f-a-q\/aurora-vision-cloud-platform\/\" style=\"border-radius:0px\">\ud83d\ude80&nbsp;&nbsp;&nbsp;Empezar Explorar<\/a><\/div>\n<\/div>\n<\/div>\n<\/div>\n\n\n\n<p><\/p>\n","protected":false},"excerpt":{"rendered":"<p>Bienvenido a las F.A.Q. p\u00e1gina donde puede encontrar las preguntas m\u00e1s frecuentes, realizadas por nuestros usuarios, con respuestas dedicadas. Para comenzar, elija la categor\u00eda de su inter\u00e9s haciendo clic en uno de los cuadros a continuaci\u00f3n; tambi\u00e9n puede elegir la categor\u00eda directamente de los elementos colocados en la columna de contenido a la izquierda. Preguntas [&hellip;]<\/p>\n","protected":false},"author":4,"featured_media":0,"parent":0,"menu_order":0,"comment_status":"closed","ping_status":"closed","template":"","meta":[],"_links":{"self":[{"href":"http:\/\/documentation-wp.hub.av.priv\/es\/wp-json\/wp\/v2\/pages\/1864"}],"collection":[{"href":"http:\/\/documentation-wp.hub.av.priv\/es\/wp-json\/wp\/v2\/pages"}],"about":[{"href":"http:\/\/documentation-wp.hub.av.priv\/es\/wp-json\/wp\/v2\/types\/page"}],"author":[{"embeddable":true,"href":"http:\/\/documentation-wp.hub.av.priv\/es\/wp-json\/wp\/v2\/users\/4"}],"replies":[{"embeddable":true,"href":"http:\/\/documentation-wp.hub.av.priv\/es\/wp-json\/wp\/v2\/comments?post=1864"}],"version-history":[{"count":25,"href":"http:\/\/documentation-wp.hub.av.priv\/es\/wp-json\/wp\/v2\/pages\/1864\/revisions"}],"predecessor-version":[{"id":6866,"href":"http:\/\/documentation-wp.hub.av.priv\/es\/wp-json\/wp\/v2\/pages\/1864\/revisions\/6866"}],"wp:attachment":[{"href":"http:\/\/documentation-wp.hub.av.priv\/es\/wp-json\/wp\/v2\/media?parent=1864"}],"curies":[{"name":"wp","href":"https:\/\/api.w.org\/{rel}","templated":true}]}}