{"id":1879,"date":"2022-02-17T10:30:29","date_gmt":"2022-02-17T09:30:29","guid":{"rendered":"http:\/\/documentation-wp.hub.av.priv\/f-a-q\/aurora-vision-cloud-platform\/"},"modified":"2022-04-24T09:59:07","modified_gmt":"2022-04-24T08:59:07","slug":"aurora-vision-cloud-platform","status":"publish","type":"page","link":"http:\/\/documentation-wp.hub.av.priv\/es\/f-a-q\/aurora-vision-cloud-platform\/","title":{"rendered":"Aurora Vision"},"content":{"rendered":"\n<div style=\"height:10px\" aria-hidden=\"true\" class=\"wp-block-spacer\"><\/div>\n\n\n\n<p>Explore preguntas sobre la plataforma en la nube de Aurora Vision para encontrar respuestas y soluciones a sus problemas.<\/p>\n\n\n\n<div style=\"height:20px\" aria-hidden=\"true\" class=\"wp-block-spacer\"><\/div>\n\n\n\n<div class=\"wp-block-columns alignwide\">\n<div class=\"wp-elements-1 wp-block-column has-text-color has-background has-link-color\" style=\"background-color:#e6e6e6;color:#000000;padding-top:2em;padding-right:2em;padding-bottom:2em;padding-left:2em\">\n<p class=\"has-text-align-center\" style=\"font-size:15px;line-height:1.5\"><strong><strong>Cuando inicio sesi\u00f3n en Aurora Vision, aparece un mensaje de error que indica que mi cuenta a\u00fan no est\u00e1 validada. Qu\u00e9 tengo que hacer?<\/strong><\/strong><\/p>\n\n\n\n<hr class=\"wp-block-separator has-text-color has-background is-style-wide\" style=\"background-color:#000000;color:#000000\"\/>\n\n\n\n<p class=\"has-text-align-center has-small-font-size\">Aparecer\u00e1 un bot\u00f3n de reenv\u00edo en la p\u00e1gina de inicio de sesi\u00f3n, debajo del mensaje de error. <br><\/p>\n\n\n\n<div class=\"wp-block-image\"><figure class=\"aligncenter size-full is-resized\"><img loading=\"lazy\" src=\"http:\/\/documentation-wp.hub.av.priv\/wp-content\/uploads\/2022\/02\/Screenshot-391.png\" alt=\"\" class=\"wp-image-988\" width=\"225\" height=\"88\" srcset=\"http:\/\/documentation-wp.hub.av.priv\/wp-content\/uploads\/2022\/02\/Screenshot-391.png 450w, http:\/\/documentation-wp.hub.av.priv\/wp-content\/uploads\/2022\/02\/Screenshot-391-300x117.png 300w\" sizes=\"(max-width: 225px) 100vw, 225px\" \/><\/figure><\/div>\n\n\n\n<p class=\"has-text-align-center has-small-font-size\">Al hacer clic en el bot\u00f3n, se enviar\u00e1 un correo electr\u00f3nico a la direcci\u00f3n de correo electr\u00f3nico asociada al usuario; al hacer clic en el enlace en el cuerpo del correo electr\u00f3nico, se validar\u00e1 la cuenta de Aurora Vision.<\/p>\n<\/div>\n\n\n\n<div class=\"wp-elements-3 wp-block-column has-text-color has-background has-link-color\" style=\"background-color:#e6e6e6;color:#000000;padding-top:2em;padding-right:2em;padding-bottom:2em;padding-left:2em\">\n<p class=\"has-text-align-center has-normal-font-size\"><strong><strong>Existe una p\u00e1gina web, dedicada a Aurora Vision, donde pueda explorar todos los detalles y encontrar una descripci\u00f3n general?<\/strong><\/strong><\/p>\n\n\n\n<hr class=\"wp-block-separator has-text-color has-background has-black-background-color has-black-color is-style-wide\"\/>\n\n\n\n<div style=\"height:20px\" aria-hidden=\"true\" class=\"wp-block-spacer\"><\/div>\n\n\n\n<p class=\"has-text-align-center\">Puede visitar la secci\u00f3n dedicada a Aurora Vision, con los productos y servicios relacionados, en el sitio web oficial de FIMER.<br><br>Haga clic en el bot\u00f3n a continuaci\u00f3n para ser redirigido a la p\u00e1gina \u00abAurora Vision\u00bb.<\/p>\n\n\n\n<div style=\"height:20px\" aria-hidden=\"true\" class=\"wp-block-spacer\"><\/div>\n\n\n\n<div class=\"wp-container-2 wp-block-buttons alignfull\">\n<div class=\"wp-block-button has-custom-width wp-block-button__width-100\"><a class=\"wp-block-button__link has-white-color has-text-color\" href=\"https:\/\/www.fimer.com\/es\/productos-y-servicios\/solar\/control-y-monitorizacion\/aurora-vision-plant-management-platform\" style=\"border-radius:0px\" target=\"_blank\" rel=\"noreferrer noopener\">Salta a \u00abAurora Vision\u00bb \u279c<\/a><\/div>\n<\/div>\n<\/div>\n<\/div>\n\n\n\n<p><\/p>\n","protected":false},"excerpt":{"rendered":"<p>Explore preguntas sobre la plataforma en la nube de Aurora Vision para encontrar respuestas y soluciones a sus problemas. Cuando inicio sesi\u00f3n en Aurora Vision, aparece un mensaje de error que indica que mi cuenta a\u00fan no est\u00e1 validada. Qu\u00e9 tengo que hacer? Aparecer\u00e1 un bot\u00f3n de reenv\u00edo en la p\u00e1gina de inicio de sesi\u00f3n, [&hellip;]<\/p>\n","protected":false},"author":4,"featured_media":0,"parent":1864,"menu_order":2,"comment_status":"closed","ping_status":"closed","template":"","meta":[],"_links":{"self":[{"href":"http:\/\/documentation-wp.hub.av.priv\/es\/wp-json\/wp\/v2\/pages\/1879"}],"collection":[{"href":"http:\/\/documentation-wp.hub.av.priv\/es\/wp-json\/wp\/v2\/pages"}],"about":[{"href":"http:\/\/documentation-wp.hub.av.priv\/es\/wp-json\/wp\/v2\/types\/page"}],"author":[{"embeddable":true,"href":"http:\/\/documentation-wp.hub.av.priv\/es\/wp-json\/wp\/v2\/users\/4"}],"replies":[{"embeddable":true,"href":"http:\/\/documentation-wp.hub.av.priv\/es\/wp-json\/wp\/v2\/comments?post=1879"}],"version-history":[{"count":37,"href":"http:\/\/documentation-wp.hub.av.priv\/es\/wp-json\/wp\/v2\/pages\/1879\/revisions"}],"predecessor-version":[{"id":6868,"href":"http:\/\/documentation-wp.hub.av.priv\/es\/wp-json\/wp\/v2\/pages\/1879\/revisions\/6868"}],"up":[{"embeddable":true,"href":"http:\/\/documentation-wp.hub.av.priv\/es\/wp-json\/wp\/v2\/pages\/1864"}],"wp:attachment":[{"href":"http:\/\/documentation-wp.hub.av.priv\/es\/wp-json\/wp\/v2\/media?parent=1879"}],"curies":[{"name":"wp","href":"https:\/\/api.w.org\/{rel}","templated":true}]}}