{"id":1894,"date":"2022-01-27T10:28:55","date_gmt":"2022-01-27T09:28:55","guid":{"rendered":"http:\/\/documentation-wp.hub.av.priv\/plant-portfolio-manager\/"},"modified":"2022-03-02T11:58:51","modified_gmt":"2022-03-02T10:58:51","slug":"plant-portfolio-manager","status":"publish","type":"page","link":"http:\/\/documentation-wp.hub.av.priv\/es\/plant-portfolio-manager\/","title":{"rendered":"Plant Portfolio Manager"},"content":{"rendered":"\n<div style=\"height:9px\" aria-hidden=\"true\" class=\"wp-block-spacer\"><\/div>\n\n\n\n<p>Plant Portfolio Manager es un portal web profesional basado en la nube que permite a las partes interesadas monitorear m\u00e9tricas clave de energ\u00eda y rendimiento mientras administran una cartera completa de plantas de energ\u00eda solar. Al aprovechar el poder de Aurora Vision, garantiza a las partes interesadas de la planta de energ\u00eda solar el acceso remoto a funciones avanzadas de una manera simple, segura y r\u00e1pida, como nunca antes.<\/p>\n\n\n\n<div style=\"height:20px\" aria-hidden=\"true\" class=\"wp-block-spacer\"><\/div>\n\n\n\n<p>\u2022 <strong><strong>Cu\u00e1les son los principales aspectos destacados de Plant Portfolio Manager?<\/strong><\/strong><\/p>\n\n\n\n<div style=\"height:20px\" aria-hidden=\"true\" class=\"wp-block-spacer\"><\/div>\n\n\n\n<div class=\"wp-block-columns\">\n<div class=\"wp-block-column\">\n<figure class=\"wp-block-image size-large\"><img loading=\"lazy\" width=\"1024\" height=\"576\" src=\"http:\/\/documentation-wp.hub.av.priv\/wp-content\/uploads\/2022\/02\/ppm-1024x576.png\" alt=\"\" class=\"wp-image-740\" srcset=\"http:\/\/documentation-wp.hub.av.priv\/wp-content\/uploads\/2022\/02\/ppm-1024x576.png 1024w, http:\/\/documentation-wp.hub.av.priv\/wp-content\/uploads\/2022\/02\/ppm-300x169.png 300w, http:\/\/documentation-wp.hub.av.priv\/wp-content\/uploads\/2022\/02\/ppm-768x432.png 768w, http:\/\/documentation-wp.hub.av.priv\/wp-content\/uploads\/2022\/02\/ppm.png 1280w\" sizes=\"(max-width: 1024px) 100vw, 1024px\" \/><\/figure>\n\n\n\n<h2 class=\"has-text-align-center has-medium-font-size\" id=\"information-at-a-glance\">Informaci\u00f3n \u201cDe un Vistazo\u201d<\/h2>\n\n\n\n<p class=\"has-text-align-center\">Eval\u00fae el rendimiento de su flota de plantas solares y detecte en tiempo real las condiciones de rendimiento, gracias a un panel principal completo.<\/p>\n<\/div>\n\n\n\n<div class=\"wp-block-column\">\n<figure class=\"wp-block-image size-large\"><img loading=\"lazy\" width=\"1024\" height=\"576\" src=\"http:\/\/documentation-wp.hub.av.priv\/wp-content\/uploads\/2022\/02\/explorer-1024x576.png\" alt=\"\" class=\"wp-image-807\" srcset=\"http:\/\/documentation-wp.hub.av.priv\/wp-content\/uploads\/2022\/02\/explorer-1024x576.png 1024w, http:\/\/documentation-wp.hub.av.priv\/wp-content\/uploads\/2022\/02\/explorer-300x169.png 300w, http:\/\/documentation-wp.hub.av.priv\/wp-content\/uploads\/2022\/02\/explorer-768x432.png 768w, http:\/\/documentation-wp.hub.av.priv\/wp-content\/uploads\/2022\/02\/explorer.png 1280w\" sizes=\"(max-width: 1024px) 100vw, 1024px\" \/><\/figure>\n\n\n\n<h2 class=\"has-text-align-center has-medium-font-size\" id=\"plant-management-lifecycle\">Ciclo de Gesti\u00f3n de Planta<\/h2>\n\n\n\n<p class=\"has-text-align-center\">Administre el tipo, la ubicaci\u00f3n y la configuraci\u00f3n de rendimiento de la planta y\/o los dispositivos individuales para los objetivos de cumplimiento, control y rendimiento.<\/p>\n\n\n\n<p class=\"has-text-align-center\"> <\/p>\n<\/div>\n\n\n\n<div class=\"wp-block-column\">\n<figure class=\"wp-block-image size-large\"><img loading=\"lazy\" width=\"1024\" height=\"576\" src=\"http:\/\/documentation-wp.hub.av.priv\/wp-content\/uploads\/2022\/02\/dashboard-1024x576.png\" alt=\"\" class=\"wp-image-815\" srcset=\"http:\/\/documentation-wp.hub.av.priv\/wp-content\/uploads\/2022\/02\/dashboard-1024x576.png 1024w, http:\/\/documentation-wp.hub.av.priv\/wp-content\/uploads\/2022\/02\/dashboard-300x169.png 300w, http:\/\/documentation-wp.hub.av.priv\/wp-content\/uploads\/2022\/02\/dashboard-768x432.png 768w, http:\/\/documentation-wp.hub.av.priv\/wp-content\/uploads\/2022\/02\/dashboard.png 1280w\" sizes=\"(max-width: 1024px) 100vw, 1024px\" \/><\/figure>\n\n\n\n<h2 class=\"has-text-align-center has-medium-font-size\" id=\"plant-device-performances\">Desempe\u00f1o de Plantas y Dispositivos<\/h2>\n\n\n\n<p class=\"has-text-align-center\">Mantenga una visi\u00f3n general de las telemetr\u00edas principales de la planta solar, o entre en los detalles de los dispositivos individuales instalados.<\/p>\n<\/div>\n<\/div>\n\n\n\n<div style=\"height:10px\" aria-hidden=\"true\" class=\"wp-block-spacer\"><\/div>\n\n\n\n<div class=\"wp-block-columns\">\n<div class=\"wp-block-column\">\n<figure class=\"wp-block-image size-large\"><img loading=\"lazy\" width=\"1024\" height=\"576\" src=\"http:\/\/documentation-wp.hub.av.priv\/wp-content\/uploads\/2022\/02\/event-1024x576.png\" alt=\"\" class=\"wp-image-823\" srcset=\"http:\/\/documentation-wp.hub.av.priv\/wp-content\/uploads\/2022\/02\/event-1024x576.png 1024w, http:\/\/documentation-wp.hub.av.priv\/wp-content\/uploads\/2022\/02\/event-300x169.png 300w, http:\/\/documentation-wp.hub.av.priv\/wp-content\/uploads\/2022\/02\/event-768x432.png 768w, http:\/\/documentation-wp.hub.av.priv\/wp-content\/uploads\/2022\/02\/event.png 1280w\" sizes=\"(max-width: 1024px) 100vw, 1024px\" \/><\/figure>\n\n\n\n<h2 class=\"has-text-align-center has-medium-font-size\" id=\"plant-status-monitoring\">Monitoreo del Estado de la Planta<\/h2>\n\n\n\n<p class=\"has-text-align-center\">Defina, personalice y asigne perfiles de error para monitorear el estado de la planta y realizar una resoluci\u00f3n de problemas detallada. Asigne contenedores de correo electr\u00f3nico para interconectar a las partes interesadas.<\/p>\n<\/div>\n\n\n\n<div class=\"wp-block-column\">\n<figure class=\"wp-block-image size-large\"><img loading=\"lazy\" width=\"1024\" height=\"576\" src=\"http:\/\/documentation-wp.hub.av.priv\/wp-content\/uploads\/2022\/02\/reports-1024x576.png\" alt=\"\" class=\"wp-image-831\" srcset=\"http:\/\/documentation-wp.hub.av.priv\/wp-content\/uploads\/2022\/02\/reports-1024x576.png 1024w, http:\/\/documentation-wp.hub.av.priv\/wp-content\/uploads\/2022\/02\/reports-300x169.png 300w, http:\/\/documentation-wp.hub.av.priv\/wp-content\/uploads\/2022\/02\/reports-768x432.png 768w, http:\/\/documentation-wp.hub.av.priv\/wp-content\/uploads\/2022\/02\/reports.png 1280w\" sizes=\"(max-width: 1024px) 100vw, 1024px\" \/><\/figure>\n\n\n\n<h2 class=\"has-text-align-center has-medium-font-size\" id=\"customizable-reports-1\">Informes personalizables<\/h2>\n\n\n\n<p class=\"has-text-align-center\">Utilice informes est\u00e1ndar o personalizados con varios criterios de rendimiento para una sola planta o dispositivo, un conjunto de plantas o dispositivos o la cartera completa. Los informes se pueden ejecutar una vez o programar en un marco de tiempo y se pueden exportar en formatos est\u00e1ndar (CSV, XLSX).<\/p>\n<\/div>\n\n\n\n<div class=\"wp-block-column\">\n<figure class=\"wp-block-image size-large\"><img loading=\"lazy\" width=\"1024\" height=\"576\" src=\"http:\/\/documentation-wp.hub.av.priv\/wp-content\/uploads\/2022\/02\/admin-1024x576.png\" alt=\"\" class=\"wp-image-839\" srcset=\"http:\/\/documentation-wp.hub.av.priv\/wp-content\/uploads\/2022\/02\/admin-1024x576.png 1024w, http:\/\/documentation-wp.hub.av.priv\/wp-content\/uploads\/2022\/02\/admin-300x169.png 300w, http:\/\/documentation-wp.hub.av.priv\/wp-content\/uploads\/2022\/02\/admin-768x432.png 768w, http:\/\/documentation-wp.hub.av.priv\/wp-content\/uploads\/2022\/02\/admin.png 1280w\" sizes=\"(max-width: 1024px) 100vw, 1024px\" \/><\/figure>\n\n\n\n<h2 class=\"has-text-align-center has-medium-font-size\" id=\"administration-tools-1\">Herramientas de Administraci\u00f3n<\/h2>\n\n\n\n<p class=\"has-text-align-center\">Las herramientas de administraci\u00f3n permiten que un administrador de cartera administre grupos de plantas y usuarios, y as\u00ed habilitar y administrar el monitoreo colaborativo y el acceso a ciertos productos, servicios y caracter\u00edsticas que se ofrecen en Aurora Vision.<\/p>\n<\/div>\n<\/div>\n\n\n\n<div style=\"height:20px\" aria-hidden=\"true\" class=\"wp-block-spacer\"><\/div>\n\n\n\n<p>\u2022 <strong><strong>Quiere comenzar a monitorear su flota de plantas de energ\u00eda solar con Plant Portfolio Manager?<\/strong><\/strong><\/p>\n\n\n\n<p>Para hacer esto, necesita una cuenta de Aurora Vision con funci\u00f3n de privilegio de Administrador.<br>Una cuenta de este tipo solo se puede obtener abriendo una solicitud oficial a FIMER Customer Support.<br>Puede hacerlo desde esta p\u00e1gina:\u00a0<a href=\"https:\/\/www.fimer.com\/es\/contactos\/contactanos\">https:\/\/www.fimer.com\/es\/contactos\/contactanos<\/a><\/p>\n","protected":false},"excerpt":{"rendered":"<p>Plant Portfolio Manager es un portal web profesional basado en la nube que permite a las partes interesadas monitorear m\u00e9tricas clave de energ\u00eda y rendimiento mientras administran una cartera completa de plantas de energ\u00eda solar. Al aprovechar el poder de Aurora Vision, garantiza a las partes interesadas de la planta de energ\u00eda solar el acceso [&hellip;]<\/p>\n","protected":false},"author":4,"featured_media":0,"parent":0,"menu_order":0,"comment_status":"closed","ping_status":"closed","template":"","meta":[],"_links":{"self":[{"href":"http:\/\/documentation-wp.hub.av.priv\/es\/wp-json\/wp\/v2\/pages\/1894"}],"collection":[{"href":"http:\/\/documentation-wp.hub.av.priv\/es\/wp-json\/wp\/v2\/pages"}],"about":[{"href":"http:\/\/documentation-wp.hub.av.priv\/es\/wp-json\/wp\/v2\/types\/page"}],"author":[{"embeddable":true,"href":"http:\/\/documentation-wp.hub.av.priv\/es\/wp-json\/wp\/v2\/users\/4"}],"replies":[{"embeddable":true,"href":"http:\/\/documentation-wp.hub.av.priv\/es\/wp-json\/wp\/v2\/comments?post=1894"}],"version-history":[{"count":70,"href":"http:\/\/documentation-wp.hub.av.priv\/es\/wp-json\/wp\/v2\/pages\/1894\/revisions"}],"predecessor-version":[{"id":5276,"href":"http:\/\/documentation-wp.hub.av.priv\/es\/wp-json\/wp\/v2\/pages\/1894\/revisions\/5276"}],"wp:attachment":[{"href":"http:\/\/documentation-wp.hub.av.priv\/es\/wp-json\/wp\/v2\/media?parent=1894"}],"curies":[{"name":"wp","href":"https:\/\/api.w.org\/{rel}","templated":true}]}}