{"id":1901,"date":"2022-02-07T16:47:10","date_gmt":"2022-02-07T15:47:10","guid":{"rendered":"http:\/\/documentation-wp.hub.av.priv\/plant-portfolio-manager\/release-notes\/"},"modified":"2022-03-02T13:45:46","modified_gmt":"2022-03-02T12:45:46","slug":"release-notes","status":"publish","type":"page","link":"http:\/\/documentation-wp.hub.av.priv\/es\/plant-portfolio-manager\/release-notes\/","title":{"rendered":"Release Notes"},"content":{"rendered":"\n<div style=\"height:10px\" aria-hidden=\"true\" class=\"wp-block-spacer\"><\/div>\n\n\n\n<p>Pensando en el cliente y sus necesidades, actualizamos constantemente Plant Portfolio Manager.<\/p>\n\n\n\n<p>En esta p\u00e1gina puede consultar las notas de la versi\u00f3n seg\u00fan una l\u00ednea de tiempo que se extiende en orden cronol\u00f3gico ascendente, desde la versi\u00f3n\/actualizaci\u00f3n m\u00e1s reciente hasta la m\u00e1s antigua.<\/p>\n\n\n\n<p><strong>NOTA<\/strong>: las notas de la versi\u00f3n solo est\u00e1n disponibles en Ingl\u00e9s.<\/p>\n\n\n\n<div style=\"height:20px\" aria-hidden=\"true\" class=\"wp-block-spacer\"><\/div>\n\n\n\n<hr class=\"wp-block-separator has-text-color has-background is-style-wide\" style=\"background-color:#231965;color:#231965\"\/>\n\n\n\n<div class=\"wp-block-columns\">\n<div class=\"wp-block-column\">\n<figure class=\"wp-block-image size-full is-resized\"><img loading=\"lazy\" src=\"http:\/\/documentation-wp.hub.av.priv\/wp-content\/uploads\/2022\/02\/puzzle_missing.png\" alt=\"\" class=\"wp-image-1132\" width=\"138\" height=\"139\" srcset=\"http:\/\/documentation-wp.hub.av.priv\/wp-content\/uploads\/2022\/02\/puzzle_missing.png 276w, http:\/\/documentation-wp.hub.av.priv\/wp-content\/uploads\/2022\/02\/puzzle_missing-150x150.png 150w\" sizes=\"(max-width: 138px) 100vw, 138px\" \/><\/figure>\n<\/div>\n\n\n\n<div class=\"wp-block-column\">\n<h2 id=\"ooops\">Ooops!<\/h2>\n\n\n\n<p class=\"has-text-align-left\">Parece que no hay contenido en esta secci\u00f3n. Vuelve a visitarnos!<\/p>\n<\/div>\n\n\n\n<div class=\"wp-block-column\"><\/div>\n<\/div>\n\n\n\n<hr class=\"wp-block-separator has-text-color has-background is-style-wide\" style=\"background-color:#231965;color:#231965\"\/>\n\n\n\n<p><\/p>\n","protected":false},"excerpt":{"rendered":"<p>Pensando en el cliente y sus necesidades, actualizamos constantemente Plant Portfolio Manager. En esta p\u00e1gina puede consultar las notas de la versi\u00f3n seg\u00fan una l\u00ednea de tiempo que se extiende en orden cronol\u00f3gico ascendente, desde la versi\u00f3n\/actualizaci\u00f3n m\u00e1s reciente hasta la m\u00e1s antigua. NOTA: las notas de la versi\u00f3n solo est\u00e1n disponibles en Ingl\u00e9s. Ooops! [&hellip;]<\/p>\n","protected":false},"author":4,"featured_media":0,"parent":1894,"menu_order":0,"comment_status":"closed","ping_status":"closed","template":"","meta":[],"_links":{"self":[{"href":"http:\/\/documentation-wp.hub.av.priv\/es\/wp-json\/wp\/v2\/pages\/1901"}],"collection":[{"href":"http:\/\/documentation-wp.hub.av.priv\/es\/wp-json\/wp\/v2\/pages"}],"about":[{"href":"http:\/\/documentation-wp.hub.av.priv\/es\/wp-json\/wp\/v2\/types\/page"}],"author":[{"embeddable":true,"href":"http:\/\/documentation-wp.hub.av.priv\/es\/wp-json\/wp\/v2\/users\/4"}],"replies":[{"embeddable":true,"href":"http:\/\/documentation-wp.hub.av.priv\/es\/wp-json\/wp\/v2\/comments?post=1901"}],"version-history":[{"count":19,"href":"http:\/\/documentation-wp.hub.av.priv\/es\/wp-json\/wp\/v2\/pages\/1901\/revisions"}],"predecessor-version":[{"id":5446,"href":"http:\/\/documentation-wp.hub.av.priv\/es\/wp-json\/wp\/v2\/pages\/1901\/revisions\/5446"}],"up":[{"embeddable":true,"href":"http:\/\/documentation-wp.hub.av.priv\/es\/wp-json\/wp\/v2\/pages\/1894"}],"wp:attachment":[{"href":"http:\/\/documentation-wp.hub.av.priv\/es\/wp-json\/wp\/v2\/media?parent=1901"}],"curies":[{"name":"wp","href":"https:\/\/api.w.org\/{rel}","templated":true}]}}