{"id":1908,"date":"2022-02-07T17:19:22","date_gmt":"2022-02-07T16:19:22","guid":{"rendered":"http:\/\/documentation-wp.hub.av.priv\/plant-portfolio-manager\/user-guide\/"},"modified":"2022-03-02T12:12:52","modified_gmt":"2022-03-02T11:12:52","slug":"user-guide","status":"publish","type":"page","link":"http:\/\/documentation-wp.hub.av.priv\/es\/plant-portfolio-manager\/user-guide\/","title":{"rendered":"Gu\u00eda del Usuario"},"content":{"rendered":"\n<div style=\"height:10px\" aria-hidden=\"true\" class=\"wp-block-spacer\"><\/div>\n\n\n\n<p>Mientras trabajamos para ofrecerle una versi\u00f3n revisada e interactiva de la gu\u00eda del usuario de Plant Portfolio Manager, que encontrar\u00e1 en esta p\u00e1gina, puede consultar la gu\u00eda del usuario a continuaci\u00f3n que se refiere a la versi\u00f3n actual de Plant Portfolio Manager (<em>v2.9x.xx<\/em>\u00a0).<\/p>\n\n\n\n<p>La nueva gu\u00eda del usuario estar\u00e1 disponible tan pronto como se lance la nueva versi\u00f3n de Plant Portfolio Manager (<em>v3.0.0<\/em>\u00a0).<\/p>\n\n\n\n<div style=\"height:10px\" aria-hidden=\"true\" class=\"wp-block-spacer\"><\/div>\n\n\n\n<div class=\"wp-block-file\"><object class=\"wp-block-file__embed\" data=\"http:\/\/documentation-wp.hub.av.priv\/wp-content\/uploads\/2022\/02\/FIMER_Plant-Portfolio-Manager-User-manual_EN_RevB.pdf\" type=\"application\/pdf\" style=\"width:100%;height:600px\" aria-label=\"Embed of FIMER_Plant-Portfolio-Manager-User-manual_EN_RevB.\"><\/object><a id=\"wp-block-file--media-06433e22-19ec-45eb-a4aa-d5096614a8fc\" href=\"http:\/\/documentation-wp.hub.av.priv\/wp-content\/uploads\/2022\/02\/FIMER_Plant-Portfolio-Manager-User-manual_EN_RevB.pdf\" target=\"_blank\" rel=\"noreferrer noopener\">FIMER_Plant-Portfolio-Manager-User-manual_EN_RevB<\/a><a href=\"http:\/\/documentation-wp.hub.av.priv\/wp-content\/uploads\/2022\/02\/FIMER_Plant-Portfolio-Manager-User-manual_EN_RevB.pdf\" class=\"wp-block-file__button\" download aria-describedby=\"wp-block-file--media-06433e22-19ec-45eb-a4aa-d5096614a8fc\">Download<\/a><\/div>\n","protected":false},"excerpt":{"rendered":"<p>Mientras trabajamos para ofrecerle una versi\u00f3n revisada e interactiva de la gu\u00eda del usuario de Plant Portfolio Manager, que encontrar\u00e1 en esta p\u00e1gina, puede consultar la gu\u00eda del usuario a continuaci\u00f3n que se refiere a la versi\u00f3n actual de Plant Portfolio Manager (v2.9x.xx\u00a0). La nueva gu\u00eda del usuario estar\u00e1 disponible tan pronto como se lance [&hellip;]<\/p>\n","protected":false},"author":4,"featured_media":0,"parent":1894,"menu_order":1,"comment_status":"closed","ping_status":"closed","template":"","meta":[],"_links":{"self":[{"href":"http:\/\/documentation-wp.hub.av.priv\/es\/wp-json\/wp\/v2\/pages\/1908"}],"collection":[{"href":"http:\/\/documentation-wp.hub.av.priv\/es\/wp-json\/wp\/v2\/pages"}],"about":[{"href":"http:\/\/documentation-wp.hub.av.priv\/es\/wp-json\/wp\/v2\/types\/page"}],"author":[{"embeddable":true,"href":"http:\/\/documentation-wp.hub.av.priv\/es\/wp-json\/wp\/v2\/users\/4"}],"replies":[{"embeddable":true,"href":"http:\/\/documentation-wp.hub.av.priv\/es\/wp-json\/wp\/v2\/comments?post=1908"}],"version-history":[{"count":13,"href":"http:\/\/documentation-wp.hub.av.priv\/es\/wp-json\/wp\/v2\/pages\/1908\/revisions"}],"predecessor-version":[{"id":5321,"href":"http:\/\/documentation-wp.hub.av.priv\/es\/wp-json\/wp\/v2\/pages\/1908\/revisions\/5321"}],"up":[{"embeddable":true,"href":"http:\/\/documentation-wp.hub.av.priv\/es\/wp-json\/wp\/v2\/pages\/1894"}],"wp:attachment":[{"href":"http:\/\/documentation-wp.hub.av.priv\/es\/wp-json\/wp\/v2\/media?parent=1908"}],"curies":[{"name":"wp","href":"https:\/\/api.w.org\/{rel}","templated":true}]}}