{"id":6898,"date":"2022-03-22T17:28:24","date_gmt":"2022-03-22T16:28:24","guid":{"rendered":"http:\/\/documentation-wp.hub.av.priv\/aurora-vision-apis\/user-guide\/entities-state\/"},"modified":"2022-05-31T10:56:28","modified_gmt":"2022-05-31T09:56:28","slug":"entities-state","status":"publish","type":"page","link":"http:\/\/documentation-wp.hub.av.priv\/es\/aurora-vision-apis\/user-guide\/entities-state\/","title":{"rendered":"Gesti\u00f3n Estado Entidad"},"content":{"rendered":"\n<div style=\"height:10px\" aria-hidden=\"true\" class=\"wp-block-spacer\"><\/div>\n\n\n\n<p>Cualquier entidad en Aurora Vision se caracteriza por un <code>State <\/code>que describe la disponibilidad a nivel de monitoreo y, en general, esta disponibilidad est\u00e1 directamente relacionada con el estado de instalaci\u00f3n f\u00edsica del dispositivo. En pocas palabras, por lo tanto, puede pensar en el \u00abEstado\u00bb como un par\u00e1metro que le permite mantener su jerarqu\u00eda alineada al reflejar el estado de instalaci\u00f3n f\u00edsica de uno o m\u00e1s dispositivos (o plantas).<\/p>\n\n\n\n<p>El <code>State <\/code>de una entidad generalmente se indica en la respuesta de todas las API que permiten escalar din\u00e1micamente la jerarqu\u00eda y solo puede ser cambiado por un usuario de Aurora Vision, con el rol de privilegio suficiente, de productos dedicados. Es importante recordar que el prop\u00f3sito del par\u00e1metro <code>State <\/code>no es notificar eventos de error presentes a nivel de planta y\/o dispositivo.<\/p>\n\n\n\n<p>Hay cuatro estados disponibles:<\/p>\n\n\n\n<div style=\"height:10px\" aria-hidden=\"true\" class=\"wp-block-spacer\"><\/div>\n\n\n\n<ul><li><code>ACTIVE<\/code>: la entidad est\u00e1 activa y no ha sufrido cambios desde su instalaci\u00f3n en campo;<\/li><li><code>DELINQUENT<\/code>: la entidad no ha enviado datos de monitoreo a Aurora Vision durante al menos 90 d\u00edas;<\/li><li><code>DECOMMISSIONED<\/code>: la entidad ya no se monitorea activamente, sino los datos hist\u00f3ricos, hasta el momento del cambio de estado, permanecen disponibles para consulta;<\/li><li><code>DELETED<\/code>: la entidad ya no se monitorea activamente y los datos hist\u00f3ricos ya no est\u00e1n disponibles.<\/li><\/ul>\n\n\n\n<hr class=\"wp-block-separator is-style-wide\"\/>\n\n\n\n<p><strong>NOTA 1:<\/strong>&nbsp;<em>el estado<\/em> <code>DELINQUENT <\/code><em>se activa autom\u00e1ticamente mediante Aurora Vision y, por lo general, tiene un estado de error asociado. Para obtener m\u00e1s informaci\u00f3n sobre la gesti\u00f3n del estado de las entidades,<\/em><em> <em>consulte<\/em> <em><a href=\"http:\/\/documentation-wp.hub.av.priv\/aurora-vision-apis\/user-guide\/status-management\/\" data-type=\"page\" data-id=\"6529\">Gesti\u00f3n de Estado de Error<\/a> chapter<\/em><\/em>.<\/p>\n\n\n\n<p><strong>NOTA 2:<\/strong>&nbsp;<em>las entidades con un estado <\/em><code>DELETED <\/code><em>deben filtrarse autom\u00e1ticamente de las respuestas de cualquier API; si encuentra alguna inconsistencia con respecto a esta declaraci\u00f3n, le pedimos que la informe <em>a trav\u00e9s de nuestra p\u00e1gina dedicada<\/em> <a rel=\"noreferrer noopener\" href=\"http:\/\/documentation-wp.hub.av.priv\/es\/aurora-vision-apis\/feedback\/\" data-type=\"page\" data-id=\"637\" target=\"_blank\">Contactos<\/a>.<\/em><\/p>\n\n\n\n<hr class=\"wp-block-separator is-style-wide\"\/>\n","protected":false},"excerpt":{"rendered":"<p>Cualquier entidad en Aurora Vision se caracteriza por un State que describe la disponibilidad a nivel de monitoreo y, en general, esta disponibilidad est\u00e1 directamente relacionada con el estado de instalaci\u00f3n f\u00edsica del dispositivo. En pocas palabras, por lo tanto, puede pensar en el \u00abEstado\u00bb como un par\u00e1metro que le permite mantener su jerarqu\u00eda alineada [&hellip;]<\/p>\n","protected":false},"author":4,"featured_media":0,"parent":1797,"menu_order":9,"comment_status":"closed","ping_status":"closed","template":"","meta":[],"_links":{"self":[{"href":"http:\/\/documentation-wp.hub.av.priv\/es\/wp-json\/wp\/v2\/pages\/6898"}],"collection":[{"href":"http:\/\/documentation-wp.hub.av.priv\/es\/wp-json\/wp\/v2\/pages"}],"about":[{"href":"http:\/\/documentation-wp.hub.av.priv\/es\/wp-json\/wp\/v2\/types\/page"}],"author":[{"embeddable":true,"href":"http:\/\/documentation-wp.hub.av.priv\/es\/wp-json\/wp\/v2\/users\/4"}],"replies":[{"embeddable":true,"href":"http:\/\/documentation-wp.hub.av.priv\/es\/wp-json\/wp\/v2\/comments?post=6898"}],"version-history":[{"count":12,"href":"http:\/\/documentation-wp.hub.av.priv\/es\/wp-json\/wp\/v2\/pages\/6898\/revisions"}],"predecessor-version":[{"id":9319,"href":"http:\/\/documentation-wp.hub.av.priv\/es\/wp-json\/wp\/v2\/pages\/6898\/revisions\/9319"}],"up":[{"embeddable":true,"href":"http:\/\/documentation-wp.hub.av.priv\/es\/wp-json\/wp\/v2\/pages\/1797"}],"wp:attachment":[{"href":"http:\/\/documentation-wp.hub.av.priv\/es\/wp-json\/wp\/v2\/media?parent=6898"}],"curies":[{"name":"wp","href":"https:\/\/api.w.org\/{rel}","templated":true}]}}