{"id":13274,"date":"2022-10-16T07:12:29","date_gmt":"2022-10-16T06:12:29","guid":{"rendered":"http:\/\/documentation-wp.hub.av.priv\/energy-viewer\/user-guide\/"},"modified":"2022-10-17T15:31:32","modified_gmt":"2022-10-17T14:31:32","slug":"user-guide","status":"publish","type":"page","link":"http:\/\/documentation-wp.hub.av.priv\/fr\/energy-viewer\/user-guide\/","title":{"rendered":"Mode d&rsquo;Emploi"},"content":{"rendered":"\n<div style=\"height:10px\" aria-hidden=\"true\" class=\"wp-block-spacer\"><\/div>\n\n\n\n<p>Pendant que nous nous effor\u00e7ons de vous proposer une version interactive du guide d&rsquo;utilisation d&rsquo;Energy Viewer, que vous trouverez sur cette page, vous pouvez consulter et t\u00e9l\u00e9charger le guide d&rsquo;utilisation \u00e0 jour ci-dessous.<\/p>\n\n\n\n<div style=\"height:10px\" aria-hidden=\"true\" class=\"wp-block-spacer\"><\/div>\n\n\n\n<div class=\"wp-block-file\"><object class=\"wp-block-file__embed\" data=\"http:\/\/documentation-wp.hub.av.priv\/wp-content\/uploads\/2022\/10\/Aurora-Vision-Cloud-Energy-Viewer-User-Guide-ENG_REVA.pdf\" type=\"application\/pdf\" style=\"width:100%;height:600px\" aria-label=\"Embed of Aurora-Vision-Cloud-Energy-Viewer-User-Guide-ENG_REVA.\"><\/object><a id=\"wp-block-file--media-0cb30679-5453-4e43-a8fa-a49c99e928ee\" href=\"http:\/\/documentation-wp.hub.av.priv\/wp-content\/uploads\/2022\/10\/Aurora-Vision-Cloud-Energy-Viewer-User-Guide-ENG_REVA.pdf\">Aurora-Vision-Cloud-Energy-Viewer-User-Guide-ENG_REVA<\/a><a href=\"http:\/\/documentation-wp.hub.av.priv\/wp-content\/uploads\/2022\/10\/Aurora-Vision-Cloud-Energy-Viewer-User-Guide-ENG_REVA.pdf\" class=\"wp-block-file__button\" download aria-describedby=\"wp-block-file--media-0cb30679-5453-4e43-a8fa-a49c99e928ee\">Download<\/a><\/div>\n","protected":false},"excerpt":{"rendered":"<p>Pendant que nous nous effor\u00e7ons de vous proposer une version interactive du guide d&rsquo;utilisation d&rsquo;Energy Viewer, que vous trouverez sur cette page, vous pouvez consulter et t\u00e9l\u00e9charger le guide d&rsquo;utilisation \u00e0 jour ci-dessous.<\/p>\n","protected":false},"author":4,"featured_media":0,"parent":1837,"menu_order":2,"comment_status":"closed","ping_status":"closed","template":"","meta":[],"_links":{"self":[{"href":"http:\/\/documentation-wp.hub.av.priv\/fr\/wp-json\/wp\/v2\/pages\/13274"}],"collection":[{"href":"http:\/\/documentation-wp.hub.av.priv\/fr\/wp-json\/wp\/v2\/pages"}],"about":[{"href":"http:\/\/documentation-wp.hub.av.priv\/fr\/wp-json\/wp\/v2\/types\/page"}],"author":[{"embeddable":true,"href":"http:\/\/documentation-wp.hub.av.priv\/fr\/wp-json\/wp\/v2\/users\/4"}],"replies":[{"embeddable":true,"href":"http:\/\/documentation-wp.hub.av.priv\/fr\/wp-json\/wp\/v2\/comments?post=13274"}],"version-history":[{"count":1,"href":"http:\/\/documentation-wp.hub.av.priv\/fr\/wp-json\/wp\/v2\/pages\/13274\/revisions"}],"predecessor-version":[{"id":13281,"href":"http:\/\/documentation-wp.hub.av.priv\/fr\/wp-json\/wp\/v2\/pages\/13274\/revisions\/13281"}],"up":[{"embeddable":true,"href":"http:\/\/documentation-wp.hub.av.priv\/fr\/wp-json\/wp\/v2\/pages\/1837"}],"wp:attachment":[{"href":"http:\/\/documentation-wp.hub.av.priv\/fr\/wp-json\/wp\/v2\/media?parent=13274"}],"curies":[{"name":"wp","href":"https:\/\/api.w.org\/{rel}","templated":true}]}}