{"id":1776,"date":"2022-02-07T16:58:51","date_gmt":"2022-02-07T15:58:51","guid":{"rendered":"http:\/\/documentation-wp.hub.av.priv\/aurora-vision-apis__trashed\/release-notes\/"},"modified":"2022-06-05T08:54:11","modified_gmt":"2022-06-05T07:54:11","slug":"release-notes","status":"publish","type":"page","link":"http:\/\/documentation-wp.hub.av.priv\/fr\/aurora-vision-apis\/release-notes\/","title":{"rendered":"Release Notes"},"content":{"rendered":"\n<div style=\"height:10px\" aria-hidden=\"true\" class=\"wp-block-spacer\"><\/div>\n\n\n\n<p>Avec le client et ses besoins \u00e0 l&rsquo;esprit, nous mettons constamment \u00e0 jour les APIs Aurora Vision..<\/p>\n\n\n\n<p>Dans cette page, vous pouvez consulter les notes de version selon une chronologie par ordre chronologique croissant, de la version\/mise \u00e0 jour la plus r\u00e9cente \u00e0 la plus ancienne.<\/p>\n\n\n\n<p><strong>REMARQUE<\/strong>: les notes de version ne sont disponibles qu&rsquo;en Anglais.<\/p>\n\n\n\n<div style=\"height:30px\" aria-hidden=\"true\" class=\"wp-block-spacer\"><\/div>\n\n\n\n<hr class=\"wp-block-separator has-text-color has-background is-style-wide\" style=\"background-color:#231965;color:#231965\"\/>\n\n\n\n<div style=\"height:20px\" aria-hidden=\"true\" class=\"wp-block-spacer\"><\/div>\n\n\n\n<div class=\"wp-block-columns\">\n<div class=\"wp-block-column\">\n<h2 class=\"has-text-align-right\" id=\"february-08-2022-1\">June 10, 2022<\/h2>\n<\/div>\n\n\n\n<div class=\"wp-block-column is-vertically-aligned-center\">\n<div class=\"wp-block-image\"><figure class=\"aligncenter size-full\"><img loading=\"lazy\" width=\"40\" height=\"476\" src=\"http:\/\/documentation-wp.hub.av.priv\/wp-content\/uploads\/2022\/02\/timeline_line_long.png\" alt=\"\" class=\"wp-image-676\"\/><\/figure><\/div>\n<\/div>\n\n\n\n<div class=\"wp-block-column\">\n<p class=\"has-text-align-left\">Added the <code>ActivePowerEV<\/code>, <code>ActiveEnergyEV<\/code> and <code>SessionEnergyEV<\/code> dataType inherent to FIMER Flexa AC Wallbox, to obtain charging sessions information, in the <code>Telemetry <\/code>suite.<\/p>\n<\/div>\n<\/div>\n\n\n\n<div class=\"wp-block-columns\">\n<div class=\"wp-block-column\">\n<h2 class=\"has-text-align-right\" id=\"february-08-2022-1\">February 08, 2022<\/h2>\n<\/div>\n\n\n\n<div class=\"wp-block-column\">\n<div class=\"wp-block-image\"><figure class=\"aligncenter size-full\"><img loading=\"lazy\" width=\"68\" height=\"48\" src=\"http:\/\/documentation-wp.hub.av.priv\/wp-content\/uploads\/2022\/02\/timeline_dot-1.png\" alt=\"\" class=\"wp-image-688\"\/><\/figure><\/div>\n<\/div>\n\n\n\n<div class=\"wp-block-column\">\n<p class=\"has-text-align-left\">In the absence of data due to lack of communication with Aurora Vision or other error events, for the APIs belonging to the <strong>Telemetry <\/strong>and <strong>KPIs <\/strong>suites, the field <code>value<\/code> is not shown in the response for any type of API (<code>timeseries<\/code> or <code>aggregated<\/code>) for any kind of <code>dataType<\/code> (power and energy) and <code>valueType<\/code>.<\/p>\n\n\n\n<p class=\"has-text-align-left\">In case of re-established communication with correct sending of historical data, Aurora Vision provides a backfilling mechanism by making the field <code>value<\/code> available where it was previously absent.<\/p>\n<\/div>\n<\/div>\n\n\n\n<hr class=\"wp-block-separator has-text-color has-background is-style-wide\" style=\"background-color:#231965;color:#231965\"\/>\n","protected":false},"excerpt":{"rendered":"<p>Avec le client et ses besoins \u00e0 l&rsquo;esprit, nous mettons constamment \u00e0 jour les APIs Aurora Vision.. Dans cette page, vous pouvez consulter les notes de version selon une chronologie par ordre chronologique croissant, de la version\/mise \u00e0 jour la plus r\u00e9cente \u00e0 la plus ancienne. REMARQUE: les notes de version ne sont disponibles qu&rsquo;en [&hellip;]<\/p>\n","protected":false},"author":4,"featured_media":0,"parent":2869,"menu_order":2,"comment_status":"closed","ping_status":"closed","template":"","meta":[],"_links":{"self":[{"href":"http:\/\/documentation-wp.hub.av.priv\/fr\/wp-json\/wp\/v2\/pages\/1776"}],"collection":[{"href":"http:\/\/documentation-wp.hub.av.priv\/fr\/wp-json\/wp\/v2\/pages"}],"about":[{"href":"http:\/\/documentation-wp.hub.av.priv\/fr\/wp-json\/wp\/v2\/types\/page"}],"author":[{"embeddable":true,"href":"http:\/\/documentation-wp.hub.av.priv\/fr\/wp-json\/wp\/v2\/users\/4"}],"replies":[{"embeddable":true,"href":"http:\/\/documentation-wp.hub.av.priv\/fr\/wp-json\/wp\/v2\/comments?post=1776"}],"version-history":[{"count":16,"href":"http:\/\/documentation-wp.hub.av.priv\/fr\/wp-json\/wp\/v2\/pages\/1776\/revisions"}],"predecessor-version":[{"id":10485,"href":"http:\/\/documentation-wp.hub.av.priv\/fr\/wp-json\/wp\/v2\/pages\/1776\/revisions\/10485"}],"up":[{"embeddable":true,"href":"http:\/\/documentation-wp.hub.av.priv\/fr\/wp-json\/wp\/v2\/pages\/2869"}],"wp:attachment":[{"href":"http:\/\/documentation-wp.hub.av.priv\/fr\/wp-json\/wp\/v2\/media?parent=1776"}],"curies":[{"name":"wp","href":"https:\/\/api.w.org\/{rel}","templated":true}]}}