{"id":1791,"date":"2022-02-21T08:05:35","date_gmt":"2022-02-21T07:05:35","guid":{"rendered":"http:\/\/documentation-wp.hub.av.priv\/aurora-vision-apis__trashed\/user-guide\/"},"modified":"2022-06-08T09:07:01","modified_gmt":"2022-06-08T08:07:01","slug":"user-guide","status":"publish","type":"page","link":"http:\/\/documentation-wp.hub.av.priv\/fr\/aurora-vision-apis\/user-guide\/","title":{"rendered":"Mode d&rsquo;Emploi"},"content":{"rendered":"\n<div style=\"height:10px\" aria-hidden=\"true\" class=\"wp-block-spacer\"><\/div>\n\n\n\n<p>Afin de garantir \u00e0 l&rsquo;utilisateur final une exp\u00e9rience globale, nous avons cr\u00e9\u00e9 un guide de l&rsquo;utilisateur qui couvre les principaux sujets des API Aurora Vision dans le but de fournir les principales directives pour l&rsquo;utilisation du service et ses impl\u00e9mentations. Le guide sera mis \u00e0 jour au fil du temps&nbsp;: nous ajouterons de nouvelles sections et affinerons la discussion sur des sujets ou des th\u00e8mes sp\u00e9cifiques et nous le ferons en fonction \u00e0 la fois des lacunes que nous soulignons et des commentaires obtenus des utilisateurs finaux.<\/p>\n\n\n\n<p>L&rsquo;acc\u00e8s aux diff\u00e9rentes rubriques du guide est simple : cliquez sur l&rsquo;un des \u00e9l\u00e9ments de la case de gauche, vous serez redirig\u00e9 vers la page qui vous int\u00e9resse tout en pouvant parcourir le guide de mani\u00e8re interactive quand et comme vous le souhaitez.<\/p>\n\n\n\n<p>Pour vous faciliter la vie pour commencer \u00e0 d\u00e9velopper avec nos APIs, nous avons cr\u00e9\u00e9 un mod\u00e8le que vous pouvez t\u00e9l\u00e9charger et importer directement dans Postman afin d&rsquo;avoir toutes les suites et les appels d&rsquo;APIs \u00e0 jour:<\/p>\n\n\n\n<div class=\"wp-block-columns has-black-color has-text-color has-background\" style=\"background-color:#e6e6e6\">\n<div class=\"wp-block-column\">\n<figure class=\"wp-block-image size-full\"><img loading=\"lazy\" width=\"752\" height=\"300\" src=\"http:\/\/documentation-wp.hub.av.priv\/wp-content\/uploads\/2022\/04\/pm-orange-logo-horiz.png\" alt=\"\" class=\"wp-image-6981\" srcset=\"http:\/\/documentation-wp.hub.av.priv\/wp-content\/uploads\/2022\/04\/pm-orange-logo-horiz.png 752w, http:\/\/documentation-wp.hub.av.priv\/wp-content\/uploads\/2022\/04\/pm-orange-logo-horiz-300x120.png 300w\" sizes=\"(max-width: 752px) 100vw, 752px\" \/><figcaption>Besoin d&rsquo;un guide rapide Postman? Passez \u00e0 la <strong>Page&nbsp;2<\/strong>!<\/figcaption><\/figure>\n<\/div>\n\n\n\n<div class=\"wp-block-column is-vertically-aligned-center\">\n<p class=\"has-text-align-center\"><strong>Aurora Vision Open APIs &#8211; Postman Template<\/strong><br>Derni\u00e8re mise \u00e0 jour: 05\/05\/2022<\/p>\n<\/div>\n\n\n\n<div class=\"wp-block-column is-vertically-aligned-center\">\n<div class=\"wp-container-1 wp-block-buttons\">\n<div class=\"wp-block-button has-custom-width wp-block-button__width-100 is-style-fill\"><a class=\"wp-block-button__link\" href=\"http:\/\/documentation-wp.hub.av.priv\/av-api\/av-api-v3.yaml\" style=\"border-radius:0px\" target=\"_blank\" rel=\"noreferrer noopener\" download=\"Aurora_Vision_Open_APIs_REV20220511_Developers_Guide_POSTMAN.yaml\">\u2b73&nbsp;&nbsp;&nbsp;Download Postman Template<\/a><\/div>\n<\/div>\n<\/div>\n<\/div>\n\n\n\n<p>Qu&rsquo;est-ce que tu attends? <strong>Plongez dans le monde des API Aurora Vision et montrez-nous de quoi vous \u00eates capable<\/strong>!<\/p>\n\n\n\n<div style=\"height:10px\" aria-hidden=\"true\" class=\"wp-block-spacer\"><\/div>\n\n\n\n<!--nextpage-->\n\n\n\n<div style=\"height:10px\" aria-hidden=\"true\" class=\"wp-block-spacer\"><\/div>\n\n\n\n<h2>Guide d&rsquo;installation rapide du Postman<\/h2>\n\n\n\n<div style=\"height:10px\" aria-hidden=\"true\" class=\"wp-block-spacer\"><\/div>\n\n\n\n<p>Cette page est destin\u00e9e \u00e0 fournir les principales informations sur la configuration d&rsquo;un espace de travail sur Postman et l&rsquo;importation du mod\u00e8le d&rsquo;API Aurora Vision. Une fois la collection import\u00e9e, nous expliquerons la structure du mod\u00e8le d&rsquo;API et comment effectuer une authentification pour la publication de le <code>X-AuroraVision-Token<\/code>.<br>Pour des informations d\u00e9taill\u00e9es sur Postman et le guide officiel, veuillez vous r\u00e9f\u00e9rer \u00e0 <a rel=\"noreferrer noopener\" href=\"https:\/\/learning.postman.com\/docs\/getting-started\/introduction\/\" target=\"_blank\"><mark style=\"background-color:rgba(0, 0, 0, 0)\" class=\"has-inline-color has-vivid-cyan-blue-color\">Postman Learning Center<\/mark><\/a>.<\/p>\n\n\n\n<div style=\"height:10px\" aria-hidden=\"true\" class=\"wp-block-spacer\"><\/div>\n\n\n\n<p>T\u00e9l\u00e9chargez le mod\u00e8le d&rsquo;API Aurora Vision, lancez Postman et configurez votre espace de travail.<\/p>\n\n\n\n<figure class=\"wp-block-image size-large\"><img loading=\"lazy\" width=\"1024\" height=\"390\" src=\"http:\/\/documentation-wp.hub.av.priv\/wp-content\/uploads\/2022\/05\/postman_workspace-1024x390.png\" alt=\"\" class=\"wp-image-7675\" srcset=\"http:\/\/documentation-wp.hub.av.priv\/wp-content\/uploads\/2022\/05\/postman_workspace-1024x390.png 1024w, http:\/\/documentation-wp.hub.av.priv\/wp-content\/uploads\/2022\/05\/postman_workspace-300x114.png 300w, http:\/\/documentation-wp.hub.av.priv\/wp-content\/uploads\/2022\/05\/postman_workspace-768x293.png 768w, http:\/\/documentation-wp.hub.av.priv\/wp-content\/uploads\/2022\/05\/postman_workspace-1536x585.png 1536w, http:\/\/documentation-wp.hub.av.priv\/wp-content\/uploads\/2022\/05\/postman_workspace-2048x781.png 2048w\" sizes=\"(max-width: 1024px) 100vw, 1024px\" \/><\/figure>\n\n\n\n<p>Cliquez sur <strong>Importer <\/strong>pour importer une nouvelle collection sur Postman, une fen\u00eatre d\u00e9di\u00e9e s&rsquo;ouvrira..<\/p>\n\n\n\n<figure class=\"wp-block-image size-large\"><img loading=\"lazy\" width=\"1024\" height=\"391\" src=\"http:\/\/documentation-wp.hub.av.priv\/wp-content\/uploads\/2022\/05\/postman_import-1-1024x391.png\" alt=\"\" class=\"wp-image-7713\" srcset=\"http:\/\/documentation-wp.hub.av.priv\/wp-content\/uploads\/2022\/05\/postman_import-1-1024x391.png 1024w, http:\/\/documentation-wp.hub.av.priv\/wp-content\/uploads\/2022\/05\/postman_import-1-300x114.png 300w, http:\/\/documentation-wp.hub.av.priv\/wp-content\/uploads\/2022\/05\/postman_import-1-768x293.png 768w, http:\/\/documentation-wp.hub.av.priv\/wp-content\/uploads\/2022\/05\/postman_import-1-1536x586.png 1536w, http:\/\/documentation-wp.hub.av.priv\/wp-content\/uploads\/2022\/05\/postman_import-1-2048x781.png 2048w\" sizes=\"(max-width: 1024px) 100vw, 1024px\" \/><\/figure>\n\n\n\n<p>T\u00e9l\u00e9chargez le mod\u00e8le d&rsquo;API Aurora Vision que vous avez initialement t\u00e9l\u00e9charg\u00e9 sous forme de fichier (<em>ne vous inqui\u00e9tez pas s&rsquo;il s&rsquo;agit d&rsquo;un fichier .txt, l&rsquo;encodage du mod\u00e8le suit le mod\u00e8le Swagger selon le langage YAML et Postman le reconna\u00eetra de toute fa\u00e7on<\/em>)<\/p>\n\n\n\n<figure class=\"wp-block-image size-large\"><img loading=\"lazy\" width=\"1024\" height=\"391\" src=\"http:\/\/documentation-wp.hub.av.priv\/wp-content\/uploads\/2022\/05\/postman_import_settings-1-1024x391.png\" alt=\"\" class=\"wp-image-7721\" srcset=\"http:\/\/documentation-wp.hub.av.priv\/wp-content\/uploads\/2022\/05\/postman_import_settings-1-1024x391.png 1024w, http:\/\/documentation-wp.hub.av.priv\/wp-content\/uploads\/2022\/05\/postman_import_settings-1-300x114.png 300w, http:\/\/documentation-wp.hub.av.priv\/wp-content\/uploads\/2022\/05\/postman_import_settings-1-768x293.png 768w, http:\/\/documentation-wp.hub.av.priv\/wp-content\/uploads\/2022\/05\/postman_import_settings-1-1536x586.png 1536w, http:\/\/documentation-wp.hub.av.priv\/wp-content\/uploads\/2022\/05\/postman_import_settings-1-2048x781.png 2048w\" sizes=\"(max-width: 1024px) 100vw, 1024px\" \/><\/figure>\n\n\n\n<p>Dans les param\u00e8tres d&rsquo;importation du mod\u00e8le, d\u00e9finissez&nbsp;:<\/p>\n\n\n\n<div class=\"wp-block-columns\">\n<div class=\"wp-block-column\">\n<ul><li><strong>Naming requests <\/strong>comme Fallback;<\/li><li><strong>Set indent character<\/strong> comme Space;<\/li><li><strong>Collapse redundant folder<\/strong> comme Active;<\/li><li><strong>Optimize conversion<\/strong> comme Active;<\/li><li><strong>Request parameter generation<\/strong> comme Example;<\/li><li><strong>Response parameter generation<\/strong> comme Example;<\/li><li><strong>Folder organization<\/strong> comme Tags;<\/li><li><strong>Include auth info in example request<\/strong> comme Active;<\/li><li><strong>Disable optional parameters<\/strong> comme Inactive;<\/li><\/ul>\n<\/div>\n<\/div>\n\n\n\n<p>Cliquez sur Importer et attendez que Postman finisse d&rsquo;importer le mod\u00e8le.<\/p>\n\n\n\n<figure class=\"wp-block-image size-large\"><img loading=\"lazy\" width=\"1024\" height=\"389\" src=\"http:\/\/documentation-wp.hub.av.priv\/wp-content\/uploads\/2022\/05\/postman_import_done-1024x389.png\" alt=\"\" class=\"wp-image-7756\" srcset=\"http:\/\/documentation-wp.hub.av.priv\/wp-content\/uploads\/2022\/05\/postman_import_done-1024x389.png 1024w, http:\/\/documentation-wp.hub.av.priv\/wp-content\/uploads\/2022\/05\/postman_import_done-300x114.png 300w, http:\/\/documentation-wp.hub.av.priv\/wp-content\/uploads\/2022\/05\/postman_import_done-768x292.png 768w, http:\/\/documentation-wp.hub.av.priv\/wp-content\/uploads\/2022\/05\/postman_import_done-1536x584.png 1536w, http:\/\/documentation-wp.hub.av.priv\/wp-content\/uploads\/2022\/05\/postman_import_done-2048x778.png 2048w\" sizes=\"(max-width: 1024px) 100vw, 1024px\" \/><\/figure>\n\n\n\n<p>\u00c0 ce stade, une collection a \u00e9t\u00e9 cr\u00e9\u00e9e dans l&rsquo;espace de travail, sous l&rsquo;onglet Collections, et un dossier, sous l&rsquo;onglet API, tous deux portant le nom d&rsquo;API Aurora Vision.<\/p>\n\n\n\n<figure class=\"wp-block-image size-large\"><img loading=\"lazy\" width=\"1024\" height=\"390\" src=\"http:\/\/documentation-wp.hub.av.priv\/wp-content\/uploads\/2022\/05\/postman_workspace-1-1024x390.png\" alt=\"\" class=\"wp-image-7767\" srcset=\"http:\/\/documentation-wp.hub.av.priv\/wp-content\/uploads\/2022\/05\/postman_workspace-1-1024x390.png 1024w, http:\/\/documentation-wp.hub.av.priv\/wp-content\/uploads\/2022\/05\/postman_workspace-1-300x114.png 300w, http:\/\/documentation-wp.hub.av.priv\/wp-content\/uploads\/2022\/05\/postman_workspace-1-768x293.png 768w, http:\/\/documentation-wp.hub.av.priv\/wp-content\/uploads\/2022\/05\/postman_workspace-1-1536x585.png 1536w, http:\/\/documentation-wp.hub.av.priv\/wp-content\/uploads\/2022\/05\/postman_workspace-1-2048x781.png 2048w\" sizes=\"(max-width: 1024px) 100vw, 1024px\" \/><\/figure>\n\n\n\n<p>En \u00e9largissant le dossier, toute la hi\u00e9rarchie des appels propos\u00e9s sera disponible, divis\u00e9e par des balises, qui ne sont autres que les suites \u00e9galement pr\u00e9sent\u00e9es dans le mod\u00e8le Swagger.<\/p>\n\n\n\n<p>Dans le dossier <strong>Authentication<\/strong>, s\u00e9lectionnez<code>GET Authenticate<\/code>.<br>L&rsquo;API d&rsquo;authentification s&rsquo;ouvrira, avec le <strong>Params <\/strong>onglet en surbrillance.<br>Pour avoir une r\u00e9ponse correcte, pour la lib\u00e9ration correcte d&rsquo;un <code>X-AuroraVision-Token<\/code>, il est n\u00e9cessaire de s&rsquo;authentifier aupr\u00e8s du service avec les informations d&rsquo;identification Aurora Vision et le <code>X-AuroraVision-ApiKey<\/code>.<\/p>\n\n\n\n<figure class=\"wp-block-image size-large\"><img loading=\"lazy\" width=\"1024\" height=\"392\" src=\"http:\/\/documentation-wp.hub.av.priv\/wp-content\/uploads\/2022\/05\/postman_authenticate-1-1024x392.png\" alt=\"\" class=\"wp-image-7791\" srcset=\"http:\/\/documentation-wp.hub.av.priv\/wp-content\/uploads\/2022\/05\/postman_authenticate-1-1024x392.png 1024w, http:\/\/documentation-wp.hub.av.priv\/wp-content\/uploads\/2022\/05\/postman_authenticate-1-300x115.png 300w, http:\/\/documentation-wp.hub.av.priv\/wp-content\/uploads\/2022\/05\/postman_authenticate-1-768x294.png 768w, http:\/\/documentation-wp.hub.av.priv\/wp-content\/uploads\/2022\/05\/postman_authenticate-1-1536x589.png 1536w, http:\/\/documentation-wp.hub.av.priv\/wp-content\/uploads\/2022\/05\/postman_authenticate-1-2048x785.png 2048w\" sizes=\"(max-width: 1024px) 100vw, 1024px\" \/><\/figure>\n\n\n\n<p>Click on the <strong>Authorization <\/strong>tab et \u00e0 partir de l\u00e0, s\u00e9lectionnez <strong>Basic Auth<\/strong> depuis le menu d\u00e9roulant.<\/p>\n\n\n\n<figure class=\"wp-block-image size-large\"><img loading=\"lazy\" width=\"1024\" height=\"390\" src=\"http:\/\/documentation-wp.hub.av.priv\/wp-content\/uploads\/2022\/05\/basic_auth-1024x390.png\" alt=\"\" class=\"wp-image-7801\" srcset=\"http:\/\/documentation-wp.hub.av.priv\/wp-content\/uploads\/2022\/05\/basic_auth-1024x390.png 1024w, http:\/\/documentation-wp.hub.av.priv\/wp-content\/uploads\/2022\/05\/basic_auth-300x114.png 300w, http:\/\/documentation-wp.hub.av.priv\/wp-content\/uploads\/2022\/05\/basic_auth-768x293.png 768w, http:\/\/documentation-wp.hub.av.priv\/wp-content\/uploads\/2022\/05\/basic_auth-1536x585.png 1536w, http:\/\/documentation-wp.hub.av.priv\/wp-content\/uploads\/2022\/05\/basic_auth-2048x781.png 2048w\" sizes=\"(max-width: 1024px) 100vw, 1024px\" \/><\/figure>\n\n\n\n<p>Entrer le <strong>UserID <\/strong>et la <strong>Password <\/strong>de votre compte Aurora Vision.<\/p>\n\n\n\n<figure class=\"wp-block-image size-large\"><img loading=\"lazy\" width=\"1024\" height=\"391\" src=\"http:\/\/documentation-wp.hub.av.priv\/wp-content\/uploads\/2022\/05\/credentials-1024x391.png\" alt=\"\" class=\"wp-image-7809\" srcset=\"http:\/\/documentation-wp.hub.av.priv\/wp-content\/uploads\/2022\/05\/credentials-1024x391.png 1024w, http:\/\/documentation-wp.hub.av.priv\/wp-content\/uploads\/2022\/05\/credentials-300x114.png 300w, http:\/\/documentation-wp.hub.av.priv\/wp-content\/uploads\/2022\/05\/credentials-768x293.png 768w, http:\/\/documentation-wp.hub.av.priv\/wp-content\/uploads\/2022\/05\/credentials-1536x586.png 1536w, http:\/\/documentation-wp.hub.av.priv\/wp-content\/uploads\/2022\/05\/credentials-2048x781.png 2048w\" sizes=\"(max-width: 1024px) 100vw, 1024px\" \/><\/figure>\n\n\n\n<p>Clique sur le <strong>Headers <\/strong>onglet et entrez le <code>X-AuroraVision-ApiKey<\/code>.<\/p>\n\n\n\n<figure class=\"wp-block-image size-large\"><img loading=\"lazy\" width=\"1024\" height=\"378\" src=\"http:\/\/documentation-wp.hub.av.priv\/wp-content\/uploads\/2022\/05\/api-key-1024x378.png\" alt=\"\" class=\"wp-image-7820\" srcset=\"http:\/\/documentation-wp.hub.av.priv\/wp-content\/uploads\/2022\/05\/api-key-1024x378.png 1024w, http:\/\/documentation-wp.hub.av.priv\/wp-content\/uploads\/2022\/05\/api-key-300x111.png 300w, http:\/\/documentation-wp.hub.av.priv\/wp-content\/uploads\/2022\/05\/api-key-768x283.png 768w, http:\/\/documentation-wp.hub.av.priv\/wp-content\/uploads\/2022\/05\/api-key-1536x567.png 1536w, http:\/\/documentation-wp.hub.av.priv\/wp-content\/uploads\/2022\/05\/api-key-2048x755.png 2048w\" sizes=\"(max-width: 1024px) 100vw, 1024px\" \/><\/figure>\n\n\n\n<p>Cliquer sur <strong>Send<\/strong> et l&rsquo;appel sera envoy\u00e9 \u00e0 Aurora Vision qui, une fois les informations d&rsquo;identification et le <code>X-AuroraVision-ApiKey<\/code> ont \u00e9t\u00e9 v\u00e9rifi\u00e9s, fournira une r\u00e9ponse (<em>JSON default format<\/em>) qui contiendra le <code>X-AuroraVision-Token<\/code>.<\/p>\n\n\n\n<p>Le jeton est l&rsquo;<code>header<\/code> de tous les appels d&rsquo;API propos\u00e9s et expire apr\u00e8s 60 minutes d&rsquo;inactivit\u00e9 compl\u00e8te ; cela signifie qu&rsquo;il n&rsquo;est pas n\u00e9cessaire d&rsquo;ex\u00e9cuter le <code>GET Authentication<\/code> API eil est grand temps de publier un nouveau <code>X-AuroraVision-Token<\/code> si celui que vous avez d\u00e9j\u00e0 n&rsquo;a pas expir\u00e9.<\/p>\n\n\n\n<p>Pour un guide complet sur les appels disponibles, consultez le <a href=\"http:\/\/documentation-wp.hub.av.priv\/aurora-vision-apis\/openapi-preview\/\" data-type=\"page\" data-id=\"74\"><mark style=\"background-color:rgba(0, 0, 0, 0)\" class=\"has-inline-color has-vivid-cyan-blue-color\">OpenAPIs Swagger<\/mark><\/a> page.<\/p>\n\n\n\n<div style=\"height:10px\" aria-hidden=\"true\" class=\"wp-block-spacer\"><\/div>\n","protected":false},"excerpt":{"rendered":"<p>Afin de garantir \u00e0 l&rsquo;utilisateur final une exp\u00e9rience globale, nous avons cr\u00e9\u00e9 un guide de l&rsquo;utilisateur qui couvre les principaux sujets des API Aurora Vision dans le but de fournir les principales directives pour l&rsquo;utilisation du service et ses impl\u00e9mentations. Le guide sera mis \u00e0 jour au fil du temps&nbsp;: nous ajouterons de nouvelles sections [&hellip;]<\/p>\n","protected":false},"author":4,"featured_media":0,"parent":2869,"menu_order":3,"comment_status":"closed","ping_status":"closed","template":"","meta":[],"_links":{"self":[{"href":"http:\/\/documentation-wp.hub.av.priv\/fr\/wp-json\/wp\/v2\/pages\/1791"}],"collection":[{"href":"http:\/\/documentation-wp.hub.av.priv\/fr\/wp-json\/wp\/v2\/pages"}],"about":[{"href":"http:\/\/documentation-wp.hub.av.priv\/fr\/wp-json\/wp\/v2\/types\/page"}],"author":[{"embeddable":true,"href":"http:\/\/documentation-wp.hub.av.priv\/fr\/wp-json\/wp\/v2\/users\/4"}],"replies":[{"embeddable":true,"href":"http:\/\/documentation-wp.hub.av.priv\/fr\/wp-json\/wp\/v2\/comments?post=1791"}],"version-history":[{"count":28,"href":"http:\/\/documentation-wp.hub.av.priv\/fr\/wp-json\/wp\/v2\/pages\/1791\/revisions"}],"predecessor-version":[{"id":10562,"href":"http:\/\/documentation-wp.hub.av.priv\/fr\/wp-json\/wp\/v2\/pages\/1791\/revisions\/10562"}],"up":[{"embeddable":true,"href":"http:\/\/documentation-wp.hub.av.priv\/fr\/wp-json\/wp\/v2\/pages\/2869"}],"wp:attachment":[{"href":"http:\/\/documentation-wp.hub.av.priv\/fr\/wp-json\/wp\/v2\/media?parent=1791"}],"curies":[{"name":"wp","href":"https:\/\/api.w.org\/{rel}","templated":true}]}}