{"id":1798,"date":"2022-02-21T10:36:37","date_gmt":"2022-02-21T09:36:37","guid":{"rendered":"http:\/\/documentation-wp.hub.av.priv\/aurora-vision-apis__trashed\/user-guide\/general-overview\/"},"modified":"2022-05-23T10:06:24","modified_gmt":"2022-05-23T09:06:24","slug":"general-overview","status":"publish","type":"page","link":"http:\/\/documentation-wp.hub.av.priv\/fr\/aurora-vision-apis\/user-guide\/general-overview\/","title":{"rendered":"Aper\u00e7u G\u00e9n\u00e9ral"},"content":{"rendered":"\n<div style=\"height:20px\" aria-hidden=\"true\" class=\"wp-block-spacer\"><\/div>\n\n\n\n<h2 id=\"what-is-aurora-vision-apis\">Qu&rsquo;est-ce que les APIs Aurora&nbsp;Vision?<\/h2>\n\n\n\n<p>Aurora Vision&nbsp;APIs&nbsp;est le&nbsp;service <code>RESTful<\/code> Cloud-APIs, mis \u00e0 disposition via le cloud Aurora Vision, qui donne acc\u00e8s \u00e0 plusieurs suites d&rsquo;appels afin d&rsquo;obtenir des donn\u00e9es et des informations relatives aux centrales solaires photovolta\u00efques FIMER.<br><br>Afin de pouvoir profiter des appels API mis \u00e0 disposition, les centrales solaires photovolta\u00efques FIMER (<em>avec tous les appareils pris en charge<\/em>) doivent \u00eatre correctement enregistr\u00e9es sur Aurora Vision : une entit\u00e9 centrale est n\u00e9cessaire pour permettre ult\u00e9rieurement l&rsquo;enregistrement d&rsquo;une entit\u00e9 onduleur afin d&rsquo;\u00eatre capable de g\u00e9n\u00e9rer leurs EntityID respectifs, qui sont des s\u00e9quences num\u00e9riques qui identifient de mani\u00e8re unique un certain actif au sein d&rsquo;Aurora Vision.<\/p>\n\n\n\n<div style=\"height:20px\" aria-hidden=\"true\" class=\"wp-block-spacer\"><\/div>\n\n\n\n<h2 id=\"how-to-access-aurora-vision-apis\">Comment acc\u00e9der aux APIs Aurora Vision?<\/h2>\n\n\n\n<p id=\"how-to-access-aurora-vision-apis\">L&rsquo;acc\u00e8s au service est simple et rapide, il vous suffit de:<\/p>\n\n\n\n<ul><li>Un compte Aurora Vision correctement valid\u00e9 (<em>le service APIs ne regarde pas le r\u00f4le privil\u00e8ge de votre compte Aurora Vision<\/em>) et avec la derni\u00e8re version du EULA accept\u00e9e;<\/li><li>Une <code>X-AuroraVision-ApiKey<\/code> qui, avec les informations d&rsquo;identification de votre compte, vous permet de vous authentifier aupr\u00e8s du service et d&rsquo;obtenir ainsi un <code>X-AuroraVision-Token<\/code> (<em>cloud token<\/em>) \u00e0 utiliser comme header de tous les appels.<\/li><\/ul>\n\n\n\n<p>Le compte Aurora Vision peut \u00eatre cr\u00e9\u00e9 ind\u00e9pendamment et, lors du processus de cr\u00e9ation, inclut la validation.<br>Le CLUF peut \u00eatre accept\u00e9 lors de la premi\u00e8re connexion \u00e0 Aurora Vision, via l&rsquo;utilisation de produits ou d&rsquo;applications Web, ou via le service APIs.<br>La <code>X-AuroraVision-ApiKey<\/code> peut \u00eatre obtenu en ouvrant une demande au service client FIMER (<em>veuillez consulter la page <a href=\"http:\/\/documentation-wp.hub.av.priv\/aurora-vision-apis\/feedback\/\" data-type=\"page\" data-id=\"637\"><mark style=\"background-color:rgba(0, 0, 0, 0)\" class=\"has-inline-color has-vivid-cyan-blue-color\">Contacts<\/mark><\/a><\/em> ).<\/p>\n\n\n\n<p><strong>REMARQUE<\/strong>: pour que le support client FIMER \u00e9mette une <code>X-AuroraVision-ApiKey <\/code>valide, vous devrez vous inscrire ou \u00eatre associ\u00e9 \u00e0 au moins un actif de l&rsquo;usine dans Aurora Vision.<\/p>\n","protected":false},"excerpt":{"rendered":"<p>Qu&rsquo;est-ce que les APIs Aurora&nbsp;Vision? Aurora Vision&nbsp;APIs&nbsp;est le&nbsp;service RESTful Cloud-APIs, mis \u00e0 disposition via le cloud Aurora Vision, qui donne acc\u00e8s \u00e0 plusieurs suites d&rsquo;appels afin d&rsquo;obtenir des donn\u00e9es et des informations relatives aux centrales solaires photovolta\u00efques FIMER. Afin de pouvoir profiter des appels API mis \u00e0 disposition, les centrales solaires photovolta\u00efques FIMER (avec tous [&hellip;]<\/p>\n","protected":false},"author":4,"featured_media":0,"parent":1791,"menu_order":1,"comment_status":"closed","ping_status":"closed","template":"","meta":[],"_links":{"self":[{"href":"http:\/\/documentation-wp.hub.av.priv\/fr\/wp-json\/wp\/v2\/pages\/1798"}],"collection":[{"href":"http:\/\/documentation-wp.hub.av.priv\/fr\/wp-json\/wp\/v2\/pages"}],"about":[{"href":"http:\/\/documentation-wp.hub.av.priv\/fr\/wp-json\/wp\/v2\/types\/page"}],"author":[{"embeddable":true,"href":"http:\/\/documentation-wp.hub.av.priv\/fr\/wp-json\/wp\/v2\/users\/4"}],"replies":[{"embeddable":true,"href":"http:\/\/documentation-wp.hub.av.priv\/fr\/wp-json\/wp\/v2\/comments?post=1798"}],"version-history":[{"count":17,"href":"http:\/\/documentation-wp.hub.av.priv\/fr\/wp-json\/wp\/v2\/pages\/1798\/revisions"}],"predecessor-version":[{"id":7878,"href":"http:\/\/documentation-wp.hub.av.priv\/fr\/wp-json\/wp\/v2\/pages\/1798\/revisions\/7878"}],"up":[{"embeddable":true,"href":"http:\/\/documentation-wp.hub.av.priv\/fr\/wp-json\/wp\/v2\/pages\/1791"}],"wp:attachment":[{"href":"http:\/\/documentation-wp.hub.av.priv\/fr\/wp-json\/wp\/v2\/media?parent=1798"}],"curies":[{"name":"wp","href":"https:\/\/api.w.org\/{rel}","templated":true}]}}