{"id":1805,"date":"2022-02-23T11:47:17","date_gmt":"2022-02-23T10:47:17","guid":{"rendered":"http:\/\/documentation-wp.hub.av.priv\/aurora-vision-apis__trashed\/user-guide\/server-urls\/"},"modified":"2022-05-23T10:06:39","modified_gmt":"2022-05-23T09:06:39","slug":"server-urls","status":"publish","type":"page","link":"http:\/\/documentation-wp.hub.av.priv\/fr\/aurora-vision-apis\/user-guide\/server-urls\/","title":{"rendered":"Server et URLs"},"content":{"rendered":"\n<div style=\"height:10px\" aria-hidden=\"true\" class=\"wp-block-spacer\"><\/div>\n\n\n\n<p>Tous les points de terminaison des API sont relatifs \u00e0 l&rsquo;URL de base <code>https:\/\/api.auroravision.net\/api\/rest<\/code>.<br>En fonction de l&rsquo;API que vous souhaitez appeler, vous aurez une concat\u00e9nation entre l&rsquo;URL de base et les param\u00e8tres de chemin des points de terminaison d\u00e9di\u00e9s \u00e0 des ressources et services sp\u00e9cifiques.<br>Par exemple&nbsp;: en supposant que vous souhaitiez vous authentifier, l&rsquo;API sera compos\u00e9e de l&rsquo;URL de base <code>https:\/\/api.auroravision.net\/api\/rest<\/code> concat\u00e9n\u00e9 au point de terminaison exprim\u00e9 avec le param\u00e8tre path <code>\/authenticate<\/code>.<\/p>\n\n\n\n<p>En g\u00e9n\u00e9ral, il est toujours important de garder \u00e0 l&rsquo;esprit que toute API:<\/p>\n\n\n\n<ul><li><code>Path<\/code>: parties variables d&rsquo;un chemin d&rsquo;URL utilis\u00e9 pour pointer vers une ressource sp\u00e9cifique dans une collection;<\/li><li><code>Header<\/code>: piloter les param\u00e8tres pour les requ\u00eates HTTP qui sont n\u00e9cessaires pour obtenir une r\u00e9ponse c\u00f4t\u00e9 serveur;<\/li><li><code>Query<\/code>: param\u00e8tres permettant de filtrer et de personnaliser l&rsquo;appel API en les encha\u00eenant avec une syntaxe sp\u00e9cifique, ils peuvent \u00eatre obligatoires ou facultatifs;<\/li><\/ul>\n\n\n\n<p>Tout appel effectu\u00e9 via le service API a le <code>X-AuroraVision-Token<\/code> comme header.<br>Pour obtenir le jeton, vous devez utiliser le <code>Authentication<\/code> API en entrant les informations d&rsquo;identification du compte Aurora Vision avec le<code> X-AuroraVision-ApiKey<\/code> comme <code>header<\/code> de l&rsquo;appel.<br><br>Il est possible de visualiser toutes les API, avec une description de tous les param\u00e8tres, \u00e0 travers la documentation appropri\u00e9e (<a href=\"http:\/\/documentation-wp.hub.av.priv\/aurora-vision-apis\/openapi-preview\/\" data-type=\"page\" data-id=\"74\"><mark style=\"background-color:rgba(0, 0, 0, 0)\" class=\"has-inline-color has-vivid-cyan-blue-color\">OpenAPIs Swagger<\/mark><\/a>).<\/p>\n","protected":false},"excerpt":{"rendered":"<p>Tous les points de terminaison des API sont relatifs \u00e0 l&rsquo;URL de base https:\/\/api.auroravision.net\/api\/rest.En fonction de l&rsquo;API que vous souhaitez appeler, vous aurez une concat\u00e9nation entre l&rsquo;URL de base et les param\u00e8tres de chemin des points de terminaison d\u00e9di\u00e9s \u00e0 des ressources et services sp\u00e9cifiques.Par exemple&nbsp;: en supposant que vous souhaitiez vous authentifier, l&rsquo;API sera [&hellip;]<\/p>\n","protected":false},"author":4,"featured_media":0,"parent":1791,"menu_order":3,"comment_status":"closed","ping_status":"closed","template":"","meta":[],"_links":{"self":[{"href":"http:\/\/documentation-wp.hub.av.priv\/fr\/wp-json\/wp\/v2\/pages\/1805"}],"collection":[{"href":"http:\/\/documentation-wp.hub.av.priv\/fr\/wp-json\/wp\/v2\/pages"}],"about":[{"href":"http:\/\/documentation-wp.hub.av.priv\/fr\/wp-json\/wp\/v2\/types\/page"}],"author":[{"embeddable":true,"href":"http:\/\/documentation-wp.hub.av.priv\/fr\/wp-json\/wp\/v2\/users\/4"}],"replies":[{"embeddable":true,"href":"http:\/\/documentation-wp.hub.av.priv\/fr\/wp-json\/wp\/v2\/comments?post=1805"}],"version-history":[{"count":14,"href":"http:\/\/documentation-wp.hub.av.priv\/fr\/wp-json\/wp\/v2\/pages\/1805\/revisions"}],"predecessor-version":[{"id":7879,"href":"http:\/\/documentation-wp.hub.av.priv\/fr\/wp-json\/wp\/v2\/pages\/1805\/revisions\/7879"}],"up":[{"embeddable":true,"href":"http:\/\/documentation-wp.hub.av.priv\/fr\/wp-json\/wp\/v2\/pages\/1791"}],"wp:attachment":[{"href":"http:\/\/documentation-wp.hub.av.priv\/fr\/wp-json\/wp\/v2\/media?parent=1805"}],"curies":[{"name":"wp","href":"https:\/\/api.w.org\/{rel}","templated":true}]}}