{"id":1812,"date":"2022-02-21T08:09:06","date_gmt":"2022-02-21T07:09:06","guid":{"rendered":"http:\/\/documentation-wp.hub.av.priv\/aurora-vision-apis__trashed\/user-guide\/serverlimit-maintanances\/"},"modified":"2022-04-25T07:38:55","modified_gmt":"2022-04-25T06:38:55","slug":"serverlimit-maintanances","status":"publish","type":"page","link":"http:\/\/documentation-wp.hub.av.priv\/fr\/aurora-vision-apis\/user-guide\/serverlimit-maintanances\/","title":{"rendered":"Limites, Maintenances"},"content":{"rendered":"\n<div style=\"height:20px\" aria-hidden=\"true\" class=\"wp-block-spacer\"><\/div>\n\n\n\n<h2 id=\"rate-limit\">Limites<\/h2>\n\n\n\n<p>Les termes et conditions des API Aurora Vision sont d\u00e9crits dans le&nbsp;<strong>EULA<\/strong>.<br>Puisqu&rsquo;il est obligatoire d&rsquo;accepter le EULA pour pouvoir acc\u00e9der au service, nous vous recommandons de le lire attentivement afin d&rsquo;en comprendre le sens et les limites impos\u00e9es.<br>Dans la documentation, il est possible d&rsquo;obtenir des informations sur le EULA via le <code>Service Agreement<\/code> suite, o\u00f9 vous trouverez les appels API qui vous permettent de:<\/p>\n\n\n\n<div style=\"height:10px\" aria-hidden=\"true\" class=\"wp-block-spacer\"><\/div>\n\n\n\n<div class=\"wp-block-columns alignwide\">\n<div class=\"wp-elements-2 wp-block-column has-text-color has-background has-link-color\" style=\"background-color:#e6e6e6;color:#000000;padding-top:2em;padding-right:2em;padding-bottom:2em;padding-left:2em;flex-basis:600px\">\n<p><strong>Service Agreements Suite &#8211; EULA<\/strong><\/p>\n\n\n\n<p>Permet \u00e0 l&rsquo;utilisateur de r\u00e9cup\u00e9rer et de lire activement le EULA Aurora Vision (<code>HTML<\/code> format).<\/p>\n\n\n\n<hr class=\"wp-block-separator has-text-color has-background has-black-background-color has-black-color is-style-wide\"\/>\n\n\n\n<p class=\"has-text-align-center\"><strong>Request<\/strong><\/p>\n\n\n\n<p class=\"has-text-align-center\"><code>GET<\/code>&nbsp;&nbsp;&nbsp;<code>https:\/\/api.auroravision.net\/api\/rest\/eula<\/code><\/p>\n\n\n\n<hr class=\"wp-block-separator has-text-color has-background is-style-wide\" style=\"background-color:#000000;color:#000000\"\/>\n\n\n\n<div class=\"wp-block-columns\">\n<div class=\"wp-block-column\">\n<p class=\"has-text-align-center\"><strong>Header<\/strong><\/p>\n\n\n\n<p class=\"has-text-align-center\"><code>X-AuroraVision-ApiKey<\/code><\/p>\n<\/div>\n\n\n\n<div class=\"wp-block-column\">\n<p class=\"has-text-align-center\"><strong>HTTP Basic Authentication<\/strong><\/p>\n\n\n\n<p class=\"has-text-align-center\"><code>https:\/\/UserID:Password@<\/code><\/p>\n<\/div>\n<\/div>\n\n\n\n<hr class=\"wp-block-separator has-text-color has-background has-black-background-color has-black-color is-style-wide\"\/>\n\n\n\n<p class=\"has-text-align-center\"><strong>Curl<\/strong><\/p>\n\n\n\n<p class=\"has-text-align-center\"><code>curl --request GET https:\/\/UserID:Password@api.auroravision.net\/api\/rest\/eula --header \"X-AuroraVision-ApiKey: 1a23b456-c789-1d23-12ef-ghil123456mn-1o23\"<\/code><\/p>\n\n\n\n<hr class=\"wp-block-separator has-text-color has-background has-black-background-color has-black-color is-style-wide\"\/>\n\n\n\n<div class=\"wp-container-1 wp-block-buttons alignfull\">\n<div class=\"wp-block-button has-custom-width wp-block-button__width-100 is-style-fill\"><a class=\"wp-block-button__link\" href=\"http:\/\/documentation-wp.hub.av.priv\/aurora-vision-apis\/openapi-preview\/\" style=\"border-radius:0px\">OpenAPIs Swagger&nbsp;&nbsp;&nbsp;\u279c<\/a><\/div>\n<\/div>\n<\/div>\n\n\n\n<div class=\"wp-elements-4 wp-block-column has-text-color has-background has-link-color\" style=\"background-color:#e6e6e6;color:#000000;padding-top:2em;padding-right:2em;padding-bottom:2em;padding-left:2em;flex-basis:600px\">\n<p class=\"has-normal-font-size\" style=\"line-height:1.5\"><strong>Service Agreements Suite &#8211; Accept EULA<\/strong><\/p>\n\n\n\n<p>Permet \u00e0 l&rsquo;utilisateur d&rsquo;accepter le EULA Aurora Vision.<\/p>\n\n\n\n<hr class=\"wp-block-separator is-style-wide\"\/>\n\n\n\n<p class=\"has-text-align-center\"><strong>Request<\/strong><\/p>\n\n\n\n<p class=\"has-text-align-center\"><code>PUT https:\/\/api.auroravision.net\/api\/rest\/eula<\/code><\/p>\n\n\n\n<hr class=\"wp-block-separator has-text-color has-background has-black-background-color has-black-color is-style-wide\"\/>\n\n\n\n<div class=\"wp-block-columns\">\n<div class=\"wp-block-column\">\n<p class=\"has-text-align-center\"><strong>Header<\/strong><\/p>\n\n\n\n<p class=\"has-text-align-center\"><code>X-AuroraVision-ApiKey<\/code><\/p>\n<\/div>\n\n\n\n<div class=\"wp-block-column\">\n<p class=\"has-text-align-center\"><strong>HTTP Basic Authentication<\/strong><\/p>\n\n\n\n<p class=\"has-text-align-center\"><code>https:\/\/UserID:Password@<\/code><\/p>\n<\/div>\n<\/div>\n\n\n\n<hr class=\"wp-block-separator has-text-color has-background has-black-background-color has-black-color is-style-wide\"\/>\n\n\n\n<p class=\"has-text-align-center\"><strong>Curl<\/strong><\/p>\n\n\n\n<p class=\"has-text-align-center\"><code>curl --request PUT https:\/\/UserID:Password@api.auroravision.net\/api\/rest\/eula --header \"X-AuroraVision-ApiKey: 1a23b456-c789-1d23-12ef-ghil123456mn-1o23\"<\/code><\/p>\n\n\n\n<hr class=\"wp-block-separator has-text-color has-background has-black-background-color has-black-color is-style-wide\"\/>\n\n\n\n<div class=\"wp-container-3 wp-block-buttons alignfull\">\n<div class=\"wp-block-button has-custom-width wp-block-button__width-100 is-style-fill\"><a class=\"wp-block-button__link\" href=\"http:\/\/documentation-wp.hub.av.priv\/aurora-vision-apis\/openapi-preview\/\" style=\"border-radius:0px\">OpenAPIs Swagger&nbsp;&nbsp;&nbsp;\u279c<\/a><\/div>\n<\/div>\n<\/div>\n<\/div>\n\n\n\n<div style=\"height:10px\" aria-hidden=\"true\" class=\"wp-block-spacer\"><\/div>\n\n\n\n<h2 id=\"maintenances\">Maintenances<\/h2>\n\n\n\n<p>Aurora Vision subit p\u00e9riodiquement une maintenance planifi\u00e9e pour am\u00e9liorer les services offerts \u00e0 nos clients.<br>Dans la documentation, il est possible d&rsquo;obtenir des informations sur la maintenance planifi\u00e9e ou en cours par le  <code>Service Info<\/code> suite, o\u00f9 vous trouverez le  <code>Maintanance Status <\/code>API:<\/p>\n\n\n\n<div class=\"wp-block-columns alignwide\">\n<div class=\"wp-elements-6 wp-block-column is-vertically-aligned-center has-text-color has-background has-link-color\" style=\"background-color:#e6e6e6;color:#000000;padding-top:2em;padding-right:2em;padding-bottom:2em;padding-left:2em;flex-basis:900px\">\n<p id=\"block-642067b6-8498-4475-8570-6d5326b10284\"><strong>Service Info Suite &#8211; Maintenance Status<\/strong><\/p>\n\n\n\n<p id=\"block-555704dc-a9fd-41ef-ab40-0c84757f7f80\">Permet de r\u00e9cup\u00e9rer le bandeau de maintenance Aurora Vision pour savoir s&rsquo;il y a des maintenances programm\u00e9es ou en cours.<\/p>\n\n\n\n<hr class=\"wp-block-separator has-text-color has-background has-black-background-color has-black-color is-style-wide\" id=\"block-e7b89354-d03d-4673-abdd-e164dda0565e\"\/>\n\n\n\n<p class=\"has-text-align-center\" id=\"block-1bd326d3-811e-4539-829d-d07a0ad41640\"><strong>Request<\/strong><\/p>\n\n\n\n<p class=\"has-text-align-center\" id=\"block-ffecfa3b-edf3-4b77-8553-8362819a2ead\"><code>GET<\/code>&nbsp;&nbsp;&nbsp;<code>https:\/\/api.auroravision.net\/api\/rest\/status<\/code><\/p>\n\n\n\n<hr class=\"wp-block-separator has-text-color has-background has-black-background-color has-black-color is-style-wide\" id=\"block-2519de75-32f1-4d5f-9d5f-53ff0506cd74\"\/>\n\n\n\n<div class=\"wp-container-5 wp-block-buttons alignfull\">\n<div class=\"wp-block-button has-custom-width wp-block-button__width-100\"><a class=\"wp-block-button__link has-white-color has-text-color\" href=\"http:\/\/documentation-wp.hub.av.priv\/aurora-vision-apis\/openapi-preview\/\" style=\"border-radius:0px\">OpenAPIs Swagger&nbsp;&nbsp;&nbsp;\u279c<\/a><\/div>\n<\/div>\n<\/div>\n<\/div>\n","protected":false},"excerpt":{"rendered":"<p>Limites Les termes et conditions des API Aurora Vision sont d\u00e9crits dans le&nbsp;EULA.Puisqu&rsquo;il est obligatoire d&rsquo;accepter le EULA pour pouvoir acc\u00e9der au service, nous vous recommandons de le lire attentivement afin d&rsquo;en comprendre le sens et les limites impos\u00e9es.Dans la documentation, il est possible d&rsquo;obtenir des informations sur le EULA via le Service Agreement suite, [&hellip;]<\/p>\n","protected":false},"author":4,"featured_media":0,"parent":1791,"menu_order":4,"comment_status":"closed","ping_status":"closed","template":"","meta":[],"_links":{"self":[{"href":"http:\/\/documentation-wp.hub.av.priv\/fr\/wp-json\/wp\/v2\/pages\/1812"}],"collection":[{"href":"http:\/\/documentation-wp.hub.av.priv\/fr\/wp-json\/wp\/v2\/pages"}],"about":[{"href":"http:\/\/documentation-wp.hub.av.priv\/fr\/wp-json\/wp\/v2\/types\/page"}],"author":[{"embeddable":true,"href":"http:\/\/documentation-wp.hub.av.priv\/fr\/wp-json\/wp\/v2\/users\/4"}],"replies":[{"embeddable":true,"href":"http:\/\/documentation-wp.hub.av.priv\/fr\/wp-json\/wp\/v2\/comments?post=1812"}],"version-history":[{"count":33,"href":"http:\/\/documentation-wp.hub.av.priv\/fr\/wp-json\/wp\/v2\/pages\/1812\/revisions"}],"predecessor-version":[{"id":6951,"href":"http:\/\/documentation-wp.hub.av.priv\/fr\/wp-json\/wp\/v2\/pages\/1812\/revisions\/6951"}],"up":[{"embeddable":true,"href":"http:\/\/documentation-wp.hub.av.priv\/fr\/wp-json\/wp\/v2\/pages\/1791"}],"wp:attachment":[{"href":"http:\/\/documentation-wp.hub.av.priv\/fr\/wp-json\/wp\/v2\/media?parent=1812"}],"curies":[{"name":"wp","href":"https:\/\/api.w.org\/{rel}","templated":true}]}}