{"id":1823,"date":"2022-02-21T08:07:23","date_gmt":"2022-02-21T07:07:23","guid":{"rendered":"http:\/\/documentation-wp.hub.av.priv\/aurora-vision-apis__trashed\/user-guide\/authentication\/"},"modified":"2022-04-25T07:39:06","modified_gmt":"2022-04-25T06:39:06","slug":"authentication","status":"publish","type":"page","link":"http:\/\/documentation-wp.hub.av.priv\/fr\/aurora-vision-apis\/user-guide\/authentication\/","title":{"rendered":"Authentification"},"content":{"rendered":"\n<div style=\"height:10px\" aria-hidden=\"true\" class=\"wp-block-spacer\"><\/div>\n\n\n\n<p>Avec un compte Aurora Vision, vous pouvez demander une <code>X-AuroraVision-ApiKey<\/code> en contactant le Service Client FIMER.<br>La cl\u00e9 est li\u00e9e de mani\u00e8re unique au compte Aurora Vision et aux actifs enregistr\u00e9s ou associ\u00e9s \u00e0 ce compte..<\/p>\n\n\n\n<p>Une fois la <code>X-AuroraVision-ApiKey<\/code> a \u00e9t\u00e9 obtenu, il est possible d&rsquo;acc\u00e9der au service en l&rsquo;utilisant comme <code>header<\/code> du <code>Authentication<\/code> API en conjonction avec les informations d&rsquo;identification du compte Aurora Vision. Ce contr\u00f4le en deux \u00e9tapes permet \u00e0 un utilisateur de se connecter uniquement si la cl\u00e9 qui lui est associ\u00e9e est la bonne, prot\u00e9geant ainsi la confidentialit\u00e9 des donn\u00e9es sur la plateforme cloud.<br><br>Prenons un exemple.<br><br>En supposant que nous ayons un compte Aurora Vision avec les informations d&rsquo;identification suivantes:<br><code><strong>UserID<\/strong><\/code> : user.test<br><code><strong>Password<\/strong><\/code> : Test123!<br><code><strong>X-AuroraVision-ApiKey<\/strong><\/code> : 1a23b456-c789-1d23-12ef-ghil123456mn-1o23<\/p>\n\n\n\n<p>Tous les param\u00e8tres n\u00e9cessaires pour acc\u00e9der au service:<\/p>\n\n\n\n<div class=\"wp-block-columns\">\n<div class=\"wp-block-column\">\n<div class=\"wp-block-columns alignwide\">\n<div class=\"wp-elements-2 wp-block-column has-text-color has-background has-link-color\" style=\"background-color:#e6e6e6;color:#000000;padding-top:2em;padding-right:2em;padding-bottom:2em;padding-left:2em\">\n<p class=\"has-normal-font-size\" style=\"line-height:1.5\"><strong>Authentication Suite &#8211; Authenticate<\/strong><\/p>\n\n\n\n<p>Permet d&rsquo;\u00e9mettre un <code>X-AuroraVision-Token<\/code>, qui expire apr\u00e8s 60 minutes d&rsquo;inactivit\u00e9, \u00e0 utiliser comme en-t\u00eate pour tous les appels du service APIs.<\/p>\n\n\n\n<hr class=\"wp-block-separator is-style-wide\"\/>\n\n\n\n<p class=\"has-text-align-center\"><strong>Request<\/strong><\/p>\n\n\n\n<p class=\"has-text-align-center\"><code>GET https:\/\/api.auroravision.net\/api\/rest\/authenticate<\/code><\/p>\n\n\n\n<hr class=\"wp-block-separator has-text-color has-background has-black-background-color has-black-color is-style-wide\"\/>\n\n\n\n<div class=\"wp-block-columns\">\n<div class=\"wp-block-column\">\n<p class=\"has-text-align-center\"><strong>Header<\/strong><\/p>\n\n\n\n<p class=\"has-text-align-center\"><code>X-AuroraVision-ApiKey<\/code><\/p>\n<\/div>\n\n\n\n<div class=\"wp-block-column\">\n<p class=\"has-text-align-center\"><strong>HTTP Basic Authentication<\/strong><\/p>\n\n\n\n<p class=\"has-text-align-center\"><code>https:\/\/user.test:Test123!@<\/code><\/p>\n<\/div>\n<\/div>\n\n\n\n<hr class=\"wp-block-separator has-text-color has-background has-black-background-color has-black-color is-style-wide\"\/>\n\n\n\n<p class=\"has-text-align-center\"><strong>Curl<\/strong><\/p>\n\n\n\n<p class=\"has-text-align-center\"><code>curl --request GET https:\/\/user.test:Test123!@api.auroravision.net\/api\/rest\/authenticate --header \"X-AuroraVision-ApiKey: 1a23b456-c789-1d23-12ef-ghil123456mn-1o23\"<\/code><\/p>\n\n\n\n<hr class=\"wp-block-separator has-text-color has-background has-black-background-color has-black-color is-style-wide\"\/>\n\n\n\n<div class=\"wp-container-1 wp-block-buttons alignfull\">\n<div class=\"wp-block-button has-custom-width wp-block-button__width-100\"><a class=\"wp-block-button__link has-white-color has-text-color\" href=\"http:\/\/documentation-wp.hub.av.priv\/aurora-vision-apis\/openapi-preview\/\" style=\"border-radius:0px\">OpenAPIs Swagger&nbsp;&nbsp;&nbsp;\u279c<\/a><\/div>\n<\/div>\n<\/div>\n<\/div>\n<\/div>\n<\/div>\n","protected":false},"excerpt":{"rendered":"<p>Avec un compte Aurora Vision, vous pouvez demander une X-AuroraVision-ApiKey en contactant le Service Client FIMER.La cl\u00e9 est li\u00e9e de mani\u00e8re unique au compte Aurora Vision et aux actifs enregistr\u00e9s ou associ\u00e9s \u00e0 ce compte.. Une fois la X-AuroraVision-ApiKey a \u00e9t\u00e9 obtenu, il est possible d&rsquo;acc\u00e9der au service en l&rsquo;utilisant comme header du Authentication API [&hellip;]<\/p>\n","protected":false},"author":4,"featured_media":0,"parent":1791,"menu_order":5,"comment_status":"closed","ping_status":"closed","template":"","meta":[],"_links":{"self":[{"href":"http:\/\/documentation-wp.hub.av.priv\/fr\/wp-json\/wp\/v2\/pages\/1823"}],"collection":[{"href":"http:\/\/documentation-wp.hub.av.priv\/fr\/wp-json\/wp\/v2\/pages"}],"about":[{"href":"http:\/\/documentation-wp.hub.av.priv\/fr\/wp-json\/wp\/v2\/types\/page"}],"author":[{"embeddable":true,"href":"http:\/\/documentation-wp.hub.av.priv\/fr\/wp-json\/wp\/v2\/users\/4"}],"replies":[{"embeddable":true,"href":"http:\/\/documentation-wp.hub.av.priv\/fr\/wp-json\/wp\/v2\/comments?post=1823"}],"version-history":[{"count":13,"href":"http:\/\/documentation-wp.hub.av.priv\/fr\/wp-json\/wp\/v2\/pages\/1823\/revisions"}],"predecessor-version":[{"id":6952,"href":"http:\/\/documentation-wp.hub.av.priv\/fr\/wp-json\/wp\/v2\/pages\/1823\/revisions\/6952"}],"up":[{"embeddable":true,"href":"http:\/\/documentation-wp.hub.av.priv\/fr\/wp-json\/wp\/v2\/pages\/1791"}],"wp:attachment":[{"href":"http:\/\/documentation-wp.hub.av.priv\/fr\/wp-json\/wp\/v2\/media?parent=1823"}],"curies":[{"name":"wp","href":"https:\/\/api.w.org\/{rel}","templated":true}]}}