{"id":1837,"date":"2022-01-27T10:29:09","date_gmt":"2022-01-27T09:29:09","guid":{"rendered":"http:\/\/documentation-wp.hub.av.priv\/energy-viewer\/"},"modified":"2022-03-01T11:38:45","modified_gmt":"2022-03-01T10:38:45","slug":"energy-viewer","status":"publish","type":"page","link":"http:\/\/documentation-wp.hub.av.priv\/fr\/energy-viewer\/","title":{"rendered":"Energy Viewer"},"content":{"rendered":"\n<div style=\"height:10px\" aria-hidden=\"true\" class=\"wp-block-spacer\"><\/div>\n\n\n\n<p>Energy Viewer est un produit intelligent qui permet aux propri\u00e9taires de centrales solaires de surveiller facilement et \u00e0 distance la production de leur syst\u00e8me et la consommation de leur maison, en contr\u00f4lant leur consommation d&rsquo;\u00e9nergie et leurs \u00e9conomies, avec ou sans syst\u00e8me de stockage d&rsquo;\u00e9nergie install\u00e9.<\/p>\n\n\n\n<div style=\"height:20px\" aria-hidden=\"true\" class=\"wp-block-spacer\"><\/div>\n\n\n\n<p>\u2022 <strong><strong>Quels sont les principaux points forts d&rsquo;Energy Viewer?<\/strong><\/strong><\/p>\n\n\n\n<div style=\"height:20px\" aria-hidden=\"true\" class=\"wp-block-spacer\"><\/div>\n\n\n\n<div class=\"wp-block-columns\">\n<div class=\"wp-block-column\">\n<figure class=\"wp-block-image size-large\"><img loading=\"lazy\" width=\"1024\" height=\"576\" src=\"http:\/\/documentation-wp.hub.av.priv\/wp-content\/uploads\/2022\/02\/EV_group_png-1024x576.png\" alt=\"\" class=\"wp-image-501\" srcset=\"http:\/\/documentation-wp.hub.av.priv\/wp-content\/uploads\/2022\/02\/EV_group_png-1024x576.png 1024w, http:\/\/documentation-wp.hub.av.priv\/wp-content\/uploads\/2022\/02\/EV_group_png-300x169.png 300w, http:\/\/documentation-wp.hub.av.priv\/wp-content\/uploads\/2022\/02\/EV_group_png-768x432.png 768w, http:\/\/documentation-wp.hub.av.priv\/wp-content\/uploads\/2022\/02\/EV_group_png.png 1280w\" sizes=\"(max-width: 1024px) 100vw, 1024px\" \/><\/figure>\n\n\n\n<h2 class=\"has-text-align-center has-medium-font-size\" id=\"dynamically-adaptable\">Dynamiquement Adaptable<\/h2>\n\n\n\n<p class=\"has-text-align-center\">Energy Viewer s&rsquo;adapte dynamiquement \u00e0 la configuration physique de votre installation : onduleurs, compteurs, stockage, bornes de recharge!<\/p>\n<\/div>\n\n\n\n<div class=\"wp-block-column\">\n<figure class=\"wp-block-image size-large\"><img loading=\"lazy\" width=\"1024\" height=\"576\" src=\"http:\/\/documentation-wp.hub.av.priv\/wp-content\/uploads\/2022\/02\/telemetries-1024x576.png\" alt=\"\" class=\"wp-image-530\" srcset=\"http:\/\/documentation-wp.hub.av.priv\/wp-content\/uploads\/2022\/02\/telemetries-1024x576.png 1024w, http:\/\/documentation-wp.hub.av.priv\/wp-content\/uploads\/2022\/02\/telemetries-300x169.png 300w, http:\/\/documentation-wp.hub.av.priv\/wp-content\/uploads\/2022\/02\/telemetries-768x432.png 768w, http:\/\/documentation-wp.hub.av.priv\/wp-content\/uploads\/2022\/02\/telemetries.png 1280w\" sizes=\"(max-width: 1024px) 100vw, 1024px\" \/><\/figure>\n\n\n\n<h2 class=\"has-text-align-center has-medium-font-size\" id=\"comprehensive-monitoring\">Surveillance Compl\u00e8te<\/h2>\n\n\n\n<p class=\"has-text-align-center\">Gardez toujours un Gardez toujours un \u0153il sur la consommation de votre maison, gr\u00e2ce \u00e0 des tableaux de bord et des KPI d\u00e9di\u00e9s.<\/p>\n<\/div>\n\n\n\n<div class=\"wp-block-column\">\n<figure class=\"wp-block-image size-large is-resized\"><img loading=\"lazy\" src=\"http:\/\/documentation-wp.hub.av.priv\/wp-content\/uploads\/2022\/02\/flexa_group-1024x576.png\" alt=\"\" class=\"wp-image-517\" width=\"512\" height=\"288\" srcset=\"http:\/\/documentation-wp.hub.av.priv\/wp-content\/uploads\/2022\/02\/flexa_group-1024x576.png 1024w, http:\/\/documentation-wp.hub.av.priv\/wp-content\/uploads\/2022\/02\/flexa_group-300x169.png 300w, http:\/\/documentation-wp.hub.av.priv\/wp-content\/uploads\/2022\/02\/flexa_group-768x432.png 768w, http:\/\/documentation-wp.hub.av.priv\/wp-content\/uploads\/2022\/02\/flexa_group.png 1280w\" sizes=\"(max-width: 512px) 100vw, 512px\" \/><\/figure>\n\n\n\n<h2 class=\"has-text-align-center has-medium-font-size\" id=\"e-mobility-integration\">Int\u00e9gration e-Mobility<\/h2>\n\n\n\n<p class=\"has-text-align-center\">Gr\u00e2ce \u00e0 la compatibilit\u00e9 avec la Wallbox FIMER FLEXA AC, vous pouvez configurer et g\u00e9rer votre e-Car, ainsi surveiller \u00e0 distance le processus de charge et les tendances.<\/p>\n<\/div>\n<\/div>\n\n\n\n<div style=\"height:20px\" aria-hidden=\"true\" class=\"wp-block-spacer\"><\/div>\n\n\n\n<p>\u2022 <strong><strong>Commencez d\u00e8s maintenant \u00e0 optimiser votre autoconsommation et votre autonomie en t\u00e9l\u00e9chargeant Energy Viewer!<\/strong><\/strong><\/p>\n\n\n\n<div style=\"height:20px\" aria-hidden=\"true\" class=\"wp-block-spacer\"><\/div>\n\n\n\n<div class=\"wp-block-columns\">\n<div class=\"wp-block-column\">\n<div class=\"wp-block-media-text alignwide is-stacked-on-mobile\" style=\"grid-template-columns:30% auto\"><figure class=\"wp-block-media-text__media\"><img loading=\"lazy\" width=\"1125\" height=\"1125\" src=\"http:\/\/documentation-wp.hub.av.priv\/wp-content\/uploads\/2022\/02\/iOS.png\" alt=\"\" class=\"wp-image-556 size-full\" srcset=\"http:\/\/documentation-wp.hub.av.priv\/wp-content\/uploads\/2022\/02\/iOS.png 1125w, http:\/\/documentation-wp.hub.av.priv\/wp-content\/uploads\/2022\/02\/iOS-300x300.png 300w, http:\/\/documentation-wp.hub.av.priv\/wp-content\/uploads\/2022\/02\/iOS-1024x1024.png 1024w, http:\/\/documentation-wp.hub.av.priv\/wp-content\/uploads\/2022\/02\/iOS-150x150.png 150w, http:\/\/documentation-wp.hub.av.priv\/wp-content\/uploads\/2022\/02\/iOS-768x768.png 768w\" sizes=\"(max-width: 1125px) 100vw, 1125px\" \/><\/figure><div class=\"wp-block-media-text__content\">\n<p class=\"has-medium-font-size\"><strong>App Store<\/strong><\/p>\n\n\n\n<p>iOS &amp; iPadOS<\/p>\n\n\n\n<p>Compatible \u00e0 partir de v11.0<\/p>\n<\/div><\/div>\n<\/div>\n\n\n\n<div class=\"wp-block-column\">\n<div class=\"wp-block-media-text alignwide is-stacked-on-mobile\" style=\"grid-template-columns:30% auto\"><figure class=\"wp-block-media-text__media\"><img loading=\"lazy\" width=\"1024\" height=\"1024\" src=\"http:\/\/documentation-wp.hub.av.priv\/wp-content\/uploads\/2022\/02\/android-1024x1024.png\" alt=\"\" class=\"wp-image-564 size-full\" srcset=\"http:\/\/documentation-wp.hub.av.priv\/wp-content\/uploads\/2022\/02\/android-1024x1024.png 1024w, http:\/\/documentation-wp.hub.av.priv\/wp-content\/uploads\/2022\/02\/android-300x300.png 300w, http:\/\/documentation-wp.hub.av.priv\/wp-content\/uploads\/2022\/02\/android-150x150.png 150w, http:\/\/documentation-wp.hub.av.priv\/wp-content\/uploads\/2022\/02\/android-768x768.png 768w, http:\/\/documentation-wp.hub.av.priv\/wp-content\/uploads\/2022\/02\/android-1536x1536.png 1536w, http:\/\/documentation-wp.hub.av.priv\/wp-content\/uploads\/2022\/02\/android-2048x2048.png 2048w\" sizes=\"(max-width: 1024px) 100vw, 1024px\" \/><\/figure><div class=\"wp-block-media-text__content\">\n<p class=\"has-medium-font-size\"><strong>Google Play Store<\/strong><\/p>\n\n\n\n<p>Android<\/p>\n\n\n\n<p>Compatible \u00e0 partir de v7.0 (<em>Nougat<\/em>)<\/p>\n<\/div><\/div>\n<\/div>\n<\/div>\n","protected":false},"excerpt":{"rendered":"<p>Energy Viewer est un produit intelligent qui permet aux propri\u00e9taires de centrales solaires de surveiller facilement et \u00e0 distance la production de leur syst\u00e8me et la consommation de leur maison, en contr\u00f4lant leur consommation d&rsquo;\u00e9nergie et leurs \u00e9conomies, avec ou sans syst\u00e8me de stockage d&rsquo;\u00e9nergie install\u00e9. \u2022 Quels sont les principaux points forts d&rsquo;Energy Viewer? [&hellip;]<\/p>\n","protected":false},"author":4,"featured_media":0,"parent":0,"menu_order":0,"comment_status":"closed","ping_status":"closed","template":"","meta":[],"_links":{"self":[{"href":"http:\/\/documentation-wp.hub.av.priv\/fr\/wp-json\/wp\/v2\/pages\/1837"}],"collection":[{"href":"http:\/\/documentation-wp.hub.av.priv\/fr\/wp-json\/wp\/v2\/pages"}],"about":[{"href":"http:\/\/documentation-wp.hub.av.priv\/fr\/wp-json\/wp\/v2\/types\/page"}],"author":[{"embeddable":true,"href":"http:\/\/documentation-wp.hub.av.priv\/fr\/wp-json\/wp\/v2\/users\/4"}],"replies":[{"embeddable":true,"href":"http:\/\/documentation-wp.hub.av.priv\/fr\/wp-json\/wp\/v2\/comments?post=1837"}],"version-history":[{"count":23,"href":"http:\/\/documentation-wp.hub.av.priv\/fr\/wp-json\/wp\/v2\/pages\/1837\/revisions"}],"predecessor-version":[{"id":4629,"href":"http:\/\/documentation-wp.hub.av.priv\/fr\/wp-json\/wp\/v2\/pages\/1837\/revisions\/4629"}],"wp:attachment":[{"href":"http:\/\/documentation-wp.hub.av.priv\/fr\/wp-json\/wp\/v2\/media?parent=1837"}],"curies":[{"name":"wp","href":"https:\/\/api.w.org\/{rel}","templated":true}]}}