{"id":1851,"date":"2022-02-17T10:17:59","date_gmt":"2022-02-17T09:17:59","guid":{"rendered":"http:\/\/documentation-wp.hub.av.priv\/energy-viewer\/contacts\/"},"modified":"2022-04-24T10:03:56","modified_gmt":"2022-04-24T09:03:56","slug":"contacts","status":"publish","type":"page","link":"http:\/\/documentation-wp.hub.av.priv\/fr\/energy-viewer\/contacts\/","title":{"rendered":"Contacts"},"content":{"rendered":"\n<div style=\"height:10px\" aria-hidden=\"true\" class=\"wp-block-spacer\"><\/div>\n\n\n\n<p>Nous appr\u00e9cions toujours les commentaires de nos clients car ils nous permettent d&rsquo;interagir avec eux de la mani\u00e8re la plus directe possible et d&rsquo;am\u00e9liorer les services et les produits.<\/p>\n\n\n\n<p>Si vous rencontrez des probl\u00e8mes lors de l&rsquo;utilisation d&rsquo;Energy Viewer, ou si quelque chose n&rsquo;est pas clair pour vous, vous pouvez \u00e9crire \u00e0 notre e-mail de commentaires d\u00e9di\u00e9 en cliquant sur le bouton d&rsquo;envoi que vous trouverez dans la case ci-dessous.<br>Nous essaierons de vous r\u00e9pondre le plus rapidement possible.<\/p>\n\n\n\n<div style=\"height:10px\" aria-hidden=\"true\" class=\"wp-block-spacer\"><\/div>\n\n\n\n<div class=\"wp-block-columns alignwide\">\n<div class=\"wp-elements-2 wp-block-column has-text-color has-background has-link-color\" style=\"background-color:#e6e6e6;color:#000000;padding-top:2em;padding-right:2em;padding-bottom:2em;padding-left:2em\">\n<h2 id=\"energy-viewer-feedback-email\" style=\"font-size:40px\"><strong>Energy Viewer Feedback Email<\/strong><\/h2>\n\n\n\n<div style=\"height:10px\" aria-hidden=\"true\" class=\"wp-block-spacer\"><\/div>\n\n\n\n<p class=\"has-normal-font-size\" style=\"line-height:1.5\"><strong><strong>Utilisez le bouton ci-dessous pour \u00e9crire un email d\u00e9di\u00e9 au support Energy Viewer<\/strong><\/strong><\/p>\n\n\n\n<hr class=\"wp-block-separator has-text-color has-background is-style-wide\" style=\"background-color:#000000;color:#000000\"\/>\n\n\n\n<p>Pour le support technique, veuillez inclure dans l&rsquo;e-mail:<\/p>\n\n\n\n<ul class=\"has-normal-font-size\"><li>le <strong>Nom <\/strong>de l&rsquo;usine ou du portefeuille surveill\u00e9<\/li><li>le <strong>EntityID <\/strong>(<em>EID <\/em>) de l&rsquo;usine ou du portefeuille surveill\u00e9<\/li><li>le <strong>UserID&nbsp;<\/strong>du compte Aurora Vision (<em>veuillez ne pas inclure le mot de passe, nous respectons votre vie priv\u00e9e! )<\/em><\/li><\/ul>\n\n\n\n<div style=\"height:20px\" aria-hidden=\"true\" class=\"wp-block-spacer\"><\/div>\n\n\n\n<div class=\"wp-container-1 wp-block-buttons alignfull\">\n<div class=\"wp-block-button has-custom-width wp-block-button__width-100\"><a class=\"wp-block-button__link has-white-color has-text-color\" href=\"mailto:glb-mobile.apps@fimer.com?subject=Energy%20Viewer\" style=\"border-radius:0px\" target=\"_blank\" rel=\"noreferrer noopener\">Sauter \u00e0 \u00ab\u00a0Contact Us\u00a0\u00bb&nbsp; \u279c<\/a><\/div>\n<\/div>\n<\/div>\n<\/div>\n","protected":false},"excerpt":{"rendered":"<p>Nous appr\u00e9cions toujours les commentaires de nos clients car ils nous permettent d&rsquo;interagir avec eux de la mani\u00e8re la plus directe possible et d&rsquo;am\u00e9liorer les services et les produits. Si vous rencontrez des probl\u00e8mes lors de l&rsquo;utilisation d&rsquo;Energy Viewer, ou si quelque chose n&rsquo;est pas clair pour vous, vous pouvez \u00e9crire \u00e0 notre e-mail de [&hellip;]<\/p>\n","protected":false},"author":4,"featured_media":0,"parent":1837,"menu_order":3,"comment_status":"closed","ping_status":"closed","template":"","meta":[],"_links":{"self":[{"href":"http:\/\/documentation-wp.hub.av.priv\/fr\/wp-json\/wp\/v2\/pages\/1851"}],"collection":[{"href":"http:\/\/documentation-wp.hub.av.priv\/fr\/wp-json\/wp\/v2\/pages"}],"about":[{"href":"http:\/\/documentation-wp.hub.av.priv\/fr\/wp-json\/wp\/v2\/types\/page"}],"author":[{"embeddable":true,"href":"http:\/\/documentation-wp.hub.av.priv\/fr\/wp-json\/wp\/v2\/users\/4"}],"replies":[{"embeddable":true,"href":"http:\/\/documentation-wp.hub.av.priv\/fr\/wp-json\/wp\/v2\/comments?post=1851"}],"version-history":[{"count":22,"href":"http:\/\/documentation-wp.hub.av.priv\/fr\/wp-json\/wp\/v2\/pages\/1851\/revisions"}],"predecessor-version":[{"id":6870,"href":"http:\/\/documentation-wp.hub.av.priv\/fr\/wp-json\/wp\/v2\/pages\/1851\/revisions\/6870"}],"up":[{"embeddable":true,"href":"http:\/\/documentation-wp.hub.av.priv\/fr\/wp-json\/wp\/v2\/pages\/1837"}],"wp:attachment":[{"href":"http:\/\/documentation-wp.hub.av.priv\/fr\/wp-json\/wp\/v2\/media?parent=1851"}],"curies":[{"name":"wp","href":"https:\/\/api.w.org\/{rel}","templated":true}]}}