{"id":1873,"date":"2022-02-17T10:30:29","date_gmt":"2022-02-17T09:30:29","guid":{"rendered":"http:\/\/documentation-wp.hub.av.priv\/f-a-q\/aurora-vision-cloud-platform\/"},"modified":"2022-04-24T09:41:45","modified_gmt":"2022-04-24T08:41:45","slug":"aurora-vision-cloud-platform","status":"publish","type":"page","link":"http:\/\/documentation-wp.hub.av.priv\/fr\/f-a-q\/aurora-vision-cloud-platform\/","title":{"rendered":"Aurora Vision"},"content":{"rendered":"\n<div style=\"height:10px\" aria-hidden=\"true\" class=\"wp-block-spacer\"><\/div>\n\n\n\n<p>Explorez les questions sur la plateforme cloud Aurora Vision afin de trouver des r\u00e9ponses et des solutions \u00e0 vos probl\u00e8mes.<\/p>\n\n\n\n<div style=\"height:20px\" aria-hidden=\"true\" class=\"wp-block-spacer\"><\/div>\n\n\n\n<div class=\"wp-block-columns alignwide\">\n<div class=\"wp-elements-1 wp-block-column has-text-color has-background has-link-color\" style=\"background-color:#e6e6e6;color:#000000;padding-top:2em;padding-right:2em;padding-bottom:2em;padding-left:2em\">\n<p class=\"has-text-align-center\" style=\"font-size:15px;line-height:1.5\"><strong><strong>Lors de la connexion \u00e0 Aurora Vision, je re\u00e7ois un message d&rsquo;erreur indiquant que mon compte n&rsquo;est pas encore valid\u00e9. Que dois-je faire?<\/strong><\/strong><\/p>\n\n\n\n<hr class=\"wp-block-separator has-text-color has-background is-style-wide\" style=\"background-color:#000000;color:#000000\"\/>\n\n\n\n<p class=\"has-text-align-center has-small-font-size\">Un bouton de renvoi appara\u00eetra sur la page de connexion, sous le message d&rsquo;erreur.<br><\/p>\n\n\n\n<div class=\"wp-block-image\"><figure class=\"aligncenter size-full is-resized\"><img loading=\"lazy\" src=\"http:\/\/documentation-wp.hub.av.priv\/wp-content\/uploads\/2022\/02\/Screenshot-391.png\" alt=\"\" class=\"wp-image-988\" width=\"225\" height=\"88\" srcset=\"http:\/\/documentation-wp.hub.av.priv\/wp-content\/uploads\/2022\/02\/Screenshot-391.png 450w, http:\/\/documentation-wp.hub.av.priv\/wp-content\/uploads\/2022\/02\/Screenshot-391-300x117.png 300w\" sizes=\"(max-width: 225px) 100vw, 225px\" \/><\/figure><\/div>\n\n\n\n<p class=\"has-text-align-center has-small-font-size\">En cliquant sur le bouton, un e-mail sera envoy\u00e9 \u00e0 l&rsquo;adresse e-mail associ\u00e9e \u00e0 l&rsquo;utilisateur&nbsp;; en cliquant sur le lien dans le corps du mail, le compte Aurora Vision sera valid\u00e9.<\/p>\n<\/div>\n\n\n\n<div class=\"wp-elements-3 wp-block-column has-text-color has-background has-link-color\" style=\"background-color:#e6e6e6;color:#000000;padding-top:2em;padding-right:2em;padding-bottom:2em;padding-left:2em\">\n<p class=\"has-text-align-center has-normal-font-size\"><strong><strong>Existe-t-il une page Web, d\u00e9di\u00e9e \u00e0 Aurora Vision, o\u00f9 je peux explorer tous les d\u00e9tails et trouver un aper\u00e7u g\u00e9n\u00e9ral?<\/strong><\/strong><\/p>\n\n\n\n<hr class=\"wp-block-separator has-text-color has-background has-black-background-color has-black-color is-style-wide\"\/>\n\n\n\n<div style=\"height:20px\" aria-hidden=\"true\" class=\"wp-block-spacer\"><\/div>\n\n\n\n<p class=\"has-text-align-center\">Vous pouvez visiter la section d\u00e9di\u00e9e \u00e0 Aurora Vision, avec les produits et services associ\u00e9s, sur le site officiel de FIMER.<br><br>Cliquez sur le bouton ci-dessous pour \u00eatre redirig\u00e9 vers la page \u00ab\u00a0Aurora Vision\u00a0\u00bb.<\/p>\n\n\n\n<div style=\"height:20px\" aria-hidden=\"true\" class=\"wp-block-spacer\"><\/div>\n\n\n\n<div class=\"wp-container-2 wp-block-buttons alignfull\">\n<div class=\"wp-block-button has-custom-width wp-block-button__width-100\"><a class=\"wp-block-button__link has-white-color has-text-color\" href=\"https:\/\/www.fimer.com\/products-and-services\/solar\/monitoring-and-control\/aurora-vision-plant-management-platform\" style=\"border-radius:0px\" target=\"_blank\" rel=\"noreferrer noopener\">Sauter \u00e0 \u00ab\u00a0Aurora Vision\u00a0\u00bb \u279c<\/a><\/div>\n<\/div>\n<\/div>\n<\/div>\n\n\n\n<p><\/p>\n","protected":false},"excerpt":{"rendered":"<p>Explorez les questions sur la plateforme cloud Aurora Vision afin de trouver des r\u00e9ponses et des solutions \u00e0 vos probl\u00e8mes. Lors de la connexion \u00e0 Aurora Vision, je re\u00e7ois un message d&rsquo;erreur indiquant que mon compte n&rsquo;est pas encore valid\u00e9. Que dois-je faire? Un bouton de renvoi appara\u00eetra sur la page de connexion, sous le [&hellip;]<\/p>\n","protected":false},"author":4,"featured_media":0,"parent":1858,"menu_order":2,"comment_status":"closed","ping_status":"closed","template":"","meta":[],"_links":{"self":[{"href":"http:\/\/documentation-wp.hub.av.priv\/fr\/wp-json\/wp\/v2\/pages\/1873"}],"collection":[{"href":"http:\/\/documentation-wp.hub.av.priv\/fr\/wp-json\/wp\/v2\/pages"}],"about":[{"href":"http:\/\/documentation-wp.hub.av.priv\/fr\/wp-json\/wp\/v2\/types\/page"}],"author":[{"embeddable":true,"href":"http:\/\/documentation-wp.hub.av.priv\/fr\/wp-json\/wp\/v2\/users\/4"}],"replies":[{"embeddable":true,"href":"http:\/\/documentation-wp.hub.av.priv\/fr\/wp-json\/wp\/v2\/comments?post=1873"}],"version-history":[{"count":33,"href":"http:\/\/documentation-wp.hub.av.priv\/fr\/wp-json\/wp\/v2\/pages\/1873\/revisions"}],"predecessor-version":[{"id":6829,"href":"http:\/\/documentation-wp.hub.av.priv\/fr\/wp-json\/wp\/v2\/pages\/1873\/revisions\/6829"}],"up":[{"embeddable":true,"href":"http:\/\/documentation-wp.hub.av.priv\/fr\/wp-json\/wp\/v2\/pages\/1858"}],"wp:attachment":[{"href":"http:\/\/documentation-wp.hub.av.priv\/fr\/wp-json\/wp\/v2\/media?parent=1873"}],"curies":[{"name":"wp","href":"https:\/\/api.w.org\/{rel}","templated":true}]}}