{"id":1888,"date":"2022-01-27T10:28:55","date_gmt":"2022-01-27T09:28:55","guid":{"rendered":"http:\/\/documentation-wp.hub.av.priv\/plant-portfolio-manager\/"},"modified":"2022-03-02T13:42:11","modified_gmt":"2022-03-02T12:42:11","slug":"plant-portfolio-manager","status":"publish","type":"page","link":"http:\/\/documentation-wp.hub.av.priv\/fr\/plant-portfolio-manager\/","title":{"rendered":"Plant Portfolio Manager"},"content":{"rendered":"\n<div style=\"height:9px\" aria-hidden=\"true\" class=\"wp-block-spacer\"><\/div>\n\n\n\n<p>Plant Portfolio Manager est un portail Web professionnel bas\u00e9 sur le cloud permettant aux parties prenantes de surveiller les principales mesures d&rsquo;\u00e9nergie et de performance tout en g\u00e9rant un portefeuille complet de centrales solaires. En exploitant la puissance d&rsquo;Aurora Vision, il garantit aux acteurs de la centrale solaire un acc\u00e8s \u00e0 distance \u00e0 des fonctionnalit\u00e9s avanc\u00e9es de mani\u00e8re simple, s\u00e9curis\u00e9e et rapide, comme jamais auparavant.<\/p>\n\n\n\n<div style=\"height:20px\" aria-hidden=\"true\" class=\"wp-block-spacer\"><\/div>\n\n\n\n<p>\u2022 <strong><strong>Quels sont les principaux points forts de Plant Portfolio Manager?<\/strong><\/strong><\/p>\n\n\n\n<div style=\"height:20px\" aria-hidden=\"true\" class=\"wp-block-spacer\"><\/div>\n\n\n\n<div class=\"wp-block-columns\">\n<div class=\"wp-block-column\">\n<figure class=\"wp-block-image size-large\"><img loading=\"lazy\" width=\"1024\" height=\"576\" src=\"http:\/\/documentation-wp.hub.av.priv\/wp-content\/uploads\/2022\/02\/ppm-1024x576.png\" alt=\"\" class=\"wp-image-740\" srcset=\"http:\/\/documentation-wp.hub.av.priv\/wp-content\/uploads\/2022\/02\/ppm-1024x576.png 1024w, http:\/\/documentation-wp.hub.av.priv\/wp-content\/uploads\/2022\/02\/ppm-300x169.png 300w, http:\/\/documentation-wp.hub.av.priv\/wp-content\/uploads\/2022\/02\/ppm-768x432.png 768w, http:\/\/documentation-wp.hub.av.priv\/wp-content\/uploads\/2022\/02\/ppm.png 1280w\" sizes=\"(max-width: 1024px) 100vw, 1024px\" \/><\/figure>\n\n\n\n<h2 class=\"has-text-align-center has-medium-font-size\" id=\"information-at-a-glance\">Informations \u00ab\u00a0En un Coup d&rsquo;\u0153il\u00a0\u00bb<\/h2>\n\n\n\n<p class=\"has-text-align-center\">Evaluez les performances de votre parc de centrales solaires et d\u00e9tectez en temps r\u00e9el les conditions performantes, gr\u00e2ce \u00e0 un tableau de bord principal complet.<\/p>\n<\/div>\n\n\n\n<div class=\"wp-block-column\">\n<figure class=\"wp-block-image size-large\"><img loading=\"lazy\" width=\"1024\" height=\"576\" src=\"http:\/\/documentation-wp.hub.av.priv\/wp-content\/uploads\/2022\/02\/explorer-1024x576.png\" alt=\"\" class=\"wp-image-807\" srcset=\"http:\/\/documentation-wp.hub.av.priv\/wp-content\/uploads\/2022\/02\/explorer-1024x576.png 1024w, http:\/\/documentation-wp.hub.av.priv\/wp-content\/uploads\/2022\/02\/explorer-300x169.png 300w, http:\/\/documentation-wp.hub.av.priv\/wp-content\/uploads\/2022\/02\/explorer-768x432.png 768w, http:\/\/documentation-wp.hub.av.priv\/wp-content\/uploads\/2022\/02\/explorer.png 1280w\" sizes=\"(max-width: 1024px) 100vw, 1024px\" \/><\/figure>\n\n\n\n<h2 class=\"has-text-align-center has-medium-font-size\" id=\"plant-management-lifecycle\">Cycle de Vie de Plante<\/h2>\n\n\n\n<p class=\"has-text-align-center\">G\u00e9rez le type, l&#8217;emplacement et la configuration des performances de l&rsquo;usine et\/ou des appareils individuels pour des objectifs de conformit\u00e9, de contr\u00f4le et de performance.<\/p>\n\n\n\n<p class=\"has-text-align-center\"> <\/p>\n<\/div>\n\n\n\n<div class=\"wp-block-column\">\n<figure class=\"wp-block-image size-large\"><img loading=\"lazy\" width=\"1024\" height=\"576\" src=\"http:\/\/documentation-wp.hub.av.priv\/wp-content\/uploads\/2022\/02\/dashboard-1024x576.png\" alt=\"\" class=\"wp-image-815\" srcset=\"http:\/\/documentation-wp.hub.av.priv\/wp-content\/uploads\/2022\/02\/dashboard-1024x576.png 1024w, http:\/\/documentation-wp.hub.av.priv\/wp-content\/uploads\/2022\/02\/dashboard-300x169.png 300w, http:\/\/documentation-wp.hub.av.priv\/wp-content\/uploads\/2022\/02\/dashboard-768x432.png 768w, http:\/\/documentation-wp.hub.av.priv\/wp-content\/uploads\/2022\/02\/dashboard.png 1280w\" sizes=\"(max-width: 1024px) 100vw, 1024px\" \/><\/figure>\n\n\n\n<h2 class=\"has-text-align-center has-medium-font-size\" id=\"plant-device-performances\">Performances des Plantes et des Appareils<\/h2>\n\n\n\n<p class=\"has-text-align-center\">Gardez un aper\u00e7u des principales t\u00e9l\u00e9m\u00e9tries de la centrale solaire ou entrez dans les d\u00e9tails des appareils individuels install\u00e9s.<\/p>\n<\/div>\n<\/div>\n\n\n\n<div style=\"height:10px\" aria-hidden=\"true\" class=\"wp-block-spacer\"><\/div>\n\n\n\n<div class=\"wp-block-columns\">\n<div class=\"wp-block-column\">\n<figure class=\"wp-block-image size-large\"><img loading=\"lazy\" width=\"1024\" height=\"576\" src=\"http:\/\/documentation-wp.hub.av.priv\/wp-content\/uploads\/2022\/02\/event-1024x576.png\" alt=\"\" class=\"wp-image-823\" srcset=\"http:\/\/documentation-wp.hub.av.priv\/wp-content\/uploads\/2022\/02\/event-1024x576.png 1024w, http:\/\/documentation-wp.hub.av.priv\/wp-content\/uploads\/2022\/02\/event-300x169.png 300w, http:\/\/documentation-wp.hub.av.priv\/wp-content\/uploads\/2022\/02\/event-768x432.png 768w, http:\/\/documentation-wp.hub.av.priv\/wp-content\/uploads\/2022\/02\/event.png 1280w\" sizes=\"(max-width: 1024px) 100vw, 1024px\" \/><\/figure>\n\n\n\n<h2 class=\"has-text-align-center has-medium-font-size\" id=\"plant-status-monitoring\">Surveillance de l&rsquo;\u00e9tat<\/h2>\n\n\n\n<p class=\"has-text-align-center\">D\u00e9finissez, personnalisez et attribuez des profils d&rsquo;erreur pour surveiller l&rsquo;\u00e9tat de l&rsquo;installation et effectuer un d\u00e9pannage d\u00e9taill\u00e9. Attribuez des conteneurs de messagerie pour interconnecter les parties prenantes.<\/p>\n<\/div>\n\n\n\n<div class=\"wp-block-column\">\n<figure class=\"wp-block-image size-large\"><img loading=\"lazy\" width=\"1024\" height=\"576\" src=\"http:\/\/documentation-wp.hub.av.priv\/wp-content\/uploads\/2022\/02\/reports-1024x576.png\" alt=\"\" class=\"wp-image-831\" srcset=\"http:\/\/documentation-wp.hub.av.priv\/wp-content\/uploads\/2022\/02\/reports-1024x576.png 1024w, http:\/\/documentation-wp.hub.av.priv\/wp-content\/uploads\/2022\/02\/reports-300x169.png 300w, http:\/\/documentation-wp.hub.av.priv\/wp-content\/uploads\/2022\/02\/reports-768x432.png 768w, http:\/\/documentation-wp.hub.av.priv\/wp-content\/uploads\/2022\/02\/reports.png 1280w\" sizes=\"(max-width: 1024px) 100vw, 1024px\" \/><\/figure>\n\n\n\n<h2 class=\"has-text-align-center has-medium-font-size\" id=\"customizable-reports-1\">Rapports Personnalisables<\/h2>\n\n\n\n<p class=\"has-text-align-center\">Utilisez des rapports standard ou personnalis\u00e9s avec divers crit\u00e8res de performance pour une installation ou un appareil unique, un ensemble d&rsquo;installations ou d&rsquo;appareils ou l&rsquo;ensemble du portefeuille. Les rapports peuvent \u00eatre ex\u00e9cut\u00e9s une fois ou planifi\u00e9s sur une base de temps et peuvent \u00eatre export\u00e9s dans des formats standard (CSV, XLSX).<\/p>\n<\/div>\n\n\n\n<div class=\"wp-block-column\">\n<figure class=\"wp-block-image size-large\"><img loading=\"lazy\" width=\"1024\" height=\"576\" src=\"http:\/\/documentation-wp.hub.av.priv\/wp-content\/uploads\/2022\/02\/admin-1024x576.png\" alt=\"\" class=\"wp-image-839\" srcset=\"http:\/\/documentation-wp.hub.av.priv\/wp-content\/uploads\/2022\/02\/admin-1024x576.png 1024w, http:\/\/documentation-wp.hub.av.priv\/wp-content\/uploads\/2022\/02\/admin-300x169.png 300w, http:\/\/documentation-wp.hub.av.priv\/wp-content\/uploads\/2022\/02\/admin-768x432.png 768w, http:\/\/documentation-wp.hub.av.priv\/wp-content\/uploads\/2022\/02\/admin.png 1280w\" sizes=\"(max-width: 1024px) 100vw, 1024px\" \/><\/figure>\n\n\n\n<h2 class=\"has-text-align-center has-medium-font-size\" id=\"administration-tools-1\">Outils d&rsquo;Administration<\/h2>\n\n\n\n<p class=\"has-text-align-center\">Les outils d&rsquo;administration permettent \u00e0 un administrateur de portefeuille de g\u00e9rer des groupes d&rsquo;usines et d&rsquo;utilisateurs, permettant ainsi de g\u00e9rer la surveillance collaborative et l&rsquo;acc\u00e8s \u00e0 certains produits, services et fonctionnalit\u00e9s propos\u00e9s sur Aurora Vision.<\/p>\n<\/div>\n<\/div>\n\n\n\n<div style=\"height:20px\" aria-hidden=\"true\" class=\"wp-block-spacer\"><\/div>\n\n\n\n<p>\u2022 <strong><strong>Vous souhaitez d\u00e9marrer le monitoring de votre parc de centrales solaires avec Plant Portfolio Manager?<\/strong><\/strong><\/p>\n\n\n\n<p>Pour ce faire, vous avez besoin d&rsquo;un compte Aurora Vision avec un r\u00f4le de privil\u00e8ge d&rsquo;administrateur.<br>Un compte de ce type ne peut \u00eatre obtenu qu&rsquo;en ouvrant une demande officielle aupr\u00e8s du support client FIMER.<br>Vous pouvez le faire depuis cette page&nbsp;:&nbsp;<a href=\"https:\/\/www.fimer.com\/fr\/contacts\/contactez-nous\">https:\/\/www.fimer.com\/fr\/contacts\/contactez-nous<\/a><\/p>\n","protected":false},"excerpt":{"rendered":"<p>Plant Portfolio Manager est un portail Web professionnel bas\u00e9 sur le cloud permettant aux parties prenantes de surveiller les principales mesures d&rsquo;\u00e9nergie et de performance tout en g\u00e9rant un portefeuille complet de centrales solaires. En exploitant la puissance d&rsquo;Aurora Vision, il garantit aux acteurs de la centrale solaire un acc\u00e8s \u00e0 distance \u00e0 des fonctionnalit\u00e9s [&hellip;]<\/p>\n","protected":false},"author":4,"featured_media":0,"parent":0,"menu_order":0,"comment_status":"closed","ping_status":"closed","template":"","meta":[],"_links":{"self":[{"href":"http:\/\/documentation-wp.hub.av.priv\/fr\/wp-json\/wp\/v2\/pages\/1888"}],"collection":[{"href":"http:\/\/documentation-wp.hub.av.priv\/fr\/wp-json\/wp\/v2\/pages"}],"about":[{"href":"http:\/\/documentation-wp.hub.av.priv\/fr\/wp-json\/wp\/v2\/types\/page"}],"author":[{"embeddable":true,"href":"http:\/\/documentation-wp.hub.av.priv\/fr\/wp-json\/wp\/v2\/users\/4"}],"replies":[{"embeddable":true,"href":"http:\/\/documentation-wp.hub.av.priv\/fr\/wp-json\/wp\/v2\/comments?post=1888"}],"version-history":[{"count":51,"href":"http:\/\/documentation-wp.hub.av.priv\/fr\/wp-json\/wp\/v2\/pages\/1888\/revisions"}],"predecessor-version":[{"id":5440,"href":"http:\/\/documentation-wp.hub.av.priv\/fr\/wp-json\/wp\/v2\/pages\/1888\/revisions\/5440"}],"wp:attachment":[{"href":"http:\/\/documentation-wp.hub.av.priv\/fr\/wp-json\/wp\/v2\/media?parent=1888"}],"curies":[{"name":"wp","href":"https:\/\/api.w.org\/{rel}","templated":true}]}}