{"id":1895,"date":"2022-02-07T16:47:10","date_gmt":"2022-02-07T15:47:10","guid":{"rendered":"http:\/\/documentation-wp.hub.av.priv\/plant-portfolio-manager\/release-notes\/"},"modified":"2022-03-02T13:44:51","modified_gmt":"2022-03-02T12:44:51","slug":"release-notes","status":"publish","type":"page","link":"http:\/\/documentation-wp.hub.av.priv\/fr\/plant-portfolio-manager\/release-notes\/","title":{"rendered":"Release Notes"},"content":{"rendered":"\n<div style=\"height:10px\" aria-hidden=\"true\" class=\"wp-block-spacer\"><\/div>\n\n\n\n<p>Avec le client et ses besoins \u00e0 l&rsquo;esprit, nous mettons constamment \u00e0 jour Plant Portfolio Manager.<\/p>\n\n\n\n<p>Dans cette page, vous pouvez consulter les notes de version selon une chronologie par ordre chronologique croissant, de la version\/mise \u00e0 jour la plus r\u00e9cente \u00e0 la plus ancienne.<\/p>\n\n\n\n<p><strong>REMARQUE <\/strong>: les notes de version ne sont disponibles qu&rsquo;en Anglais.<\/p>\n\n\n\n<div style=\"height:20px\" aria-hidden=\"true\" class=\"wp-block-spacer\"><\/div>\n\n\n\n<hr class=\"wp-block-separator has-text-color has-background is-style-wide\" style=\"background-color:#231965;color:#231965\"\/>\n\n\n\n<div class=\"wp-block-columns\">\n<div class=\"wp-block-column\">\n<figure class=\"wp-block-image size-full is-resized\"><img loading=\"lazy\" src=\"http:\/\/documentation-wp.hub.av.priv\/wp-content\/uploads\/2022\/02\/puzzle_missing.png\" alt=\"\" class=\"wp-image-1132\" width=\"138\" height=\"139\" srcset=\"http:\/\/documentation-wp.hub.av.priv\/wp-content\/uploads\/2022\/02\/puzzle_missing.png 276w, http:\/\/documentation-wp.hub.av.priv\/wp-content\/uploads\/2022\/02\/puzzle_missing-150x150.png 150w\" sizes=\"(max-width: 138px) 100vw, 138px\" \/><\/figure>\n<\/div>\n\n\n\n<div class=\"wp-block-column\">\n<h2 id=\"ooops\">Ooops!<\/h2>\n\n\n\n<p class=\"has-text-align-left\">Il semble qu&rsquo;il n&rsquo;y ait pas de contenu dans cette section. Revenez nous rendre visite!<\/p>\n<\/div>\n\n\n\n<div class=\"wp-block-column\"><\/div>\n<\/div>\n\n\n\n<hr class=\"wp-block-separator has-text-color has-background is-style-wide\" style=\"background-color:#231965;color:#231965\"\/>\n\n\n\n<p><\/p>\n","protected":false},"excerpt":{"rendered":"<p>Avec le client et ses besoins \u00e0 l&rsquo;esprit, nous mettons constamment \u00e0 jour Plant Portfolio Manager. Dans cette page, vous pouvez consulter les notes de version selon une chronologie par ordre chronologique croissant, de la version\/mise \u00e0 jour la plus r\u00e9cente \u00e0 la plus ancienne. REMARQUE : les notes de version ne sont disponibles qu&rsquo;en [&hellip;]<\/p>\n","protected":false},"author":4,"featured_media":0,"parent":1888,"menu_order":0,"comment_status":"closed","ping_status":"closed","template":"","meta":[],"_links":{"self":[{"href":"http:\/\/documentation-wp.hub.av.priv\/fr\/wp-json\/wp\/v2\/pages\/1895"}],"collection":[{"href":"http:\/\/documentation-wp.hub.av.priv\/fr\/wp-json\/wp\/v2\/pages"}],"about":[{"href":"http:\/\/documentation-wp.hub.av.priv\/fr\/wp-json\/wp\/v2\/types\/page"}],"author":[{"embeddable":true,"href":"http:\/\/documentation-wp.hub.av.priv\/fr\/wp-json\/wp\/v2\/users\/4"}],"replies":[{"embeddable":true,"href":"http:\/\/documentation-wp.hub.av.priv\/fr\/wp-json\/wp\/v2\/comments?post=1895"}],"version-history":[{"count":15,"href":"http:\/\/documentation-wp.hub.av.priv\/fr\/wp-json\/wp\/v2\/pages\/1895\/revisions"}],"predecessor-version":[{"id":5444,"href":"http:\/\/documentation-wp.hub.av.priv\/fr\/wp-json\/wp\/v2\/pages\/1895\/revisions\/5444"}],"up":[{"embeddable":true,"href":"http:\/\/documentation-wp.hub.av.priv\/fr\/wp-json\/wp\/v2\/pages\/1888"}],"wp:attachment":[{"href":"http:\/\/documentation-wp.hub.av.priv\/fr\/wp-json\/wp\/v2\/media?parent=1895"}],"curies":[{"name":"wp","href":"https:\/\/api.w.org\/{rel}","templated":true}]}}