{"id":1902,"date":"2022-02-07T17:19:22","date_gmt":"2022-02-07T16:19:22","guid":{"rendered":"http:\/\/documentation-wp.hub.av.priv\/plant-portfolio-manager\/user-guide\/"},"modified":"2022-06-05T08:48:36","modified_gmt":"2022-06-05T07:48:36","slug":"user-guide","status":"publish","type":"page","link":"http:\/\/documentation-wp.hub.av.priv\/fr\/plant-portfolio-manager\/user-guide\/","title":{"rendered":"Mode d&rsquo;Emploi"},"content":{"rendered":"\n<div style=\"height:10px\" aria-hidden=\"true\" class=\"wp-block-spacer\"><\/div>\n\n\n\n<p>Pendant que nous travaillons \u00e0 vous proposer une version r\u00e9vis\u00e9e et interactive du guide d&rsquo;utilisation de Plant Portfolio Manager, que vous trouverez sur cette page, vous pouvez consulter le guide d&rsquo;utilisation ci-dessous qui fait r\u00e9f\u00e9rence \u00e0 la version actuelle de Plant Portfolio Manager (<em>v2.9x .xx<\/em> ).<\/p>\n\n\n\n<p>Le nouveau guide d&rsquo;utilisation sera disponible d\u00e8s que la nouvelle version de Plant Portfolio Manager (<em>v3.0.0<\/em>&nbsp;) est lib\u00e9r\u00e9e.<\/p>\n\n\n\n<div style=\"height:10px\" aria-hidden=\"true\" class=\"wp-block-spacer\"><\/div>\n\n\n\n<div class=\"wp-block-file\"><object class=\"wp-block-file__embed\" data=\"http:\/\/documentation-wp.hub.av.priv\/wp-content\/uploads\/2022\/02\/FIMER_Plant-Portfolio-Manager-User-manual_EN_RevB.pdf\" type=\"application\/pdf\" style=\"width:100%;height:600px\" aria-label=\"Embed of <mark style=&quot;background-color:rgba(0, 0, 0, 0)&quot; class=&quot;has-inline-color has-vivid-cyan-blue-color&quot;&gt;FIMER_Plant-Portfolio-Manager-User-manual_EN_RevB<\/mark&gt;.\"><\/object><a id=\"wp-block-file--media-eed90548-6c02-4c9f-97b8-f67f3cdae11a\" href=\"http:\/\/documentation-wp.hub.av.priv\/wp-content\/uploads\/2022\/02\/FIMER_Plant-Portfolio-Manager-User-manual_EN_RevB.pdf\" target=\"_blank\" rel=\"noreferrer noopener\"><mark style=\"background-color:rgba(0, 0, 0, 0)\" class=\"has-inline-color has-vivid-cyan-blue-color\">FIMER_Plant-Portfolio-Manager-User-manual_EN_RevB<\/mark><\/a><a href=\"http:\/\/documentation-wp.hub.av.priv\/wp-content\/uploads\/2022\/02\/FIMER_Plant-Portfolio-Manager-User-manual_EN_RevB.pdf\" class=\"wp-block-file__button\" download aria-describedby=\"wp-block-file--media-eed90548-6c02-4c9f-97b8-f67f3cdae11a\">Download<\/a><\/div>\n","protected":false},"excerpt":{"rendered":"<p>Pendant que nous travaillons \u00e0 vous proposer une version r\u00e9vis\u00e9e et interactive du guide d&rsquo;utilisation de Plant Portfolio Manager, que vous trouverez sur cette page, vous pouvez consulter le guide d&rsquo;utilisation ci-dessous qui fait r\u00e9f\u00e9rence \u00e0 la version actuelle de Plant Portfolio Manager (v2.9x .xx ). Le nouveau guide d&rsquo;utilisation sera disponible d\u00e8s que la [&hellip;]<\/p>\n","protected":false},"author":4,"featured_media":0,"parent":1888,"menu_order":1,"comment_status":"closed","ping_status":"closed","template":"","meta":[],"_links":{"self":[{"href":"http:\/\/documentation-wp.hub.av.priv\/fr\/wp-json\/wp\/v2\/pages\/1902"}],"collection":[{"href":"http:\/\/documentation-wp.hub.av.priv\/fr\/wp-json\/wp\/v2\/pages"}],"about":[{"href":"http:\/\/documentation-wp.hub.av.priv\/fr\/wp-json\/wp\/v2\/types\/page"}],"author":[{"embeddable":true,"href":"http:\/\/documentation-wp.hub.av.priv\/fr\/wp-json\/wp\/v2\/users\/4"}],"replies":[{"embeddable":true,"href":"http:\/\/documentation-wp.hub.av.priv\/fr\/wp-json\/wp\/v2\/comments?post=1902"}],"version-history":[{"count":12,"href":"http:\/\/documentation-wp.hub.av.priv\/fr\/wp-json\/wp\/v2\/pages\/1902\/revisions"}],"predecessor-version":[{"id":10480,"href":"http:\/\/documentation-wp.hub.av.priv\/fr\/wp-json\/wp\/v2\/pages\/1902\/revisions\/10480"}],"up":[{"embeddable":true,"href":"http:\/\/documentation-wp.hub.av.priv\/fr\/wp-json\/wp\/v2\/pages\/1888"}],"wp:attachment":[{"href":"http:\/\/documentation-wp.hub.av.priv\/fr\/wp-json\/wp\/v2\/media?parent=1902"}],"curies":[{"name":"wp","href":"https:\/\/api.w.org\/{rel}","templated":true}]}}