{"id":2875,"date":"2022-02-02T13:56:09","date_gmt":"2022-02-02T12:56:09","guid":{"rendered":"http:\/\/documentation-wp.hub.av.priv\/aurora-vision-apis\/openapi-preview\/"},"modified":"2022-03-01T09:46:59","modified_gmt":"2022-03-01T08:46:59","slug":"openapi-preview","status":"publish","type":"page","link":"http:\/\/documentation-wp.hub.av.priv\/fr\/aurora-vision-apis\/openapi-preview\/","title":{"rendered":"OpenAPIs Swagger"},"content":{"rendered":"\n<div style=\"height:10px\" aria-hidden=\"true\" class=\"wp-block-spacer\"><\/div>\n\n\n\n<p>Pour vous faciliter la vie pour commencer \u00e0 d\u00e9velopper avec nos API, nous avons impl\u00e9ment\u00e9 Swaggers en tant qu&rsquo;outil de documentation de point de terminaison d&rsquo;API et de mod\u00e8le de donn\u00e9es.<\/p>\n\n\n\n<p>Commencez \u00e0 explorer notre offre d&rsquo;API ici, maintenant, sur votre navigateur.<\/p>\n\n\n\n<div style=\"height:10px\" aria-hidden=\"true\" class=\"wp-block-spacer\"><\/div>\n\n\n\n<div style=\"height:20px\" aria-hidden=\"true\" class=\"wp-block-spacer\"><\/div>\n\n\n\n<iframe style=\"width:100%;max-width:100%;height:320px\" src=\"\/av-api\/#\" class=\"openAPIPreview\" frameborder=\"0\"><\/iframe>\n","protected":false},"excerpt":{"rendered":"<p>Pour vous faciliter la vie pour commencer \u00e0 d\u00e9velopper avec nos API, nous avons impl\u00e9ment\u00e9 Swaggers en tant qu&rsquo;outil de documentation de point de terminaison d&rsquo;API et de mod\u00e8le de donn\u00e9es. Commencez \u00e0 explorer notre offre d&rsquo;API ici, maintenant, sur votre navigateur.<\/p>\n","protected":false},"author":4,"featured_media":0,"parent":2869,"menu_order":1,"comment_status":"closed","ping_status":"closed","template":"","meta":[],"_links":{"self":[{"href":"http:\/\/documentation-wp.hub.av.priv\/fr\/wp-json\/wp\/v2\/pages\/2875"}],"collection":[{"href":"http:\/\/documentation-wp.hub.av.priv\/fr\/wp-json\/wp\/v2\/pages"}],"about":[{"href":"http:\/\/documentation-wp.hub.av.priv\/fr\/wp-json\/wp\/v2\/types\/page"}],"author":[{"embeddable":true,"href":"http:\/\/documentation-wp.hub.av.priv\/fr\/wp-json\/wp\/v2\/users\/4"}],"replies":[{"embeddable":true,"href":"http:\/\/documentation-wp.hub.av.priv\/fr\/wp-json\/wp\/v2\/comments?post=2875"}],"version-history":[{"count":7,"href":"http:\/\/documentation-wp.hub.av.priv\/fr\/wp-json\/wp\/v2\/pages\/2875\/revisions"}],"predecessor-version":[{"id":4072,"href":"http:\/\/documentation-wp.hub.av.priv\/fr\/wp-json\/wp\/v2\/pages\/2875\/revisions\/4072"}],"up":[{"embeddable":true,"href":"http:\/\/documentation-wp.hub.av.priv\/fr\/wp-json\/wp\/v2\/pages\/2869"}],"wp:attachment":[{"href":"http:\/\/documentation-wp.hub.av.priv\/fr\/wp-json\/wp\/v2\/media?parent=2875"}],"curies":[{"name":"wp","href":"https:\/\/api.w.org\/{rel}","templated":true}]}}