{"id":6892,"date":"2022-03-22T17:28:24","date_gmt":"2022-03-22T16:28:24","guid":{"rendered":"http:\/\/documentation-wp.hub.av.priv\/aurora-vision-apis\/user-guide\/entities-state\/"},"modified":"2022-05-23T14:49:36","modified_gmt":"2022-05-23T13:49:36","slug":"entities-state","status":"publish","type":"page","link":"http:\/\/documentation-wp.hub.av.priv\/fr\/aurora-vision-apis\/user-guide\/entities-state\/","title":{"rendered":"Gestion du State des Entit\u00e9s"},"content":{"rendered":"\n<div style=\"height:10px\" aria-hidden=\"true\" class=\"wp-block-spacer\"><\/div>\n\n\n\n<p>Toute entit\u00e9 sur Aurora Vision est caract\u00e9ris\u00e9e par un <code>State <\/code>qui d\u00e9crit la disponibilit\u00e9 au niveau de la surveillance et, g\u00e9n\u00e9ralement, cette disponibilit\u00e9 est directement li\u00e9e \u00e0 l&rsquo;\u00e9tat d&rsquo;installation physique de l&rsquo;appareil. En un mot, vous pouvez donc consid\u00e9rer \u00ab\u00a0l&rsquo;\u00e9tat\u00a0\u00bb comme un param\u00e8tre qui vous permet de garder votre hi\u00e9rarchie align\u00e9e en refl\u00e9tant l&rsquo;\u00e9tat d&rsquo;installation physique d&rsquo;un ou plusieurs appareils (ou usines).<\/p>\n\n\n\n<p>Le <code>State <\/code>d&rsquo;une entit\u00e9 est g\u00e9n\u00e9ralement indiqu\u00e9 dans la r\u00e9ponse de toutes les API qui permettent de faire \u00e9voluer dynamiquement la hi\u00e9rarchie et ne peut \u00eatre modifi\u00e9 que par un utilisateur Aurora Vision, avec un r\u00f4le de privil\u00e8ge suffisant, \u00e0 partir de produits d\u00e9di\u00e9s. Il est important de se rappeler que l&rsquo;objectif du param\u00e8tre <code>State<\/code> n&rsquo;est pas de notifier les \u00e9v\u00e9nements d&rsquo;erreur pr\u00e9sents au niveau de l&rsquo;usine et\/ou de l&rsquo;appareil.<\/p>\n\n\n\n<p>Quatre \u00e9tats sont disponibles:<\/p>\n\n\n\n<div style=\"height:10px\" aria-hidden=\"true\" class=\"wp-block-spacer\"><\/div>\n\n\n\n<ul><li><code>ACTIVE<\/code>: l&rsquo;entit\u00e9 est active et n&rsquo;a subi aucune modification depuis son installation sur le terrain;<\/li><li><code>DELINQUENT<\/code>: l&rsquo;entit\u00e9 n&rsquo;a pas envoy\u00e9 de donn\u00e9es de surveillance \u00e0 Aurora Vision pendant au moins 90&nbsp;jours;<\/li><li><code>DECOMMISSIONED<\/code>: l&rsquo;entit\u00e9 n&rsquo;est plus surveill\u00e9e activement, mais les donn\u00e9es historiques, jusqu&rsquo;au moment du changement de statut, restent consultables;<\/li><li><code>DELETED<\/code>: l&rsquo;entit\u00e9 n&rsquo;est plus activement surveill\u00e9e et les donn\u00e9es historiques ne sont plus disponibles.<\/li><\/ul>\n\n\n\n<hr class=\"wp-block-separator is-style-wide\"\/>\n\n\n\n<p><strong>REMARQUE 1:<\/strong>&nbsp;<em>l&rsquo;\u00e9tat<\/em> <code>DELINQUENT<\/code><em> est automatiquement d\u00e9clench\u00e9 par Aurora Vision et est g\u00e9n\u00e9ralement associ\u00e9 \u00e0 un \u00e9tat d&rsquo;erreur. Pour plus d&rsquo;informations sur la gestion des statuts des entit\u00e9s, veuillez vous r\u00e9f\u00e9rer \u00e0 <em><a href=\"http:\/\/documentation-wp.hub.av.priv\/aurora-vision-apis\/user-guide\/status-management\/\" data-type=\"page\" data-id=\"6529\"><mark style=\"background-color:rgba(0, 0, 0, 0)\" class=\"has-inline-color has-vivid-cyan-blue-color\">Gestion Status d&rsquo;Erreur<\/mark><\/a> chapitre<\/em><\/em>.<\/p>\n\n\n\n<p><strong>REMARQUE 2:<\/strong>\u00a0<em>les entit\u00e9s avec un \u00e9tat<\/em> <code>DELETED <\/code><em>devraient \u00eatre automatiquement filtr\u00e9es des r\u00e9ponses de toutes les API\u00a0; si vous trouvez des incoh\u00e9rences concernant cette d\u00e9claration, nous vous demandons de les signaler via notre page d\u00e9di\u00e9e <a rel=\"noreferrer noopener\" href=\"http:\/\/documentation-wp.hub.av.priv\/fr\/aurora-vision-apis\/feedback\/\" data-type=\"page\" data-id=\"637\" target=\"_blank\"><mark style=\"background-color:rgba(0, 0, 0, 0)\" class=\"has-inline-color has-vivid-cyan-blue-color\">Contacts<\/mark><\/a>.<\/em><\/p>\n\n\n\n<hr class=\"wp-block-separator is-style-wide\"\/>\n","protected":false},"excerpt":{"rendered":"<p>Toute entit\u00e9 sur Aurora Vision est caract\u00e9ris\u00e9e par un State qui d\u00e9crit la disponibilit\u00e9 au niveau de la surveillance et, g\u00e9n\u00e9ralement, cette disponibilit\u00e9 est directement li\u00e9e \u00e0 l&rsquo;\u00e9tat d&rsquo;installation physique de l&rsquo;appareil. En un mot, vous pouvez donc consid\u00e9rer \u00ab\u00a0l&rsquo;\u00e9tat\u00a0\u00bb comme un param\u00e8tre qui vous permet de garder votre hi\u00e9rarchie align\u00e9e en refl\u00e9tant l&rsquo;\u00e9tat d&rsquo;installation [&hellip;]<\/p>\n","protected":false},"author":4,"featured_media":0,"parent":1791,"menu_order":9,"comment_status":"closed","ping_status":"closed","template":"","meta":[],"_links":{"self":[{"href":"http:\/\/documentation-wp.hub.av.priv\/fr\/wp-json\/wp\/v2\/pages\/6892"}],"collection":[{"href":"http:\/\/documentation-wp.hub.av.priv\/fr\/wp-json\/wp\/v2\/pages"}],"about":[{"href":"http:\/\/documentation-wp.hub.av.priv\/fr\/wp-json\/wp\/v2\/types\/page"}],"author":[{"embeddable":true,"href":"http:\/\/documentation-wp.hub.av.priv\/fr\/wp-json\/wp\/v2\/users\/4"}],"replies":[{"embeddable":true,"href":"http:\/\/documentation-wp.hub.av.priv\/fr\/wp-json\/wp\/v2\/comments?post=6892"}],"version-history":[{"count":8,"href":"http:\/\/documentation-wp.hub.av.priv\/fr\/wp-json\/wp\/v2\/pages\/6892\/revisions"}],"predecessor-version":[{"id":8056,"href":"http:\/\/documentation-wp.hub.av.priv\/fr\/wp-json\/wp\/v2\/pages\/6892\/revisions\/8056"}],"up":[{"embeddable":true,"href":"http:\/\/documentation-wp.hub.av.priv\/fr\/wp-json\/wp\/v2\/pages\/1791"}],"wp:attachment":[{"href":"http:\/\/documentation-wp.hub.av.priv\/fr\/wp-json\/wp\/v2\/media?parent=6892"}],"curies":[{"name":"wp","href":"https:\/\/api.w.org\/{rel}","templated":true}]}}