{"id":13276,"date":"2022-10-16T07:12:29","date_gmt":"2022-10-16T06:12:29","guid":{"rendered":"http:\/\/documentation-wp.hub.av.priv\/energy-viewer\/user-guide\/"},"modified":"2022-10-17T15:33:25","modified_gmt":"2022-10-17T14:33:25","slug":"user-guide","status":"publish","type":"page","link":"http:\/\/documentation-wp.hub.av.priv\/hu\/energy-viewer\/user-guide\/","title":{"rendered":"Haszn\u00e1lati Utmutat\u00f3"},"content":{"rendered":"\n<div style=\"height:10px\" aria-hidden=\"true\" class=\"wp-block-spacer\"><\/div>\n\n\n\n<p>Mik\u00f6zben azon dolgozunk, hogy az ezen az oldalon tal\u00e1lhat\u00f3 Energy Viewer felhaszn\u00e1l\u00f3i k\u00e9zik\u00f6nyv interakt\u00edv v\u00e1ltozat\u00e1t k\u00edn\u00e1ljuk \u00d6nnek, alul megtekintheti \u00e9s let\u00f6ltheti a naprak\u00e9sz haszn\u00e1lati \u00fatmutat\u00f3t.<\/p>\n\n\n\n<div style=\"height:10px\" aria-hidden=\"true\" class=\"wp-block-spacer\"><\/div>\n\n\n\n<div class=\"wp-block-file\"><object class=\"wp-block-file__embed\" data=\"http:\/\/documentation-wp.hub.av.priv\/wp-content\/uploads\/2022\/10\/Aurora-Vision-Cloud-Energy-Viewer-User-Guide-ENG_REVA.pdf\" type=\"application\/pdf\" style=\"width:100%;height:600px\" aria-label=\"Embed of Aurora-Vision-Cloud-Energy-Viewer-User-Guide-ENG_REVA.\"><\/object><a id=\"wp-block-file--media-7b4bf222-a2a0-4ff9-b7cf-bba1f93160b4\" href=\"http:\/\/documentation-wp.hub.av.priv\/wp-content\/uploads\/2022\/10\/Aurora-Vision-Cloud-Energy-Viewer-User-Guide-ENG_REVA.pdf\">Aurora-Vision-Cloud-Energy-Viewer-User-Guide-ENG_REVA<\/a><a href=\"http:\/\/documentation-wp.hub.av.priv\/wp-content\/uploads\/2022\/10\/Aurora-Vision-Cloud-Energy-Viewer-User-Guide-ENG_REVA.pdf\" class=\"wp-block-file__button\" download aria-describedby=\"wp-block-file--media-7b4bf222-a2a0-4ff9-b7cf-bba1f93160b4\">Download<\/a><\/div>\n","protected":false},"excerpt":{"rendered":"<p>Mik\u00f6zben azon dolgozunk, hogy az ezen az oldalon tal\u00e1lhat\u00f3 Energy Viewer felhaszn\u00e1l\u00f3i k\u00e9zik\u00f6nyv interakt\u00edv v\u00e1ltozat\u00e1t k\u00edn\u00e1ljuk \u00d6nnek, alul megtekintheti \u00e9s let\u00f6ltheti a naprak\u00e9sz haszn\u00e1lati \u00fatmutat\u00f3t.<\/p>\n","protected":false},"author":4,"featured_media":0,"parent":1839,"menu_order":2,"comment_status":"closed","ping_status":"closed","template":"","meta":[],"_links":{"self":[{"href":"http:\/\/documentation-wp.hub.av.priv\/hu\/wp-json\/wp\/v2\/pages\/13276"}],"collection":[{"href":"http:\/\/documentation-wp.hub.av.priv\/hu\/wp-json\/wp\/v2\/pages"}],"about":[{"href":"http:\/\/documentation-wp.hub.av.priv\/hu\/wp-json\/wp\/v2\/types\/page"}],"author":[{"embeddable":true,"href":"http:\/\/documentation-wp.hub.av.priv\/hu\/wp-json\/wp\/v2\/users\/4"}],"replies":[{"embeddable":true,"href":"http:\/\/documentation-wp.hub.av.priv\/hu\/wp-json\/wp\/v2\/comments?post=13276"}],"version-history":[{"count":1,"href":"http:\/\/documentation-wp.hub.av.priv\/hu\/wp-json\/wp\/v2\/pages\/13276\/revisions"}],"predecessor-version":[{"id":13283,"href":"http:\/\/documentation-wp.hub.av.priv\/hu\/wp-json\/wp\/v2\/pages\/13276\/revisions\/13283"}],"up":[{"embeddable":true,"href":"http:\/\/documentation-wp.hub.av.priv\/hu\/wp-json\/wp\/v2\/pages\/1839"}],"wp:attachment":[{"href":"http:\/\/documentation-wp.hub.av.priv\/hu\/wp-json\/wp\/v2\/media?parent=13276"}],"curies":[{"name":"wp","href":"https:\/\/api.w.org\/{rel}","templated":true}]}}