{"id":1758,"date":"2022-01-27T09:21:45","date_gmt":"2022-01-27T08:21:45","guid":{"rendered":"http:\/\/documentation-wp.hub.av.priv\/home\/"},"modified":"2022-07-04T11:09:35","modified_gmt":"2022-07-04T10:09:35","slug":"home","status":"publish","type":"page","link":"http:\/\/documentation-wp.hub.av.priv\/hu\/","title":{"rendered":"Aurora Vision Dokument\u00e1ci\u00f3"},"content":{"rendered":"\n<div style=\"height:10px\" aria-hidden=\"true\" class=\"wp-block-spacer\"><\/div>\n\n\n\n<p class=\"has-text-align-left\">\u00dcdv\u00f6z\u00f6lj\u00fck az Aurora Vision dokument\u00e1ci\u00f3s oldal\u00e1n!<br>V\u00e1lassza ki az \u00d6nt \u00e9rdekl\u0151 term\u00e9ket vagy szolg\u00e1ltat\u00e1st a kapcsol\u00f3d\u00f3 dokument\u00e1ci\u00f3 el\u00e9r\u00e9s\u00e9hez.<br>Nem tudja, hol kezdje? Vessen egy pillant\u00e1st a FAQs (<em>Frequently Asked Questions<\/em>) oldal l\u00e1bl\u00e9c\u00e9ben tal\u00e1lhat\u00f3 vagy t\u00f6ltse le a hivatalos <a rel=\"noreferrer noopener\" download=\"Aurora-Vision-Cloud-Introduction_ENG_REVA.pdf\" href=\"http:\/\/documentation-wp.hub.av.priv\/wp-content\/uploads\/2022\/06\/Aurora-Vision-Cloud-Introduction_ENG_REVA.pdf\" target=\"_blank\"><mark style=\"background-color:rgba(0, 0, 0, 0)\" class=\"has-inline-color has-vivid-cyan-blue-color\">Aurora Vision Cloud &#8211; Product Presentation<\/mark><\/a>!<br><\/p>\n\n\n\n<p> <\/p>\n\n\n\n<div style=\"height:40px\" aria-hidden=\"true\" class=\"wp-block-spacer\"><\/div>\n\n\n\n<div class=\"wp-block-columns\">\n<div class=\"wp-block-column\">\n<div class=\"wp-block-image\"><figure class=\"aligncenter size-thumbnail\"><a href=\"http:\/\/documentation-wp.hub.av.priv\/plant-portfolio-manager\/\"><img loading=\"lazy\" width=\"150\" height=\"150\" src=\"http:\/\/documentation-wp.hub.av.priv\/wp-content\/uploads\/2022\/02\/FIMER-Plant-Portfolio-Manager-150x150.png\" alt=\"\" class=\"wp-image-228\" srcset=\"http:\/\/documentation-wp.hub.av.priv\/wp-content\/uploads\/2022\/02\/FIMER-Plant-Portfolio-Manager-150x150.png 150w, http:\/\/documentation-wp.hub.av.priv\/wp-content\/uploads\/2022\/02\/FIMER-Plant-Portfolio-Manager.png 201w\" sizes=\"(max-width: 150px) 100vw, 150px\" \/><\/a><\/figure><\/div>\n\n\n\n<h2 class=\"has-text-align-center\" id=\"plant-portfolio-manager\">Plant Portfolio Manager<\/h2>\n\n\n\n<p class=\"has-text-align-center\">Utols\u00f3 Friss\u00edt\u00e9s: 06\/07\/2022<\/p>\n<\/div>\n\n\n\n<div class=\"wp-block-column\">\n<div class=\"wp-block-image\"><figure class=\"aligncenter size-thumbnail\"><a href=\"http:\/\/documentation-wp.hub.av.priv\/energy-viewer\/\"><img loading=\"lazy\" width=\"150\" height=\"150\" src=\"http:\/\/documentation-wp.hub.av.priv\/wp-content\/uploads\/2022\/02\/MicrosoftTeams-image-150x150.png\" alt=\"\" class=\"wp-image-124\" srcset=\"http:\/\/documentation-wp.hub.av.priv\/wp-content\/uploads\/2022\/02\/MicrosoftTeams-image-150x150.png 150w, http:\/\/documentation-wp.hub.av.priv\/wp-content\/uploads\/2022\/02\/MicrosoftTeams-image-300x300.png 300w, http:\/\/documentation-wp.hub.av.priv\/wp-content\/uploads\/2022\/02\/MicrosoftTeams-image.png 1024w, http:\/\/documentation-wp.hub.av.priv\/wp-content\/uploads\/2022\/02\/MicrosoftTeams-image-768x768.png 768w\" sizes=\"(max-width: 150px) 100vw, 150px\" \/><\/a><\/figure><\/div>\n\n\n\n<h2 class=\"has-text-align-center\" id=\"plant-portfolio-manager\">Energy Viewer<\/h2>\n\n\n\n<p class=\"has-text-align-center\">Utols\u00f3 Friss\u00edt\u00e9s: 06\/07\/2022<\/p>\n<\/div>\n\n\n\n<div class=\"wp-block-column\">\n<div class=\"wp-block-image\"><figure class=\"aligncenter size-thumbnail\"><a href=\"http:\/\/documentation-wp.hub.av.priv\/aurora-vision-apis\/\"><img loading=\"lazy\" width=\"150\" height=\"150\" src=\"http:\/\/documentation-wp.hub.av.priv\/wp-content\/uploads\/2022\/02\/FIMER-APIs-150x150.png\" alt=\"\" class=\"wp-image-236\" srcset=\"http:\/\/documentation-wp.hub.av.priv\/wp-content\/uploads\/2022\/02\/FIMER-APIs-150x150.png 150w, http:\/\/documentation-wp.hub.av.priv\/wp-content\/uploads\/2022\/02\/FIMER-APIs.png 201w\" sizes=\"(max-width: 150px) 100vw, 150px\" \/><\/a><\/figure><\/div>\n\n\n\n<h2 class=\"has-text-align-center\" id=\"plant-portfolio-manager\">Aurora Vision APIs<\/h2>\n\n\n\n<p class=\"has-text-align-center\">Utols\u00f3 Friss\u00edt\u00e9s: 06\/07\/2022<\/p>\n<\/div>\n<\/div>\n\n\n\n<p><\/p>\n","protected":false},"excerpt":{"rendered":"<p>\u00dcdv\u00f6z\u00f6lj\u00fck az Aurora Vision dokument\u00e1ci\u00f3s oldal\u00e1n!V\u00e1lassza ki az \u00d6nt \u00e9rdekl\u0151 term\u00e9ket vagy szolg\u00e1ltat\u00e1st a kapcsol\u00f3d\u00f3 dokument\u00e1ci\u00f3 el\u00e9r\u00e9s\u00e9hez.Nem tudja, hol kezdje? Vessen egy pillant\u00e1st a FAQs (Frequently Asked Questions) oldal l\u00e1bl\u00e9c\u00e9ben tal\u00e1lhat\u00f3 vagy t\u00f6ltse le a hivatalos Aurora Vision Cloud &#8211; Product Presentation! Plant Portfolio Manager Utols\u00f3 Friss\u00edt\u00e9s: 06\/07\/2022 Energy Viewer Utols\u00f3 Friss\u00edt\u00e9s: 06\/07\/2022 Aurora Vision [&hellip;]<\/p>\n","protected":false},"author":2,"featured_media":0,"parent":0,"menu_order":0,"comment_status":"closed","ping_status":"closed","template":"page-full.php","meta":[],"_links":{"self":[{"href":"http:\/\/documentation-wp.hub.av.priv\/hu\/wp-json\/wp\/v2\/pages\/1758"}],"collection":[{"href":"http:\/\/documentation-wp.hub.av.priv\/hu\/wp-json\/wp\/v2\/pages"}],"about":[{"href":"http:\/\/documentation-wp.hub.av.priv\/hu\/wp-json\/wp\/v2\/types\/page"}],"author":[{"embeddable":true,"href":"http:\/\/documentation-wp.hub.av.priv\/hu\/wp-json\/wp\/v2\/users\/2"}],"replies":[{"embeddable":true,"href":"http:\/\/documentation-wp.hub.av.priv\/hu\/wp-json\/wp\/v2\/comments?post=1758"}],"version-history":[{"count":8,"href":"http:\/\/documentation-wp.hub.av.priv\/hu\/wp-json\/wp\/v2\/pages\/1758\/revisions"}],"predecessor-version":[{"id":11130,"href":"http:\/\/documentation-wp.hub.av.priv\/hu\/wp-json\/wp\/v2\/pages\/1758\/revisions\/11130"}],"wp:attachment":[{"href":"http:\/\/documentation-wp.hub.av.priv\/hu\/wp-json\/wp\/v2\/media?parent=1758"}],"curies":[{"name":"wp","href":"https:\/\/api.w.org\/{rel}","templated":true}]}}