{"id":1765,"date":"2022-01-27T10:29:29","date_gmt":"2022-01-27T09:29:29","guid":{"rendered":"http:\/\/documentation-wp.hub.av.priv\/aurora-vision-apis\/"},"modified":"2022-03-03T08:46:10","modified_gmt":"2022-03-03T07:46:10","slug":"aurora-vision-apis","status":"publish","type":"page","link":"http:\/\/documentation-wp.hub.av.priv\/hu\/aurora-vision-apis\/","title":{"rendered":"Aurora Vision APIs"},"content":{"rendered":"\n<div style=\"height:10px\" aria-hidden=\"true\" class=\"wp-block-spacer\"><\/div>\n\n\n\n<p>Az Aurora Vision APIs az Aurora Vision felh\u0151n kereszt\u00fcl el\u00e9rhet\u0151 RESTful Cloud-APIs szolg\u00e1ltat\u00e1s, amely t\u00f6bb h\u00edv\u00e1scsomaghoz biztos\u00edt hozz\u00e1f\u00e9r\u00e9st a FIMER fotovoltaikus rendszerekkel kapcsolatos adatok \u00e9s inform\u00e1ci\u00f3k megszerz\u00e9s\u00e9hez (<em>az Aurora Vision rendszeren megfelel\u0151en regisztr\u00e1lva<\/em>).<\/p>\n\n\n\n<p>\u2022 <strong>Melyek az Aurora Vision API-k szolg\u00e1ltat\u00e1s f\u0151 el\u0151nyei?<\/strong><\/p>\n\n\n\n<div style=\"height:20px\" aria-hidden=\"true\" class=\"wp-block-spacer\"><\/div>\n\n\n\n<div class=\"wp-block-columns\">\n<div class=\"wp-block-column\">\n<div class=\"wp-block-media-text alignwide is-stacked-on-mobile\" style=\"grid-template-columns:30% auto\"><figure class=\"wp-block-media-text__media\"><img loading=\"lazy\" width=\"940\" height=\"788\" src=\"http:\/\/documentation-wp.hub.av.priv\/wp-content\/uploads\/2022\/02\/1.png\" alt=\"\" class=\"wp-image-1155 size-thumbnail\" srcset=\"http:\/\/documentation-wp.hub.av.priv\/wp-content\/uploads\/2022\/02\/1.png 940w, http:\/\/documentation-wp.hub.av.priv\/wp-content\/uploads\/2022\/02\/1-300x251.png 300w, http:\/\/documentation-wp.hub.av.priv\/wp-content\/uploads\/2022\/02\/1-768x644.png 768w\" sizes=\"(max-width: 940px) 100vw, 940px\" \/><\/figure><div class=\"wp-block-media-text__content\">\n<h2 class=\"has-medium-font-size\">Megmet Id\u0151t <br>Megmet P\u00e9nzt<\/h2>\n<\/div><\/div>\n\n\n\n<div style=\"height:10px\" aria-hidden=\"true\" class=\"wp-block-spacer\"><\/div>\n\n\n\n<p id=\"save-timesave-money\">Az Aurora Vision APIs felh\u0151alap\u00faak. A FIMER fotovoltaikus rendszerek adataihoz val\u00f3 hozz\u00e1f\u00e9r\u00e9st teljes m\u00e9rt\u00e9kben az Aurora Vision kezeli \u00e9s hangszereli. Nincs sz\u00fcks\u00e9g tov\u00e1bbi helyi hardverre, \u00edgy id\u0151t \u00e9s p\u00e9nzt takar\u00edthat meg.<\/p>\n<\/div>\n\n\n\n<div class=\"wp-block-column\">\n<div class=\"wp-block-media-text alignwide is-stacked-on-mobile\" style=\"grid-template-columns:30% auto\"><figure class=\"wp-block-media-text__media\"><img loading=\"lazy\" width=\"940\" height=\"788\" src=\"http:\/\/documentation-wp.hub.av.priv\/wp-content\/uploads\/2022\/02\/10.png\" alt=\"\" class=\"wp-image-1163 size-thumbnail\" srcset=\"http:\/\/documentation-wp.hub.av.priv\/wp-content\/uploads\/2022\/02\/10.png 940w, http:\/\/documentation-wp.hub.av.priv\/wp-content\/uploads\/2022\/02\/10-300x251.png 300w, http:\/\/documentation-wp.hub.av.priv\/wp-content\/uploads\/2022\/02\/10-768x644.png 768w\" sizes=\"(max-width: 940px) 100vw, 940px\" \/><\/figure><div class=\"wp-block-media-text__content\">\n<h2 class=\"has-medium-font-size\">Egyszer\u0171<br>Integr\u00e1ci\u00f3<\/h2>\n<\/div><\/div>\n\n\n\n<div style=\"height:10px\" aria-hidden=\"true\" class=\"wp-block-spacer\"><\/div>\n\n\n\n<p id=\"simpleintegration\">A RESTful architekt\u00fara jobb meg\u00e9rt\u00e9st \u00e9s cs\u00f6kkentett integr\u00e1ci\u00f3s er\u0151fesz\u00edt\u00e9st tesz lehet\u0151v\u00e9, mindig szem el\u0151tt tartva a kiberbiztons\u00e1got.<\/p>\n<\/div>\n\n\n\n<div class=\"wp-block-column\">\n<div class=\"wp-block-media-text alignwide is-stacked-on-mobile\" style=\"grid-template-columns:30% auto\"><figure class=\"wp-block-media-text__media\"><img loading=\"lazy\" width=\"940\" height=\"788\" src=\"http:\/\/documentation-wp.hub.av.priv\/wp-content\/uploads\/2022\/02\/11.png\" alt=\"\" class=\"wp-image-1171 size-thumbnail\" srcset=\"http:\/\/documentation-wp.hub.av.priv\/wp-content\/uploads\/2022\/02\/11.png 940w, http:\/\/documentation-wp.hub.av.priv\/wp-content\/uploads\/2022\/02\/11-300x251.png 300w, http:\/\/documentation-wp.hub.av.priv\/wp-content\/uploads\/2022\/02\/11-768x644.png 768w\" sizes=\"(max-width: 940px) 100vw, 940px\" \/><\/figure><div class=\"wp-block-media-text__content\">\n<h2 class=\"has-medium-font-size\">Vev\u0151<br>K\u00f6zponti<\/h2>\n<\/div><\/div>\n\n\n\n<div style=\"height:10px\" aria-hidden=\"true\" class=\"wp-block-spacer\"><\/div>\n\n\n\n<p id=\"customercentric\">Az Aurora Vision APIs nagy plusz \u00e9rt\u00e9kk\u00e9nt kezelj\u00fck \u00e9s karbantartjuk \u00fcgyfeleink sz\u00e1m\u00e1ra; Emiatt mindig figyelmesen meghallgatjuk a visszajelz\u00e9seket a szolg\u00e1ltat\u00e1s konkr\u00e9t megval\u00f3s\u00edt\u00e1sokkal \u00e9s kiad\u00e1sokkal t\u00f6rt\u00e9n\u0151 fejleszt\u00e9s\u00e9vel kapcsolatban.<\/p>\n<\/div>\n<\/div>\n\n\n\n<div style=\"height:10px\" aria-hidden=\"true\" class=\"wp-block-spacer\"><\/div>\n\n\n\n<p>\u2022 <strong>Melyek a FIMER fotovoltaikus rendszerek adatainak felhaszn\u00e1l\u00e1s\u00e1nak f\u0151bb alkalmaz\u00e1sai?<\/strong><\/p>\n\n\n\n<div style=\"height:20px\" aria-hidden=\"true\" class=\"wp-block-spacer\"><\/div>\n\n\n\n<div class=\"wp-block-columns\">\n<div class=\"wp-block-column\" style=\"flex-basis:100%\">\n<div class=\"wp-block-columns\">\n<div class=\"wp-block-column\">\n<div class=\"wp-block-media-text alignwide is-stacked-on-mobile is-vertically-aligned-center\" style=\"grid-template-columns:30% auto\"><figure class=\"wp-block-media-text__media\"><img loading=\"lazy\" width=\"940\" height=\"788\" src=\"http:\/\/documentation-wp.hub.av.priv\/wp-content\/uploads\/2022\/02\/3.png\" alt=\"\" class=\"wp-image-1179 size-thumbnail\" srcset=\"http:\/\/documentation-wp.hub.av.priv\/wp-content\/uploads\/2022\/02\/3.png 940w, http:\/\/documentation-wp.hub.av.priv\/wp-content\/uploads\/2022\/02\/3-300x251.png 300w, http:\/\/documentation-wp.hub.av.priv\/wp-content\/uploads\/2022\/02\/3-768x644.png 768w\" sizes=\"(max-width: 940px) 100vw, 940px\" \/><\/figure><div class=\"wp-block-media-text__content\">\n<h2 class=\"has-medium-font-size\">Term\u00e9kek &amp;<br>Szolg\u00e1ltat\u00e1sok<\/h2>\n<\/div><\/div>\n\n\n\n<div style=\"height:20px\" aria-hidden=\"true\" class=\"wp-block-spacer\"><\/div>\n\n\n\n<p>Haszn\u00e1lja ki az adatokat a term\u00e9kek \u00e9s testreszabott megold\u00e1sok tervez\u00e9s\u00e9ben v\u00e9gfelhaszn\u00e1l\u00f3i sz\u00e1m\u00e1ra, hogy megfeleljen az ig\u00e9nyeiknek.<\/p>\n<\/div>\n\n\n\n<div class=\"wp-block-column\">\n<div class=\"wp-block-media-text alignwide is-stacked-on-mobile\" style=\"grid-template-columns:30% auto\"><figure class=\"wp-block-media-text__media\"><img loading=\"lazy\" width=\"940\" height=\"788\" src=\"http:\/\/documentation-wp.hub.av.priv\/wp-content\/uploads\/2022\/02\/6.png\" alt=\"\" class=\"wp-image-1187 size-thumbnail\" srcset=\"http:\/\/documentation-wp.hub.av.priv\/wp-content\/uploads\/2022\/02\/6.png 940w, http:\/\/documentation-wp.hub.av.priv\/wp-content\/uploads\/2022\/02\/6-300x251.png 300w, http:\/\/documentation-wp.hub.av.priv\/wp-content\/uploads\/2022\/02\/6-768x644.png 768w\" sizes=\"(max-width: 940px) 100vw, 940px\" \/><\/figure><div class=\"wp-block-media-text__content\">\n<h2 class=\"has-medium-font-size\" id=\"machinelearning\">Machine<br>Learning<\/h2>\n<\/div><\/div>\n\n\n\n<div style=\"height:20px\" aria-hidden=\"true\" class=\"wp-block-spacer\"><\/div>\n\n\n\n<p>Haszn\u00e1lja ki az adatokat a DNNs (<em>Deep Neural Networks<\/em>) betan\u00edt\u00e1s\u00e1hoz, a VPPs (<em>Virtual Power Plants<\/em>) \u00e9s az energiacsere intelligens kezel\u00e9s\u00e9be.<\/p>\n<\/div>\n\n\n\n<div class=\"wp-block-column\">\n<div class=\"wp-block-media-text alignwide is-stacked-on-mobile\" style=\"grid-template-columns:30% auto\"><figure class=\"wp-block-media-text__media\"><img loading=\"lazy\" width=\"940\" height=\"788\" src=\"http:\/\/documentation-wp.hub.av.priv\/wp-content\/uploads\/2022\/02\/7.png\" alt=\"\" class=\"wp-image-1195 size-thumbnail\" srcset=\"http:\/\/documentation-wp.hub.av.priv\/wp-content\/uploads\/2022\/02\/7.png 940w, http:\/\/documentation-wp.hub.av.priv\/wp-content\/uploads\/2022\/02\/7-300x251.png 300w, http:\/\/documentation-wp.hub.av.priv\/wp-content\/uploads\/2022\/02\/7-768x644.png 768w\" sizes=\"(max-width: 940px) 100vw, 940px\" \/><\/figure><div class=\"wp-block-media-text__content\">\n<h2 class=\"has-medium-font-size\" id=\"dataanalytic\">Data<br>Analytic<\/h2>\n<\/div><\/div>\n\n\n\n<div style=\"height:20px\" aria-hidden=\"true\" class=\"wp-block-spacer\"><\/div>\n\n\n\n<p>Haszn\u00e1lja ki az adatokat fejlett analitikai eszk\u00f6z\u00f6k l\u00e9trehoz\u00e1s\u00e1hoz, amelyek lehet\u0151v\u00e9 teszik az \u00e9rdekl\u0151d\u00e9sre sz\u00e1mot tart\u00f3 param\u00e9terek r\u00e9szletes elemz\u00e9s\u00e9t.<\/p>\n<\/div>\n<\/div>\n<\/div>\n<\/div>\n","protected":false},"excerpt":{"rendered":"<p>Az Aurora Vision APIs az Aurora Vision felh\u0151n kereszt\u00fcl el\u00e9rhet\u0151 RESTful Cloud-APIs szolg\u00e1ltat\u00e1s, amely t\u00f6bb h\u00edv\u00e1scsomaghoz biztos\u00edt hozz\u00e1f\u00e9r\u00e9st a FIMER fotovoltaikus rendszerekkel kapcsolatos adatok \u00e9s inform\u00e1ci\u00f3k megszerz\u00e9s\u00e9hez (az Aurora Vision rendszeren megfelel\u0151en regisztr\u00e1lva). \u2022 Melyek az Aurora Vision API-k szolg\u00e1ltat\u00e1s f\u0151 el\u0151nyei? Megmet Id\u0151t Megmet P\u00e9nzt Az Aurora Vision APIs felh\u0151alap\u00faak. A FIMER fotovoltaikus rendszerek [&hellip;]<\/p>\n","protected":false},"author":4,"featured_media":0,"parent":0,"menu_order":0,"comment_status":"closed","ping_status":"closed","template":"","meta":[],"_links":{"self":[{"href":"http:\/\/documentation-wp.hub.av.priv\/hu\/wp-json\/wp\/v2\/pages\/1765"}],"collection":[{"href":"http:\/\/documentation-wp.hub.av.priv\/hu\/wp-json\/wp\/v2\/pages"}],"about":[{"href":"http:\/\/documentation-wp.hub.av.priv\/hu\/wp-json\/wp\/v2\/types\/page"}],"author":[{"embeddable":true,"href":"http:\/\/documentation-wp.hub.av.priv\/hu\/wp-json\/wp\/v2\/users\/4"}],"replies":[{"embeddable":true,"href":"http:\/\/documentation-wp.hub.av.priv\/hu\/wp-json\/wp\/v2\/comments?post=1765"}],"version-history":[{"count":15,"href":"http:\/\/documentation-wp.hub.av.priv\/hu\/wp-json\/wp\/v2\/pages\/1765\/revisions"}],"predecessor-version":[{"id":5481,"href":"http:\/\/documentation-wp.hub.av.priv\/hu\/wp-json\/wp\/v2\/pages\/1765\/revisions\/5481"}],"wp:attachment":[{"href":"http:\/\/documentation-wp.hub.av.priv\/hu\/wp-json\/wp\/v2\/media?parent=1765"}],"curies":[{"name":"wp","href":"https:\/\/api.w.org\/{rel}","templated":true}]}}