{"id":1771,"date":"2022-02-02T13:56:09","date_gmt":"2022-02-02T12:56:09","guid":{"rendered":"http:\/\/documentation-wp.hub.av.priv\/aurora-vision-apis\/openapi-preview\/"},"modified":"2022-03-01T17:15:54","modified_gmt":"2022-03-01T16:15:54","slug":"openapi-preview","status":"publish","type":"page","link":"http:\/\/documentation-wp.hub.av.priv\/hu\/aurora-vision-apis\/openapi-preview\/","title":{"rendered":"OpenAPIs Swagger"},"content":{"rendered":"\n<div style=\"height:10px\" aria-hidden=\"true\" class=\"wp-block-spacer\"><\/div>\n\n\n\n<p>Annak \u00e9rdek\u00e9ben, hogy k\u00f6nnyebb\u00e9 tegy\u00fck az API-jainkkal szembeni fejleszt\u00e9sek megkezd\u00e9s\u00e9t, a Swaggers alkalmaz\u00e1st API-v\u00e9gpontk\u00e9nt \u00e9s DataModel dokument\u00e1ci\u00f3s eszk\u00f6zk\u00e9nt implement\u00e1ltuk.<\/p>\n\n\n\n<p>Kezdje el felfedezni API-k\u00edn\u00e1latunkat itt, most, a b\u00f6ng\u00e9sz\u0151j\u00e9ben.<\/p>\n\n\n\n<div style=\"height:10px\" aria-hidden=\"true\" class=\"wp-block-spacer\"><\/div>\n\n\n\n<div style=\"height:20px\" aria-hidden=\"true\" class=\"wp-block-spacer\"><\/div>\n\n\n\n<iframe style=\"width:100%;max-width:100%;height:320px\" src=\"\/av-api\/#\" class=\"openAPIPreview\" frameborder=\"0\"><\/iframe>\n","protected":false},"excerpt":{"rendered":"<p>Annak \u00e9rdek\u00e9ben, hogy k\u00f6nnyebb\u00e9 tegy\u00fck az API-jainkkal szembeni fejleszt\u00e9sek megkezd\u00e9s\u00e9t, a Swaggers alkalmaz\u00e1st API-v\u00e9gpontk\u00e9nt \u00e9s DataModel dokument\u00e1ci\u00f3s eszk\u00f6zk\u00e9nt implement\u00e1ltuk. Kezdje el felfedezni API-k\u00edn\u00e1latunkat itt, most, a b\u00f6ng\u00e9sz\u0151j\u00e9ben.<\/p>\n","protected":false},"author":4,"featured_media":0,"parent":1765,"menu_order":1,"comment_status":"closed","ping_status":"closed","template":"","meta":[],"_links":{"self":[{"href":"http:\/\/documentation-wp.hub.av.priv\/hu\/wp-json\/wp\/v2\/pages\/1771"}],"collection":[{"href":"http:\/\/documentation-wp.hub.av.priv\/hu\/wp-json\/wp\/v2\/pages"}],"about":[{"href":"http:\/\/documentation-wp.hub.av.priv\/hu\/wp-json\/wp\/v2\/types\/page"}],"author":[{"embeddable":true,"href":"http:\/\/documentation-wp.hub.av.priv\/hu\/wp-json\/wp\/v2\/users\/4"}],"replies":[{"embeddable":true,"href":"http:\/\/documentation-wp.hub.av.priv\/hu\/wp-json\/wp\/v2\/comments?post=1771"}],"version-history":[{"count":9,"href":"http:\/\/documentation-wp.hub.av.priv\/hu\/wp-json\/wp\/v2\/pages\/1771\/revisions"}],"predecessor-version":[{"id":4828,"href":"http:\/\/documentation-wp.hub.av.priv\/hu\/wp-json\/wp\/v2\/pages\/1771\/revisions\/4828"}],"up":[{"embeddable":true,"href":"http:\/\/documentation-wp.hub.av.priv\/hu\/wp-json\/wp\/v2\/pages\/1765"}],"wp:attachment":[{"href":"http:\/\/documentation-wp.hub.av.priv\/hu\/wp-json\/wp\/v2\/media?parent=1771"}],"curies":[{"name":"wp","href":"https:\/\/api.w.org\/{rel}","templated":true}]}}