{"id":1793,"date":"2022-02-21T08:05:35","date_gmt":"2022-02-21T07:05:35","guid":{"rendered":"http:\/\/documentation-wp.hub.av.priv\/aurora-vision-apis\/user-guide\/"},"modified":"2022-06-08T09:07:47","modified_gmt":"2022-06-08T08:07:47","slug":"user-guide","status":"publish","type":"page","link":"http:\/\/documentation-wp.hub.av.priv\/hu\/aurora-vision-apis\/user-guide\/","title":{"rendered":"Haszn\u00e1lati Utmutat\u00f3"},"content":{"rendered":"\n<div style=\"height:10px\" aria-hidden=\"true\" class=\"wp-block-spacer\"><\/div>\n\n\n\n<p>Annak \u00e9rdek\u00e9ben, hogy a v\u00e9gfelhaszn\u00e1l\u00f3 sz\u00e1m\u00e1ra mindenre kiterjed\u0151 \u00e9lm\u00e9nyt biztos\u00edtsunk, elk\u00e9sz\u00edtett\u00fcnk egy felhaszn\u00e1l\u00f3i \u00fatmutat\u00f3t, amely az Aurora Vision API-k f\u0151bb t\u00e9m\u00e1it fedi le, azzal a c\u00e9llal, hogy a f\u0151bb ir\u00e1nyelveket adjon a szolg\u00e1ltat\u00e1s haszn\u00e1lat\u00e1hoz \u00e9s megval\u00f3s\u00edt\u00e1s\u00e1hoz.<br>A haszn\u00e1lati \u00fatmutat\u00f3t id\u0151vel friss\u00edtj\u00fck: \u00faj r\u00e9szekkel b\u0151v\u00edtj\u00fck \u00e9s finom\u00edtjuk az egyes t\u00e9m\u00e1k vagy t\u00e9m\u00e1k megvitat\u00e1s\u00e1t, mind az \u00e1ltalunk kiemelt hi\u00e1nyoss\u00e1gok, mind a v\u00e9gfelhaszn\u00e1l\u00f3k visszajelz\u00e9sei alapj\u00e1n.<\/p>\n\n\n\n<p>Az \u00fatmutat\u00f3 k\u00fcl\u00f6nb\u00f6z\u0151 r\u00e9szeihez val\u00f3 hozz\u00e1f\u00e9r\u00e9s egyszer\u0171: kattintson az egyik elemre a bal oldali mez\u0151ben, \u00e9s \u00e1tir\u00e1ny\u00edt az \u00d6nt \u00e9rdekl\u0151 oldalra, mik\u00f6zben interakt\u00edvan b\u00f6ng\u00e9szheti az \u00fatmutat\u00f3t, amikor \u00e9s ahogy akarja.<\/p>\n\n\n\n<div class=\"wp-block-columns has-black-color has-text-color has-background\" style=\"background-color:#e6e6e6\">\n<div class=\"wp-block-column\">\n<figure class=\"wp-block-image size-full\"><img loading=\"lazy\" width=\"752\" height=\"300\" src=\"http:\/\/documentation-wp.hub.av.priv\/wp-content\/uploads\/2022\/04\/pm-orange-logo-horiz.png\" alt=\"\" class=\"wp-image-6981\" srcset=\"http:\/\/documentation-wp.hub.av.priv\/wp-content\/uploads\/2022\/04\/pm-orange-logo-horiz.png 752w, http:\/\/documentation-wp.hub.av.priv\/wp-content\/uploads\/2022\/04\/pm-orange-logo-horiz-300x120.png 300w\" sizes=\"(max-width: 752px) 100vw, 752px\" \/><figcaption>Sz\u00fcks\u00e9ged van egy post\u00e1s gyors \u00fatmutat\u00f3ra? Ugr\u00e1s a <strong>Page 2<\/strong>!<\/figcaption><\/figure>\n<\/div>\n\n\n\n<div class=\"wp-block-column is-vertically-aligned-center\">\n<p class=\"has-text-align-center\"><strong>Aurora Vision Open APIs &#8211; Postman Template<\/strong><br>Utols\u00f3 Friss\u00edt\u00e9s: 05\/05\/2022<\/p>\n<\/div>\n\n\n\n<div class=\"wp-block-column is-vertically-aligned-center\">\n<div class=\"wp-container-1 wp-block-buttons\">\n<div class=\"wp-block-button has-custom-width wp-block-button__width-100 is-style-fill\"><a class=\"wp-block-button__link\" href=\"http:\/\/documentation-wp.hub.av.priv\/av-api\/av-api-v3.yaml\" style=\"border-radius:0px\" target=\"_blank\" rel=\"noreferrer noopener\" download=\"Aurora_Vision_Open_APIs_REV20220511_Developers_Guide_POSTMAN.yaml\">\u2b73&nbsp;&nbsp;&nbsp;Download Postman Template<\/a><\/div>\n<\/div>\n<\/div>\n<\/div>\n\n\n\n<p>Mire v\u00e1rsz?&nbsp;<strong>Mer\u00fclj el az Aurora Vision API-k vil\u00e1g\u00e1ban, \u00e9s mutasd meg, mire vagy k\u00e9pes<\/strong>!<\/p>\n\n\n\n<div style=\"height:10px\" aria-hidden=\"true\" class=\"wp-block-spacer\"><\/div>\n\n\n\n<!--nextpage-->\n\n\n\n<div style=\"height:10px\" aria-hidden=\"true\" class=\"wp-block-spacer\"><\/div>\n\n\n\n<h2>Postman gyors \u00fczembe helyez\u00e9si \u00fatmutat\u00f3<\/h2>\n\n\n\n<div style=\"height:10px\" aria-hidden=\"true\" class=\"wp-block-spacer\"><\/div>\n\n\n\n<p>Ez az oldal a f\u0151 inform\u00e1ci\u00f3kkal szolg\u00e1l a Postman munkater\u00fclet\u00e9nek be\u00e1ll\u00edt\u00e1s\u00e1hoz \u00e9s az Aurora Vision APIs sablon import\u00e1l\u00e1s\u00e1hoz. A gy\u0171jtem\u00e9ny import\u00e1l\u00e1sa ut\u00e1n elmagyar\u00e1zzuk az API-sablon fel\u00e9p\u00edt\u00e9s\u00e9t, \u00e9s elmagyar\u00e1zzuk, hogyan kell <code>Authentication <\/code>v\u00e9grehajtani az <code>X-AuroraVision-Token<\/code> kiad\u00e1s\u00e1hoz.<br>A Postman kapcsolatos r\u00e9szletes inform\u00e1ci\u00f3k\u00e9rt \u00e9s a hivatalos \u00fatmutat\u00f3\u00e9rt tekintse meg a k\u00f6vetkez\u0151t <a rel=\"noreferrer noopener\" href=\"https:\/\/learning.postman.com\/docs\/getting-started\/introduction\/\" target=\"_blank\"><mark style=\"background-color:rgba(0, 0, 0, 0)\" class=\"has-inline-color has-vivid-cyan-blue-color\">Postman Learning Center<\/mark><\/a>.<\/p>\n\n\n\n<div style=\"height:10px\" aria-hidden=\"true\" class=\"wp-block-spacer\"><\/div>\n\n\n\n<p>T\u00f6ltse le az Aurora Vision API-sablont, ind\u00edtsa el a Postmant, \u00e9s \u00e1ll\u00edtsa be munkater\u00fclet\u00e9t.<\/p>\n\n\n\n<figure class=\"wp-block-image size-large\"><img loading=\"lazy\" width=\"1024\" height=\"390\" src=\"http:\/\/documentation-wp.hub.av.priv\/wp-content\/uploads\/2022\/05\/postman_workspace-1024x390.png\" alt=\"\" class=\"wp-image-7675\" srcset=\"http:\/\/documentation-wp.hub.av.priv\/wp-content\/uploads\/2022\/05\/postman_workspace-1024x390.png 1024w, http:\/\/documentation-wp.hub.av.priv\/wp-content\/uploads\/2022\/05\/postman_workspace-300x114.png 300w, http:\/\/documentation-wp.hub.av.priv\/wp-content\/uploads\/2022\/05\/postman_workspace-768x293.png 768w, http:\/\/documentation-wp.hub.av.priv\/wp-content\/uploads\/2022\/05\/postman_workspace-1536x585.png 1536w, http:\/\/documentation-wp.hub.av.priv\/wp-content\/uploads\/2022\/05\/postman_workspace-2048x781.png 2048w\" sizes=\"(max-width: 1024px) 100vw, 1024px\" \/><\/figure>\n\n\n\n<p>Kattintson az <strong>Import<\/strong> lehet\u0151s\u00e9gre, ha \u00faj gy\u0171jtem\u00e9nyt szeretne import\u00e1lni a Postman alkalmaz\u00e1sba, \u00e9s megny\u00edlik egy erre a c\u00e9lra szolg\u00e1l\u00f3 ablak.<\/p>\n\n\n\n<figure class=\"wp-block-image size-large\"><img loading=\"lazy\" width=\"1024\" height=\"391\" src=\"http:\/\/documentation-wp.hub.av.priv\/wp-content\/uploads\/2022\/05\/postman_import-1-1024x391.png\" alt=\"\" class=\"wp-image-7713\" srcset=\"http:\/\/documentation-wp.hub.av.priv\/wp-content\/uploads\/2022\/05\/postman_import-1-1024x391.png 1024w, http:\/\/documentation-wp.hub.av.priv\/wp-content\/uploads\/2022\/05\/postman_import-1-300x114.png 300w, http:\/\/documentation-wp.hub.av.priv\/wp-content\/uploads\/2022\/05\/postman_import-1-768x293.png 768w, http:\/\/documentation-wp.hub.av.priv\/wp-content\/uploads\/2022\/05\/postman_import-1-1536x586.png 1536w, http:\/\/documentation-wp.hub.av.priv\/wp-content\/uploads\/2022\/05\/postman_import-1-2048x781.png 2048w\" sizes=\"(max-width: 1024px) 100vw, 1024px\" \/><\/figure>\n\n\n\n<p>T\u00f6ltse fel az eredetileg let\u00f6lt\u00f6tt Aurora Vision API-sablont f\u00e1jlk\u00e9nt (<em>ne agg\u00f3djon, ha <code>.txt<\/code> f\u00e1jlr\u00f3l van sz\u00f3, a sablon k\u00f3dol\u00e1sa a Swagger-modellt k\u00f6veti a <code>YAML <\/code>nyelv, \u00e9s a Postman \u00fagyis felismeri<\/em>)<\/p>\n\n\n\n<figure class=\"wp-block-image size-large\"><img loading=\"lazy\" width=\"1024\" height=\"391\" src=\"http:\/\/documentation-wp.hub.av.priv\/wp-content\/uploads\/2022\/05\/postman_import_settings-1-1024x391.png\" alt=\"\" class=\"wp-image-7721\" srcset=\"http:\/\/documentation-wp.hub.av.priv\/wp-content\/uploads\/2022\/05\/postman_import_settings-1-1024x391.png 1024w, http:\/\/documentation-wp.hub.av.priv\/wp-content\/uploads\/2022\/05\/postman_import_settings-1-300x114.png 300w, http:\/\/documentation-wp.hub.av.priv\/wp-content\/uploads\/2022\/05\/postman_import_settings-1-768x293.png 768w, http:\/\/documentation-wp.hub.av.priv\/wp-content\/uploads\/2022\/05\/postman_import_settings-1-1536x586.png 1536w, http:\/\/documentation-wp.hub.av.priv\/wp-content\/uploads\/2022\/05\/postman_import_settings-1-2048x781.png 2048w\" sizes=\"(max-width: 1024px) 100vw, 1024px\" \/><\/figure>\n\n\n\n<p>A sablonimport\u00e1l\u00e1si be\u00e1ll\u00edt\u00e1sokban \u00e1ll\u00edtsa be:<\/p>\n\n\n\n<div class=\"wp-block-columns\">\n<div class=\"wp-block-column\">\n<ul><li><strong>Naming requests <\/strong>az Fallback;<\/li><li><strong>Set indent character<\/strong> az Space;<\/li><li><strong>Collapse redundant folder<\/strong> az Active;<\/li><li><strong>Optimize conversion<\/strong> az Active;<\/li><li><strong>Request parameter generation<\/strong> az Example;<\/li><li><strong>Response parameter generation<\/strong> az Example;<\/li><li><strong>Folder organization<\/strong> az Tags;<\/li><li><strong>Include auth info in example request<\/strong> az Active;<\/li><li><strong>Disable optional parameters<\/strong> az Inactive;<\/li><\/ul>\n<\/div>\n<\/div>\n\n\n\n<p>Kattintson az Import\u00e1l\u00e1s lehet\u0151s\u00e9gre, \u00e9s v\u00e1rja meg, am\u00edg a Postman befejezi a sablon import\u00e1l\u00e1s\u00e1t.<\/p>\n\n\n\n<figure class=\"wp-block-image size-large\"><img loading=\"lazy\" width=\"1024\" height=\"389\" src=\"http:\/\/documentation-wp.hub.av.priv\/wp-content\/uploads\/2022\/05\/postman_import_done-1024x389.png\" alt=\"\" class=\"wp-image-7756\" srcset=\"http:\/\/documentation-wp.hub.av.priv\/wp-content\/uploads\/2022\/05\/postman_import_done-1024x389.png 1024w, http:\/\/documentation-wp.hub.av.priv\/wp-content\/uploads\/2022\/05\/postman_import_done-300x114.png 300w, http:\/\/documentation-wp.hub.av.priv\/wp-content\/uploads\/2022\/05\/postman_import_done-768x292.png 768w, http:\/\/documentation-wp.hub.av.priv\/wp-content\/uploads\/2022\/05\/postman_import_done-1536x584.png 1536w, http:\/\/documentation-wp.hub.av.priv\/wp-content\/uploads\/2022\/05\/postman_import_done-2048x778.png 2048w\" sizes=\"(max-width: 1024px) 100vw, 1024px\" \/><\/figure>\n\n\n\n<p>Ekkor egy gy\u0171jtem\u00e9ny j\u00f6tt l\u00e9tre a munkater\u00fcleten, a Collections lapon, \u00e9s egy mappa az API-k lapon, mindkett\u0151 Aurora Vision API-k n\u00e9ven.<\/p>\n\n\n\n<figure class=\"wp-block-image size-large\"><img loading=\"lazy\" width=\"1024\" height=\"390\" src=\"http:\/\/documentation-wp.hub.av.priv\/wp-content\/uploads\/2022\/05\/postman_workspace-1-1024x390.png\" alt=\"\" class=\"wp-image-7767\" srcset=\"http:\/\/documentation-wp.hub.av.priv\/wp-content\/uploads\/2022\/05\/postman_workspace-1-1024x390.png 1024w, http:\/\/documentation-wp.hub.av.priv\/wp-content\/uploads\/2022\/05\/postman_workspace-1-300x114.png 300w, http:\/\/documentation-wp.hub.av.priv\/wp-content\/uploads\/2022\/05\/postman_workspace-1-768x293.png 768w, http:\/\/documentation-wp.hub.av.priv\/wp-content\/uploads\/2022\/05\/postman_workspace-1-1536x585.png 1536w, http:\/\/documentation-wp.hub.av.priv\/wp-content\/uploads\/2022\/05\/postman_workspace-1-2048x781.png 2048w\" sizes=\"(max-width: 1024px) 100vw, 1024px\" \/><\/figure>\n\n\n\n<p>A mappa kibont\u00e1s\u00e1val el\u00e9rhet\u0151v\u00e9 v\u00e1lik a felk\u00edn\u00e1lt h\u00edv\u00e1sok teljes hierarchi\u00e1ja, c\u00edmk\u00e9kkel osztva, amelyek nem m\u00e1sok, mint a Swagger-modellben is l\u00e1that\u00f3 csomagok.<\/p>\n\n\n\n<p>A <strong>Authentication <\/strong>mapp\u00e1ban v\u00e1lassza a <code>GET Authenticate<\/code> lehet\u0151s\u00e9get.<br>Megny\u00edlik a hiteles\u00edt\u00e9si API, a <strong>Params <\/strong>f\u00fcllel.<br>A helyes v\u00e1lasz \u00e9rdek\u00e9ben az <code>X-AuroraVision-Token<\/code> megfelel\u0151 kiad\u00e1s\u00e1hoz hiteles\u00edteni kell a szolg\u00e1ltat\u00e1st Aurora Vision hiteles\u00edt\u0151 adatokkal \u00e9s az <code>X-AuroraVision-ApiKey<\/code>.<\/p>\n\n\n\n<figure class=\"wp-block-image size-large\"><img loading=\"lazy\" width=\"1024\" height=\"392\" src=\"http:\/\/documentation-wp.hub.av.priv\/wp-content\/uploads\/2022\/05\/postman_authenticate-1-1024x392.png\" alt=\"\" class=\"wp-image-7791\" srcset=\"http:\/\/documentation-wp.hub.av.priv\/wp-content\/uploads\/2022\/05\/postman_authenticate-1-1024x392.png 1024w, http:\/\/documentation-wp.hub.av.priv\/wp-content\/uploads\/2022\/05\/postman_authenticate-1-300x115.png 300w, http:\/\/documentation-wp.hub.av.priv\/wp-content\/uploads\/2022\/05\/postman_authenticate-1-768x294.png 768w, http:\/\/documentation-wp.hub.av.priv\/wp-content\/uploads\/2022\/05\/postman_authenticate-1-1536x589.png 1536w, http:\/\/documentation-wp.hub.av.priv\/wp-content\/uploads\/2022\/05\/postman_authenticate-1-2048x785.png 2048w\" sizes=\"(max-width: 1024px) 100vw, 1024px\" \/><\/figure>\n\n\n\n<p>Kattintson az <strong>Authorization <\/strong>f\u00fclre, \u00e9s onnan v\u00e1lassza az <strong>Basic Auth<\/strong> lehet\u0151s\u00e9get a leg\u00f6rd\u00fcl\u0151 men\u00fcb\u0151l.<\/p>\n\n\n\n<figure class=\"wp-block-image size-large\"><img loading=\"lazy\" width=\"1024\" height=\"390\" src=\"http:\/\/documentation-wp.hub.av.priv\/wp-content\/uploads\/2022\/05\/basic_auth-1024x390.png\" alt=\"\" class=\"wp-image-7801\" srcset=\"http:\/\/documentation-wp.hub.av.priv\/wp-content\/uploads\/2022\/05\/basic_auth-1024x390.png 1024w, http:\/\/documentation-wp.hub.av.priv\/wp-content\/uploads\/2022\/05\/basic_auth-300x114.png 300w, http:\/\/documentation-wp.hub.av.priv\/wp-content\/uploads\/2022\/05\/basic_auth-768x293.png 768w, http:\/\/documentation-wp.hub.av.priv\/wp-content\/uploads\/2022\/05\/basic_auth-1536x585.png 1536w, http:\/\/documentation-wp.hub.av.priv\/wp-content\/uploads\/2022\/05\/basic_auth-2048x781.png 2048w\" sizes=\"(max-width: 1024px) 100vw, 1024px\" \/><\/figure>\n\n\n\n<p>Adja meg Aurora Vision-fi\u00f3kja <strong>Felhaszn\u00e1l\u00f3i azonos\u00edt\u00f3j\u00e1t<\/strong> es <strong>jelszav\u00e1t<\/strong> .<\/p>\n\n\n\n<figure class=\"wp-block-image size-large\"><img loading=\"lazy\" width=\"1024\" height=\"391\" src=\"http:\/\/documentation-wp.hub.av.priv\/wp-content\/uploads\/2022\/05\/credentials-1024x391.png\" alt=\"\" class=\"wp-image-7809\" srcset=\"http:\/\/documentation-wp.hub.av.priv\/wp-content\/uploads\/2022\/05\/credentials-1024x391.png 1024w, http:\/\/documentation-wp.hub.av.priv\/wp-content\/uploads\/2022\/05\/credentials-300x114.png 300w, http:\/\/documentation-wp.hub.av.priv\/wp-content\/uploads\/2022\/05\/credentials-768x293.png 768w, http:\/\/documentation-wp.hub.av.priv\/wp-content\/uploads\/2022\/05\/credentials-1536x586.png 1536w, http:\/\/documentation-wp.hub.av.priv\/wp-content\/uploads\/2022\/05\/credentials-2048x781.png 2048w\" sizes=\"(max-width: 1024px) 100vw, 1024px\" \/><\/figure>\n\n\n\n<p>Kattintson a <strong>Headers <\/strong>f\u00fclre, \u00e9s \u00edrja be az <code>X-AuroraVision-ApiKey<\/code> k\u00f3dot.<\/p>\n\n\n\n<figure class=\"wp-block-image size-large\"><img loading=\"lazy\" width=\"1024\" height=\"378\" src=\"http:\/\/documentation-wp.hub.av.priv\/wp-content\/uploads\/2022\/05\/api-key-1024x378.png\" alt=\"\" class=\"wp-image-7820\" srcset=\"http:\/\/documentation-wp.hub.av.priv\/wp-content\/uploads\/2022\/05\/api-key-1024x378.png 1024w, http:\/\/documentation-wp.hub.av.priv\/wp-content\/uploads\/2022\/05\/api-key-300x111.png 300w, http:\/\/documentation-wp.hub.av.priv\/wp-content\/uploads\/2022\/05\/api-key-768x283.png 768w, http:\/\/documentation-wp.hub.av.priv\/wp-content\/uploads\/2022\/05\/api-key-1536x567.png 1536w, http:\/\/documentation-wp.hub.av.priv\/wp-content\/uploads\/2022\/05\/api-key-2048x755.png 2048w\" sizes=\"(max-width: 1024px) 100vw, 1024px\" \/><\/figure>\n\n\n\n<p>Kattintson a <strong>Send<\/strong> gombra, \u00e9s a h\u00edv\u00e1s elk\u00fcld\u00e9sre ker\u00fcl az Aurora Visionnak, amely a hiteles\u00edt\u0151 adatok \u00e9s az <code>X-AuroraVision-ApiKey<\/code> ellen\u0151rz\u00e9se ut\u00e1n v\u00e1laszt fog adni (<em>JSON default format<\/em>) amely tartalmazza az <code>X-AuroraVision-Token<\/code>.<\/p>\n\n\n\n<p>A token az <code>header <\/code>felaj\u00e1nlott API-h\u00edv\u00e1s fejl\u00e9ce, \u00e9s 60 percnyi teljes inaktivit\u00e1s ut\u00e1n lej\u00e1r; ez azt jelenti, hogy nem kell minden alkalommal futtatni a <code>GET Authentication<\/code> API-t egy \u00faj <code>X-AuroraVision-Token<\/code> kiad\u00e1s\u00e1hoz, ha a m\u00e1r megl\u00e9v\u0151 nem j\u00e1rt le.<\/p>\n\n\n\n<p>Az el\u00e9rhet\u0151 h\u00edv\u00e1sokkal kapcsolatos teljes \u00fatmutat\u00f3\u00e9rt l\u00e1sd <a href=\"http:\/\/documentation-wp.hub.av.priv\/aurora-vision-apis\/openapi-preview\/\" data-type=\"page\" data-id=\"74\"><mark style=\"background-color:rgba(0, 0, 0, 0)\" class=\"has-inline-color has-vivid-cyan-blue-color\">OpenAPIs Swagger<\/mark><\/a> oldal.<\/p>\n\n\n\n<div style=\"height:10px\" aria-hidden=\"true\" class=\"wp-block-spacer\"><\/div>\n","protected":false},"excerpt":{"rendered":"<p>Annak \u00e9rdek\u00e9ben, hogy a v\u00e9gfelhaszn\u00e1l\u00f3 sz\u00e1m\u00e1ra mindenre kiterjed\u0151 \u00e9lm\u00e9nyt biztos\u00edtsunk, elk\u00e9sz\u00edtett\u00fcnk egy felhaszn\u00e1l\u00f3i \u00fatmutat\u00f3t, amely az Aurora Vision API-k f\u0151bb t\u00e9m\u00e1it fedi le, azzal a c\u00e9llal, hogy a f\u0151bb ir\u00e1nyelveket adjon a szolg\u00e1ltat\u00e1s haszn\u00e1lat\u00e1hoz \u00e9s megval\u00f3s\u00edt\u00e1s\u00e1hoz.A haszn\u00e1lati \u00fatmutat\u00f3t id\u0151vel friss\u00edtj\u00fck: \u00faj r\u00e9szekkel b\u0151v\u00edtj\u00fck \u00e9s finom\u00edtjuk az egyes t\u00e9m\u00e1k vagy t\u00e9m\u00e1k megvitat\u00e1s\u00e1t, mind az \u00e1ltalunk kiemelt [&hellip;]<\/p>\n","protected":false},"author":4,"featured_media":0,"parent":1765,"menu_order":3,"comment_status":"closed","ping_status":"closed","template":"","meta":[],"_links":{"self":[{"href":"http:\/\/documentation-wp.hub.av.priv\/hu\/wp-json\/wp\/v2\/pages\/1793"}],"collection":[{"href":"http:\/\/documentation-wp.hub.av.priv\/hu\/wp-json\/wp\/v2\/pages"}],"about":[{"href":"http:\/\/documentation-wp.hub.av.priv\/hu\/wp-json\/wp\/v2\/types\/page"}],"author":[{"embeddable":true,"href":"http:\/\/documentation-wp.hub.av.priv\/hu\/wp-json\/wp\/v2\/users\/4"}],"replies":[{"embeddable":true,"href":"http:\/\/documentation-wp.hub.av.priv\/hu\/wp-json\/wp\/v2\/comments?post=1793"}],"version-history":[{"count":55,"href":"http:\/\/documentation-wp.hub.av.priv\/hu\/wp-json\/wp\/v2\/pages\/1793\/revisions"}],"predecessor-version":[{"id":10564,"href":"http:\/\/documentation-wp.hub.av.priv\/hu\/wp-json\/wp\/v2\/pages\/1793\/revisions\/10564"}],"up":[{"embeddable":true,"href":"http:\/\/documentation-wp.hub.av.priv\/hu\/wp-json\/wp\/v2\/pages\/1765"}],"wp:attachment":[{"href":"http:\/\/documentation-wp.hub.av.priv\/hu\/wp-json\/wp\/v2\/media?parent=1793"}],"curies":[{"name":"wp","href":"https:\/\/api.w.org\/{rel}","templated":true}]}}