{"id":1800,"date":"2022-02-21T10:36:37","date_gmt":"2022-02-21T09:36:37","guid":{"rendered":"http:\/\/documentation-wp.hub.av.priv\/aurora-vision-apis\/user-guide\/general-overview\/"},"modified":"2022-03-02T12:29:02","modified_gmt":"2022-03-02T11:29:02","slug":"general-overview","status":"publish","type":"page","link":"http:\/\/documentation-wp.hub.av.priv\/hu\/aurora-vision-apis\/user-guide\/general-overview\/","title":{"rendered":"\u00c1ltal\u00e1nos Attekint\u00e9s"},"content":{"rendered":"\n<div style=\"height:20px\" aria-hidden=\"true\" class=\"wp-block-spacer\"><\/div>\n\n\n\n<h2 id=\"what-is-aurora-vision-apis\">Mik azok az Aurora Vision APIs?<\/h2>\n\n\n\n<p>Az Aurora Vision APIs az Aurora Vision felh\u0151n kereszt\u00fcl el\u00e9rhet\u0151 <code>RESTful <\/code>Cloud-APIs szolg\u00e1ltat\u00e1s, amely t\u00f6bb h\u00edv\u00e1scsomaghoz biztos\u00edt hozz\u00e1f\u00e9r\u00e9st a FIMER fotovoltaikus napelemekkel kapcsolatos adatok \u00e9s inform\u00e1ci\u00f3k megszerz\u00e9s\u00e9hez.<br><br>Az el\u00e9rhet\u0151 API-h\u00edv\u00e1sok el\u0151nyeinek kihaszn\u00e1l\u00e1sa \u00e9rdek\u00e9ben a FIMER fotovoltaikus napelemes er\u0151m\u0171veknek (<em>az \u00f6sszes t\u00e1mogatott eszk\u00f6zzel<\/em>) megfelel\u0151en regisztr\u00e1lva kell lenni\u00fck az Aurora Vision rendszeren: az \u00fczemegys\u00e9gnek enged\u00e9lyeznie kell egy inverter egys\u00e9g ut\u00f3lagos regisztr\u00e1ci\u00f3j\u00e1t, hogy k\u00e9pesek l\u00e9trehozni a megfelel\u0151 EntityID-ket, amelyek olyan numerikus sorozatok, amelyek egyedileg azonos\u00edtanak egy bizonyos eszk\u00f6zt az Aurora Visionon bel\u00fcl.<\/p>\n\n\n\n<div style=\"height:20px\" aria-hidden=\"true\" class=\"wp-block-spacer\"><\/div>\n\n\n\n<h2 id=\"how-to-access-aurora-vision-apis\">Hogyan lehet el\u00e9rni az Aurora Vision APIs?<\/h2>\n\n\n\n<p id=\"how-to-access-aurora-vision-apis\">A szolg\u00e1ltat\u00e1shoz val\u00f3 hozz\u00e1f\u00e9r\u00e9s gyors \u00e9s egyszer\u0171, mind\u00f6ssze annyit kell tennie, hogy:<\/p>\n\n\n\n<ul><li>Helyesen \u00e9rv\u00e9nyes\u00edtett Aurora Vision-fi\u00f3k (<em>az API-k szolg\u00e1ltat\u00e1sa nem veszi figyelembe az \u00d6n Aurora Vision-fi\u00f3kj\u00e1nak kiv\u00e1lts\u00e1gos szerep\u00e9t<\/em>), \u00e9s az EULA-t elfogadt\u00e1k;<\/li><li>Egy <code>X-AuroraVision-ApiKey<\/code>, amely a fi\u00f3k hiteles\u00edt\u00e9si adataival egy\u00fctt lehet\u0151v\u00e9 teszi, hogy hiteles\u00edtse mag\u00e1t a szolg\u00e1ltat\u00e1shoz, \u00e9s \u00edgy szerezzen egy <code>X-AuroraVision-Token<\/code> (<em>felh\u0151 tokent<\/em>), amelyet minden h\u00edv\u00e1s fejl\u00e9cek\u00e9nt haszn\u00e1lhat.<\/li><\/ul>\n\n\n\n<p>Az Aurora Vision fi\u00f3k \u00f6n\u00e1ll\u00f3an is l\u00e9trehozhat\u00f3, \u00e9s a l\u00e9trehoz\u00e1si folyamat sor\u00e1n \u00e9rv\u00e9nyes\u00edt\u00e9st is mag\u00e1ban foglal.<br>Az EULA az Aurora Visionba val\u00f3 els\u0151 bejelentkez\u00e9skor, term\u00e9kek vagy webalkalmaz\u00e1sok haszn\u00e1lat\u00e1val, illetve az API-kon kereszt\u00fcl fogadhat\u00f3 el.<br>Az <code>X-AuroraVision-ApiKey<\/code> a FIMER \u00fcgyf\u00e9lszolg\u00e1lat\u00e1hoz int\u00e9zett k\u00e9r\u00e9ssel szerezhet\u0151 be (k\u00e9rj\u00fck, ellen\u0151rizze a <a href=\"http:\/\/documentation-wp.hub.av.priv\/hu\/aurora-vision-apis\/feedback\/\" data-type=\"page\" data-id=\"1832\">Kapcsolatok<\/a> oldalt ).<\/p>\n\n\n\n<p><strong>MEGJEGYZ\u00c9S: <\/strong>ahhoz, hogy a FIMER \u00fcgyf\u00e9lszolg\u00e1lata \u00e9rv\u00e9nyes <code>X-AuroraVision-ApiKey<\/code> \u00e1ll\u00edtson ki, regisztr\u00e1lnia kell legal\u00e1bb egy \u00fczemi eszk\u00f6zt az Aurora Visionban, vagy t\u00e1rs\u00edtania kell vele.<\/p>\n","protected":false},"excerpt":{"rendered":"<p>Mik azok az Aurora Vision APIs? Az Aurora Vision APIs az Aurora Vision felh\u0151n kereszt\u00fcl el\u00e9rhet\u0151 RESTful Cloud-APIs szolg\u00e1ltat\u00e1s, amely t\u00f6bb h\u00edv\u00e1scsomaghoz biztos\u00edt hozz\u00e1f\u00e9r\u00e9st a FIMER fotovoltaikus napelemekkel kapcsolatos adatok \u00e9s inform\u00e1ci\u00f3k megszerz\u00e9s\u00e9hez. Az el\u00e9rhet\u0151 API-h\u00edv\u00e1sok el\u0151nyeinek kihaszn\u00e1l\u00e1sa \u00e9rdek\u00e9ben a FIMER fotovoltaikus napelemes er\u0151m\u0171veknek (az \u00f6sszes t\u00e1mogatott eszk\u00f6zzel) megfelel\u0151en regisztr\u00e1lva kell lenni\u00fck az Aurora Vision [&hellip;]<\/p>\n","protected":false},"author":4,"featured_media":0,"parent":1793,"menu_order":1,"comment_status":"closed","ping_status":"closed","template":"","meta":[],"_links":{"self":[{"href":"http:\/\/documentation-wp.hub.av.priv\/hu\/wp-json\/wp\/v2\/pages\/1800"}],"collection":[{"href":"http:\/\/documentation-wp.hub.av.priv\/hu\/wp-json\/wp\/v2\/pages"}],"about":[{"href":"http:\/\/documentation-wp.hub.av.priv\/hu\/wp-json\/wp\/v2\/types\/page"}],"author":[{"embeddable":true,"href":"http:\/\/documentation-wp.hub.av.priv\/hu\/wp-json\/wp\/v2\/users\/4"}],"replies":[{"embeddable":true,"href":"http:\/\/documentation-wp.hub.av.priv\/hu\/wp-json\/wp\/v2\/comments?post=1800"}],"version-history":[{"count":36,"href":"http:\/\/documentation-wp.hub.av.priv\/hu\/wp-json\/wp\/v2\/pages\/1800\/revisions"}],"predecessor-version":[{"id":5376,"href":"http:\/\/documentation-wp.hub.av.priv\/hu\/wp-json\/wp\/v2\/pages\/1800\/revisions\/5376"}],"up":[{"embeddable":true,"href":"http:\/\/documentation-wp.hub.av.priv\/hu\/wp-json\/wp\/v2\/pages\/1793"}],"wp:attachment":[{"href":"http:\/\/documentation-wp.hub.av.priv\/hu\/wp-json\/wp\/v2\/media?parent=1800"}],"curies":[{"name":"wp","href":"https:\/\/api.w.org\/{rel}","templated":true}]}}