{"id":1807,"date":"2022-02-23T11:47:17","date_gmt":"2022-02-23T10:47:17","guid":{"rendered":"http:\/\/documentation-wp.hub.av.priv\/aurora-vision-apis\/user-guide\/server-urls\/"},"modified":"2022-03-03T08:48:25","modified_gmt":"2022-03-03T07:48:25","slug":"server-urls","status":"publish","type":"page","link":"http:\/\/documentation-wp.hub.av.priv\/hu\/aurora-vision-apis\/user-guide\/server-urls\/","title":{"rendered":"Szerver \u00e9s URL-ek"},"content":{"rendered":"\n<div style=\"height:10px\" aria-hidden=\"true\" class=\"wp-block-spacer\"><\/div>\n\n\n\n<p>Minden API-v\u00e9gpont relat\u00edv az alap URL-hez <code>https:\/\/api.auroravision.net\/api\/rest<\/code>.<br>A h\u00edvni k\u00edv\u00e1nt API-t\u00f3l f\u00fcgg\u0151en \u00f6sszef\u0171z\u0151dik az alap URL \u00e9s az el\u00e9r\u00e9si \u00fat param\u00e9terei, amelyek meghat\u00e1rozott er\u0151forr\u00e1sokhoz \u00e9s szolg\u00e1ltat\u00e1sokhoz rendelt v\u00e9gpontokat h\u00edvnak meg.<br>P\u00e9ld\u00e1ul, ha felt\u00e9telezz\u00fck, hogy hiteles\u00edteni szeretne, az API a <code>https:\/\/api.auroravision.net\/api\/rest<\/code> alap URL-b\u0151l \u00e1ll, amely a <code>\/authenticate<\/code> el\u00e9r\u00e9si \u00fat param\u00e9terrel kifejezett v\u00e9gponthoz kapcsol\u00f3dik.<\/p>\n\n\n\n<p>Mindig fontos szem el\u0151tt tartani, hogy minden API mindig k\u00fcl\u00f6nb\u00f6z\u0151 param\u00e9terekb\u0151l \u00e1ll:<\/p>\n\n\n\n<ul><li><code>Path<\/code>: az URL-\u00fatvonal v\u00e1ltoz\u00f3 r\u00e9szei, amelyek egy adott er\u0151forr\u00e1sra mutatnak a gy\u0171jtem\u00e9nyben, ezek mindig k\u00f6telez\u0151ek;<\/li><li><code>Header<\/code>: a HTTP-k\u00e9r\u00e9s vez\u00e9rl\u0151 param\u00e9tere, ezek sz\u00fcks\u00e9gesek a szerveroldali v\u00e1laszhoz;<\/li><li><code>Query<\/code>: k\u00f6telez\u0151 \u00e9s nem k\u00f6telez\u0151, az API-h\u00edv\u00e1sok sz\u0171r\u00e9s\u00e9re \u00e9s testreszab\u00e1s\u00e1ra szolg\u00e1lnak, meghat\u00e1rozott szintaxissal l\u00e1ncolva;<\/li><\/ul>\n\n\n\n<p>Az API-szolg\u00e1ltat\u00e1son kereszt\u00fcl ind\u00edtott h\u00edv\u00e1sok fejl\u00e9cek\u00e9nt az <code>X-AuroraVision-Token<\/code> szerepel.<br>A token beszerz\u00e9s\u00e9hez haszn\u00e1lnia kell az <code>Authentication<\/code> API az Aurora Vision-fi\u00f3k hiteles\u00edt\u0151 adatainak i \u00e9s az <code>X-AuroraVision-ApiKey<\/code> megad\u00e1s\u00e1val a h\u00edv\u00e1s <code>header<\/code>.<br><br>Lehet\u0151s\u00e9g van az \u00f6sszes API megtekint\u00e9s\u00e9re a param\u00e9terek le\u00edr\u00e1s\u00e1val a megfelel\u0151 dokument\u00e1ci\u00f3n (<a href=\"http:\/\/documentation-wp.hub.av.priv\/aurora-vision-apis\/openapi-preview\/\" data-type=\"page\" data-id=\"74\">OpenAPIs Swagger<\/a>) kereszt\u00fcl.<\/p>\n","protected":false},"excerpt":{"rendered":"<p>Minden API-v\u00e9gpont relat\u00edv az alap URL-hez https:\/\/api.auroravision.net\/api\/rest.A h\u00edvni k\u00edv\u00e1nt API-t\u00f3l f\u00fcgg\u0151en \u00f6sszef\u0171z\u0151dik az alap URL \u00e9s az el\u00e9r\u00e9si \u00fat param\u00e9terei, amelyek meghat\u00e1rozott er\u0151forr\u00e1sokhoz \u00e9s szolg\u00e1ltat\u00e1sokhoz rendelt v\u00e9gpontokat h\u00edvnak meg.P\u00e9ld\u00e1ul, ha felt\u00e9telezz\u00fck, hogy hiteles\u00edteni szeretne, az API a https:\/\/api.auroravision.net\/api\/rest alap URL-b\u0151l \u00e1ll, amely a \/authenticate el\u00e9r\u00e9si \u00fat param\u00e9terrel kifejezett v\u00e9gponthoz kapcsol\u00f3dik. Mindig fontos szem el\u0151tt tartani, [&hellip;]<\/p>\n","protected":false},"author":4,"featured_media":0,"parent":1793,"menu_order":3,"comment_status":"closed","ping_status":"closed","template":"","meta":[],"_links":{"self":[{"href":"http:\/\/documentation-wp.hub.av.priv\/hu\/wp-json\/wp\/v2\/pages\/1807"}],"collection":[{"href":"http:\/\/documentation-wp.hub.av.priv\/hu\/wp-json\/wp\/v2\/pages"}],"about":[{"href":"http:\/\/documentation-wp.hub.av.priv\/hu\/wp-json\/wp\/v2\/types\/page"}],"author":[{"embeddable":true,"href":"http:\/\/documentation-wp.hub.av.priv\/hu\/wp-json\/wp\/v2\/users\/4"}],"replies":[{"embeddable":true,"href":"http:\/\/documentation-wp.hub.av.priv\/hu\/wp-json\/wp\/v2\/comments?post=1807"}],"version-history":[{"count":21,"href":"http:\/\/documentation-wp.hub.av.priv\/hu\/wp-json\/wp\/v2\/pages\/1807\/revisions"}],"predecessor-version":[{"id":5482,"href":"http:\/\/documentation-wp.hub.av.priv\/hu\/wp-json\/wp\/v2\/pages\/1807\/revisions\/5482"}],"up":[{"embeddable":true,"href":"http:\/\/documentation-wp.hub.av.priv\/hu\/wp-json\/wp\/v2\/pages\/1793"}],"wp:attachment":[{"href":"http:\/\/documentation-wp.hub.av.priv\/hu\/wp-json\/wp\/v2\/media?parent=1807"}],"curies":[{"name":"wp","href":"https:\/\/api.w.org\/{rel}","templated":true}]}}