{"id":1814,"date":"2022-02-21T08:09:06","date_gmt":"2022-02-21T07:09:06","guid":{"rendered":"http:\/\/documentation-wp.hub.av.priv\/aurora-vision-apis\/user-guide\/serverlimit-maintanances\/"},"modified":"2022-04-25T07:34:17","modified_gmt":"2022-04-25T06:34:17","slug":"serverlimit-maintanances","status":"publish","type":"page","link":"http:\/\/documentation-wp.hub.av.priv\/hu\/aurora-vision-apis\/user-guide\/serverlimit-maintanances\/","title":{"rendered":"D\u00edjkorl\u00e1t, Karbantart\u00e1sok"},"content":{"rendered":"\n<div style=\"height:20px\" aria-hidden=\"true\" class=\"wp-block-spacer\"><\/div>\n\n\n\n<h2 id=\"rate-limit\">D\u00edjkorl\u00e1t<\/h2>\n\n\n\n<p>Az Aurora Vision API-kra vonatkoz\u00f3 felt\u00e9teleket az <strong>EULA <\/strong>tartalmazza.<br>Mivel a szolg\u00e1ltat\u00e1shoz val\u00f3 hozz\u00e1f\u00e9r\u00e9shez k\u00f6telez\u0151 az EULA elfogad\u00e1sa, javasoljuk, hogy figyelmesen olvassa el, hogy meg\u00e9rtse jelent\u00e9s\u00e9t \u00e9s korl\u00e1tait.<br>A dokument\u00e1ci\u00f3ban lehet\u0151s\u00e9g van az EULA-r\u00f3l a <code>Service Agreement<\/code> csomagon kereszt\u00fcl inform\u00e1ci\u00f3kat szerezni, ahol megtal\u00e1lja azokat az API-h\u00edv\u00e1sokat, amelyek lehet\u0151v\u00e9 teszik:<\/p>\n\n\n\n<div style=\"height:10px\" aria-hidden=\"true\" class=\"wp-block-spacer\"><\/div>\n\n\n\n<div class=\"wp-block-columns alignwide\">\n<div class=\"wp-elements-2 wp-block-column has-text-color has-background has-link-color\" style=\"background-color:#e6e6e6;color:#000000;padding-top:2em;padding-right:2em;padding-bottom:2em;padding-left:2em;flex-basis:600px\">\n<p><strong>Service Agreements Suite &#8211; EULA<\/strong><\/p>\n\n\n\n<p>Lehet\u0151v\u00e9 teszi a felhaszn\u00e1l\u00f3 sz\u00e1m\u00e1ra az Aurora Vision EULA akt\u00edv lek\u00e9r\u00e9s\u00e9t \u00e9s elolvas\u00e1s\u00e1t (<code>HTML<\/code> format).<\/p>\n\n\n\n<hr class=\"wp-block-separator has-text-color has-background has-black-background-color has-black-color is-style-wide\"\/>\n\n\n\n<p class=\"has-text-align-center\"><strong>Request<\/strong><\/p>\n\n\n\n<p class=\"has-text-align-center\"><code>GET<\/code>&nbsp;&nbsp;&nbsp;<code>https:\/\/api.auroravision.net\/api\/rest\/eula<\/code><\/p>\n\n\n\n<hr class=\"wp-block-separator has-text-color has-background is-style-wide\" style=\"background-color:#000000;color:#000000\"\/>\n\n\n\n<div class=\"wp-block-columns\">\n<div class=\"wp-block-column\">\n<p class=\"has-text-align-center\"><strong>Header<\/strong><\/p>\n\n\n\n<p class=\"has-text-align-center\"><code>X-AuroraVision-ApiKey<\/code><\/p>\n<\/div>\n\n\n\n<div class=\"wp-block-column\">\n<p class=\"has-text-align-center\"><strong>HTTP Basic Authentication<\/strong><\/p>\n\n\n\n<p class=\"has-text-align-center\"><code>https:\/\/UserID:Password@<\/code><\/p>\n<\/div>\n<\/div>\n\n\n\n<hr class=\"wp-block-separator has-text-color has-background has-black-background-color has-black-color is-style-wide\"\/>\n\n\n\n<p class=\"has-text-align-center\"><strong>Curl<\/strong><\/p>\n\n\n\n<p class=\"has-text-align-center\"><code>curl --request GET https:\/\/UserID:Password@api.auroravision.net\/api\/rest\/eula --header \"X-AuroraVision-ApiKey: 1a23b456-c789-1d23-12ef-ghil123456mn-1o23\"<\/code><\/p>\n\n\n\n<hr class=\"wp-block-separator has-text-color has-background has-black-background-color has-black-color is-style-wide\"\/>\n\n\n\n<div class=\"wp-container-1 wp-block-buttons alignfull\">\n<div class=\"wp-block-button has-custom-width wp-block-button__width-100 is-style-fill\"><a class=\"wp-block-button__link\" href=\"http:\/\/documentation-wp.hub.av.priv\/aurora-vision-apis\/openapi-preview\/\" style=\"border-radius:0px\">OpenAPIs Swagger&nbsp;&nbsp;&nbsp;\u279c<\/a><\/div>\n<\/div>\n<\/div>\n\n\n\n<div class=\"wp-elements-4 wp-block-column has-text-color has-background has-link-color\" style=\"background-color:#e6e6e6;color:#000000;padding-top:2em;padding-right:2em;padding-bottom:2em;padding-left:2em;flex-basis:600px\">\n<p class=\"has-normal-font-size\" style=\"line-height:1.5\"><strong>Service Agreements Suite &#8211; Accept EULA<\/strong><\/p>\n\n\n\n<p>Lehet\u0151v\u00e9 teszi a felhaszn\u00e1l\u00f3 sz\u00e1m\u00e1ra, hogy elfogadja az Aurora Vision EULA-t.<\/p>\n\n\n\n<hr class=\"wp-block-separator is-style-wide\"\/>\n\n\n\n<p class=\"has-text-align-center\"><strong>Request<\/strong><\/p>\n\n\n\n<p class=\"has-text-align-center\"><code>PUT https:\/\/api.auroravision.net\/api\/rest\/eula<\/code><\/p>\n\n\n\n<hr class=\"wp-block-separator has-text-color has-background has-black-background-color has-black-color is-style-wide\"\/>\n\n\n\n<div class=\"wp-block-columns\">\n<div class=\"wp-block-column\">\n<p class=\"has-text-align-center\"><strong>Header<\/strong><\/p>\n\n\n\n<p class=\"has-text-align-center\"><code>X-AuroraVision-ApiKey<\/code><\/p>\n<\/div>\n\n\n\n<div class=\"wp-block-column\">\n<p class=\"has-text-align-center\"><strong>HTTP Basic Authentication<\/strong><\/p>\n\n\n\n<p class=\"has-text-align-center\"><code>https:\/\/UserID:Password@<\/code><\/p>\n<\/div>\n<\/div>\n\n\n\n<hr class=\"wp-block-separator has-text-color has-background has-black-background-color has-black-color is-style-wide\"\/>\n\n\n\n<p class=\"has-text-align-center\"><strong>Curl<\/strong><\/p>\n\n\n\n<p class=\"has-text-align-center\"><code>curl --request PUT https:\/\/UserID:Password@api.auroravision.net\/api\/rest\/eula --header \"X-AuroraVision-ApiKey: 1a23b456-c789-1d23-12ef-ghil123456mn-1o23\"<\/code><\/p>\n\n\n\n<hr class=\"wp-block-separator has-text-color has-background has-black-background-color has-black-color is-style-wide\"\/>\n\n\n\n<div class=\"wp-container-3 wp-block-buttons alignfull\">\n<div class=\"wp-block-button has-custom-width wp-block-button__width-100 is-style-fill\"><a class=\"wp-block-button__link\" href=\"http:\/\/documentation-wp.hub.av.priv\/aurora-vision-apis\/openapi-preview\/\" style=\"border-radius:0px\">OpenAPIs Swagger&nbsp;&nbsp;&nbsp;\u279c<\/a><\/div>\n<\/div>\n<\/div>\n<\/div>\n\n\n\n<div style=\"height:10px\" aria-hidden=\"true\" class=\"wp-block-spacer\"><\/div>\n\n\n\n<h2 id=\"maintenances\">Karbantart\u00e1sok<\/h2>\n\n\n\n<p>Az Aurora Vision rendszeres id\u0151k\u00f6z\u00f6nk\u00e9nt \u00fctemezett karbantart\u00e1son esik \u00e1t, hogy jav\u00edtsa \u00fcgyfeleink sz\u00e1m\u00e1ra k\u00edn\u00e1lt szolg\u00e1ltat\u00e1sokat.<br>A dokument\u00e1ci\u00f3ban az \u00fctemezett vagy folyamatban l\u00e9v\u0151 karbantart\u00e1sokr\u00f3l t\u00e1j\u00e9koz\u00f3dhat a <code>Service Info<\/code> csomagon kereszt\u00fcl, ahol megtal\u00e1lja a <code>Maintanance Status<\/code> API-t:<\/p>\n\n\n\n<div class=\"wp-block-columns alignwide\">\n<div class=\"wp-elements-6 wp-block-column is-vertically-aligned-center has-text-color has-background has-link-color\" style=\"background-color:#e6e6e6;color:#000000;padding-top:2em;padding-right:2em;padding-bottom:2em;padding-left:2em;flex-basis:900px\">\n<p id=\"block-642067b6-8498-4475-8570-6d5326b10284\"><strong>Service Info Suite &#8211; Maintenance Status<\/strong><\/p>\n\n\n\n<p id=\"block-555704dc-a9fd-41ef-ab40-0c84757f7f80\">Lehet\u0151v\u00e9 teszi az Aurora Vision karbantart\u00e1si szalagc\u00edm\u00e9nek lek\u00e9r\u00e9s\u00e9t, hogy megtudja, vannak-e tervezett vagy folyamatban l\u00e9v\u0151 karbantart\u00e1sok.<\/p>\n\n\n\n<hr class=\"wp-block-separator has-text-color has-background has-black-background-color has-black-color is-style-wide\" id=\"block-e7b89354-d03d-4673-abdd-e164dda0565e\"\/>\n\n\n\n<p class=\"has-text-align-center\" id=\"block-1bd326d3-811e-4539-829d-d07a0ad41640\"><strong>Request<\/strong><\/p>\n\n\n\n<p class=\"has-text-align-center\" id=\"block-ffecfa3b-edf3-4b77-8553-8362819a2ead\"><code>GET<\/code>&nbsp;&nbsp;&nbsp;<code>https:\/\/api.auroravision.net\/api\/rest\/status<\/code><\/p>\n\n\n\n<hr class=\"wp-block-separator has-text-color has-background has-black-background-color has-black-color is-style-wide\" id=\"block-2519de75-32f1-4d5f-9d5f-53ff0506cd74\"\/>\n\n\n\n<div class=\"wp-container-5 wp-block-buttons alignfull\">\n<div class=\"wp-block-button has-custom-width wp-block-button__width-100\"><a class=\"wp-block-button__link has-white-color has-text-color\" href=\"http:\/\/documentation-wp.hub.av.priv\/aurora-vision-apis\/openapi-preview\/\" style=\"border-radius:0px\">OpenAPIs Swagger&nbsp;&nbsp;&nbsp;\u279c<\/a><\/div>\n<\/div>\n<\/div>\n<\/div>\n","protected":false},"excerpt":{"rendered":"<p>D\u00edjkorl\u00e1t Az Aurora Vision API-kra vonatkoz\u00f3 felt\u00e9teleket az EULA tartalmazza.Mivel a szolg\u00e1ltat\u00e1shoz val\u00f3 hozz\u00e1f\u00e9r\u00e9shez k\u00f6telez\u0151 az EULA elfogad\u00e1sa, javasoljuk, hogy figyelmesen olvassa el, hogy meg\u00e9rtse jelent\u00e9s\u00e9t \u00e9s korl\u00e1tait.A dokument\u00e1ci\u00f3ban lehet\u0151s\u00e9g van az EULA-r\u00f3l a Service Agreement csomagon kereszt\u00fcl inform\u00e1ci\u00f3kat szerezni, ahol megtal\u00e1lja azokat az API-h\u00edv\u00e1sokat, amelyek lehet\u0151v\u00e9 teszik: Service Agreements Suite &#8211; EULA Lehet\u0151v\u00e9 teszi [&hellip;]<\/p>\n","protected":false},"author":4,"featured_media":0,"parent":1793,"menu_order":4,"comment_status":"closed","ping_status":"closed","template":"","meta":[],"_links":{"self":[{"href":"http:\/\/documentation-wp.hub.av.priv\/hu\/wp-json\/wp\/v2\/pages\/1814"}],"collection":[{"href":"http:\/\/documentation-wp.hub.av.priv\/hu\/wp-json\/wp\/v2\/pages"}],"about":[{"href":"http:\/\/documentation-wp.hub.av.priv\/hu\/wp-json\/wp\/v2\/types\/page"}],"author":[{"embeddable":true,"href":"http:\/\/documentation-wp.hub.av.priv\/hu\/wp-json\/wp\/v2\/users\/4"}],"replies":[{"embeddable":true,"href":"http:\/\/documentation-wp.hub.av.priv\/hu\/wp-json\/wp\/v2\/comments?post=1814"}],"version-history":[{"count":23,"href":"http:\/\/documentation-wp.hub.av.priv\/hu\/wp-json\/wp\/v2\/pages\/1814\/revisions"}],"predecessor-version":[{"id":6939,"href":"http:\/\/documentation-wp.hub.av.priv\/hu\/wp-json\/wp\/v2\/pages\/1814\/revisions\/6939"}],"up":[{"embeddable":true,"href":"http:\/\/documentation-wp.hub.av.priv\/hu\/wp-json\/wp\/v2\/pages\/1793"}],"wp:attachment":[{"href":"http:\/\/documentation-wp.hub.av.priv\/hu\/wp-json\/wp\/v2\/media?parent=1814"}],"curies":[{"name":"wp","href":"https:\/\/api.w.org\/{rel}","templated":true}]}}