{"id":1825,"date":"2022-02-21T08:07:23","date_gmt":"2022-02-21T07:07:23","guid":{"rendered":"http:\/\/documentation-wp.hub.av.priv\/aurora-vision-apis\/user-guide\/authentication\/"},"modified":"2022-04-25T07:36:05","modified_gmt":"2022-04-25T06:36:05","slug":"authentication","status":"publish","type":"page","link":"http:\/\/documentation-wp.hub.av.priv\/hu\/aurora-vision-apis\/user-guide\/authentication\/","title":{"rendered":"Hiteles\u00edt\u00e9s"},"content":{"rendered":"\n<div style=\"height:10px\" aria-hidden=\"true\" class=\"wp-block-spacer\"><\/div>\n\n\n\n<p>Aurora Vision fi\u00f3kkal <code>X-AuroraVision-ApiKey<\/code> k\u00e9rhet a FIMER \u00fcgyf\u00e9lszolg\u00e1lat\u00e1t\u00f3l.<br>La cl\u00e9 est li\u00e9e de mani\u00e8re unique au compte Aurora Vision et aux actifs enregistr\u00e9s ou associ\u00e9s \u00e0 ce compte..<\/p>\n\n\n\n<p>Az <code>X-AuroraVision-ApiKey<\/code> beszerz\u00e9se ut\u00e1n el\u00e9rhet\u0151 a szolg\u00e1ltat\u00e1s a <code>Authentication <\/code>API <code>header<\/code>, az Aurora Vision-fi\u00f3k hiteles\u00edt\u0151 adataival egy\u00fctt. Ez a k\u00e9tl\u00e9pcs\u0151s vez\u00e9rl\u00e9s lehet\u0151v\u00e9 teszi a felhaszn\u00e1l\u00f3 sz\u00e1m\u00e1ra, hogy csak akkor jelentkezzen be, ha a hozz\u00e1 tartoz\u00f3 kulcs a megfelel\u0151, \u00edgy v\u00e9di az adatok titkoss\u00e1g\u00e1t a felh\u0151platformon.<br><br>N\u00e9zz\u00fcnk egy p\u00e9ld\u00e1t.<br><br>Tegy\u00fck fel, hogy van egy Aurora Vision fi\u00f3kunk a k\u00f6vetkez\u0151 hiteles\u00edt\u00e9si adatokkal:<br><code><strong>UserID<\/strong><\/code> : user.test<br><code><strong>Password<\/strong><\/code> : Test123!<br><code><strong>X-AuroraVision-ApiKey<\/strong><\/code> : 1a23b456-c789-1d23-12ef-ghil123456mn-1o23<\/p>\n\n\n\n<p>Mivel minden sz\u00fcks\u00e9ges param\u00e9terrel rendelkez\u00fcnk, el\u00e9rhetj\u00fck a szolg\u00e1ltat\u00e1st:<\/p>\n\n\n\n<div class=\"wp-block-columns\">\n<div class=\"wp-block-column\">\n<div class=\"wp-block-columns alignwide\">\n<div class=\"wp-elements-2 wp-block-column has-text-color has-background has-link-color\" style=\"background-color:#e6e6e6;color:#000000;padding-top:2em;padding-right:2em;padding-bottom:2em;padding-left:2em\">\n<p class=\"has-normal-font-size\" style=\"line-height:1.5\"><strong>Authentication Suite &#8211; Authenticate<\/strong><\/p>\n\n\n\n<p>Lehet\u0151v\u00e9 teszi egy <code>X-AuroraVision-Token<\/code> kiad\u00e1s\u00e1t, amely 60 perc inaktivit\u00e1s ut\u00e1n lej\u00e1r, \u00e9s fejl\u00e9ck\u00e9nt haszn\u00e1lhat\u00f3 az \u00f6sszes szolg\u00e1ltat\u00e1si API-h\u00edv\u00e1shoz.<\/p>\n\n\n\n<hr class=\"wp-block-separator is-style-wide\"\/>\n\n\n\n<p class=\"has-text-align-center\"><strong>Request<\/strong><\/p>\n\n\n\n<p class=\"has-text-align-center\"><code>GET https:\/\/api.auroravision.net\/api\/rest\/authenticate<\/code><\/p>\n\n\n\n<hr class=\"wp-block-separator has-text-color has-background has-black-background-color has-black-color is-style-wide\"\/>\n\n\n\n<div class=\"wp-block-columns\">\n<div class=\"wp-block-column\">\n<p class=\"has-text-align-center\"><strong>Header<\/strong><\/p>\n\n\n\n<p class=\"has-text-align-center\"><code>X-AuroraVision-ApiKey<\/code><\/p>\n<\/div>\n\n\n\n<div class=\"wp-block-column\">\n<p class=\"has-text-align-center\"><strong>HTTP Basic Authentication<\/strong><\/p>\n\n\n\n<p class=\"has-text-align-center\"><code>https:\/\/user.test:Test123!@<\/code><\/p>\n<\/div>\n<\/div>\n\n\n\n<hr class=\"wp-block-separator has-text-color has-background has-black-background-color has-black-color is-style-wide\"\/>\n\n\n\n<p class=\"has-text-align-center\"><strong>Curl<\/strong><\/p>\n\n\n\n<p class=\"has-text-align-center\"><code>curl --request GET https:\/\/user.test:Test123!@api.auroravision.net\/api\/rest\/authenticate --header \"X-AuroraVision-ApiKey: 1a23b456-c789-1d23-12ef-ghil123456mn-1o23\"<\/code><\/p>\n\n\n\n<hr class=\"wp-block-separator has-text-color has-background has-black-background-color has-black-color is-style-wide\"\/>\n\n\n\n<div class=\"wp-container-1 wp-block-buttons alignfull\">\n<div class=\"wp-block-button has-custom-width wp-block-button__width-100\"><a class=\"wp-block-button__link has-white-color has-text-color\" href=\"http:\/\/documentation-wp.hub.av.priv\/aurora-vision-apis\/openapi-preview\/\" style=\"border-radius:0px\">OpenAPIs Swagger&nbsp;&nbsp;&nbsp;\u279c<\/a><\/div>\n<\/div>\n<\/div>\n<\/div>\n<\/div>\n<\/div>\n","protected":false},"excerpt":{"rendered":"<p>Aurora Vision fi\u00f3kkal X-AuroraVision-ApiKey k\u00e9rhet a FIMER \u00fcgyf\u00e9lszolg\u00e1lat\u00e1t\u00f3l.La cl\u00e9 est li\u00e9e de mani\u00e8re unique au compte Aurora Vision et aux actifs enregistr\u00e9s ou associ\u00e9s \u00e0 ce compte.. Az X-AuroraVision-ApiKey beszerz\u00e9se ut\u00e1n el\u00e9rhet\u0151 a szolg\u00e1ltat\u00e1s a Authentication API header, az Aurora Vision-fi\u00f3k hiteles\u00edt\u0151 adataival egy\u00fctt. Ez a k\u00e9tl\u00e9pcs\u0151s vez\u00e9rl\u00e9s lehet\u0151v\u00e9 teszi a felhaszn\u00e1l\u00f3 sz\u00e1m\u00e1ra, hogy csak [&hellip;]<\/p>\n","protected":false},"author":4,"featured_media":0,"parent":1793,"menu_order":5,"comment_status":"closed","ping_status":"closed","template":"","meta":[],"_links":{"self":[{"href":"http:\/\/documentation-wp.hub.av.priv\/hu\/wp-json\/wp\/v2\/pages\/1825"}],"collection":[{"href":"http:\/\/documentation-wp.hub.av.priv\/hu\/wp-json\/wp\/v2\/pages"}],"about":[{"href":"http:\/\/documentation-wp.hub.av.priv\/hu\/wp-json\/wp\/v2\/types\/page"}],"author":[{"embeddable":true,"href":"http:\/\/documentation-wp.hub.av.priv\/hu\/wp-json\/wp\/v2\/users\/4"}],"replies":[{"embeddable":true,"href":"http:\/\/documentation-wp.hub.av.priv\/hu\/wp-json\/wp\/v2\/comments?post=1825"}],"version-history":[{"count":22,"href":"http:\/\/documentation-wp.hub.av.priv\/hu\/wp-json\/wp\/v2\/pages\/1825\/revisions"}],"predecessor-version":[{"id":6940,"href":"http:\/\/documentation-wp.hub.av.priv\/hu\/wp-json\/wp\/v2\/pages\/1825\/revisions\/6940"}],"up":[{"embeddable":true,"href":"http:\/\/documentation-wp.hub.av.priv\/hu\/wp-json\/wp\/v2\/pages\/1793"}],"wp:attachment":[{"href":"http:\/\/documentation-wp.hub.av.priv\/hu\/wp-json\/wp\/v2\/media?parent=1825"}],"curies":[{"name":"wp","href":"https:\/\/api.w.org\/{rel}","templated":true}]}}