{"id":1839,"date":"2022-01-27T10:29:09","date_gmt":"2022-01-27T09:29:09","guid":{"rendered":"http:\/\/documentation-wp.hub.av.priv\/energy-viewer\/"},"modified":"2022-03-02T10:01:14","modified_gmt":"2022-03-02T09:01:14","slug":"energy-viewer","status":"publish","type":"page","link":"http:\/\/documentation-wp.hub.av.priv\/hu\/energy-viewer\/","title":{"rendered":"Energy Viewer"},"content":{"rendered":"\n<div style=\"height:10px\" aria-hidden=\"true\" class=\"wp-block-spacer\"><\/div>\n\n\n\n<p>Az Energy Viewer egy intelligens term\u00e9k, amely lehet\u0151v\u00e9 teszi a naper\u0151m\u0171-tulajdonosok sz\u00e1m\u00e1ra, hogy egyszer\u0171en \u00e9s t\u00e1volr\u00f3l nyomon k\u00f6vess\u00e9k rendszer\u00fck teljes\u00edtm\u00e9ny\u00e9t \u00e9s otthonuk fogyaszt\u00e1s\u00e1t, kord\u00e1ban tartva energiafelhaszn\u00e1l\u00e1sukat \u00e9s megtakar\u00edt\u00e1saikat, ak\u00e1r telep\u00edtett energiat\u00e1rol\u00f3 rendszerrel, ak\u00e1r an\u00e9lk\u00fcl.<\/p>\n\n\n\n<div style=\"height:20px\" aria-hidden=\"true\" class=\"wp-block-spacer\"><\/div>\n\n\n\n<p>\u2022 <strong>Melyek az Energy Viewer f\u0151bb jellemz\u0151i?<\/strong><\/p>\n\n\n\n<div style=\"height:20px\" aria-hidden=\"true\" class=\"wp-block-spacer\"><\/div>\n\n\n\n<div class=\"wp-block-columns\">\n<div class=\"wp-block-column\">\n<figure class=\"wp-block-image size-large\"><img loading=\"lazy\" width=\"1024\" height=\"576\" src=\"http:\/\/documentation-wp.hub.av.priv\/wp-content\/uploads\/2022\/02\/EV_group_png-1024x576.png\" alt=\"\" class=\"wp-image-501\" srcset=\"http:\/\/documentation-wp.hub.av.priv\/wp-content\/uploads\/2022\/02\/EV_group_png-1024x576.png 1024w, http:\/\/documentation-wp.hub.av.priv\/wp-content\/uploads\/2022\/02\/EV_group_png-300x169.png 300w, http:\/\/documentation-wp.hub.av.priv\/wp-content\/uploads\/2022\/02\/EV_group_png-768x432.png 768w, http:\/\/documentation-wp.hub.av.priv\/wp-content\/uploads\/2022\/02\/EV_group_png.png 1280w\" sizes=\"(max-width: 1024px) 100vw, 1024px\" \/><\/figure>\n\n\n\n<h2 class=\"has-text-align-center has-medium-font-size\" id=\"dynamically-adaptable\">Dinamikusan Alkalmazkod\u00f3<\/h2>\n\n\n\n<p class=\"has-text-align-center\">Az Energy Viewer dinamikusan alkalmazkodik az \u00fczem fizikai konfigur\u00e1ci\u00f3j\u00e1hoz: inverterek, m\u00e9r\u0151\u00f3r\u00e1k, t\u00e1rol\u00f3k, t\u00f6lt\u0151\u00e1llom\u00e1sok!<\/p>\n<\/div>\n\n\n\n<div class=\"wp-block-column\">\n<figure class=\"wp-block-image size-large\"><img loading=\"lazy\" width=\"1024\" height=\"576\" src=\"http:\/\/documentation-wp.hub.av.priv\/wp-content\/uploads\/2022\/02\/telemetries-1024x576.png\" alt=\"\" class=\"wp-image-530\" srcset=\"http:\/\/documentation-wp.hub.av.priv\/wp-content\/uploads\/2022\/02\/telemetries-1024x576.png 1024w, http:\/\/documentation-wp.hub.av.priv\/wp-content\/uploads\/2022\/02\/telemetries-300x169.png 300w, http:\/\/documentation-wp.hub.av.priv\/wp-content\/uploads\/2022\/02\/telemetries-768x432.png 768w, http:\/\/documentation-wp.hub.av.priv\/wp-content\/uploads\/2022\/02\/telemetries.png 1280w\" sizes=\"(max-width: 1024px) 100vw, 1024px\" \/><\/figure>\n\n\n\n<h2 class=\"has-text-align-center has-medium-font-size\" id=\"comprehensive-monitoring\">\u00c1tfog\u00f3 Monitoring<\/h2>\n\n\n\n<p class=\"has-text-align-center\">Mindig tartsa szemmel otthona fogyaszt\u00e1s\u00e1t a dedik\u00e1lt m\u0171szerfalaknak \u00e9s KPI-knek k\u00f6sz\u00f6nhet\u0151en.<\/p>\n<\/div>\n\n\n\n<div class=\"wp-block-column\">\n<figure class=\"wp-block-image size-large is-resized\"><img loading=\"lazy\" src=\"http:\/\/documentation-wp.hub.av.priv\/wp-content\/uploads\/2022\/02\/flexa_group-1024x576.png\" alt=\"\" class=\"wp-image-517\" width=\"512\" height=\"288\" srcset=\"http:\/\/documentation-wp.hub.av.priv\/wp-content\/uploads\/2022\/02\/flexa_group-1024x576.png 1024w, http:\/\/documentation-wp.hub.av.priv\/wp-content\/uploads\/2022\/02\/flexa_group-300x169.png 300w, http:\/\/documentation-wp.hub.av.priv\/wp-content\/uploads\/2022\/02\/flexa_group-768x432.png 768w, http:\/\/documentation-wp.hub.av.priv\/wp-content\/uploads\/2022\/02\/flexa_group.png 1280w\" sizes=\"(max-width: 512px) 100vw, 512px\" \/><\/figure>\n\n\n\n<h2 class=\"has-text-align-center has-medium-font-size\" id=\"e-mobility-integration\">e-Mobility Int\u00e9gration<\/h2>\n\n\n\n<p class=\"has-text-align-center\">A FIMER FLEXA AC Wallbox-szal val\u00f3 kompatibilit\u00e1snak k\u00f6sz\u00f6nhet\u0151en konfigur\u00e1lhatja \u00e9s kezelheti e-aut\u00f3j\u00e1t, \u00edgy t\u00e1volr\u00f3l is figyelemmel k\u00eds\u00e9rheti a t\u00f6lt\u00e9si folyamatot \u00e9s a trendeket.<\/p>\n<\/div>\n<\/div>\n\n\n\n<div style=\"height:20px\" aria-hidden=\"true\" class=\"wp-block-spacer\"><\/div>\n\n\n\n<p>\u2022 <strong>Az Energy Viewer let\u00f6lt\u00e9s\u00e9vel azonnal kezdje el \u00f6nfogyaszt\u00e1s\u00e1nak \u00e9s \u00f6nell\u00e1t\u00e1s\u00e1nak optimaliz\u00e1l\u00e1s\u00e1t!<\/strong><\/p>\n\n\n\n<div style=\"height:20px\" aria-hidden=\"true\" class=\"wp-block-spacer\"><\/div>\n\n\n\n<div class=\"wp-block-columns\">\n<div class=\"wp-block-column\">\n<div class=\"wp-block-media-text alignwide is-stacked-on-mobile\" style=\"grid-template-columns:30% auto\"><figure class=\"wp-block-media-text__media\"><img loading=\"lazy\" width=\"1125\" height=\"1125\" src=\"http:\/\/documentation-wp.hub.av.priv\/wp-content\/uploads\/2022\/02\/iOS.png\" alt=\"\" class=\"wp-image-556 size-full\" srcset=\"http:\/\/documentation-wp.hub.av.priv\/wp-content\/uploads\/2022\/02\/iOS.png 1125w, http:\/\/documentation-wp.hub.av.priv\/wp-content\/uploads\/2022\/02\/iOS-300x300.png 300w, http:\/\/documentation-wp.hub.av.priv\/wp-content\/uploads\/2022\/02\/iOS-1024x1024.png 1024w, http:\/\/documentation-wp.hub.av.priv\/wp-content\/uploads\/2022\/02\/iOS-150x150.png 150w, http:\/\/documentation-wp.hub.av.priv\/wp-content\/uploads\/2022\/02\/iOS-768x768.png 768w\" sizes=\"(max-width: 1125px) 100vw, 1125px\" \/><\/figure><div class=\"wp-block-media-text__content\">\n<p class=\"has-medium-font-size\"><strong>App Store<\/strong><\/p>\n\n\n\n<p>iOS &amp; iPadOS<\/p>\n\n\n\n<p>T\u00f3l kompatibilis v11.0<\/p>\n<\/div><\/div>\n<\/div>\n\n\n\n<div class=\"wp-block-column\">\n<div class=\"wp-block-media-text alignwide is-stacked-on-mobile\" style=\"grid-template-columns:30% auto\"><figure class=\"wp-block-media-text__media\"><img loading=\"lazy\" width=\"1024\" height=\"1024\" src=\"http:\/\/documentation-wp.hub.av.priv\/wp-content\/uploads\/2022\/02\/android-1024x1024.png\" alt=\"\" class=\"wp-image-564 size-full\" srcset=\"http:\/\/documentation-wp.hub.av.priv\/wp-content\/uploads\/2022\/02\/android-1024x1024.png 1024w, http:\/\/documentation-wp.hub.av.priv\/wp-content\/uploads\/2022\/02\/android-300x300.png 300w, http:\/\/documentation-wp.hub.av.priv\/wp-content\/uploads\/2022\/02\/android-150x150.png 150w, http:\/\/documentation-wp.hub.av.priv\/wp-content\/uploads\/2022\/02\/android-768x768.png 768w, http:\/\/documentation-wp.hub.av.priv\/wp-content\/uploads\/2022\/02\/android-1536x1536.png 1536w, http:\/\/documentation-wp.hub.av.priv\/wp-content\/uploads\/2022\/02\/android-2048x2048.png 2048w\" sizes=\"(max-width: 1024px) 100vw, 1024px\" \/><\/figure><div class=\"wp-block-media-text__content\">\n<p class=\"has-medium-font-size\"><strong>Google Play Store<\/strong><\/p>\n\n\n\n<p>Android<\/p>\n\n\n\n<p>T\u00f3l kompatibilis v7.0 (<em>Nougat<\/em>)<\/p>\n<\/div><\/div>\n<\/div>\n<\/div>\n","protected":false},"excerpt":{"rendered":"<p>Az Energy Viewer egy intelligens term\u00e9k, amely lehet\u0151v\u00e9 teszi a naper\u0151m\u0171-tulajdonosok sz\u00e1m\u00e1ra, hogy egyszer\u0171en \u00e9s t\u00e1volr\u00f3l nyomon k\u00f6vess\u00e9k rendszer\u00fck teljes\u00edtm\u00e9ny\u00e9t \u00e9s otthonuk fogyaszt\u00e1s\u00e1t, kord\u00e1ban tartva energiafelhaszn\u00e1l\u00e1sukat \u00e9s megtakar\u00edt\u00e1saikat, ak\u00e1r telep\u00edtett energiat\u00e1rol\u00f3 rendszerrel, ak\u00e1r an\u00e9lk\u00fcl. \u2022 Melyek az Energy Viewer f\u0151bb jellemz\u0151i? Dinamikusan Alkalmazkod\u00f3 Az Energy Viewer dinamikusan alkalmazkodik az \u00fczem fizikai konfigur\u00e1ci\u00f3j\u00e1hoz: inverterek, m\u00e9r\u0151\u00f3r\u00e1k, t\u00e1rol\u00f3k, [&hellip;]<\/p>\n","protected":false},"author":4,"featured_media":0,"parent":0,"menu_order":0,"comment_status":"closed","ping_status":"closed","template":"","meta":[],"_links":{"self":[{"href":"http:\/\/documentation-wp.hub.av.priv\/hu\/wp-json\/wp\/v2\/pages\/1839"}],"collection":[{"href":"http:\/\/documentation-wp.hub.av.priv\/hu\/wp-json\/wp\/v2\/pages"}],"about":[{"href":"http:\/\/documentation-wp.hub.av.priv\/hu\/wp-json\/wp\/v2\/types\/page"}],"author":[{"embeddable":true,"href":"http:\/\/documentation-wp.hub.av.priv\/hu\/wp-json\/wp\/v2\/users\/4"}],"replies":[{"embeddable":true,"href":"http:\/\/documentation-wp.hub.av.priv\/hu\/wp-json\/wp\/v2\/comments?post=1839"}],"version-history":[{"count":25,"href":"http:\/\/documentation-wp.hub.av.priv\/hu\/wp-json\/wp\/v2\/pages\/1839\/revisions"}],"predecessor-version":[{"id":5073,"href":"http:\/\/documentation-wp.hub.av.priv\/hu\/wp-json\/wp\/v2\/pages\/1839\/revisions\/5073"}],"wp:attachment":[{"href":"http:\/\/documentation-wp.hub.av.priv\/hu\/wp-json\/wp\/v2\/media?parent=1839"}],"curies":[{"name":"wp","href":"https:\/\/api.w.org\/{rel}","templated":true}]}}