{"id":1853,"date":"2022-02-17T10:17:59","date_gmt":"2022-02-17T09:17:59","guid":{"rendered":"http:\/\/documentation-wp.hub.av.priv\/energy-viewer\/contacts\/"},"modified":"2022-04-24T10:04:17","modified_gmt":"2022-04-24T09:04:17","slug":"contacts","status":"publish","type":"page","link":"http:\/\/documentation-wp.hub.av.priv\/hu\/energy-viewer\/contacts\/","title":{"rendered":"Kapcsolatok"},"content":{"rendered":"\n<div style=\"height:10px\" aria-hidden=\"true\" class=\"wp-block-spacer\"><\/div>\n\n\n\n<p>Mindig nagyra \u00e9rt\u00e9kelj\u00fck \u00fcgyfeleink visszajelz\u00e9seit, mert ez lehet\u0151v\u00e9 teszi sz\u00e1munkra, hogy a lehet\u0151 legk\u00f6zvetlenebb m\u00f3don kommunik\u00e1ljunk vel\u00fck, \u00e9s jav\u00edtsuk a szolg\u00e1ltat\u00e1sokat \u00e9s a term\u00e9keket.<\/p>\n\n\n\n<p>Ha probl\u00e9m\u00e1kat tapasztal az Energy Viewer haszn\u00e1lata sor\u00e1n, vagy valami nem vil\u00e1gos az \u00d6n sz\u00e1m\u00e1ra, az al\u00e1bbi mez\u0151ben tal\u00e1lhat\u00f3 k\u00fcld\u00e9s gombra kattintva \u00edrjon erre a c\u00e9lra szolg\u00e1l\u00f3 visszajelz\u00e9s\u00fcnkre.<br>Igyeksz\u00fcnk a lehet\u0151 leggyorsabban visszakeresni \u00d6nt.<\/p>\n\n\n\n<div style=\"height:10px\" aria-hidden=\"true\" class=\"wp-block-spacer\"><\/div>\n\n\n\n<div class=\"wp-block-columns alignwide\">\n<div class=\"wp-elements-2 wp-block-column has-text-color has-background has-link-color\" style=\"background-color:#e6e6e6;color:#000000;padding-top:2em;padding-right:2em;padding-bottom:2em;padding-left:2em\">\n<h2 id=\"energy-viewer-feedback-email\" style=\"font-size:40px\"><strong>Energy Viewer Feedback Email<\/strong><\/h2>\n\n\n\n<div style=\"height:10px\" aria-hidden=\"true\" class=\"wp-block-spacer\"><\/div>\n\n\n\n<p class=\"has-normal-font-size\" style=\"line-height:1.5\"><strong>Az al\u00e1bbi gombbal \u00edrjon egy e-mailt az Energy Viewer t\u00e1mogat\u00e1s\u00e1r\u00f3l<\/strong><\/p>\n\n\n\n<hr class=\"wp-block-separator has-text-color has-background is-style-wide\" style=\"background-color:#000000;color:#000000\"\/>\n\n\n\n<p>Technikai t\u00e1mogat\u00e1s\u00e9rt k\u00e9rj\u00fck, mondja el nek\u00fcnk pontosan:<\/p>\n\n\n\n<ul class=\"has-normal-font-size\"><li>a megfigyelt \u00fczem vagy portf\u00f3li\u00f3 <strong>Neve<\/strong><\/li><li>a megfigyelt \u00fczem vagy portf\u00f3li\u00f3 <strong>EntityID <\/strong>(EID ).<\/li><li>az Aurora Vision fi\u00f3k <strong>UserID<\/strong> (<em>k\u00e9rj\u00fck, ne adja meg a jelsz\u00f3t, nagyra \u00e9rt\u00e9kelj\u00fck a mag\u00e1n\u00e9let\u00e9t!<\/em>)<\/li><\/ul>\n\n\n\n<div style=\"height:20px\" aria-hidden=\"true\" class=\"wp-block-spacer\"><\/div>\n\n\n\n<div class=\"wp-container-1 wp-block-buttons alignfull\">\n<div class=\"wp-block-button has-custom-width wp-block-button__width-100\"><a class=\"wp-block-button__link has-white-color has-text-color\" href=\"mailto:glb-mobile.apps@fimer.com?subject=Energy%20Viewer\" style=\"border-radius:0px\" target=\"_blank\" rel=\"noreferrer noopener\">Email K\u00e9r\u00e9s K\u00fcld\u00e9se&nbsp;&nbsp;&nbsp; \u279c<\/a><\/div>\n<\/div>\n<\/div>\n<\/div>\n","protected":false},"excerpt":{"rendered":"<p>Mindig nagyra \u00e9rt\u00e9kelj\u00fck \u00fcgyfeleink visszajelz\u00e9seit, mert ez lehet\u0151v\u00e9 teszi sz\u00e1munkra, hogy a lehet\u0151 legk\u00f6zvetlenebb m\u00f3don kommunik\u00e1ljunk vel\u00fck, \u00e9s jav\u00edtsuk a szolg\u00e1ltat\u00e1sokat \u00e9s a term\u00e9keket. Ha probl\u00e9m\u00e1kat tapasztal az Energy Viewer haszn\u00e1lata sor\u00e1n, vagy valami nem vil\u00e1gos az \u00d6n sz\u00e1m\u00e1ra, az al\u00e1bbi mez\u0151ben tal\u00e1lhat\u00f3 k\u00fcld\u00e9s gombra kattintva \u00edrjon erre a c\u00e9lra szolg\u00e1l\u00f3 visszajelz\u00e9s\u00fcnkre.Igyeksz\u00fcnk a lehet\u0151 leggyorsabban [&hellip;]<\/p>\n","protected":false},"author":4,"featured_media":0,"parent":1839,"menu_order":3,"comment_status":"closed","ping_status":"closed","template":"","meta":[],"_links":{"self":[{"href":"http:\/\/documentation-wp.hub.av.priv\/hu\/wp-json\/wp\/v2\/pages\/1853"}],"collection":[{"href":"http:\/\/documentation-wp.hub.av.priv\/hu\/wp-json\/wp\/v2\/pages"}],"about":[{"href":"http:\/\/documentation-wp.hub.av.priv\/hu\/wp-json\/wp\/v2\/types\/page"}],"author":[{"embeddable":true,"href":"http:\/\/documentation-wp.hub.av.priv\/hu\/wp-json\/wp\/v2\/users\/4"}],"replies":[{"embeddable":true,"href":"http:\/\/documentation-wp.hub.av.priv\/hu\/wp-json\/wp\/v2\/comments?post=1853"}],"version-history":[{"count":14,"href":"http:\/\/documentation-wp.hub.av.priv\/hu\/wp-json\/wp\/v2\/pages\/1853\/revisions"}],"predecessor-version":[{"id":6872,"href":"http:\/\/documentation-wp.hub.av.priv\/hu\/wp-json\/wp\/v2\/pages\/1853\/revisions\/6872"}],"up":[{"embeddable":true,"href":"http:\/\/documentation-wp.hub.av.priv\/hu\/wp-json\/wp\/v2\/pages\/1839"}],"wp:attachment":[{"href":"http:\/\/documentation-wp.hub.av.priv\/hu\/wp-json\/wp\/v2\/media?parent=1853"}],"curies":[{"name":"wp","href":"https:\/\/api.w.org\/{rel}","templated":true}]}}